{"id":343,"date":"2024-12-20T15:43:46","date_gmt":"2024-12-20T14:43:46","guid":{"rendered":"https:\/\/kridenfloors.com\/?page_id=343"},"modified":"2025-02-04T14:00:42","modified_gmt":"2025-02-04T13:00:42","slug":"installation-des-dalles-interieures","status":"publish","type":"page","link":"https:\/\/kridenfloors.com\/index.php\/installation-des-dalles-interieures\/","title":{"rendered":"Installation des dalles int\u00e9rieures"},"content":{"rendered":"\n<section class=\"elementor-section elementor-top-section elementor-element elementor-element-dd5ee61 elementor-section-boxed elementor-section-height-default elementor-section-height-default\" data-id=\"dd5ee61\" data-element_type=\"section\">\n<div class=\"elementor-container elementor-column-gap-default\">\n<div class=\"elementor-column elementor-col-100 elementor-top-column elementor-element elementor-element-8713004\" data-id=\"8713004\" data-element_type=\"column\">\n<div class=\"elementor-widget-wrap elementor-element-populated\">\n<div class=\"elementor-element elementor-element-78071d9 elementor-widget elementor-widget-heading\" data-id=\"78071d9\" data-element_type=\"widget\" data-widget_type=\"heading.default\">\n<div class=\"elementor-widget-container\">\n<h2 class=\"elementor-heading-title elementor-size-default\">Installation des dalles int\u00e9rieures<\/h2>\n<\/div>\n<\/div>\n<\/div>\n<\/div>\n<\/div>\n<\/section>\n<section class=\"elementor-section elementor-top-section elementor-element elementor-element-e1353f7 elementor-section-boxed elementor-section-height-default elementor-section-height-default\" data-id=\"e1353f7\" data-element_type=\"section\">\n<div class=\"elementor-container elementor-column-gap-default\">\n<div class=\"elementor-column elementor-col-100 elementor-top-column elementor-element elementor-element-9f8cd9f\" data-id=\"9f8cd9f\" data-element_type=\"column\">\n<div class=\"elementor-widget-wrap elementor-element-populated\">\n<div class=\"elementor-element elementor-element-c4b1903 elementor-widget elementor-widget-text-editor\" data-id=\"c4b1903\" data-element_type=\"widget\" data-widget_type=\"text-editor.default\">\n<div class=\"elementor-widget-container\">\n<p><strong>\u00a0Ci-dessous, nos recommandations pour l\u2019installation et l\u2019utilisation de nos dalles int\u00e9rieures :<\/strong><\/p>\n<p>\u00a0<\/p>\n<\/div>\n<p><strong>Pr\u00e9-dispositions<\/strong><\/p>\n<div class=\"elementor-widget-container\">\n<ul>\n<li>Les dalles et tapis doivent \u00eatre entrepos\u00e9s dans un espace int\u00e9rieur climatis\u00e9 et prot\u00e9g\u00e9s du feu, de la salet\u00e9, de l\u2019eau et d\u2019autres \u00e9l\u00e9ments. La temp\u00e9rature doit \u00eatre maintenue entre 16\u00baC et 29\u00baC avec une humidit\u00e9 relative entre 40% et 60%.<\/li>\n<li>48 heures avant l\u2019installation et 48h apr\u00e8s, le produit doit \u00eatre conditionn\u00e9 sur place dans des endroits bien ventil\u00e9s \u00e0 une temp\u00e9rature comprise entre 18\u00baC et 26\u00baC. Nous recommandons d\u2019enlever les dalles \/ tapis de la palette, s\u00e9par\u00e9ment, pos\u00e9s pour retrouver la forme correcte et les aplatir avant l\u2019installation.<\/li>\n<li>Inspectez le produit avant l\u2019installation pour d\u00e9tecter les d\u00e9fauts de fabrication, la couleur et la taille correctes. Un distributeur ou un repr\u00e9sentant KRIDEN doit \u00eatre inform\u00e9 de tout d\u00e9faut avant le d\u00e9but de l\u2019installation. Si un rev\u00eatement de sol a \u00e9t\u00e9 install\u00e9, il a \u00e9t\u00e9 consid\u00e9r\u00e9 comme accept\u00e9.<\/li>\n<li>Les substrats appropri\u00e9s comprennent, sans toutefois s\u2019y limiter, le b\u00e9ton et le bois s\u00e9ch\u00e9s en permanence.<\/li>\n<li>Les substrats doivent \u00eatre nettoy\u00e9s de la salet\u00e9, de la poussi\u00e8re et des d\u00e9bris, car ceux-ci pourraient interf\u00e9rer avec la surface finale. L\u2019humidit\u00e9 dans le substrat affecte n\u00e9gativement les dalles\/ tapis de caoutchouc et doit \u00eatre \u00e9limin\u00e9e avant l\u2019installation.<\/li>\n<\/ul>\n<p>\u00a0<\/p>\n<p><strong>Fixer les dalles?<\/strong><\/p>\n<ul>\n<li>Les dalles peuvent \u00eatre coll\u00e9es sur le sol d&rsquo;origine avec du ruban adh\u00e9sif double face ou de la colle \/ adh\u00e9sif non caustique (parfois la colle au silicium suffit).<br \/>Remarque : Coller tous les carreaux au sol n\u2019est pas une n\u00e9cessit\u00e9, cela d\u00e9pend du besoin particulier d\u2019installation et de la forme du produit.<br \/>Nous recommandons de coller au moins les carreaux \/ tapis plac\u00e9s sur les bords de toute la zone couverte.\n<p>Vous pouvez aussi cr\u00e9er un cadre avec des r\u00e8gles en bois ou en aluminium autour de la surface<\/p>\n<\/li>\n<\/ul>\n<p>\u00a0<\/p>\n<p><strong>Disposition<\/strong><\/p>\n<ul>\n<li>Il existe deux m\u00e9thodes principales d\u2019installation de carreaux carr\u00e9s :<br \/>a) Disposition des carreaux diagonaux, carreau \u00e0 carreau (Disposition Sym\u00e9trique).\n<p><i><img loading=\"lazy\" decoding=\"async\" class=\"alignnone size-medium wp-image-825\" src=\"http:\/\/kridenfloors.com\/wp-content\/uploads\/2025\/02\/tableau-300x111.jpg\" alt=\"\" width=\"300\" height=\"111\" srcset=\"https:\/\/kridenfloors.com\/wp-content\/uploads\/2025\/02\/tableau-300x111.jpg 300w, https:\/\/kridenfloors.com\/wp-content\/uploads\/2025\/02\/tableau-18x7.jpg 18w, https:\/\/kridenfloors.com\/wp-content\/uploads\/2025\/02\/tableau.jpg 444w\" sizes=\"auto, (max-width: 300px) 100vw, 300px\" \/><\/i><\/p>\n<\/li>\n<li>\n<p><i>L\u2019installation sym\u00e9trique est la plus rapide et la plus facile. Toutefois, il faut tenir compte que les dalles en caoutchouc recycl\u00e9 peuvent avoir une tol\u00e9rance de dimensions qui peut aller jusqu\u2019\u00e0 1%. Ce qui va compliquer le fait de vouloir garder des lignes bien droites.\u00a0<\/i><\/p>\n<p>b) Installation courante comme un mur de briques (Disposition Asym\u00e9trique : <b>recommand\u00e9<\/b>)<\/p>\n<p><img loading=\"lazy\" decoding=\"async\" class=\"alignnone size-medium wp-image-824\" src=\"http:\/\/kridenfloors.com\/wp-content\/uploads\/2025\/02\/briques-300x110.jpg\" alt=\"\" width=\"300\" height=\"110\" srcset=\"https:\/\/kridenfloors.com\/wp-content\/uploads\/2025\/02\/briques-300x110.jpg 300w, https:\/\/kridenfloors.com\/wp-content\/uploads\/2025\/02\/briques-18x7.jpg 18w, https:\/\/kridenfloors.com\/wp-content\/uploads\/2025\/02\/briques.jpg 444w\" sizes=\"auto, (max-width: 300px) 100vw, 300px\" \/><br \/><i>L\u2019installation asym\u00e9trique est la meilleure solution. Un meilleur rendu esth\u00e9tique, mais aussi elle permet de \u00ab\u00a0masquer\u00a0\u00bb les petites diff\u00e9rences de dimensions qui peuvent exister entre les dalles.<\/i><\/p>\n<\/li>\n<li>Lors de l\u2019installation, les dalles\/ tapis doivent \u00eatre pouss\u00e9s les uns vers les autres, mais pas extr\u00eamement parce que cela peut faire des renflements.<\/li>\n<li>Vous pouvez couper les dalles\/ tapis en caoutchouc \u00e0 la longueur ou \u00e0 la forme finale (cutter ou scie sauteuse \/ puzzle avec lame d\u00e9di\u00e9e au caoutchouc). Il est recommand\u00e9 de laisser un l\u00e9ger espace au niveau des murs, soit environ la moiti\u00e9 de l\u2019\u00e9paisseur du mat\u00e9riau \u00e0 installer, et peut \u00eatre cach\u00e9 par une moulure de type base de crique.\n<p>Dans des conditions int\u00e9rieures normales (\u00e0 une temp\u00e9rature comprise entre 18\u00baC et 26\u00baC), le rev\u00eatement de sol en caoutchouc est tr\u00e8s stable et ne se dilate pas ou ne r\u00e9tr\u00e9cit pas, mais comme il est en caoutchouc, il peut s\u2019\u00e9tirer. Veuillez noter que selon le mod\u00e8le choisi nos normes de dalles \/ tapis en caoutchouc permettent une tol\u00e9rance allant jusqu\u2019\u00e010 mm sur les dimensions.\u00a0<\/p>\n<\/li>\n<li>\u00a0<\/li>\n<\/ul>\n<p><strong>Comment d\u00e9couper les dalles?<\/strong><\/p>\n<ul>\n<li>Voir notre r\u00e9ponse sur cette page : <a href=\"https:\/\/kridenfloors.com\/index.php\/reponses-a-vos-questions\/\">R\u00e9ponses \u00e0 vos questions &#8211; Kriden Floors<\/a><\/li>\n<\/ul>\n<p>\u00a0<\/p>\n<\/div>\n<\/div>\n<\/div>\n<p><strong>Nettoyage<\/strong><\/p>\n<div class=\"elementor-widget-wrap elementor-element-populated\">\n<div class=\"elementor-element elementor-element-c4b1903 elementor-widget elementor-widget-text-editor\" data-id=\"c4b1903\" data-element_type=\"widget\" data-widget_type=\"text-editor.default\">\n<div class=\"elementor-widget-container\">\n<ul>\n<li>Nettoyage uniquement avec de l\u2019eau et des d\u00e9tergents de lavage tr\u00e8s d\u00e9licats (PH Neutre)<br \/>Le balayage et nettoyage, l\u2019aspiration est autoris\u00e9e mais uniquement avec une brosse d\u2019extr\u00e9mit\u00e9 douce.<br \/><b>Toutes les extr\u00e9mit\u00e9s de finition en plastique ne sont pas autoris\u00e9es (cause du d\u00e9chiquetage et du meulage de la surface)\u00a0<\/b><\/li>\n<li>Il est important de ne pas trop mouiller le rev\u00eatement de sol, car cela pourrait avoir un effet n\u00e9faste sur les dalles\/ tapis install\u00e9s et le syst\u00e8me adh\u00e9sif utilis\u00e9.\u00a0<\/li>\n<li>Voir aussi notre article et vid\u00e9os sur cette page : <a href=\"https:\/\/kridenfloors.com\/index.php\/reponses-a-vos-questions\/\">R\u00e9ponses \u00e0 vos questions &#8211; Kriden Floors<\/a><\/li>\n<li>Contactez KRIDEN Floors en cas de doute.<\/li>\n<\/ul>\n<\/div>\n<\/div>\n<\/div>\n<\/div>\n<\/div>\n<\/section>\n\n","protected":false},"excerpt":{"rendered":"","protected":false},"author":1,"featured_media":0,"parent":0,"menu_order":0,"comment_status":"closed","ping_status":"closed","template":"","meta":{"footnotes":""},"class_list":["post-343","page","type-page","status-publish","hentry"],"yoast_head":"<!-- This site is optimized with the Yoast SEO plugin v27.4 - https:\/\/yoast.com\/product\/yoast-seo-wordpress\/ -->\n<title>Installation des dalles int\u00e9rieures - Kriden Floors<\/title>\n<meta name=\"robots\" content=\"index, follow, max-snippet:-1, max-image-preview:large, max-video-preview:-1\" \/>\n<link rel=\"canonical\" href=\"https:\/\/kridenfloors.com\/index.php\/installation-des-dalles-interieures\/\" \/>\n<meta property=\"og:locale\" content=\"fr_FR\" \/>\n<meta property=\"og:type\" content=\"article\" \/>\n<meta property=\"og:title\" content=\"Installation des dalles int\u00e9rieures - Kriden Floors\" \/>\n<meta property=\"og:url\" content=\"https:\/\/kridenfloors.com\/index.php\/installation-des-dalles-interieures\/\" \/>\n<meta property=\"og:site_name\" content=\"Kriden Floors\" \/>\n<meta property=\"article:publisher\" content=\"https:\/\/www.facebook.com\/profile.php?id=61572266346931\" \/>\n<meta property=\"article:modified_time\" content=\"2025-02-04T13:00:42+00:00\" \/>\n<meta property=\"og:image\" content=\"https:\/\/kridenfloors.com\/wp-content\/uploads\/2025\/02\/tableau.jpg\" \/>\n\t<meta property=\"og:image:width\" content=\"444\" \/>\n\t<meta property=\"og:image:height\" content=\"165\" \/>\n\t<meta property=\"og:image:type\" content=\"image\/jpeg\" \/>\n<meta name=\"twitter:card\" content=\"summary_large_image\" \/>\n<meta name=\"twitter:label1\" content=\"Dur\u00e9e de lecture estim\u00e9e\" \/>\n\t<meta name=\"twitter:data1\" content=\"4 minutes\" \/>\n<script type=\"application\/ld+json\" class=\"yoast-schema-graph\">{\"@context\":\"https:\\\/\\\/schema.org\",\"@graph\":[{\"@type\":\"WebPage\",\"@id\":\"https:\\\/\\\/kridenfloors.com\\\/index.php\\\/installation-des-dalles-interieures\\\/\",\"url\":\"https:\\\/\\\/kridenfloors.com\\\/index.php\\\/installation-des-dalles-interieures\\\/\",\"name\":\"Installation des dalles int\u00e9rieures - Kriden Floors\",\"isPartOf\":{\"@id\":\"https:\\\/\\\/kridenfloors.com\\\/#website\"},\"primaryImageOfPage\":{\"@id\":\"https:\\\/\\\/kridenfloors.com\\\/index.php\\\/installation-des-dalles-interieures\\\/#primaryimage\"},\"image\":{\"@id\":\"https:\\\/\\\/kridenfloors.com\\\/index.php\\\/installation-des-dalles-interieures\\\/#primaryimage\"},\"thumbnailUrl\":\"http:\\\/\\\/kridenfloors.com\\\/wp-content\\\/uploads\\\/2025\\\/02\\\/tableau-300x111.jpg\",\"datePublished\":\"2024-12-20T14:43:46+00:00\",\"dateModified\":\"2025-02-04T13:00:42+00:00\",\"breadcrumb\":{\"@id\":\"https:\\\/\\\/kridenfloors.com\\\/index.php\\\/installation-des-dalles-interieures\\\/#breadcrumb\"},\"inLanguage\":\"fr-FR\",\"potentialAction\":[{\"@type\":\"ReadAction\",\"target\":[\"https:\\\/\\\/kridenfloors.com\\\/index.php\\\/installation-des-dalles-interieures\\\/\"]}]},{\"@type\":\"ImageObject\",\"inLanguage\":\"fr-FR\",\"@id\":\"https:\\\/\\\/kridenfloors.com\\\/index.php\\\/installation-des-dalles-interieures\\\/#primaryimage\",\"url\":\"https:\\\/\\\/kridenfloors.com\\\/wp-content\\\/uploads\\\/2025\\\/02\\\/tableau.jpg\",\"contentUrl\":\"https:\\\/\\\/kridenfloors.com\\\/wp-content\\\/uploads\\\/2025\\\/02\\\/tableau.jpg\",\"width\":444,\"height\":165},{\"@type\":\"BreadcrumbList\",\"@id\":\"https:\\\/\\\/kridenfloors.com\\\/index.php\\\/installation-des-dalles-interieures\\\/#breadcrumb\",\"itemListElement\":[{\"@type\":\"ListItem\",\"position\":1,\"name\":\"Accueil\",\"item\":\"https:\\\/\\\/kridenfloors.com\\\/\"},{\"@type\":\"ListItem\",\"position\":2,\"name\":\"Installation des dalles int\u00e9rieures\"}]},{\"@type\":\"WebSite\",\"@id\":\"https:\\\/\\\/kridenfloors.com\\\/#website\",\"url\":\"https:\\\/\\\/kridenfloors.com\\\/\",\"name\":\"Kriden Floors\",\"description\":\"La solution pour vos sols Crossfit, Fitness, Arts Martiaux, Aire de jeux, Garage ...\",\"publisher\":{\"@id\":\"https:\\\/\\\/kridenfloors.com\\\/#organization\"},\"potentialAction\":[{\"@type\":\"SearchAction\",\"target\":{\"@type\":\"EntryPoint\",\"urlTemplate\":\"https:\\\/\\\/kridenfloors.com\\\/?s={search_term_string}\"},\"query-input\":{\"@type\":\"PropertyValueSpecification\",\"valueRequired\":true,\"valueName\":\"search_term_string\"}}],\"inLanguage\":\"fr-FR\"},{\"@type\":\"Organization\",\"@id\":\"https:\\\/\\\/kridenfloors.com\\\/#organization\",\"name\":\"Kriden Floors\",\"url\":\"https:\\\/\\\/kridenfloors.com\\\/\",\"logo\":{\"@type\":\"ImageObject\",\"inLanguage\":\"fr-FR\",\"@id\":\"https:\\\/\\\/kridenfloors.com\\\/#\\\/schema\\\/logo\\\/image\\\/\",\"url\":\"https:\\\/\\\/kridenfloors.com\\\/wp-content\\\/uploads\\\/2024\\\/05\\\/logo-kriden-SPORTS-FLOOR-full-color-no-BG-HEAD-TEXT.png\",\"contentUrl\":\"https:\\\/\\\/kridenfloors.com\\\/wp-content\\\/uploads\\\/2024\\\/05\\\/logo-kriden-SPORTS-FLOOR-full-color-no-BG-HEAD-TEXT.png\",\"width\":798,\"height\":1165,\"caption\":\"Kriden Floors\"},\"image\":{\"@id\":\"https:\\\/\\\/kridenfloors.com\\\/#\\\/schema\\\/logo\\\/image\\\/\"},\"sameAs\":[\"https:\\\/\\\/www.facebook.com\\\/profile.php?id=61572266346931\",\"https:\\\/\\\/www.instagram.com\\\/kriden_floors\\\/\"]}]}<\/script>\n<!-- \/ Yoast SEO plugin. -->","yoast_head_json":{"title":"Installation des dalles int\u00e9rieures - Kriden Floors","robots":{"index":"index","follow":"follow","max-snippet":"max-snippet:-1","max-image-preview":"max-image-preview:large","max-video-preview":"max-video-preview:-1"},"canonical":"https:\/\/kridenfloors.com\/index.php\/installation-des-dalles-interieures\/","og_locale":"fr_FR","og_type":"article","og_title":"Installation des dalles int\u00e9rieures - Kriden Floors","og_url":"https:\/\/kridenfloors.com\/index.php\/installation-des-dalles-interieures\/","og_site_name":"Kriden Floors","article_publisher":"https:\/\/www.facebook.com\/profile.php?id=61572266346931","article_modified_time":"2025-02-04T13:00:42+00:00","og_image":[{"width":444,"height":165,"url":"https:\/\/kridenfloors.com\/wp-content\/uploads\/2025\/02\/tableau.jpg","type":"image\/jpeg"}],"twitter_card":"summary_large_image","twitter_misc":{"Dur\u00e9e de lecture estim\u00e9e":"4 minutes"},"schema":{"@context":"https:\/\/schema.org","@graph":[{"@type":"WebPage","@id":"https:\/\/kridenfloors.com\/index.php\/installation-des-dalles-interieures\/","url":"https:\/\/kridenfloors.com\/index.php\/installation-des-dalles-interieures\/","name":"Installation des dalles int\u00e9rieures - Kriden Floors","isPartOf":{"@id":"https:\/\/kridenfloors.com\/#website"},"primaryImageOfPage":{"@id":"https:\/\/kridenfloors.com\/index.php\/installation-des-dalles-interieures\/#primaryimage"},"image":{"@id":"https:\/\/kridenfloors.com\/index.php\/installation-des-dalles-interieures\/#primaryimage"},"thumbnailUrl":"http:\/\/kridenfloors.com\/wp-content\/uploads\/2025\/02\/tableau-300x111.jpg","datePublished":"2024-12-20T14:43:46+00:00","dateModified":"2025-02-04T13:00:42+00:00","breadcrumb":{"@id":"https:\/\/kridenfloors.com\/index.php\/installation-des-dalles-interieures\/#breadcrumb"},"inLanguage":"fr-FR","potentialAction":[{"@type":"ReadAction","target":["https:\/\/kridenfloors.com\/index.php\/installation-des-dalles-interieures\/"]}]},{"@type":"ImageObject","inLanguage":"fr-FR","@id":"https:\/\/kridenfloors.com\/index.php\/installation-des-dalles-interieures\/#primaryimage","url":"https:\/\/kridenfloors.com\/wp-content\/uploads\/2025\/02\/tableau.jpg","contentUrl":"https:\/\/kridenfloors.com\/wp-content\/uploads\/2025\/02\/tableau.jpg","width":444,"height":165},{"@type":"BreadcrumbList","@id":"https:\/\/kridenfloors.com\/index.php\/installation-des-dalles-interieures\/#breadcrumb","itemListElement":[{"@type":"ListItem","position":1,"name":"Accueil","item":"https:\/\/kridenfloors.com\/"},{"@type":"ListItem","position":2,"name":"Installation des dalles int\u00e9rieures"}]},{"@type":"WebSite","@id":"https:\/\/kridenfloors.com\/#website","url":"https:\/\/kridenfloors.com\/","name":"Kriden Floors","description":"La solution pour vos sols Crossfit, Fitness, Arts Martiaux, Aire de jeux, Garage ...","publisher":{"@id":"https:\/\/kridenfloors.com\/#organization"},"potentialAction":[{"@type":"SearchAction","target":{"@type":"EntryPoint","urlTemplate":"https:\/\/kridenfloors.com\/?s={search_term_string}"},"query-input":{"@type":"PropertyValueSpecification","valueRequired":true,"valueName":"search_term_string"}}],"inLanguage":"fr-FR"},{"@type":"Organization","@id":"https:\/\/kridenfloors.com\/#organization","name":"Kriden Floors","url":"https:\/\/kridenfloors.com\/","logo":{"@type":"ImageObject","inLanguage":"fr-FR","@id":"https:\/\/kridenfloors.com\/#\/schema\/logo\/image\/","url":"https:\/\/kridenfloors.com\/wp-content\/uploads\/2024\/05\/logo-kriden-SPORTS-FLOOR-full-color-no-BG-HEAD-TEXT.png","contentUrl":"https:\/\/kridenfloors.com\/wp-content\/uploads\/2024\/05\/logo-kriden-SPORTS-FLOOR-full-color-no-BG-HEAD-TEXT.png","width":798,"height":1165,"caption":"Kriden Floors"},"image":{"@id":"https:\/\/kridenfloors.com\/#\/schema\/logo\/image\/"},"sameAs":["https:\/\/www.facebook.com\/profile.php?id=61572266346931","https:\/\/www.instagram.com\/kriden_floors\/"]}]}},"jetpack_sharing_enabled":true,"_links":{"self":[{"href":"https:\/\/kridenfloors.com\/index.php\/wp-json\/wp\/v2\/pages\/343","targetHints":{"allow":["GET"]}}],"collection":[{"href":"https:\/\/kridenfloors.com\/index.php\/wp-json\/wp\/v2\/pages"}],"about":[{"href":"https:\/\/kridenfloors.com\/index.php\/wp-json\/wp\/v2\/types\/page"}],"author":[{"embeddable":true,"href":"https:\/\/kridenfloors.com\/index.php\/wp-json\/wp\/v2\/users\/1"}],"replies":[{"embeddable":true,"href":"https:\/\/kridenfloors.com\/index.php\/wp-json\/wp\/v2\/comments?post=343"}],"version-history":[{"count":6,"href":"https:\/\/kridenfloors.com\/index.php\/wp-json\/wp\/v2\/pages\/343\/revisions"}],"predecessor-version":[{"id":829,"href":"https:\/\/kridenfloors.com\/index.php\/wp-json\/wp\/v2\/pages\/343\/revisions\/829"}],"wp:attachment":[{"href":"https:\/\/kridenfloors.com\/index.php\/wp-json\/wp\/v2\/media?parent=343"}],"curies":[{"name":"wp","href":"https:\/\/api.w.org\/{rel}","templated":true}]}}