{"id":408,"date":"2024-12-24T16:04:15","date_gmt":"2024-12-24T15:04:15","guid":{"rendered":"https:\/\/kridenfloors.com\/?page_id=408"},"modified":"2025-02-14T10:23:38","modified_gmt":"2025-02-14T09:23:38","slug":"commandes-et-livraisons","status":"publish","type":"page","link":"https:\/\/kridenfloors.com\/index.php\/commandes-et-livraisons\/","title":{"rendered":"Commandes et livraisons"},"content":{"rendered":"\n  <div id=\"page-header-820746559\" class=\"page-header-wrapper\">\n  <div class=\"page-title light simple-title\">\n\n    \n    <div class=\"page-title-inner container align-center flex-row medium-flex-wrap\" >\n              <div class=\"title-wrapper flex-col text-left medium-text-center\">\n          <h1 class=\"entry-title mb-0\">\n            Commandes et livraisons          <\/h1>\n        <\/div>\n                    <div class=\"title-content flex-col flex-right text-right medium-text-center\">\n        <ul class=\"nav sm-touch-scroll nav-line nav-uppercase text-left nav-left\"><li class=\"nav-single-page hidden\"><\/li><\/ul>      <\/div>\n    <\/div>\n\n       <\/div>\n    <\/div>\n  \n\n<div class=\"is-divider divider clearfix\" ><\/div>\n\n<section class=\"elementor-section elementor-top-section elementor-element elementor-element-d4a8f1f elementor-section-boxed elementor-section-height-default elementor-section-height-default\" data-id=\"d4a8f1f\" data-element_type=\"section\">\n<div class=\"elementor-container elementor-column-gap-default\">\n<div class=\"elementor-column elementor-col-100 elementor-top-column elementor-element elementor-element-93cb0c7\" data-id=\"93cb0c7\" data-element_type=\"column\">\n<div class=\"elementor-widget-wrap elementor-element-populated\">\n<div class=\"elementor-element elementor-element-e434dfa elementor-widget elementor-widget-heading\" data-id=\"e434dfa\" data-element_type=\"widget\" data-widget_type=\"heading.default\">\n<div class=\"elementor-widget-container\">\n<h3 class=\"elementor-heading-title elementor-size-default\">\u00a0<\/h3>\n<\/div>\n<\/div>\n<\/div>\n<\/div>\n<\/div>\n<\/section>\n<section class=\"elementor-section elementor-top-section elementor-element elementor-element-43bcfc8 elementor-section-boxed elementor-section-height-default elementor-section-height-default\" data-id=\"43bcfc8\" data-element_type=\"section\">\n<div class=\"elementor-container elementor-column-gap-default\">\n<div class=\"elementor-column elementor-col-100 elementor-top-column elementor-element elementor-element-b896cc3\" data-id=\"b896cc3\" data-element_type=\"column\">\n<div class=\"elementor-widget-wrap elementor-element-populated\">\n<div class=\"elementor-element elementor-element-19fb363 elementor-widget elementor-widget-text-editor\" data-id=\"19fb363\" data-element_type=\"widget\" data-widget_type=\"text-editor.default\">\n<div class=\"elementor-widget-container\">\n<p><strong>Pour commander ou recevoir un devis, vous avez plusieurs possibilit\u00e9s :<\/strong><\/p>\n<ul>\n<li>\u00a0Nous contacter par t\u00e9l\u00e9phone, SMS ou via WhatsApp sur le num\u00e9ro +32 (0)479.243.147<\/li>\n<li>Nous envoyer un email via le <a href=\"https:\/\/kridenfloors.com\/index.php\/contact\/\">formulaire de la page de contact<\/a><\/li>\n<li>Utiliser la fonction \u00ab\u00a0panier \/ commande\u00a0\u00bb du site<\/li>\n<\/ul>\n<p>\u00a0<\/p>\n<p><strong>Retrait \/ Livraison<\/strong><\/p>\n<p>Lorsque votre commande est valid\u00e9e, vous pouvez choisir entre un envoi ou un retrait :\u00a0<\/p>\n<ul>\n<li>Les frais de transport reviennent \u00e0 maximum 75,00\u20ac HTVA (90,75\u20ac TVAC) en Belgique (Hors Belgique, les frais vous seront communiqu\u00e9s s\u00e9par\u00e9ment)<\/li>\n<li>Transport gratuit (en Belgique) pour toutes commandes de minimum 1500\u20ac TVAC (1239,66\u20ac htva)<\/li>\n<\/ul>\n<p>Pour les retraits<\/p>\n<ul>\n<li>Votre commande peut \u00eatre emport\u00e9e sur rendez-vous en nos locaux \u00e0 6150 Anderlues (10 \u2013 rue du Ch\u00e2teau) ou \u00e0 Turnhout<\/li>\n<\/ul>\n<p>\u00a0<\/p>\n<\/div>\n<p><strong>D\u00e9lais<\/strong><\/p>\n<p>Attention lorsque vous optez pour un enl\u00e8vement sur place \u00e0 Anderlues ou \u00e0 Turnhout, tous nos produits ne sont pas toujours en stock directement. <br \/>Un d\u00e9lais de +\/- 14 jours ouvrables maximum sera possible avant la disponibilit\u00e9 de votre commande en nos locaux.<\/p>\n<p>&gt;&gt; En cas de doute, n&rsquo;h\u00e9sitez pas \u00e0 vous renseigner et nous demander si les produits sont disponibles de suite.<\/p>\n<p>Pour un envoi, via transport DHL, le d\u00e9lai maximum est de 7 jours ouvrables.\u00a0<\/p>\n<p>\u00a0<\/p>\n<\/div>\n<\/div>\n<\/div>\n<\/div>\n<\/section>\n\n","protected":false},"excerpt":{"rendered":"","protected":false},"author":1,"featured_media":0,"parent":0,"menu_order":0,"comment_status":"closed","ping_status":"closed","template":"","meta":{"footnotes":""},"class_list":["post-408","page","type-page","status-publish","hentry"],"yoast_head":"<!-- This site is optimized with the Yoast SEO plugin v27.4 - https:\/\/yoast.com\/product\/yoast-seo-wordpress\/ -->\n<title>Commandes et livraisons - Kriden Floors<\/title>\n<meta name=\"robots\" content=\"index, follow, max-snippet:-1, max-image-preview:large, max-video-preview:-1\" \/>\n<link rel=\"canonical\" href=\"https:\/\/kridenfloors.com\/index.php\/commandes-et-livraisons\/\" \/>\n<meta property=\"og:locale\" content=\"fr_FR\" \/>\n<meta property=\"og:type\" content=\"article\" \/>\n<meta property=\"og:title\" content=\"Commandes et livraisons - Kriden Floors\" \/>\n<meta property=\"og:url\" content=\"https:\/\/kridenfloors.com\/index.php\/commandes-et-livraisons\/\" \/>\n<meta property=\"og:site_name\" content=\"Kriden Floors\" \/>\n<meta property=\"article:publisher\" content=\"https:\/\/www.facebook.com\/profile.php?id=61572266346931\" \/>\n<meta property=\"article:modified_time\" content=\"2025-02-14T09:23:38+00:00\" \/>\n<meta name=\"twitter:card\" content=\"summary_large_image\" \/>\n<meta name=\"twitter:label1\" content=\"Dur\u00e9e de lecture estim\u00e9e\" \/>\n\t<meta name=\"twitter:data1\" content=\"2 minutes\" \/>\n<script type=\"application\/ld+json\" class=\"yoast-schema-graph\">{\"@context\":\"https:\\\/\\\/schema.org\",\"@graph\":[{\"@type\":\"WebPage\",\"@id\":\"https:\\\/\\\/kridenfloors.com\\\/index.php\\\/commandes-et-livraisons\\\/\",\"url\":\"https:\\\/\\\/kridenfloors.com\\\/index.php\\\/commandes-et-livraisons\\\/\",\"name\":\"Commandes et livraisons - Kriden Floors\",\"isPartOf\":{\"@id\":\"https:\\\/\\\/kridenfloors.com\\\/#website\"},\"datePublished\":\"2024-12-24T15:04:15+00:00\",\"dateModified\":\"2025-02-14T09:23:38+00:00\",\"breadcrumb\":{\"@id\":\"https:\\\/\\\/kridenfloors.com\\\/index.php\\\/commandes-et-livraisons\\\/#breadcrumb\"},\"inLanguage\":\"fr-FR\",\"potentialAction\":[{\"@type\":\"ReadAction\",\"target\":[\"https:\\\/\\\/kridenfloors.com\\\/index.php\\\/commandes-et-livraisons\\\/\"]}]},{\"@type\":\"BreadcrumbList\",\"@id\":\"https:\\\/\\\/kridenfloors.com\\\/index.php\\\/commandes-et-livraisons\\\/#breadcrumb\",\"itemListElement\":[{\"@type\":\"ListItem\",\"position\":1,\"name\":\"Accueil\",\"item\":\"https:\\\/\\\/kridenfloors.com\\\/\"},{\"@type\":\"ListItem\",\"position\":2,\"name\":\"Commandes et livraisons\"}]},{\"@type\":\"WebSite\",\"@id\":\"https:\\\/\\\/kridenfloors.com\\\/#website\",\"url\":\"https:\\\/\\\/kridenfloors.com\\\/\",\"name\":\"Kriden Floors\",\"description\":\"La solution pour vos sols Crossfit, Fitness, Arts Martiaux, Aire de jeux, Garage ...\",\"publisher\":{\"@id\":\"https:\\\/\\\/kridenfloors.com\\\/#organization\"},\"potentialAction\":[{\"@type\":\"SearchAction\",\"target\":{\"@type\":\"EntryPoint\",\"urlTemplate\":\"https:\\\/\\\/kridenfloors.com\\\/?s={search_term_string}\"},\"query-input\":{\"@type\":\"PropertyValueSpecification\",\"valueRequired\":true,\"valueName\":\"search_term_string\"}}],\"inLanguage\":\"fr-FR\"},{\"@type\":\"Organization\",\"@id\":\"https:\\\/\\\/kridenfloors.com\\\/#organization\",\"name\":\"Kriden Floors\",\"url\":\"https:\\\/\\\/kridenfloors.com\\\/\",\"logo\":{\"@type\":\"ImageObject\",\"inLanguage\":\"fr-FR\",\"@id\":\"https:\\\/\\\/kridenfloors.com\\\/#\\\/schema\\\/logo\\\/image\\\/\",\"url\":\"https:\\\/\\\/kridenfloors.com\\\/wp-content\\\/uploads\\\/2024\\\/05\\\/logo-kriden-SPORTS-FLOOR-full-color-no-BG-HEAD-TEXT.png\",\"contentUrl\":\"https:\\\/\\\/kridenfloors.com\\\/wp-content\\\/uploads\\\/2024\\\/05\\\/logo-kriden-SPORTS-FLOOR-full-color-no-BG-HEAD-TEXT.png\",\"width\":798,\"height\":1165,\"caption\":\"Kriden Floors\"},\"image\":{\"@id\":\"https:\\\/\\\/kridenfloors.com\\\/#\\\/schema\\\/logo\\\/image\\\/\"},\"sameAs\":[\"https:\\\/\\\/www.facebook.com\\\/profile.php?id=61572266346931\",\"https:\\\/\\\/www.instagram.com\\\/kriden_floors\\\/\"]}]}<\/script>\n<!-- \/ Yoast SEO plugin. -->","yoast_head_json":{"title":"Commandes et livraisons - Kriden Floors","robots":{"index":"index","follow":"follow","max-snippet":"max-snippet:-1","max-image-preview":"max-image-preview:large","max-video-preview":"max-video-preview:-1"},"canonical":"https:\/\/kridenfloors.com\/index.php\/commandes-et-livraisons\/","og_locale":"fr_FR","og_type":"article","og_title":"Commandes et livraisons - Kriden Floors","og_url":"https:\/\/kridenfloors.com\/index.php\/commandes-et-livraisons\/","og_site_name":"Kriden Floors","article_publisher":"https:\/\/www.facebook.com\/profile.php?id=61572266346931","article_modified_time":"2025-02-14T09:23:38+00:00","twitter_card":"summary_large_image","twitter_misc":{"Dur\u00e9e de lecture estim\u00e9e":"2 minutes"},"schema":{"@context":"https:\/\/schema.org","@graph":[{"@type":"WebPage","@id":"https:\/\/kridenfloors.com\/index.php\/commandes-et-livraisons\/","url":"https:\/\/kridenfloors.com\/index.php\/commandes-et-livraisons\/","name":"Commandes et livraisons - Kriden Floors","isPartOf":{"@id":"https:\/\/kridenfloors.com\/#website"},"datePublished":"2024-12-24T15:04:15+00:00","dateModified":"2025-02-14T09:23:38+00:00","breadcrumb":{"@id":"https:\/\/kridenfloors.com\/index.php\/commandes-et-livraisons\/#breadcrumb"},"inLanguage":"fr-FR","potentialAction":[{"@type":"ReadAction","target":["https:\/\/kridenfloors.com\/index.php\/commandes-et-livraisons\/"]}]},{"@type":"BreadcrumbList","@id":"https:\/\/kridenfloors.com\/index.php\/commandes-et-livraisons\/#breadcrumb","itemListElement":[{"@type":"ListItem","position":1,"name":"Accueil","item":"https:\/\/kridenfloors.com\/"},{"@type":"ListItem","position":2,"name":"Commandes et livraisons"}]},{"@type":"WebSite","@id":"https:\/\/kridenfloors.com\/#website","url":"https:\/\/kridenfloors.com\/","name":"Kriden Floors","description":"La solution pour vos sols Crossfit, Fitness, Arts Martiaux, Aire de jeux, Garage ...","publisher":{"@id":"https:\/\/kridenfloors.com\/#organization"},"potentialAction":[{"@type":"SearchAction","target":{"@type":"EntryPoint","urlTemplate":"https:\/\/kridenfloors.com\/?s={search_term_string}"},"query-input":{"@type":"PropertyValueSpecification","valueRequired":true,"valueName":"search_term_string"}}],"inLanguage":"fr-FR"},{"@type":"Organization","@id":"https:\/\/kridenfloors.com\/#organization","name":"Kriden Floors","url":"https:\/\/kridenfloors.com\/","logo":{"@type":"ImageObject","inLanguage":"fr-FR","@id":"https:\/\/kridenfloors.com\/#\/schema\/logo\/image\/","url":"https:\/\/kridenfloors.com\/wp-content\/uploads\/2024\/05\/logo-kriden-SPORTS-FLOOR-full-color-no-BG-HEAD-TEXT.png","contentUrl":"https:\/\/kridenfloors.com\/wp-content\/uploads\/2024\/05\/logo-kriden-SPORTS-FLOOR-full-color-no-BG-HEAD-TEXT.png","width":798,"height":1165,"caption":"Kriden Floors"},"image":{"@id":"https:\/\/kridenfloors.com\/#\/schema\/logo\/image\/"},"sameAs":["https:\/\/www.facebook.com\/profile.php?id=61572266346931","https:\/\/www.instagram.com\/kriden_floors\/"]}]}},"jetpack_sharing_enabled":true,"_links":{"self":[{"href":"https:\/\/kridenfloors.com\/index.php\/wp-json\/wp\/v2\/pages\/408","targetHints":{"allow":["GET"]}}],"collection":[{"href":"https:\/\/kridenfloors.com\/index.php\/wp-json\/wp\/v2\/pages"}],"about":[{"href":"https:\/\/kridenfloors.com\/index.php\/wp-json\/wp\/v2\/types\/page"}],"author":[{"embeddable":true,"href":"https:\/\/kridenfloors.com\/index.php\/wp-json\/wp\/v2\/users\/1"}],"replies":[{"embeddable":true,"href":"https:\/\/kridenfloors.com\/index.php\/wp-json\/wp\/v2\/comments?post=408"}],"version-history":[{"count":16,"href":"https:\/\/kridenfloors.com\/index.php\/wp-json\/wp\/v2\/pages\/408\/revisions"}],"predecessor-version":[{"id":905,"href":"https:\/\/kridenfloors.com\/index.php\/wp-json\/wp\/v2\/pages\/408\/revisions\/905"}],"wp:attachment":[{"href":"https:\/\/kridenfloors.com\/index.php\/wp-json\/wp\/v2\/media?parent=408"}],"curies":[{"name":"wp","href":"https:\/\/api.w.org\/{rel}","templated":true}]}}