{"id":543,"date":"2025-01-08T10:10:04","date_gmt":"2025-01-08T09:10:04","guid":{"rendered":"https:\/\/kridenfloors.com\/?page_id=543"},"modified":"2025-01-08T10:33:10","modified_gmt":"2025-01-08T09:33:10","slug":"installation-des-dalles-en-pvc-vinyl","status":"publish","type":"page","link":"https:\/\/kridenfloors.com\/index.php\/installation-des-dalles-en-pvc-vinyl\/","title":{"rendered":"Installation des dalles \u00ab\u00a0clips\u00a0\u00bb en PVC \/ Vinyl"},"content":{"rendered":"\n<section class=\"elementor-section elementor-top-section elementor-element elementor-element-9297827 elementor-section-boxed elementor-section-height-default elementor-section-height-default\" data-id=\"9297827\" data-element_type=\"section\">\n<div class=\"elementor-container elementor-column-gap-default\">\n<div class=\"elementor-column elementor-col-100 elementor-top-column elementor-element elementor-element-a53bd74\" data-id=\"a53bd74\" data-element_type=\"column\">\n<div class=\"elementor-widget-wrap elementor-element-populated\">\n<div class=\"elementor-element elementor-element-7f0fc4d elementor-widget elementor-widget-heading\" data-id=\"7f0fc4d\" data-element_type=\"widget\" data-widget_type=\"heading.default\">\n<div class=\"elementor-widget-container\">\n<h1 class=\"elementor-heading-title elementor-size-default\"><strong>Installation des dalles PVC \/ Vinyl<\/strong><\/h1>\n<p>\u00a0<\/p>\n<h2 class=\"elementor-heading-title elementor-size-default\">Pr\u00e9paration<\/h2>\n<\/div>\n<\/div>\n<\/div>\n<\/div>\n<\/div>\n<\/section>\n<section class=\"elementor-section elementor-top-section elementor-element elementor-element-ba2d4ee elementor-section-boxed elementor-section-height-default elementor-section-height-default\" data-id=\"ba2d4ee\" data-element_type=\"section\">\n<div class=\"elementor-container elementor-column-gap-default\">\n<div class=\"elementor-column elementor-col-100 elementor-top-column elementor-element elementor-element-11ca55a\" data-id=\"11ca55a\" data-element_type=\"column\">\n<div class=\"elementor-widget-wrap elementor-element-populated\">\n<div class=\"elementor-element elementor-element-66b5175 elementor-widget elementor-widget-text-editor\" data-id=\"66b5175\" data-element_type=\"widget\" data-widget_type=\"text-editor.default\">\n<div class=\"elementor-widget-container\">\n<p><img loading=\"lazy\" decoding=\"async\" class=\"alignnone wp-image-2123 size-large\" src=\"https:\/\/kriden.be\/wp-content\/uploads\/2024\/02\/slate-1-1024x683.jpg\" sizes=\"auto, (max-width: 843px) 100vw, 843px\" srcset=\"https:\/\/kriden.be\/wp-content\/uploads\/2024\/02\/slate-1-1024x683.jpg 1024w, https:\/\/kriden.be\/wp-content\/uploads\/2024\/02\/slate-1-300x200.jpg 300w, https:\/\/kriden.be\/wp-content\/uploads\/2024\/02\/slate-1-768x512.jpg 768w, https:\/\/kriden.be\/wp-content\/uploads\/2024\/02\/slate-1.jpg 1200w\" alt=\"\" width=\"843\" height=\"562\" \/><\/p>\n<p>La gamme de syst\u00e8mes de rev\u00eatement de sol de haute qualit\u00e9 de Kriden Floors offre \u00e0 votre entreprise une alternative aux options de rev\u00eatement de sol antid\u00e9rapant traditionnelles telles que la moquette ou les feuilles de vinyle.<\/p>\n<p>Les dalles de sol \u00e0 embo\u00eetement Kriden Floors offrent une multitude d\u2019avantages, allant d\u2019une installation rapide et facile \u00e0 un rev\u00eatement de sol durable et industriel. Chez Kriden Floors, nous sommes fiers de la qualit\u00e9 de nos produits et de la recherche et du d\u00e9veloppement que nous avons mis en \u0153uvre pour cr\u00e9er des tuiles \u00e0 embo\u00eetement qui r\u00e9sisteront \u00e0 l\u2019\u00e9preuve du temps. Consultez notre gamme compl\u00e8te de produits pour plus d\u2019informations et d\u2019avantages.<\/p>\n<p>Si votre entreprise envisage d\u2019installer le syst\u00e8me de rev\u00eatement de sol Kriden Floors, nous vous recommandons de prendre en compte les points suivants pour d\u00e9terminer comment votre entreprise tirera le meilleur parti du syst\u00e8me de rev\u00eatement de sol.<\/p>\n<p>\u00a0<\/p>\n<h2>Points \u00e0 consid\u00e9rer avant d\u2019installer les syst\u00e8mes de rev\u00eatement de sol Kriden Floors<\/h2>\n<h3>Le rev\u00eatement de sol doit-il \u00eatre coll\u00e9 ou pos\u00e9 librement ?<\/h3>\n<p>Kriden Floors peut \u00eatre install\u00e9 sur n\u2019importe quelle surface dure et, dans la plupart des cas, ne n\u00e9cessite pas de collage. Cependant, dans certains cas, nous avons recommand\u00e9 de coller les carreaux. Voici quelques situations dans lesquelles le collage est recommand\u00e9 :<\/p>\n<ul>\n<li>Lumi\u00e8re directe du soleil \u2013 Il est conseill\u00e9 de coller les dalles dans les zones expos\u00e9es \u00e0 la lumi\u00e8re directe du soleil, comme les halls d\u2019entr\u00e9e vitr\u00e9s, les devantures de magasins, les portes de quai de chargement orient\u00e9es au sud, etc. Il est possible que les carreaux expos\u00e9s \u00e0 la lumi\u00e8re directe du soleil deviennent tr\u00e8s chauds et se dilatent \u00e0 un rythme plus rapide et plus \u00e9lev\u00e9 que le reste du sol.<\/li>\n<li>Camions lourds et\/ou virages serr\u00e9s \u2013 Certains mod\u00e8les de chariots \u00e9l\u00e9vateurs \u00e0 fourche et de transpalettes peuvent causer un probl\u00e8me, les camions lourds avec de petites roues, en particulier les camions \u00e9lectriques o\u00f9 la batterie est situ\u00e9e au-dessus de la roue motrice principale. Si vous utilisez ce type de v\u00e9hicule, nous vous conseillons vivement de tester les dalles avec les camions avant de prendre une d\u00e9cision sur l\u2019\u00e9paisseur \u00e0 utiliser.<\/li>\n<li>Sources de chaleur externes\/convertisseurs catalytiques \u2013 Si votre entreprise utilise des fours, des fourneaux et des convertisseurs catalytiques, ceux-ci peuvent rendre le sol extr\u00eamement chaud et provoquer l\u2019expansion des carreaux. Pour \u00e9viter ce probl\u00e8me, collez les carreaux dans la zone situ\u00e9e devant le four ou \u00e0 l\u2019endroit o\u00f9 le convertisseur catalytique se trouvera lorsque la voiture sera gar\u00e9e.<br \/><br \/><\/li>\n<\/ul>\n<h3>Taches et d\u00e9coloration<\/h3>\n<p>Il est important de tenir compte de l\u2019environnement dans lequel les carreaux seront pos\u00e9s, car certaines machines, la lumi\u00e8re directe du soleil et les produits chimiques agressifs peuvent provoquer des taches et des d\u00e9colorations. Voici quelques \u00e9l\u00e9ments \u00e0 prendre en compte pour surmonter le probl\u00e8me des taches et de la d\u00e9coloration :<\/p>\n<ul>\n<li>Taches \u2013 Il est possible que certains pneus et roues en caoutchouc puissent tacher les carreaux, ceci est d\u00fb \u00e0 une r\u00e9action chimique qui se produit entre l\u2019anti-oxydant utilis\u00e9 dans certains caoutchoucs et le plastifiant utilis\u00e9 dans le vinyle. La r\u00e9action est de couleur brune et moins visible dans certaines couleurs de la tuile (gris fonc\u00e9, terre cuite, noir). Si votre application est susceptible d\u2019\u00eatre tach\u00e9e par des pneus, des teintures capillaires ou d\u2019autres produits chimiques agressifs, nous vous recommandons d\u2019envisager l\u2019application de notre scellant polyur\u00e9thane \u00e0 base d\u2019eau, en deux parties, sans solvant, anti-coloration et anti-tache. Nous recommandons les produits du Dr Schutz.<\/li>\n<li>STABILIT\u00c9 AUX UV \u2013 Kriden Floors n\u2019est pas recommand\u00e9 pour un usage ext\u00e9rieur et les couleurs ne sont pas stables aux UV.<\/li>\n<li>CONTR\u00d4LE DES LOTS \u2013 Nous ne sommes pas en mesure de garantir une uniformit\u00e9 de couleur \u00e0 100 % entre les diff\u00e9rents lots de production. Chaque commande individuelle sera fournie \u00e0 partir d\u2019un seul lot, mais si vous avez besoin de carreaux suppl\u00e9mentaires ou si vous souhaitez \u00e9tendre la surface, nous ne pouvons pas garantir que les commandes suivantes seront fournies \u00e0 partir du m\u00eame lot.<\/li>\n<\/ul>\n<p>\u00a0<\/p>\n<h2>Ce qu\u2019il faut faire avant d\u2019installer les syst\u00e8mes de rev\u00eatement de sol Kriden Floors<\/h2>\n<p>Cette m\u00e9thode d\u2019installation recommand\u00e9e a \u00e9t\u00e9 pr\u00e9par\u00e9e \u00e0 titre de guide uniquement, les informations sont fournies en toute bonne foi mais sans garantie car les conditions du site varient et sont hors de notre contr\u00f4le. Avant de vous pr\u00e9parer \u00e0 installer votre syst\u00e8me de plancher \u00e0 embo\u00eetement, veuillez suivre les instructions ci-dessous avant l\u2019installation et savoir de quels outils vous aurez besoin pour le processus d\u2019installation.<\/p>\n<h3>Pr\u00e9paration de l\u2019installation de votre syst\u00e8me de plancher Kriden Floors<\/h3>\n<p><strong>\u00c9tape 1 : Temp\u00e9rature \u2013 Permettre aux tuiles de s\u2019acclimater<\/strong><br \/>L\u2019installation ne doit pas avoir lieu \u00e0 des temp\u00e9ratures inf\u00e9rieures \u00e0 15\u00b0C.<\/p>\n<p>N\u2019essayez pas d\u2019installer les carreaux imm\u00e9diatement apr\u00e8s la livraison, il faut laisser les carreaux s\u2019acclimater \u00e0 la temp\u00e9rature ambiante de la pi\u00e8ce avant de les installer.<\/p>\n<p>Nous vous recommandons de pr\u00e9voir 24 heures, mais cela d\u00e9pend de la temp\u00e9rature. Plus il fait chaud, plus les carreaux s\u2019acclimatent rapidement. Si vous disposez de peu de temps, nous vous recommandons de diviser la palette de tuiles en petits paquets pour les aider \u00e0 s\u2019acclimater et \u00e0 s\u2019installer.<\/p>\n<p>Si la pose doit se faire \u00e0 une temp\u00e9rature inf\u00e9rieure \u00e0 15\u00b0C, laissez un espace de dilatation plus important entre les dalles et tout point fixe et\/ou pr\u00e9voyez un espace de dilatation tous les 8 \u00e0 10 m\u00e8tres.<\/p>\n<p><strong>\u00c9tape 2 : Pr\u00e9paration<\/strong><br \/>Balayez ou passez l\u2019aspirateur sur le sol pour \u00e9liminer tout obstacle non fix\u00e9.<\/p>\n<p>Supprimez tous les points hauts du sol.<\/p>\n<p>Remplissez tous les trous avec un produit de r\u00e9paration de sol \u00e0 prise rapide tel que Ardurapid A46 ou similaire.<\/p>\n<p>Pour les surfaces in\u00e9gales qui doivent \u00eatre liss\u00e9es, utilisez un compos\u00e9 lissant tel que Ardex Feather Finish.<\/p>\n<p><strong>\u00c9tape 3 : Mise en place<\/strong><br \/>Le d\u00e9part\/le point de d\u00e9part est diff\u00e9rent pour les tuiles \u00e0 joint ouvert et \u00e0 joint cach\u00e9.<\/p>\n<p>Important : il est essentiel pour les deux parties que les dalles soient toujours d\u2019\u00e9querre l\u2019une par rapport \u00e0 l\u2019autre.<\/p>\n<p>Nous vous recommandons vivement d\u2019utiliser une ligne de craie, une ligne laser ou une \u00e9querre de charpentier pour d\u00e9limiter le site et vous assurer que les dalles forment un angle droit entre elles.<\/p>\n<p><strong>\u00c9tape 4 : M\u00e9thode d\u2019installation<\/strong><br \/>Une fois que vous avez identifi\u00e9 votre point de d\u00e9part et cr\u00e9\u00e9 vos lignes droites, il est temps de commencer \u00e0 poser les carreaux.<\/p>\n<p>Notre premi\u00e8re recommandation est de poser les carreaux sur le sol, ce qui leur permettra de s\u2019installer.<\/p>\n<p>Ensuite, raccordez les dalles ensemble en proposant la dalle et en alignant le coin, en veillant \u00e0 ce que les joints soient align\u00e9s.<\/p>\n<p>En commen\u00e7ant par le coin, utilisez un maillet en caoutchouc pour frapper doucement les joints ensemble.<\/p>\n<p>\u00a0<\/p>\n<h3>\u00c9quipement requis pour l\u2019installation des rev\u00eatements de sol \u00e0 embo\u00eetement Kriden Floors<\/h3>\n<p>Pour installer le syst\u00e8me de rev\u00eatement de sol, vous aurez besoin d\u2019un maillet en caoutchouc non marquant ou d\u2019un marteau d\u2019ing\u00e9nierie, d\u2019un cordeau ou d\u2019une autre m\u00e9thode pour maintenir les carreaux \u00e0 l\u2019\u00e9querre et d\u2019un moyen de couper les carreaux. La tuile R peut \u00eatre coup\u00e9e en utilisant plusieurs m\u00e9thodes diff\u00e9rentes qui d\u00e9pendront de vos pr\u00e9f\u00e9rences, de votre exp\u00e9rience et des outils auxquels vous avez acc\u00e8s, mais nous recommandons d\u2019utiliser les m\u00e9thodes suivantes :<\/p>\n<ul>\n<li>Cisaille\/Guillotine Magnum<\/li>\n<li>Couteau Stanley\/Utility Knife avec une lame concave \u2013 toujours utiliser un bord droit et des gants anti-coupures.<\/li>\n<li>Scie sauteuse \u00e9lectrique avec une lame pour bois moyen ou brut<\/li>\n<li>Scie \u00e0 table ou \u00e0 ruban avec une lame pour bois moyen ou grossier<\/li>\n<\/ul>\n<p>Le processus d\u2019installation de Kriden Floors est aussi simple que d\u2019assembler un puzzle, si les joints ne s\u2019embo\u00eetent pas sans que vous ayez \u00e0 les forcer, vous pourriez faire quelque chose de mal. Le signe principal sera toujours si les tuiles ne se connectent pas avec un simple coup de marteau, cela indique que les tuiles ne sont pas li\u00e9es correctement.<\/p>\n<\/div>\n<\/div>\n<\/div>\n<\/div>\n<\/div>\n<\/section>\n\n","protected":false},"excerpt":{"rendered":"","protected":false},"author":1,"featured_media":0,"parent":0,"menu_order":0,"comment_status":"closed","ping_status":"closed","template":"","meta":{"footnotes":""},"class_list":["post-543","page","type-page","status-publish","hentry"],"yoast_head":"<!-- This site is optimized with the Yoast SEO plugin v27.2 - https:\/\/yoast.com\/product\/yoast-seo-wordpress\/ -->\n<title>Installation des dalles &quot;clips&quot; en PVC \/ Vinyl - Kriden Floors<\/title>\n<meta name=\"robots\" content=\"index, follow, max-snippet:-1, max-image-preview:large, max-video-preview:-1\" \/>\n<link rel=\"canonical\" href=\"https:\/\/kridenfloors.com\/index.php\/installation-des-dalles-en-pvc-vinyl\/\" \/>\n<meta property=\"og:locale\" content=\"fr_FR\" \/>\n<meta property=\"og:type\" content=\"article\" \/>\n<meta property=\"og:title\" content=\"Installation des dalles &quot;clips&quot; en PVC \/ Vinyl - Kriden Floors\" \/>\n<meta property=\"og:url\" content=\"https:\/\/kridenfloors.com\/index.php\/installation-des-dalles-en-pvc-vinyl\/\" \/>\n<meta property=\"og:site_name\" content=\"Kriden Floors\" \/>\n<meta property=\"article:publisher\" content=\"https:\/\/www.facebook.com\/profile.php?id=61572266346931\" \/>\n<meta property=\"article:modified_time\" content=\"2025-01-08T09:33:10+00:00\" \/>\n<meta name=\"twitter:card\" content=\"summary_large_image\" \/>\n<meta name=\"twitter:label1\" content=\"Dur\u00e9e de lecture estim\u00e9e\" \/>\n\t<meta name=\"twitter:data1\" content=\"7 minutes\" \/>\n<script type=\"application\/ld+json\" class=\"yoast-schema-graph\">{\"@context\":\"https:\/\/schema.org\",\"@graph\":[{\"@type\":\"WebPage\",\"@id\":\"https:\/\/kridenfloors.com\/index.php\/installation-des-dalles-en-pvc-vinyl\/\",\"url\":\"https:\/\/kridenfloors.com\/index.php\/installation-des-dalles-en-pvc-vinyl\/\",\"name\":\"Installation des dalles \\\"clips\\\" en PVC \/ Vinyl - Kriden Floors\",\"isPartOf\":{\"@id\":\"https:\/\/kridenfloors.com\/#website\"},\"primaryImageOfPage\":{\"@id\":\"https:\/\/kridenfloors.com\/index.php\/installation-des-dalles-en-pvc-vinyl\/#primaryimage\"},\"image\":{\"@id\":\"https:\/\/kridenfloors.com\/index.php\/installation-des-dalles-en-pvc-vinyl\/#primaryimage\"},\"thumbnailUrl\":\"https:\/\/kriden.be\/wp-content\/uploads\/2024\/02\/slate-1-1024x683.jpg\",\"datePublished\":\"2025-01-08T09:10:04+00:00\",\"dateModified\":\"2025-01-08T09:33:10+00:00\",\"breadcrumb\":{\"@id\":\"https:\/\/kridenfloors.com\/index.php\/installation-des-dalles-en-pvc-vinyl\/#breadcrumb\"},\"inLanguage\":\"fr-FR\",\"potentialAction\":[{\"@type\":\"ReadAction\",\"target\":[\"https:\/\/kridenfloors.com\/index.php\/installation-des-dalles-en-pvc-vinyl\/\"]}]},{\"@type\":\"ImageObject\",\"inLanguage\":\"fr-FR\",\"@id\":\"https:\/\/kridenfloors.com\/index.php\/installation-des-dalles-en-pvc-vinyl\/#primaryimage\",\"url\":\"https:\/\/kriden.be\/wp-content\/uploads\/2024\/02\/slate-1-1024x683.jpg\",\"contentUrl\":\"https:\/\/kriden.be\/wp-content\/uploads\/2024\/02\/slate-1-1024x683.jpg\"},{\"@type\":\"BreadcrumbList\",\"@id\":\"https:\/\/kridenfloors.com\/index.php\/installation-des-dalles-en-pvc-vinyl\/#breadcrumb\",\"itemListElement\":[{\"@type\":\"ListItem\",\"position\":1,\"name\":\"Accueil\",\"item\":\"https:\/\/kridenfloors.com\/\"},{\"@type\":\"ListItem\",\"position\":2,\"name\":\"Installation des dalles \u00ab\u00a0clips\u00a0\u00bb en PVC \/ Vinyl\"}]},{\"@type\":\"WebSite\",\"@id\":\"https:\/\/kridenfloors.com\/#website\",\"url\":\"https:\/\/kridenfloors.com\/\",\"name\":\"Kriden Floors\",\"description\":\"La solution pour vos sols Crossfit, Fitness, Arts Martiaux, Aire de jeux, Garage ...\",\"publisher\":{\"@id\":\"https:\/\/kridenfloors.com\/#organization\"},\"potentialAction\":[{\"@type\":\"SearchAction\",\"target\":{\"@type\":\"EntryPoint\",\"urlTemplate\":\"https:\/\/kridenfloors.com\/?s={search_term_string}\"},\"query-input\":{\"@type\":\"PropertyValueSpecification\",\"valueRequired\":true,\"valueName\":\"search_term_string\"}}],\"inLanguage\":\"fr-FR\"},{\"@type\":\"Organization\",\"@id\":\"https:\/\/kridenfloors.com\/#organization\",\"name\":\"Kriden Floors\",\"url\":\"https:\/\/kridenfloors.com\/\",\"logo\":{\"@type\":\"ImageObject\",\"inLanguage\":\"fr-FR\",\"@id\":\"https:\/\/kridenfloors.com\/#\/schema\/logo\/image\/\",\"url\":\"https:\/\/kridenfloors.com\/wp-content\/uploads\/2024\/05\/logo-kriden-SPORTS-FLOOR-full-color-no-BG-HEAD-TEXT.png\",\"contentUrl\":\"https:\/\/kridenfloors.com\/wp-content\/uploads\/2024\/05\/logo-kriden-SPORTS-FLOOR-full-color-no-BG-HEAD-TEXT.png\",\"width\":798,\"height\":1165,\"caption\":\"Kriden Floors\"},\"image\":{\"@id\":\"https:\/\/kridenfloors.com\/#\/schema\/logo\/image\/\"},\"sameAs\":[\"https:\/\/www.facebook.com\/profile.php?id=61572266346931\",\"https:\/\/www.instagram.com\/kriden_floors\/\"]}]}<\/script>\n<!-- \/ Yoast SEO plugin. -->","yoast_head_json":{"title":"Installation des dalles \"clips\" en PVC \/ Vinyl - Kriden Floors","robots":{"index":"index","follow":"follow","max-snippet":"max-snippet:-1","max-image-preview":"max-image-preview:large","max-video-preview":"max-video-preview:-1"},"canonical":"https:\/\/kridenfloors.com\/index.php\/installation-des-dalles-en-pvc-vinyl\/","og_locale":"fr_FR","og_type":"article","og_title":"Installation des dalles \"clips\" en PVC \/ Vinyl - Kriden Floors","og_url":"https:\/\/kridenfloors.com\/index.php\/installation-des-dalles-en-pvc-vinyl\/","og_site_name":"Kriden Floors","article_publisher":"https:\/\/www.facebook.com\/profile.php?id=61572266346931","article_modified_time":"2025-01-08T09:33:10+00:00","twitter_card":"summary_large_image","twitter_misc":{"Dur\u00e9e de lecture estim\u00e9e":"7 minutes"},"schema":{"@context":"https:\/\/schema.org","@graph":[{"@type":"WebPage","@id":"https:\/\/kridenfloors.com\/index.php\/installation-des-dalles-en-pvc-vinyl\/","url":"https:\/\/kridenfloors.com\/index.php\/installation-des-dalles-en-pvc-vinyl\/","name":"Installation des dalles \"clips\" en PVC \/ Vinyl - Kriden Floors","isPartOf":{"@id":"https:\/\/kridenfloors.com\/#website"},"primaryImageOfPage":{"@id":"https:\/\/kridenfloors.com\/index.php\/installation-des-dalles-en-pvc-vinyl\/#primaryimage"},"image":{"@id":"https:\/\/kridenfloors.com\/index.php\/installation-des-dalles-en-pvc-vinyl\/#primaryimage"},"thumbnailUrl":"https:\/\/kriden.be\/wp-content\/uploads\/2024\/02\/slate-1-1024x683.jpg","datePublished":"2025-01-08T09:10:04+00:00","dateModified":"2025-01-08T09:33:10+00:00","breadcrumb":{"@id":"https:\/\/kridenfloors.com\/index.php\/installation-des-dalles-en-pvc-vinyl\/#breadcrumb"},"inLanguage":"fr-FR","potentialAction":[{"@type":"ReadAction","target":["https:\/\/kridenfloors.com\/index.php\/installation-des-dalles-en-pvc-vinyl\/"]}]},{"@type":"ImageObject","inLanguage":"fr-FR","@id":"https:\/\/kridenfloors.com\/index.php\/installation-des-dalles-en-pvc-vinyl\/#primaryimage","url":"https:\/\/kriden.be\/wp-content\/uploads\/2024\/02\/slate-1-1024x683.jpg","contentUrl":"https:\/\/kriden.be\/wp-content\/uploads\/2024\/02\/slate-1-1024x683.jpg"},{"@type":"BreadcrumbList","@id":"https:\/\/kridenfloors.com\/index.php\/installation-des-dalles-en-pvc-vinyl\/#breadcrumb","itemListElement":[{"@type":"ListItem","position":1,"name":"Accueil","item":"https:\/\/kridenfloors.com\/"},{"@type":"ListItem","position":2,"name":"Installation des dalles \u00ab\u00a0clips\u00a0\u00bb en PVC \/ Vinyl"}]},{"@type":"WebSite","@id":"https:\/\/kridenfloors.com\/#website","url":"https:\/\/kridenfloors.com\/","name":"Kriden Floors","description":"La solution pour vos sols Crossfit, Fitness, Arts Martiaux, Aire de jeux, Garage ...","publisher":{"@id":"https:\/\/kridenfloors.com\/#organization"},"potentialAction":[{"@type":"SearchAction","target":{"@type":"EntryPoint","urlTemplate":"https:\/\/kridenfloors.com\/?s={search_term_string}"},"query-input":{"@type":"PropertyValueSpecification","valueRequired":true,"valueName":"search_term_string"}}],"inLanguage":"fr-FR"},{"@type":"Organization","@id":"https:\/\/kridenfloors.com\/#organization","name":"Kriden Floors","url":"https:\/\/kridenfloors.com\/","logo":{"@type":"ImageObject","inLanguage":"fr-FR","@id":"https:\/\/kridenfloors.com\/#\/schema\/logo\/image\/","url":"https:\/\/kridenfloors.com\/wp-content\/uploads\/2024\/05\/logo-kriden-SPORTS-FLOOR-full-color-no-BG-HEAD-TEXT.png","contentUrl":"https:\/\/kridenfloors.com\/wp-content\/uploads\/2024\/05\/logo-kriden-SPORTS-FLOOR-full-color-no-BG-HEAD-TEXT.png","width":798,"height":1165,"caption":"Kriden Floors"},"image":{"@id":"https:\/\/kridenfloors.com\/#\/schema\/logo\/image\/"},"sameAs":["https:\/\/www.facebook.com\/profile.php?id=61572266346931","https:\/\/www.instagram.com\/kriden_floors\/"]}]}},"jetpack_sharing_enabled":true,"_links":{"self":[{"href":"https:\/\/kridenfloors.com\/index.php\/wp-json\/wp\/v2\/pages\/543","targetHints":{"allow":["GET"]}}],"collection":[{"href":"https:\/\/kridenfloors.com\/index.php\/wp-json\/wp\/v2\/pages"}],"about":[{"href":"https:\/\/kridenfloors.com\/index.php\/wp-json\/wp\/v2\/types\/page"}],"author":[{"embeddable":true,"href":"https:\/\/kridenfloors.com\/index.php\/wp-json\/wp\/v2\/users\/1"}],"replies":[{"embeddable":true,"href":"https:\/\/kridenfloors.com\/index.php\/wp-json\/wp\/v2\/comments?post=543"}],"version-history":[{"count":5,"href":"https:\/\/kridenfloors.com\/index.php\/wp-json\/wp\/v2\/pages\/543\/revisions"}],"predecessor-version":[{"id":559,"href":"https:\/\/kridenfloors.com\/index.php\/wp-json\/wp\/v2\/pages\/543\/revisions\/559"}],"wp:attachment":[{"href":"https:\/\/kridenfloors.com\/index.php\/wp-json\/wp\/v2\/media?parent=543"}],"curies":[{"name":"wp","href":"https:\/\/api.w.org\/{rel}","templated":true}]}}