{"id":555,"date":"2025-01-08T10:30:49","date_gmt":"2025-01-08T09:30:49","guid":{"rendered":"https:\/\/kridenfloors.com\/?page_id=555"},"modified":"2025-03-07T09:37:57","modified_gmt":"2025-03-07T08:37:57","slug":"location-de-dalles-sol-fitness-crossfit","status":"publish","type":"page","link":"https:\/\/kridenfloors.com\/index.php\/location-de-dalles-sol-fitness-crossfit\/","title":{"rendered":"Location de dalles \/ sol fitness &amp; crossfit"},"content":{"rendered":"\n  <div id=\"page-header-545376547\" class=\"page-header-wrapper\">\n  <div class=\"page-title light simple-title\">\n\n    \n    <div class=\"page-title-inner container align-center flex-row medium-flex-wrap\" >\n              <div class=\"title-wrapper flex-col text-left medium-text-center\">\n          <h1 class=\"entry-title mb-0\">\n            Location de dalles , sol en caoutchouc pour fitness &amp; CrossFit(r)          <\/h1>\n        <\/div>\n                    <div class=\"title-content flex-col flex-right text-right medium-text-center\">\n        <ul class=\"nav sm-touch-scroll nav-line nav-uppercase text-left nav-left\"><li class=\"nav-single-page hidden\"><\/li><\/ul>      <\/div>\n    <\/div>\n\n       <\/div>\n    <\/div>\n  \n\n<div class=\"is-divider divider clearfix\" ><\/div>\n\n<div class=\"slider-wrapper relative\" id=\"slider-1711353969\" >\n    <div class=\"slider slider-nav-circle slider-nav-large slider-nav-light slider-style-normal\"\n        data-flickity-options='{\n            \"cellAlign\": \"center\",\n            \"imagesLoaded\": true,\n            \"lazyLoad\": 1,\n            \"freeScroll\": false,\n            \"wrapAround\": true,\n            \"autoPlay\": 6000,\n            \"pauseAutoPlayOnHover\" : true,\n            \"prevNextButtons\": true,\n            \"contain\" : true,\n            \"adaptiveHeight\" : true,\n            \"dragThreshold\" : 10,\n            \"percentPosition\": true,\n            \"pageDots\": true,\n            \"rightToLeft\": false,\n            \"draggable\": true,\n            \"selectedAttraction\": 0.1,\n            \"parallax\" : 0,\n            \"friction\": 0.6        }'\n        >\n        \n\n\t<div class=\"img has-hover x md-x lg-x y md-y lg-y\" id=\"image_1969149667\">\n\t\t\t\t\t\t\t\t<div class=\"img-inner image-cover dark\" style=\"padding-top:250px;\">\n\t\t\t<img loading=\"lazy\" decoding=\"async\" width=\"1020\" height=\"477\" src=\"https:\/\/kridenfloors.com\/wp-content\/uploads\/2024\/05\/ww-1024x479.jpg\" class=\"attachment-large size-large\" alt=\"\" srcset=\"https:\/\/kridenfloors.com\/wp-content\/uploads\/2024\/05\/ww-1024x479.jpg 1024w, https:\/\/kridenfloors.com\/wp-content\/uploads\/2024\/05\/ww-510x238.jpg 510w, https:\/\/kridenfloors.com\/wp-content\/uploads\/2024\/05\/ww-300x140.jpg 300w, https:\/\/kridenfloors.com\/wp-content\/uploads\/2024\/05\/ww-768x359.jpg 768w, https:\/\/kridenfloors.com\/wp-content\/uploads\/2024\/05\/ww.jpg 1440w\" sizes=\"auto, (max-width: 1020px) 100vw, 1020px\" \/>\t\t\t\t\t\t\n\t\t\t\t\t<\/div>\n\t\t\t\t\t\t\t\t\n<style>\n#image_1969149667 {\n  width: 100%;\n}\n<\/style>\n\t<\/div>\n\t\n\n\n     <\/div>\n\n     <div class=\"loading-spin dark large centered\"><\/div>\n\n\t<\/div>\n\n\n<div class=\"row\"  id=\"row-301590397\">\n\n\n\t<div id=\"col-89023248\" class=\"col medium-8 small-12 large-8\"  >\n\t\t\t\t<div class=\"col-inner\"  >\n\t\t\t\n\t\t\t\n\n<div>Vous avez besoin d\u2019un extra en dalles fitness en caoutchouc pour int\u00e9rieur ou ext\u00e9rieur, ou encore des tatamis puzzle, pendant quelques jours pour le sol de votre comp\u00e9tition CrossFit(r), throwdown, workshop, stage, d\u00e9monstration, salon \u00e9v\u00e8nementiel,\u2026<\/div>\n<div>\u00a0<\/div>\n<div>Location possible sur la Belgique, Pays-Bas, Luxembourg, Allemagne, Nord de la France<\/div>\n<div>\u00a0<\/div>\n<div>Vous avez d\u00e9j\u00e0 eu l\u2019occasion de voir nos dalles ou tatamis lors des divers \u00e9v\u00e8nements suivants :<\/div>\n<ul>\n<li>Carolo Throwdown<\/li>\n<li>TFL (The Fitness League)<\/li>\n<li>Continental Classics<\/li>\n<li>Iron Showdown (Luxembourg)<\/li>\n<li>CFM contest<\/li>\n<li>Charleroi Throwdown<\/li>\n<li>Abbey Throwdown<\/li>\n<li>BMMAF \/ ADCC Open<\/li>\n<\/ul>\n<div>Nous pouvons vous aider, contactez-nous pour conna\u00eetre nos conditions :<\/div>\n<div>\u00a0<\/div>\n<div>Par email : info@kriden.be<\/div>\n<div>\u00a0<\/div>\n<div>Par t\u00e9l\u00e9phone \/ WhatsApp : 0032 (0)479.243.147<\/div>\n\n\t\t<\/div>\n\t\t\t\t\t<\/div>\n\n\t\n\n\t<div id=\"col-601509785\" class=\"col medium-4 small-12 large-4\"  >\n\t\t\t\t<div class=\"col-inner\"  >\n\t\t\t\n\t\t\t\n\n<div class=\"slider-wrapper relative\" id=\"slider-2110068914\" >\n    <div class=\"slider slider-nav-circle slider-nav-large slider-nav-light slider-style-normal\"\n        data-flickity-options='{\n            \"cellAlign\": \"center\",\n            \"imagesLoaded\": true,\n            \"lazyLoad\": 1,\n            \"freeScroll\": false,\n            \"wrapAround\": true,\n            \"autoPlay\": 6000,\n            \"pauseAutoPlayOnHover\" : true,\n            \"prevNextButtons\": true,\n            \"contain\" : true,\n            \"adaptiveHeight\" : true,\n            \"dragThreshold\" : 10,\n            \"percentPosition\": true,\n            \"pageDots\": true,\n            \"rightToLeft\": false,\n            \"draggable\": true,\n            \"selectedAttraction\": 0.1,\n            \"parallax\" : 0,\n            \"friction\": 0.6        }'\n        >\n        \n\n\t<div class=\"img has-hover x md-x lg-x y md-y lg-y\" id=\"image_1482547608\">\n\t\t\t\t\t\t\t\t<div class=\"img-inner dark\" >\n\t\t\t<img loading=\"lazy\" decoding=\"async\" width=\"768\" height=\"1024\" src=\"https:\/\/kridenfloors.com\/wp-content\/uploads\/2025\/01\/472445019_959442285606461_4959447798610590328_n-768x1024.jpg\" class=\"attachment-large size-large\" alt=\"\" srcset=\"https:\/\/kridenfloors.com\/wp-content\/uploads\/2025\/01\/472445019_959442285606461_4959447798610590328_n-768x1024.jpg 768w, https:\/\/kridenfloors.com\/wp-content\/uploads\/2025\/01\/472445019_959442285606461_4959447798610590328_n-510x680.jpg 510w, https:\/\/kridenfloors.com\/wp-content\/uploads\/2025\/01\/472445019_959442285606461_4959447798610590328_n-225x300.jpg 225w, https:\/\/kridenfloors.com\/wp-content\/uploads\/2025\/01\/472445019_959442285606461_4959447798610590328_n-1152x1536.jpg 1152w, https:\/\/kridenfloors.com\/wp-content\/uploads\/2025\/01\/472445019_959442285606461_4959447798610590328_n-9x12.jpg 9w, https:\/\/kridenfloors.com\/wp-content\/uploads\/2025\/01\/472445019_959442285606461_4959447798610590328_n.jpg 1500w\" sizes=\"auto, (max-width: 768px) 100vw, 768px\" \/>\t\t\t\t\t\t\n\t\t\t\t\t<\/div>\n\t\t\t\t\t\t\t\t\n<style>\n#image_1482547608 {\n  width: 100%;\n}\n<\/style>\n\t<\/div>\n\t\n\n\t<div class=\"img has-hover x md-x lg-x y md-y lg-y\" id=\"image_1314129349\">\n\t\t\t\t\t\t\t\t<div class=\"img-inner dark\" >\n\t\t\t<img loading=\"lazy\" decoding=\"async\" width=\"768\" height=\"1024\" src=\"https:\/\/kridenfloors.com\/wp-content\/uploads\/2025\/01\/472361632_2056761701420530_420314766978687817_n-768x1024.jpg\" class=\"attachment-large size-large\" alt=\"\" srcset=\"https:\/\/kridenfloors.com\/wp-content\/uploads\/2025\/01\/472361632_2056761701420530_420314766978687817_n-768x1024.jpg 768w, https:\/\/kridenfloors.com\/wp-content\/uploads\/2025\/01\/472361632_2056761701420530_420314766978687817_n-510x680.jpg 510w, https:\/\/kridenfloors.com\/wp-content\/uploads\/2025\/01\/472361632_2056761701420530_420314766978687817_n-225x300.jpg 225w, https:\/\/kridenfloors.com\/wp-content\/uploads\/2025\/01\/472361632_2056761701420530_420314766978687817_n-1152x1536.jpg 1152w, https:\/\/kridenfloors.com\/wp-content\/uploads\/2025\/01\/472361632_2056761701420530_420314766978687817_n-9x12.jpg 9w, https:\/\/kridenfloors.com\/wp-content\/uploads\/2025\/01\/472361632_2056761701420530_420314766978687817_n.jpg 1512w\" sizes=\"auto, (max-width: 768px) 100vw, 768px\" \/>\t\t\t\t\t\t\n\t\t\t\t\t<\/div>\n\t\t\t\t\t\t\t\t\n<style>\n#image_1314129349 {\n  width: 100%;\n}\n<\/style>\n\t<\/div>\n\t\n\n\t<div class=\"img has-hover x md-x lg-x y md-y lg-y\" id=\"image_1008682727\">\n\t\t\t\t\t\t\t\t<div class=\"img-inner dark\" >\n\t\t\t<img loading=\"lazy\" decoding=\"async\" width=\"768\" height=\"1024\" src=\"https:\/\/kridenfloors.com\/wp-content\/uploads\/2025\/01\/473107952_1186732946353019_8122798999556248110_n-768x1024.jpg\" class=\"attachment-large size-large\" alt=\"\" srcset=\"https:\/\/kridenfloors.com\/wp-content\/uploads\/2025\/01\/473107952_1186732946353019_8122798999556248110_n-768x1024.jpg 768w, https:\/\/kridenfloors.com\/wp-content\/uploads\/2025\/01\/473107952_1186732946353019_8122798999556248110_n-510x680.jpg 510w, https:\/\/kridenfloors.com\/wp-content\/uploads\/2025\/01\/473107952_1186732946353019_8122798999556248110_n-225x300.jpg 225w, https:\/\/kridenfloors.com\/wp-content\/uploads\/2025\/01\/473107952_1186732946353019_8122798999556248110_n-1152x1536.jpg 1152w, https:\/\/kridenfloors.com\/wp-content\/uploads\/2025\/01\/473107952_1186732946353019_8122798999556248110_n-9x12.jpg 9w, https:\/\/kridenfloors.com\/wp-content\/uploads\/2025\/01\/473107952_1186732946353019_8122798999556248110_n.jpg 1200w\" sizes=\"auto, (max-width: 768px) 100vw, 768px\" \/>\t\t\t\t\t\t\n\t\t\t\t\t<\/div>\n\t\t\t\t\t\t\t\t\n<style>\n#image_1008682727 {\n  width: 100%;\n}\n<\/style>\n\t<\/div>\n\t\n\n\t<div class=\"img has-hover x md-x lg-x y md-y lg-y\" id=\"image_2085790982\">\n\t\t\t\t\t\t\t\t<div class=\"img-inner dark\" >\n\t\t\t<img loading=\"lazy\" decoding=\"async\" width=\"682\" height=\"1024\" src=\"https:\/\/kridenfloors.com\/wp-content\/uploads\/2025\/03\/IMG_1348x-682x1024.jpg\" class=\"attachment-large size-large\" alt=\"\" srcset=\"https:\/\/kridenfloors.com\/wp-content\/uploads\/2025\/03\/IMG_1348x-682x1024.jpg 682w, https:\/\/kridenfloors.com\/wp-content\/uploads\/2025\/03\/IMG_1348x-510x765.jpg 510w, https:\/\/kridenfloors.com\/wp-content\/uploads\/2025\/03\/IMG_1348x-200x300.jpg 200w, https:\/\/kridenfloors.com\/wp-content\/uploads\/2025\/03\/IMG_1348x-8x12.jpg 8w, https:\/\/kridenfloors.com\/wp-content\/uploads\/2025\/03\/IMG_1348x.jpg 711w\" sizes=\"auto, (max-width: 682px) 100vw, 682px\" \/>\t\t\t\t\t\t\n\t\t\t\t\t<\/div>\n\t\t\t\t\t\t\t\t\n<style>\n#image_2085790982 {\n  width: 100%;\n}\n<\/style>\n\t<\/div>\n\t\n\n\n     <\/div>\n\n     <div class=\"loading-spin dark large centered\"><\/div>\n\n\t<\/div>\n\n\n\n\t\t<\/div>\n\t\t\t\t\t<\/div>\n\n\t\n\n<\/div>\n\n","protected":false},"excerpt":{"rendered":"","protected":false},"author":1,"featured_media":0,"parent":0,"menu_order":0,"comment_status":"closed","ping_status":"closed","template":"","meta":{"footnotes":""},"class_list":["post-555","page","type-page","status-publish","hentry"],"yoast_head":"<!-- This site is optimized with the Yoast SEO plugin v27.4 - https:\/\/yoast.com\/product\/yoast-seo-wordpress\/ -->\n<title>Location de dalles \/ sol fitness &amp; crossfit - Kriden Floors<\/title>\n<meta name=\"robots\" content=\"index, follow, max-snippet:-1, max-image-preview:large, max-video-preview:-1\" \/>\n<link rel=\"canonical\" href=\"https:\/\/kridenfloors.com\/index.php\/location-de-dalles-sol-fitness-crossfit\/\" \/>\n<meta property=\"og:locale\" content=\"fr_FR\" \/>\n<meta property=\"og:type\" content=\"article\" \/>\n<meta property=\"og:title\" content=\"Location de dalles \/ sol fitness &amp; crossfit - Kriden Floors\" \/>\n<meta property=\"og:url\" content=\"https:\/\/kridenfloors.com\/index.php\/location-de-dalles-sol-fitness-crossfit\/\" \/>\n<meta property=\"og:site_name\" content=\"Kriden Floors\" \/>\n<meta property=\"article:publisher\" content=\"https:\/\/www.facebook.com\/profile.php?id=61572266346931\" \/>\n<meta property=\"article:modified_time\" content=\"2025-03-07T08:37:57+00:00\" \/>\n<meta name=\"twitter:card\" content=\"summary_large_image\" \/>\n<meta name=\"twitter:label1\" content=\"Dur\u00e9e de lecture estim\u00e9e\" \/>\n\t<meta name=\"twitter:data1\" content=\"1 minute\" \/>\n<script type=\"application\/ld+json\" class=\"yoast-schema-graph\">{\"@context\":\"https:\\\/\\\/schema.org\",\"@graph\":[{\"@type\":\"WebPage\",\"@id\":\"https:\\\/\\\/kridenfloors.com\\\/index.php\\\/location-de-dalles-sol-fitness-crossfit\\\/\",\"url\":\"https:\\\/\\\/kridenfloors.com\\\/index.php\\\/location-de-dalles-sol-fitness-crossfit\\\/\",\"name\":\"Location de dalles \\\/ sol fitness &amp; crossfit - Kriden Floors\",\"isPartOf\":{\"@id\":\"https:\\\/\\\/kridenfloors.com\\\/#website\"},\"datePublished\":\"2025-01-08T09:30:49+00:00\",\"dateModified\":\"2025-03-07T08:37:57+00:00\",\"breadcrumb\":{\"@id\":\"https:\\\/\\\/kridenfloors.com\\\/index.php\\\/location-de-dalles-sol-fitness-crossfit\\\/#breadcrumb\"},\"inLanguage\":\"fr-FR\",\"potentialAction\":[{\"@type\":\"ReadAction\",\"target\":[\"https:\\\/\\\/kridenfloors.com\\\/index.php\\\/location-de-dalles-sol-fitness-crossfit\\\/\"]}]},{\"@type\":\"BreadcrumbList\",\"@id\":\"https:\\\/\\\/kridenfloors.com\\\/index.php\\\/location-de-dalles-sol-fitness-crossfit\\\/#breadcrumb\",\"itemListElement\":[{\"@type\":\"ListItem\",\"position\":1,\"name\":\"Accueil\",\"item\":\"https:\\\/\\\/kridenfloors.com\\\/\"},{\"@type\":\"ListItem\",\"position\":2,\"name\":\"Location de dalles \\\/ sol fitness &amp; crossfit\"}]},{\"@type\":\"WebSite\",\"@id\":\"https:\\\/\\\/kridenfloors.com\\\/#website\",\"url\":\"https:\\\/\\\/kridenfloors.com\\\/\",\"name\":\"Kriden Floors\",\"description\":\"La solution pour vos sols Crossfit, Fitness, Arts Martiaux, Aire de jeux, Garage ...\",\"publisher\":{\"@id\":\"https:\\\/\\\/kridenfloors.com\\\/#organization\"},\"potentialAction\":[{\"@type\":\"SearchAction\",\"target\":{\"@type\":\"EntryPoint\",\"urlTemplate\":\"https:\\\/\\\/kridenfloors.com\\\/?s={search_term_string}\"},\"query-input\":{\"@type\":\"PropertyValueSpecification\",\"valueRequired\":true,\"valueName\":\"search_term_string\"}}],\"inLanguage\":\"fr-FR\"},{\"@type\":\"Organization\",\"@id\":\"https:\\\/\\\/kridenfloors.com\\\/#organization\",\"name\":\"Kriden Floors\",\"url\":\"https:\\\/\\\/kridenfloors.com\\\/\",\"logo\":{\"@type\":\"ImageObject\",\"inLanguage\":\"fr-FR\",\"@id\":\"https:\\\/\\\/kridenfloors.com\\\/#\\\/schema\\\/logo\\\/image\\\/\",\"url\":\"https:\\\/\\\/kridenfloors.com\\\/wp-content\\\/uploads\\\/2024\\\/05\\\/logo-kriden-SPORTS-FLOOR-full-color-no-BG-HEAD-TEXT.png\",\"contentUrl\":\"https:\\\/\\\/kridenfloors.com\\\/wp-content\\\/uploads\\\/2024\\\/05\\\/logo-kriden-SPORTS-FLOOR-full-color-no-BG-HEAD-TEXT.png\",\"width\":798,\"height\":1165,\"caption\":\"Kriden Floors\"},\"image\":{\"@id\":\"https:\\\/\\\/kridenfloors.com\\\/#\\\/schema\\\/logo\\\/image\\\/\"},\"sameAs\":[\"https:\\\/\\\/www.facebook.com\\\/profile.php?id=61572266346931\",\"https:\\\/\\\/www.instagram.com\\\/kriden_floors\\\/\"]}]}<\/script>\n<!-- \/ Yoast SEO plugin. -->","yoast_head_json":{"title":"Location de dalles \/ sol fitness &amp; crossfit - Kriden Floors","robots":{"index":"index","follow":"follow","max-snippet":"max-snippet:-1","max-image-preview":"max-image-preview:large","max-video-preview":"max-video-preview:-1"},"canonical":"https:\/\/kridenfloors.com\/index.php\/location-de-dalles-sol-fitness-crossfit\/","og_locale":"fr_FR","og_type":"article","og_title":"Location de dalles \/ sol fitness &amp; crossfit - Kriden Floors","og_url":"https:\/\/kridenfloors.com\/index.php\/location-de-dalles-sol-fitness-crossfit\/","og_site_name":"Kriden Floors","article_publisher":"https:\/\/www.facebook.com\/profile.php?id=61572266346931","article_modified_time":"2025-03-07T08:37:57+00:00","twitter_card":"summary_large_image","twitter_misc":{"Dur\u00e9e de lecture estim\u00e9e":"1 minute"},"schema":{"@context":"https:\/\/schema.org","@graph":[{"@type":"WebPage","@id":"https:\/\/kridenfloors.com\/index.php\/location-de-dalles-sol-fitness-crossfit\/","url":"https:\/\/kridenfloors.com\/index.php\/location-de-dalles-sol-fitness-crossfit\/","name":"Location de dalles \/ sol fitness &amp; crossfit - Kriden Floors","isPartOf":{"@id":"https:\/\/kridenfloors.com\/#website"},"datePublished":"2025-01-08T09:30:49+00:00","dateModified":"2025-03-07T08:37:57+00:00","breadcrumb":{"@id":"https:\/\/kridenfloors.com\/index.php\/location-de-dalles-sol-fitness-crossfit\/#breadcrumb"},"inLanguage":"fr-FR","potentialAction":[{"@type":"ReadAction","target":["https:\/\/kridenfloors.com\/index.php\/location-de-dalles-sol-fitness-crossfit\/"]}]},{"@type":"BreadcrumbList","@id":"https:\/\/kridenfloors.com\/index.php\/location-de-dalles-sol-fitness-crossfit\/#breadcrumb","itemListElement":[{"@type":"ListItem","position":1,"name":"Accueil","item":"https:\/\/kridenfloors.com\/"},{"@type":"ListItem","position":2,"name":"Location de dalles \/ sol fitness &amp; crossfit"}]},{"@type":"WebSite","@id":"https:\/\/kridenfloors.com\/#website","url":"https:\/\/kridenfloors.com\/","name":"Kriden Floors","description":"La solution pour vos sols Crossfit, Fitness, Arts Martiaux, Aire de jeux, Garage ...","publisher":{"@id":"https:\/\/kridenfloors.com\/#organization"},"potentialAction":[{"@type":"SearchAction","target":{"@type":"EntryPoint","urlTemplate":"https:\/\/kridenfloors.com\/?s={search_term_string}"},"query-input":{"@type":"PropertyValueSpecification","valueRequired":true,"valueName":"search_term_string"}}],"inLanguage":"fr-FR"},{"@type":"Organization","@id":"https:\/\/kridenfloors.com\/#organization","name":"Kriden Floors","url":"https:\/\/kridenfloors.com\/","logo":{"@type":"ImageObject","inLanguage":"fr-FR","@id":"https:\/\/kridenfloors.com\/#\/schema\/logo\/image\/","url":"https:\/\/kridenfloors.com\/wp-content\/uploads\/2024\/05\/logo-kriden-SPORTS-FLOOR-full-color-no-BG-HEAD-TEXT.png","contentUrl":"https:\/\/kridenfloors.com\/wp-content\/uploads\/2024\/05\/logo-kriden-SPORTS-FLOOR-full-color-no-BG-HEAD-TEXT.png","width":798,"height":1165,"caption":"Kriden Floors"},"image":{"@id":"https:\/\/kridenfloors.com\/#\/schema\/logo\/image\/"},"sameAs":["https:\/\/www.facebook.com\/profile.php?id=61572266346931","https:\/\/www.instagram.com\/kriden_floors\/"]}]}},"jetpack_sharing_enabled":true,"_links":{"self":[{"href":"https:\/\/kridenfloors.com\/index.php\/wp-json\/wp\/v2\/pages\/555","targetHints":{"allow":["GET"]}}],"collection":[{"href":"https:\/\/kridenfloors.com\/index.php\/wp-json\/wp\/v2\/pages"}],"about":[{"href":"https:\/\/kridenfloors.com\/index.php\/wp-json\/wp\/v2\/types\/page"}],"author":[{"embeddable":true,"href":"https:\/\/kridenfloors.com\/index.php\/wp-json\/wp\/v2\/users\/1"}],"replies":[{"embeddable":true,"href":"https:\/\/kridenfloors.com\/index.php\/wp-json\/wp\/v2\/comments?post=555"}],"version-history":[{"count":17,"href":"https:\/\/kridenfloors.com\/index.php\/wp-json\/wp\/v2\/pages\/555\/revisions"}],"predecessor-version":[{"id":1018,"href":"https:\/\/kridenfloors.com\/index.php\/wp-json\/wp\/v2\/pages\/555\/revisions\/1018"}],"wp:attachment":[{"href":"https:\/\/kridenfloors.com\/index.php\/wp-json\/wp\/v2\/media?parent=555"}],"curies":[{"name":"wp","href":"https:\/\/api.w.org\/{rel}","templated":true}]}}