{"id":1019,"date":"2025-03-10T15:57:15","date_gmt":"2025-03-10T14:57:15","guid":{"rendered":"https:\/\/kridenfloors.com\/?post_type=product&#038;p=1019"},"modified":"2026-01-20T08:40:10","modified_gmt":"2026-01-20T07:40:10","slug":"sprinttrack-vert-2m-x-5m-unicolor-occasion","status":"publish","type":"product","link":"https:\/\/kridenfloors.com\/index.php\/produit\/sprinttrack-vert-2m-x-5m-unicolor-occasion\/","title":{"rendered":"Sprinttrack Vert 2m x 5,07m (Unicolor) (occasion)"},"content":{"rendered":"<p><strong>Cette d\u00e9coupe de sprinttrack a \u00e9t\u00e9 utilis\u00e9e pendant une journ\u00e9e lors d&rsquo;un \u00e9v\u00e8nement de type HYROX &#8211; mais est dans un \u00e9tat neuf<\/strong><\/p>\n<p>DIMENSIONS : 5,07m x 2m<\/p>\n<p>&nbsp;<\/p>\n<p>En mat\u00e9riel neuf, nous vous proposons des sprinttracks Unicolor en vert, bleu ou noir sur des dimensions de 2x10m ou 2x15m<\/p>\n<p>Il est possible d\u2019avoir d\u2019autres couleurs pour les sprinttracks de 2x25m ou 4x25m\u00a0 : vert, bleu, noir, rouge, jaune, blanc (prix sur demande)<\/p>\n<p>Ces pistes de sprint en gazon artificiel sont sp\u00e9cialement d\u00e9velopp\u00e9es pour un usage intensif, id\u00e9al pour le crosstraining ! Les<span class=\"short-description\">\u00a0\u00ab\u00a0sprinttracks\u00a0\u00bb combinent fibre courte et densit\u00e9 \u00e9lev\u00e9e. L\u2019objectif : proposer un tapis durable et solide.<\/span><\/p>\n<p>--<\/p>\n<ul>\n<li>Le turf propos\u00e9 a une hauteur d\u2019herbe courte qui assure une qualit\u00e9 extr\u00eamement forte et moins de salet\u00e9, elle reste magnifiquement structur\u00e9e. Ce gazon sportif ne s\u2019enroule pas aux extr\u00e9mit\u00e9s comme le gazon artificiel normal. Ne tondez plus jamais l\u2019herbe, l\u2019eau est parfaitement drain\u00e9e car il s\u2019agit d\u2019une structure ouverte avec une sous-couche ouverte (elle ne sent donc pas et ne reste pas humide). En raison de la hauteur de l\u2019herbe, ce produit est tr\u00e8s adapt\u00e9 \u00e0 un usage intensif et comme sol de sport et de jeu ou comme all\u00e9e, ou encore terrain de sport utilis\u00e9s de mani\u00e8re intensive ou publique.\u00a0<\/li>\n<li>Cette herbe multiplay a une hauteur d\u2019herbe courte, ce qui la rend excellente pour drainer et ventiler l\u2019eau. Cela garantit que le gazon sportif laisse facilement passer l\u2019eau et peut donc r\u00e9sister \u00e0 une forte averse.<\/li>\n<li>Ce gazon sportif est parfaitement adapt\u00e9 aux terrains de sport, aux pistes de sprint, aux terrains d\u2019entra\u00eenement, aux sols de fitness et de crossfit. Convient \u00e9galement tr\u00e8s bien pour un sled (CrossFit, strongman, sprint,...) car le tapis reste bien au sol lorsqu\u2019il est coll\u00e9 sur le dessous.<\/li>\n<li>La meilleure qualit\u00e9, produite dans le respect de l\u2019environnement et 100% recyclable, r\u00e9sistante au gel, peut \u00eatre plac\u00e9e directement sur votre sous-plancher (plat) existant, balcon, terrain de sport, terrain d\u2019entra\u00eenement, aire de jeux pour les enfants. Un avantage suppl\u00e9mentaire majeur est que le gazon peut \u00eatre pos\u00e9 directement sur un rev\u00eatement en PVC, b\u00e9ton, zinc, EPDM ou bitume.<\/li>\n<li>L\u2019installation du gazon sur une grande surface est un travail que nous serons heureux de prendre en charge pour vous. Si vous avez besoin de nos services, nous vous remettrons une offre sur mesure en fonction de la surface, du sol, de la position\u00a0 de votre surface de sol \u00e0 poser (\u00e0 partir de 100m2).<\/li>\n<li>Des coupes sur mesure de toutes les couleurs Multipay Sport Grass sont possibles \u00e0 partir de 20m2 (4m de large x 5m de long). Envoyez-nous un message avec les dimensions souhait\u00e9es afin que nous puissions vous donner un prix.<\/li>\n<\/ul>\n<p>\u00a0<\/p>\n<p><strong>Caract\u00e9ristiques et avantages<\/strong><\/p>\n<table style=\"height: 179px;\" border=\"0\" width=\"587\" cellspacing=\"0\" cellpadding=\"0\">\n<tbody>\n<tr>\n<td>\n<ul>\n<li>D\u00e9coupes sur mesure<\/li>\n<li>Certifi\u00e9 UE selon la norme EN-1177<\/li>\n<li>Absorbant les chocs<\/li>\n<li>Perm\u00e9able \u00e0 l\u2019humidit\u00e9<\/li>\n<li>R\u00e9sistant \u00e0 l\u2019usure<\/li>\n<li>Anti d\u00e9rapant<\/li>\n<li>Disponible en 6 couleurs<\/li>\n<\/ul>\n<\/td>\n<td>\n<ul>\n<li>r\u00e9sistant aux intemp\u00e9ries et au vent<\/li>\n<li>Facile \u00e0 couper et installer<\/li>\n<li>Facile \u00e0 entretenir<\/li>\n<li>insonorisant<\/li>\n<li>Garantie fabricant de 3 ans<\/li>\n<li>100% s\u00e9curis\u00e9<\/li>\n<\/ul>\n<\/td>\n<\/tr>\n<\/tbody>\n<\/table>\n","protected":false},"excerpt":{"rendered":"<p><strong>Epaisseur en mm :<\/strong>\u00a0\u00a012mm<br \/>\n<strong>Longueur \u00d7 largeur en cm :<\/strong>\u00a0 5,07 x 2m<br \/>\n<strong>Surface en m2 :<\/strong>\u00a0 10m2<br \/>\n<strong>Coloris :<\/strong> vert<\/p>\n<p><strong>Cette d\u00e9coupe de sprinttrack a \u00e9t\u00e9 utilis\u00e9e pendant une journ\u00e9e lors d&rsquo;un \u00e9v\u00e8nement de type HYROX &#8211; mais est dans un \u00e9tat neuf<\/strong><\/p>\n","protected":false},"featured_media":1020,"template":"","meta":[],"product_brand":[],"product_cat":[23,47,21,43],"product_tag":[],"class_list":{"0":"post-1019","1":"product","2":"type-product","3":"status-publish","4":"has-post-thumbnail","6":"product_cat-exterieur","7":"product_cat-gazon-artificiel","8":"product_cat-sprinttracks-turfs","9":"product_cat-sur-mesure-personnalise","11":"first","12":"instock","13":"sale","14":"taxable","15":"shipping-taxable","16":"purchasable","17":"product-type-simple"},"yoast_head":"<!-- This site is optimized with the Yoast SEO plugin v27.4 - https:\/\/yoast.com\/product\/yoast-seo-wordpress\/ -->\n<title>Sprinttrack Vert 2m x 5,07m (Unicolor) (occasion) - Kriden Floors<\/title>\n<meta name=\"robots\" content=\"index, follow, max-snippet:-1, max-image-preview:large, max-video-preview:-1\" \/>\n<link rel=\"canonical\" href=\"https:\/\/kridenfloors.com\/index.php\/produit\/sprinttrack-vert-2m-x-5m-unicolor-occasion\/\" \/>\n<meta property=\"og:locale\" content=\"fr_FR\" \/>\n<meta property=\"og:type\" content=\"article\" \/>\n<meta property=\"og:title\" content=\"Sprinttrack Vert 2m x 5,07m (Unicolor) (occasion) - Kriden Floors\" \/>\n<meta property=\"og:description\" content=\"Epaisseur en mm :\u00a0\u00a012mm Longueur \u00d7 largeur en cm :\u00a0 5,07 x 2m Surface en m2 :\u00a0 10m2 Coloris : vert  Cette d\u00e9coupe de sprinttrack a \u00e9t\u00e9 utilis\u00e9e pendant une journ\u00e9e lors d&#039;un \u00e9v\u00e8nement de type HYROX - mais est dans un \u00e9tat neuf\" \/>\n<meta property=\"og:url\" content=\"https:\/\/kridenfloors.com\/index.php\/produit\/sprinttrack-vert-2m-x-5m-unicolor-occasion\/\" \/>\n<meta property=\"og:site_name\" content=\"Kriden Floors\" \/>\n<meta property=\"article:publisher\" content=\"https:\/\/www.facebook.com\/profile.php?id=61572266346931\" \/>\n<meta property=\"article:modified_time\" content=\"2026-01-20T07:40:10+00:00\" \/>\n<meta property=\"og:image\" content=\"http:\/\/kridenfloors.com\/wp-content\/uploads\/2025\/03\/IMG-20250310-WA0012.jpg\" \/>\n\t<meta property=\"og:image:width\" content=\"1536\" \/>\n\t<meta property=\"og:image:height\" content=\"2048\" \/>\n\t<meta property=\"og:image:type\" content=\"image\/jpeg\" \/>\n<meta name=\"twitter:card\" content=\"summary_large_image\" \/>\n<meta name=\"twitter:label1\" content=\"Dur\u00e9e de lecture estim\u00e9e\" \/>\n\t<meta name=\"twitter:data1\" content=\"1 minute\" \/>\n<script type=\"application\/ld+json\" class=\"yoast-schema-graph\">{\"@context\":\"https:\\\/\\\/schema.org\",\"@graph\":[{\"@type\":\"WebPage\",\"@id\":\"https:\\\/\\\/kridenfloors.com\\\/index.php\\\/produit\\\/sprinttrack-vert-2m-x-5m-unicolor-occasion\\\/\",\"url\":\"https:\\\/\\\/kridenfloors.com\\\/index.php\\\/produit\\\/sprinttrack-vert-2m-x-5m-unicolor-occasion\\\/\",\"name\":\"Sprinttrack Vert 2m x 5,07m (Unicolor) (occasion) - Kriden Floors\",\"isPartOf\":{\"@id\":\"https:\\\/\\\/kridenfloors.com\\\/#website\"},\"primaryImageOfPage\":{\"@id\":\"https:\\\/\\\/kridenfloors.com\\\/index.php\\\/produit\\\/sprinttrack-vert-2m-x-5m-unicolor-occasion\\\/#primaryimage\"},\"image\":{\"@id\":\"https:\\\/\\\/kridenfloors.com\\\/index.php\\\/produit\\\/sprinttrack-vert-2m-x-5m-unicolor-occasion\\\/#primaryimage\"},\"thumbnailUrl\":\"https:\\\/\\\/kridenfloors.com\\\/wp-content\\\/uploads\\\/2025\\\/03\\\/IMG-20250310-WA0012.jpg\",\"datePublished\":\"2025-03-10T14:57:15+00:00\",\"dateModified\":\"2026-01-20T07:40:10+00:00\",\"breadcrumb\":{\"@id\":\"https:\\\/\\\/kridenfloors.com\\\/index.php\\\/produit\\\/sprinttrack-vert-2m-x-5m-unicolor-occasion\\\/#breadcrumb\"},\"inLanguage\":\"fr-FR\",\"potentialAction\":[{\"@type\":\"ReadAction\",\"target\":[\"https:\\\/\\\/kridenfloors.com\\\/index.php\\\/produit\\\/sprinttrack-vert-2m-x-5m-unicolor-occasion\\\/\"]}]},{\"@type\":\"ImageObject\",\"inLanguage\":\"fr-FR\",\"@id\":\"https:\\\/\\\/kridenfloors.com\\\/index.php\\\/produit\\\/sprinttrack-vert-2m-x-5m-unicolor-occasion\\\/#primaryimage\",\"url\":\"https:\\\/\\\/kridenfloors.com\\\/wp-content\\\/uploads\\\/2025\\\/03\\\/IMG-20250310-WA0012.jpg\",\"contentUrl\":\"https:\\\/\\\/kridenfloors.com\\\/wp-content\\\/uploads\\\/2025\\\/03\\\/IMG-20250310-WA0012.jpg\",\"width\":1536,\"height\":2048},{\"@type\":\"BreadcrumbList\",\"@id\":\"https:\\\/\\\/kridenfloors.com\\\/index.php\\\/produit\\\/sprinttrack-vert-2m-x-5m-unicolor-occasion\\\/#breadcrumb\",\"itemListElement\":[{\"@type\":\"ListItem\",\"position\":1,\"name\":\"Accueil\",\"item\":\"https:\\\/\\\/kridenfloors.com\\\/\"},{\"@type\":\"ListItem\",\"position\":2,\"name\":\"Boutique\",\"item\":\"https:\\\/\\\/kridenfloors.com\\\/index.php\\\/boutique\\\/\"},{\"@type\":\"ListItem\",\"position\":3,\"name\":\"Sprinttrack Vert 2m x 5,07m (Unicolor) (occasion)\"}]},{\"@type\":\"WebSite\",\"@id\":\"https:\\\/\\\/kridenfloors.com\\\/#website\",\"url\":\"https:\\\/\\\/kridenfloors.com\\\/\",\"name\":\"Kriden Floors\",\"description\":\"La solution pour vos sols Crossfit, Fitness, Arts Martiaux, Aire de jeux, Garage ...\",\"publisher\":{\"@id\":\"https:\\\/\\\/kridenfloors.com\\\/#organization\"},\"potentialAction\":[{\"@type\":\"SearchAction\",\"target\":{\"@type\":\"EntryPoint\",\"urlTemplate\":\"https:\\\/\\\/kridenfloors.com\\\/?s={search_term_string}\"},\"query-input\":{\"@type\":\"PropertyValueSpecification\",\"valueRequired\":true,\"valueName\":\"search_term_string\"}}],\"inLanguage\":\"fr-FR\"},{\"@type\":\"Organization\",\"@id\":\"https:\\\/\\\/kridenfloors.com\\\/#organization\",\"name\":\"Kriden Floors\",\"url\":\"https:\\\/\\\/kridenfloors.com\\\/\",\"logo\":{\"@type\":\"ImageObject\",\"inLanguage\":\"fr-FR\",\"@id\":\"https:\\\/\\\/kridenfloors.com\\\/#\\\/schema\\\/logo\\\/image\\\/\",\"url\":\"https:\\\/\\\/kridenfloors.com\\\/wp-content\\\/uploads\\\/2024\\\/05\\\/logo-kriden-SPORTS-FLOOR-full-color-no-BG-HEAD-TEXT.png\",\"contentUrl\":\"https:\\\/\\\/kridenfloors.com\\\/wp-content\\\/uploads\\\/2024\\\/05\\\/logo-kriden-SPORTS-FLOOR-full-color-no-BG-HEAD-TEXT.png\",\"width\":798,\"height\":1165,\"caption\":\"Kriden Floors\"},\"image\":{\"@id\":\"https:\\\/\\\/kridenfloors.com\\\/#\\\/schema\\\/logo\\\/image\\\/\"},\"sameAs\":[\"https:\\\/\\\/www.facebook.com\\\/profile.php?id=61572266346931\",\"https:\\\/\\\/www.instagram.com\\\/kriden_floors\\\/\"]}]}<\/script>\n<!-- \/ Yoast SEO plugin. -->","yoast_head_json":{"title":"Sprinttrack Vert 2m x 5,07m (Unicolor) (occasion) - Kriden Floors","robots":{"index":"index","follow":"follow","max-snippet":"max-snippet:-1","max-image-preview":"max-image-preview:large","max-video-preview":"max-video-preview:-1"},"canonical":"https:\/\/kridenfloors.com\/index.php\/produit\/sprinttrack-vert-2m-x-5m-unicolor-occasion\/","og_locale":"fr_FR","og_type":"article","og_title":"Sprinttrack Vert 2m x 5,07m (Unicolor) (occasion) - Kriden Floors","og_description":"Epaisseur en mm :\u00a0\u00a012mm Longueur \u00d7 largeur en cm :\u00a0 5,07 x 2m Surface en m2 :\u00a0 10m2 Coloris : vert  Cette d\u00e9coupe de sprinttrack a \u00e9t\u00e9 utilis\u00e9e pendant une journ\u00e9e lors d'un \u00e9v\u00e8nement de type HYROX - mais est dans un \u00e9tat neuf","og_url":"https:\/\/kridenfloors.com\/index.php\/produit\/sprinttrack-vert-2m-x-5m-unicolor-occasion\/","og_site_name":"Kriden Floors","article_publisher":"https:\/\/www.facebook.com\/profile.php?id=61572266346931","article_modified_time":"2026-01-20T07:40:10+00:00","og_image":[{"width":1536,"height":2048,"url":"http:\/\/kridenfloors.com\/wp-content\/uploads\/2025\/03\/IMG-20250310-WA0012.jpg","type":"image\/jpeg"}],"twitter_card":"summary_large_image","twitter_misc":{"Dur\u00e9e de lecture estim\u00e9e":"1 minute"},"schema":{"@context":"https:\/\/schema.org","@graph":[{"@type":"WebPage","@id":"https:\/\/kridenfloors.com\/index.php\/produit\/sprinttrack-vert-2m-x-5m-unicolor-occasion\/","url":"https:\/\/kridenfloors.com\/index.php\/produit\/sprinttrack-vert-2m-x-5m-unicolor-occasion\/","name":"Sprinttrack Vert 2m x 5,07m (Unicolor) (occasion) - Kriden Floors","isPartOf":{"@id":"https:\/\/kridenfloors.com\/#website"},"primaryImageOfPage":{"@id":"https:\/\/kridenfloors.com\/index.php\/produit\/sprinttrack-vert-2m-x-5m-unicolor-occasion\/#primaryimage"},"image":{"@id":"https:\/\/kridenfloors.com\/index.php\/produit\/sprinttrack-vert-2m-x-5m-unicolor-occasion\/#primaryimage"},"thumbnailUrl":"https:\/\/kridenfloors.com\/wp-content\/uploads\/2025\/03\/IMG-20250310-WA0012.jpg","datePublished":"2025-03-10T14:57:15+00:00","dateModified":"2026-01-20T07:40:10+00:00","breadcrumb":{"@id":"https:\/\/kridenfloors.com\/index.php\/produit\/sprinttrack-vert-2m-x-5m-unicolor-occasion\/#breadcrumb"},"inLanguage":"fr-FR","potentialAction":[{"@type":"ReadAction","target":["https:\/\/kridenfloors.com\/index.php\/produit\/sprinttrack-vert-2m-x-5m-unicolor-occasion\/"]}]},{"@type":"ImageObject","inLanguage":"fr-FR","@id":"https:\/\/kridenfloors.com\/index.php\/produit\/sprinttrack-vert-2m-x-5m-unicolor-occasion\/#primaryimage","url":"https:\/\/kridenfloors.com\/wp-content\/uploads\/2025\/03\/IMG-20250310-WA0012.jpg","contentUrl":"https:\/\/kridenfloors.com\/wp-content\/uploads\/2025\/03\/IMG-20250310-WA0012.jpg","width":1536,"height":2048},{"@type":"BreadcrumbList","@id":"https:\/\/kridenfloors.com\/index.php\/produit\/sprinttrack-vert-2m-x-5m-unicolor-occasion\/#breadcrumb","itemListElement":[{"@type":"ListItem","position":1,"name":"Accueil","item":"https:\/\/kridenfloors.com\/"},{"@type":"ListItem","position":2,"name":"Boutique","item":"https:\/\/kridenfloors.com\/index.php\/boutique\/"},{"@type":"ListItem","position":3,"name":"Sprinttrack Vert 2m x 5,07m (Unicolor) (occasion)"}]},{"@type":"WebSite","@id":"https:\/\/kridenfloors.com\/#website","url":"https:\/\/kridenfloors.com\/","name":"Kriden Floors","description":"La solution pour vos sols Crossfit, Fitness, Arts Martiaux, Aire de jeux, Garage ...","publisher":{"@id":"https:\/\/kridenfloors.com\/#organization"},"potentialAction":[{"@type":"SearchAction","target":{"@type":"EntryPoint","urlTemplate":"https:\/\/kridenfloors.com\/?s={search_term_string}"},"query-input":{"@type":"PropertyValueSpecification","valueRequired":true,"valueName":"search_term_string"}}],"inLanguage":"fr-FR"},{"@type":"Organization","@id":"https:\/\/kridenfloors.com\/#organization","name":"Kriden Floors","url":"https:\/\/kridenfloors.com\/","logo":{"@type":"ImageObject","inLanguage":"fr-FR","@id":"https:\/\/kridenfloors.com\/#\/schema\/logo\/image\/","url":"https:\/\/kridenfloors.com\/wp-content\/uploads\/2024\/05\/logo-kriden-SPORTS-FLOOR-full-color-no-BG-HEAD-TEXT.png","contentUrl":"https:\/\/kridenfloors.com\/wp-content\/uploads\/2024\/05\/logo-kriden-SPORTS-FLOOR-full-color-no-BG-HEAD-TEXT.png","width":798,"height":1165,"caption":"Kriden Floors"},"image":{"@id":"https:\/\/kridenfloors.com\/#\/schema\/logo\/image\/"},"sameAs":["https:\/\/www.facebook.com\/profile.php?id=61572266346931","https:\/\/www.instagram.com\/kriden_floors\/"]}]}},"jetpack_sharing_enabled":true,"_links":{"self":[{"href":"https:\/\/kridenfloors.com\/index.php\/wp-json\/wp\/v2\/product\/1019","targetHints":{"allow":["GET"]}}],"collection":[{"href":"https:\/\/kridenfloors.com\/index.php\/wp-json\/wp\/v2\/product"}],"about":[{"href":"https:\/\/kridenfloors.com\/index.php\/wp-json\/wp\/v2\/types\/product"}],"wp:featuredmedia":[{"embeddable":true,"href":"https:\/\/kridenfloors.com\/index.php\/wp-json\/wp\/v2\/media\/1020"}],"wp:attachment":[{"href":"https:\/\/kridenfloors.com\/index.php\/wp-json\/wp\/v2\/media?parent=1019"}],"wp:term":[{"taxonomy":"product_brand","embeddable":true,"href":"https:\/\/kridenfloors.com\/index.php\/wp-json\/wp\/v2\/product_brand?post=1019"},{"taxonomy":"product_cat","embeddable":true,"href":"https:\/\/kridenfloors.com\/index.php\/wp-json\/wp\/v2\/product_cat?post=1019"},{"taxonomy":"product_tag","embeddable":true,"href":"https:\/\/kridenfloors.com\/index.php\/wp-json\/wp\/v2\/product_tag?post=1019"}],"curies":[{"name":"wp","href":"https:\/\/api.w.org\/{rel}","templated":true}]}}