{"id":1075,"date":"2025-04-30T16:39:11","date_gmt":"2025-04-30T14:39:11","guid":{"rendered":"https:\/\/kridenfloors.com\/?post_type=product&#038;p=1075"},"modified":"2025-05-19T09:49:54","modified_gmt":"2025-05-19T07:49:54","slug":"dalle-stabilisatrice-alveolee-80x60cm-3cm","status":"publish","type":"product","link":"https:\/\/kridenfloors.com\/index.php\/produit\/dalle-stabilisatrice-alveolee-80x60cm-3cm\/","title":{"rendered":"Dalle stabilisatrice alv\u00e9ol\u00e9e 80x60cm &#8211; 3cm"},"content":{"rendered":"<p>Les dalles stabilisatrices sont des dalles tr\u00e8s robustes qui conviennent pour stabiliser le gravier ou renforcer votre gazon. \u00a0Les dalles sont praticables \u00e0 pied, \u00e0 v\u00e9lo, en voiture et en fauteuil roulant. Elles sont tr\u00e8s faciles \u00e0 raccorder au moyen d&rsquo;un syst\u00e8me de couplage, le tout sans outils.<\/p>\n<p>La plaque de stabilisation est la solution pour le renforcement durable du sol, par exemple, des parkings, des paddocks pour chevaux, des terrasses ext\u00e9rieures, des all\u00e9es ou des zones d\u2019\u00e9v\u00e9nements.<\/p>\n<p>Les plaques sont largement utilis\u00e9es pour pr\u00e9venir l\u2019affaissement et l\u2019orni\u00e9rage. De plus, le gravier ou le gravillon reste fermement en place, de sorte qu\u2019il ne s\u2019\u00e9tend pas \u00e0 c\u00f4t\u00e9 des chemins ou des bordures.<\/p>\n<p>&nbsp;<\/p>\n<p><b>DRAINAGE<\/b><\/p>\n<p>Gr\u00e2ce \u00e0 la conception semi-ouverte, l\u2019eau est efficacement \u00e9vacu\u00e9e vers la couche sous-jacente.<\/p>\n<p>Les principales applications des dalles alv\u00e9ol\u00e9es sont les all\u00e9es, les parkings, les chelins, les jardins sur le toit, les trottoirs de cour ou de route et les zones de repli, nous appelons cela un semi-trottoir. L\u2019avantage de ce rev\u00eatement est le drainage rapide, en raison de la structure ouverte des dalles en combinaison avec des gravillons ou du gravier, l\u2019eau de pluie peut \u00eatre \u00e9vacu\u00e9e plus rapidement.<\/p>\n<p>&nbsp;<\/p>\n<p><strong>R\u00e9siste aux charges lourdes<\/strong><\/p>\n<p>De par leur structure, les dalles alv\u00e9ol\u00e9es combin\u00e9es au gravier sont si solides que le trafic lourd ne pose aucun probl\u00e8me. Les plaques peuvent \u00eatre remplies de gravier ou de gravillons. La granulom\u00e9trie peut \u00eatre choisie de 7 mm \u00e0 22 mm pour les gravillons et 32 mm pour le gravier.<\/p>\n<p>Id\u00e9al pour<\/p>\n<ul>\n<li>All\u00e9e de jardin<\/li>\n<li>Parking et Aires de stationnement<\/li>\n<li>All\u00e9es de garage<\/li>\n<li>Terrasse<\/li>\n<li>Plateforme de toit<\/li>\n<li>Stabiliser le gravier<\/li>\n<li>Chemins et routes de service<\/li>\n<li>Aires de jeux ou sportives<\/li>\n<\/ul>\n<p><strong>Avantages<\/strong><\/p>\n<ul>\n<li>Facile \u00e0 utiliser et \u00e0 installer au moyen du syst\u00e8me d\u2019accouplement.<\/li>\n<li>Capacit\u00e9 de charge, remplis, jusqu\u2019\u00e0 3 000 tonnes par m\u00b2<\/li>\n<li>Non remplis, chargeable jusqu\u2019\u00e0 250 tonnes par m\u00b2<\/li>\n<li>Polypropyl\u00e8ne 100 % recycl\u00e9<\/li>\n<li>100 % recyclable<\/li>\n<li>D\u00e9charge des \u00e9gouts<\/li>\n<li>Longue dur\u00e9e de vie<\/li>\n<\/ul>\n<p>&nbsp;<\/p>\n<p><strong>CARACTERISTIQUES<\/strong><\/p>\n<p><strong>Epaisseur :<\/strong> 3cm<br \/>\n<strong>Largeur : <\/strong>592mm<br \/>\n<strong>Longueur x :<\/strong> 790mm<\/p>\n<p><strong>Superficie :<\/strong> 0,46m2<br \/>\n<strong>Couleur :<\/strong> noir ou blanc<br \/>\n<strong>Fabrication :<\/strong> 100\u00a0% europ\u00e9enne<br \/>\n<strong>Charge support\u00e9e rempli :<\/strong> 3000 tonnes par m2<\/p>\n<p>&nbsp;<\/p>\n","protected":false},"excerpt":{"rendered":"<p><strong>Epaisseur :<\/strong> 3cm<br \/>\n<strong>Largeur : <\/strong>592mm<br \/>\n<strong>Longueur x :<\/strong> 790mm<\/p>\n<p><strong>Superficie :<\/strong> 0,46m2<br \/>\n<strong>Couleur :<\/strong> noir ou blanc<br \/>\n<strong>Fabrication :<\/strong> 100\u00a0% europ\u00e9enne<br \/>\n<strong>Charge support\u00e9e rempli :<\/strong> 3000 tonnes par m2<\/p>\n","protected":false},"featured_media":1078,"template":"","meta":[],"product_brand":[],"product_cat":[53,19,23],"product_tag":[],"class_list":{"0":"post-1075","1":"product","2":"type-product","3":"status-publish","4":"has-post-thumbnail","6":"product_cat-dalles-alveolees","7":"product_cat-ecuries-et-etables","8":"product_cat-exterieur","10":"first","11":"instock","12":"taxable","13":"shipping-taxable","14":"purchasable","15":"product-type-simple"},"yoast_head":"<!-- This site is optimized with the Yoast SEO plugin v27.5 - https:\/\/yoast.com\/product\/yoast-seo-wordpress\/ -->\n<title>Dalle stabilisatrice alv\u00e9ol\u00e9e 80x60cm - 3cm - Kriden Floors<\/title>\n<meta name=\"description\" content=\"Les dalles stabilisatrices sont des dalles tr\u00e8s robustes qui conviennent pour stabiliser le gravier ou renforcer votre gazon. \u00a0Les dalles sont praticables \u00e0 pied, \u00e0 v\u00e9lo, en voiture et en fauteuil roulant. Elles sont tr\u00e8s faciles \u00e0 raccorder au moyen d&#039;un syst\u00e8me de couplage, le tout sans outils. La plaque de stabilisation pro est la solution pour le renforcement durable du sol, par exemple, des parkings, des paddocks pour chevaux, des terrasses ext\u00e9rieures, des all\u00e9es ou des zones d\u2019\u00e9v\u00e9nements.\" \/>\n<meta name=\"robots\" content=\"index, follow, max-snippet:-1, max-image-preview:large, max-video-preview:-1\" \/>\n<link rel=\"canonical\" href=\"https:\/\/kridenfloors.com\/index.php\/produit\/dalle-stabilisatrice-alveolee-80x60cm-3cm\/\" \/>\n<meta property=\"og:locale\" content=\"fr_FR\" \/>\n<meta property=\"og:type\" content=\"article\" \/>\n<meta property=\"og:title\" content=\"Dalle stabilisatrice alv\u00e9ol\u00e9e 80x60cm - 3cm - Kriden Floors\" \/>\n<meta property=\"og:description\" content=\"Les dalles stabilisatrices sont des dalles tr\u00e8s robustes qui conviennent pour stabiliser le gravier ou renforcer votre gazon. \u00a0Les dalles sont praticables \u00e0 pied, \u00e0 v\u00e9lo, en voiture et en fauteuil roulant. Elles sont tr\u00e8s faciles \u00e0 raccorder au moyen d&#039;un syst\u00e8me de couplage, le tout sans outils. La plaque de stabilisation pro est la solution pour le renforcement durable du sol, par exemple, des parkings, des paddocks pour chevaux, des terrasses ext\u00e9rieures, des all\u00e9es ou des zones d\u2019\u00e9v\u00e9nements.\" \/>\n<meta property=\"og:url\" content=\"https:\/\/kridenfloors.com\/index.php\/produit\/dalle-stabilisatrice-alveolee-80x60cm-3cm\/\" \/>\n<meta property=\"og:site_name\" content=\"Kriden Floors\" \/>\n<meta property=\"article:publisher\" content=\"https:\/\/www.facebook.com\/profile.php?id=61572266346931\" \/>\n<meta property=\"article:modified_time\" content=\"2025-05-19T07:49:54+00:00\" \/>\n<meta property=\"og:image\" content=\"http:\/\/kridenfloors.com\/wp-content\/uploads\/2025\/04\/IMG_6607-scaled.jpg\" \/>\n\t<meta property=\"og:image:width\" content=\"2560\" \/>\n\t<meta property=\"og:image:height\" content=\"1920\" \/>\n\t<meta property=\"og:image:type\" content=\"image\/jpeg\" \/>\n<meta name=\"twitter:card\" content=\"summary_large_image\" \/>\n<meta name=\"twitter:label1\" content=\"Dur\u00e9e de lecture estim\u00e9e\" \/>\n\t<meta name=\"twitter:data1\" content=\"2 minutes\" \/>\n<script type=\"application\/ld+json\" class=\"yoast-schema-graph\">{\"@context\":\"https:\\\/\\\/schema.org\",\"@graph\":[{\"@type\":\"WebPage\",\"@id\":\"https:\\\/\\\/kridenfloors.com\\\/index.php\\\/produit\\\/dalle-stabilisatrice-alveolee-80x60cm-3cm\\\/\",\"url\":\"https:\\\/\\\/kridenfloors.com\\\/index.php\\\/produit\\\/dalle-stabilisatrice-alveolee-80x60cm-3cm\\\/\",\"name\":\"Dalle stabilisatrice alv\u00e9ol\u00e9e 80x60cm - 3cm - Kriden Floors\",\"isPartOf\":{\"@id\":\"https:\\\/\\\/kridenfloors.com\\\/#website\"},\"primaryImageOfPage\":{\"@id\":\"https:\\\/\\\/kridenfloors.com\\\/index.php\\\/produit\\\/dalle-stabilisatrice-alveolee-80x60cm-3cm\\\/#primaryimage\"},\"image\":{\"@id\":\"https:\\\/\\\/kridenfloors.com\\\/index.php\\\/produit\\\/dalle-stabilisatrice-alveolee-80x60cm-3cm\\\/#primaryimage\"},\"thumbnailUrl\":\"https:\\\/\\\/kridenfloors.com\\\/wp-content\\\/uploads\\\/2025\\\/04\\\/IMG_6607-scaled.jpg\",\"datePublished\":\"2025-04-30T14:39:11+00:00\",\"dateModified\":\"2025-05-19T07:49:54+00:00\",\"description\":\"Les dalles stabilisatrices sont des dalles tr\u00e8s robustes qui conviennent pour stabiliser le gravier ou renforcer votre gazon. \u00a0Les dalles sont praticables \u00e0 pied, \u00e0 v\u00e9lo, en voiture et en fauteuil roulant. Elles sont tr\u00e8s faciles \u00e0 raccorder au moyen d'un syst\u00e8me de couplage, le tout sans outils. La plaque de stabilisation pro est la solution pour le renforcement durable du sol, par exemple, des parkings, des paddocks pour chevaux, des terrasses ext\u00e9rieures, des all\u00e9es ou des zones d\u2019\u00e9v\u00e9nements.\",\"breadcrumb\":{\"@id\":\"https:\\\/\\\/kridenfloors.com\\\/index.php\\\/produit\\\/dalle-stabilisatrice-alveolee-80x60cm-3cm\\\/#breadcrumb\"},\"inLanguage\":\"fr-FR\",\"potentialAction\":[{\"@type\":\"ReadAction\",\"target\":[\"https:\\\/\\\/kridenfloors.com\\\/index.php\\\/produit\\\/dalle-stabilisatrice-alveolee-80x60cm-3cm\\\/\"]}]},{\"@type\":\"ImageObject\",\"inLanguage\":\"fr-FR\",\"@id\":\"https:\\\/\\\/kridenfloors.com\\\/index.php\\\/produit\\\/dalle-stabilisatrice-alveolee-80x60cm-3cm\\\/#primaryimage\",\"url\":\"https:\\\/\\\/kridenfloors.com\\\/wp-content\\\/uploads\\\/2025\\\/04\\\/IMG_6607-scaled.jpg\",\"contentUrl\":\"https:\\\/\\\/kridenfloors.com\\\/wp-content\\\/uploads\\\/2025\\\/04\\\/IMG_6607-scaled.jpg\",\"width\":2560,\"height\":1920},{\"@type\":\"BreadcrumbList\",\"@id\":\"https:\\\/\\\/kridenfloors.com\\\/index.php\\\/produit\\\/dalle-stabilisatrice-alveolee-80x60cm-3cm\\\/#breadcrumb\",\"itemListElement\":[{\"@type\":\"ListItem\",\"position\":1,\"name\":\"Accueil\",\"item\":\"https:\\\/\\\/kridenfloors.com\\\/\"},{\"@type\":\"ListItem\",\"position\":2,\"name\":\"Boutique\",\"item\":\"https:\\\/\\\/kridenfloors.com\\\/index.php\\\/boutique\\\/\"},{\"@type\":\"ListItem\",\"position\":3,\"name\":\"Dalle stabilisatrice alv\u00e9ol\u00e9e 80x60cm &#8211; 3cm\"}]},{\"@type\":\"WebSite\",\"@id\":\"https:\\\/\\\/kridenfloors.com\\\/#website\",\"url\":\"https:\\\/\\\/kridenfloors.com\\\/\",\"name\":\"Kriden Floors\",\"description\":\"La solution pour vos sols Crossfit, Fitness, Arts Martiaux, Aire de jeux, Garage ...\",\"publisher\":{\"@id\":\"https:\\\/\\\/kridenfloors.com\\\/#organization\"},\"potentialAction\":[{\"@type\":\"SearchAction\",\"target\":{\"@type\":\"EntryPoint\",\"urlTemplate\":\"https:\\\/\\\/kridenfloors.com\\\/?s={search_term_string}\"},\"query-input\":{\"@type\":\"PropertyValueSpecification\",\"valueRequired\":true,\"valueName\":\"search_term_string\"}}],\"inLanguage\":\"fr-FR\"},{\"@type\":\"Organization\",\"@id\":\"https:\\\/\\\/kridenfloors.com\\\/#organization\",\"name\":\"Kriden Floors\",\"url\":\"https:\\\/\\\/kridenfloors.com\\\/\",\"logo\":{\"@type\":\"ImageObject\",\"inLanguage\":\"fr-FR\",\"@id\":\"https:\\\/\\\/kridenfloors.com\\\/#\\\/schema\\\/logo\\\/image\\\/\",\"url\":\"https:\\\/\\\/kridenfloors.com\\\/wp-content\\\/uploads\\\/2024\\\/05\\\/logo-kriden-SPORTS-FLOOR-full-color-no-BG-HEAD-TEXT.png\",\"contentUrl\":\"https:\\\/\\\/kridenfloors.com\\\/wp-content\\\/uploads\\\/2024\\\/05\\\/logo-kriden-SPORTS-FLOOR-full-color-no-BG-HEAD-TEXT.png\",\"width\":798,\"height\":1165,\"caption\":\"Kriden Floors\"},\"image\":{\"@id\":\"https:\\\/\\\/kridenfloors.com\\\/#\\\/schema\\\/logo\\\/image\\\/\"},\"sameAs\":[\"https:\\\/\\\/www.facebook.com\\\/profile.php?id=61572266346931\",\"https:\\\/\\\/www.instagram.com\\\/kriden_floors\\\/\"]}]}<\/script>\n<!-- \/ Yoast SEO plugin. -->","yoast_head_json":{"title":"Dalle stabilisatrice alv\u00e9ol\u00e9e 80x60cm - 3cm - Kriden Floors","description":"Les dalles stabilisatrices sont des dalles tr\u00e8s robustes qui conviennent pour stabiliser le gravier ou renforcer votre gazon. \u00a0Les dalles sont praticables \u00e0 pied, \u00e0 v\u00e9lo, en voiture et en fauteuil roulant. Elles sont tr\u00e8s faciles \u00e0 raccorder au moyen d'un syst\u00e8me de couplage, le tout sans outils. La plaque de stabilisation pro est la solution pour le renforcement durable du sol, par exemple, des parkings, des paddocks pour chevaux, des terrasses ext\u00e9rieures, des all\u00e9es ou des zones d\u2019\u00e9v\u00e9nements.","robots":{"index":"index","follow":"follow","max-snippet":"max-snippet:-1","max-image-preview":"max-image-preview:large","max-video-preview":"max-video-preview:-1"},"canonical":"https:\/\/kridenfloors.com\/index.php\/produit\/dalle-stabilisatrice-alveolee-80x60cm-3cm\/","og_locale":"fr_FR","og_type":"article","og_title":"Dalle stabilisatrice alv\u00e9ol\u00e9e 80x60cm - 3cm - Kriden Floors","og_description":"Les dalles stabilisatrices sont des dalles tr\u00e8s robustes qui conviennent pour stabiliser le gravier ou renforcer votre gazon. \u00a0Les dalles sont praticables \u00e0 pied, \u00e0 v\u00e9lo, en voiture et en fauteuil roulant. Elles sont tr\u00e8s faciles \u00e0 raccorder au moyen d'un syst\u00e8me de couplage, le tout sans outils. La plaque de stabilisation pro est la solution pour le renforcement durable du sol, par exemple, des parkings, des paddocks pour chevaux, des terrasses ext\u00e9rieures, des all\u00e9es ou des zones d\u2019\u00e9v\u00e9nements.","og_url":"https:\/\/kridenfloors.com\/index.php\/produit\/dalle-stabilisatrice-alveolee-80x60cm-3cm\/","og_site_name":"Kriden Floors","article_publisher":"https:\/\/www.facebook.com\/profile.php?id=61572266346931","article_modified_time":"2025-05-19T07:49:54+00:00","og_image":[{"width":2560,"height":1920,"url":"http:\/\/kridenfloors.com\/wp-content\/uploads\/2025\/04\/IMG_6607-scaled.jpg","type":"image\/jpeg"}],"twitter_card":"summary_large_image","twitter_misc":{"Dur\u00e9e de lecture estim\u00e9e":"2 minutes"},"schema":{"@context":"https:\/\/schema.org","@graph":[{"@type":"WebPage","@id":"https:\/\/kridenfloors.com\/index.php\/produit\/dalle-stabilisatrice-alveolee-80x60cm-3cm\/","url":"https:\/\/kridenfloors.com\/index.php\/produit\/dalle-stabilisatrice-alveolee-80x60cm-3cm\/","name":"Dalle stabilisatrice alv\u00e9ol\u00e9e 80x60cm - 3cm - Kriden Floors","isPartOf":{"@id":"https:\/\/kridenfloors.com\/#website"},"primaryImageOfPage":{"@id":"https:\/\/kridenfloors.com\/index.php\/produit\/dalle-stabilisatrice-alveolee-80x60cm-3cm\/#primaryimage"},"image":{"@id":"https:\/\/kridenfloors.com\/index.php\/produit\/dalle-stabilisatrice-alveolee-80x60cm-3cm\/#primaryimage"},"thumbnailUrl":"https:\/\/kridenfloors.com\/wp-content\/uploads\/2025\/04\/IMG_6607-scaled.jpg","datePublished":"2025-04-30T14:39:11+00:00","dateModified":"2025-05-19T07:49:54+00:00","description":"Les dalles stabilisatrices sont des dalles tr\u00e8s robustes qui conviennent pour stabiliser le gravier ou renforcer votre gazon. \u00a0Les dalles sont praticables \u00e0 pied, \u00e0 v\u00e9lo, en voiture et en fauteuil roulant. Elles sont tr\u00e8s faciles \u00e0 raccorder au moyen d'un syst\u00e8me de couplage, le tout sans outils. La plaque de stabilisation pro est la solution pour le renforcement durable du sol, par exemple, des parkings, des paddocks pour chevaux, des terrasses ext\u00e9rieures, des all\u00e9es ou des zones d\u2019\u00e9v\u00e9nements.","breadcrumb":{"@id":"https:\/\/kridenfloors.com\/index.php\/produit\/dalle-stabilisatrice-alveolee-80x60cm-3cm\/#breadcrumb"},"inLanguage":"fr-FR","potentialAction":[{"@type":"ReadAction","target":["https:\/\/kridenfloors.com\/index.php\/produit\/dalle-stabilisatrice-alveolee-80x60cm-3cm\/"]}]},{"@type":"ImageObject","inLanguage":"fr-FR","@id":"https:\/\/kridenfloors.com\/index.php\/produit\/dalle-stabilisatrice-alveolee-80x60cm-3cm\/#primaryimage","url":"https:\/\/kridenfloors.com\/wp-content\/uploads\/2025\/04\/IMG_6607-scaled.jpg","contentUrl":"https:\/\/kridenfloors.com\/wp-content\/uploads\/2025\/04\/IMG_6607-scaled.jpg","width":2560,"height":1920},{"@type":"BreadcrumbList","@id":"https:\/\/kridenfloors.com\/index.php\/produit\/dalle-stabilisatrice-alveolee-80x60cm-3cm\/#breadcrumb","itemListElement":[{"@type":"ListItem","position":1,"name":"Accueil","item":"https:\/\/kridenfloors.com\/"},{"@type":"ListItem","position":2,"name":"Boutique","item":"https:\/\/kridenfloors.com\/index.php\/boutique\/"},{"@type":"ListItem","position":3,"name":"Dalle stabilisatrice alv\u00e9ol\u00e9e 80x60cm &#8211; 3cm"}]},{"@type":"WebSite","@id":"https:\/\/kridenfloors.com\/#website","url":"https:\/\/kridenfloors.com\/","name":"Kriden Floors","description":"La solution pour vos sols Crossfit, Fitness, Arts Martiaux, Aire de jeux, Garage ...","publisher":{"@id":"https:\/\/kridenfloors.com\/#organization"},"potentialAction":[{"@type":"SearchAction","target":{"@type":"EntryPoint","urlTemplate":"https:\/\/kridenfloors.com\/?s={search_term_string}"},"query-input":{"@type":"PropertyValueSpecification","valueRequired":true,"valueName":"search_term_string"}}],"inLanguage":"fr-FR"},{"@type":"Organization","@id":"https:\/\/kridenfloors.com\/#organization","name":"Kriden Floors","url":"https:\/\/kridenfloors.com\/","logo":{"@type":"ImageObject","inLanguage":"fr-FR","@id":"https:\/\/kridenfloors.com\/#\/schema\/logo\/image\/","url":"https:\/\/kridenfloors.com\/wp-content\/uploads\/2024\/05\/logo-kriden-SPORTS-FLOOR-full-color-no-BG-HEAD-TEXT.png","contentUrl":"https:\/\/kridenfloors.com\/wp-content\/uploads\/2024\/05\/logo-kriden-SPORTS-FLOOR-full-color-no-BG-HEAD-TEXT.png","width":798,"height":1165,"caption":"Kriden Floors"},"image":{"@id":"https:\/\/kridenfloors.com\/#\/schema\/logo\/image\/"},"sameAs":["https:\/\/www.facebook.com\/profile.php?id=61572266346931","https:\/\/www.instagram.com\/kriden_floors\/"]}]}},"jetpack_sharing_enabled":true,"_links":{"self":[{"href":"https:\/\/kridenfloors.com\/index.php\/wp-json\/wp\/v2\/product\/1075","targetHints":{"allow":["GET"]}}],"collection":[{"href":"https:\/\/kridenfloors.com\/index.php\/wp-json\/wp\/v2\/product"}],"about":[{"href":"https:\/\/kridenfloors.com\/index.php\/wp-json\/wp\/v2\/types\/product"}],"wp:featuredmedia":[{"embeddable":true,"href":"https:\/\/kridenfloors.com\/index.php\/wp-json\/wp\/v2\/media\/1078"}],"wp:attachment":[{"href":"https:\/\/kridenfloors.com\/index.php\/wp-json\/wp\/v2\/media?parent=1075"}],"wp:term":[{"taxonomy":"product_brand","embeddable":true,"href":"https:\/\/kridenfloors.com\/index.php\/wp-json\/wp\/v2\/product_brand?post=1075"},{"taxonomy":"product_cat","embeddable":true,"href":"https:\/\/kridenfloors.com\/index.php\/wp-json\/wp\/v2\/product_cat?post=1075"},{"taxonomy":"product_tag","embeddable":true,"href":"https:\/\/kridenfloors.com\/index.php\/wp-json\/wp\/v2\/product_tag?post=1075"}],"curies":[{"name":"wp","href":"https:\/\/api.w.org\/{rel}","templated":true}]}}