{"id":1096,"date":"2025-05-18T14:10:36","date_gmt":"2025-05-18T12:10:36","guid":{"rendered":"https:\/\/kridenfloors.com\/?post_type=product&#038;p=1096"},"modified":"2026-01-05T09:30:17","modified_gmt":"2026-01-05T08:30:17","slug":"dalle-fitness-flex-30mm","status":"publish","type":"product","link":"https:\/\/kridenfloors.com\/index.php\/produit\/dalle-fitness-flex-30mm\/","title":{"rendered":"Dalle Fitness FLEX 1mx1m &#8211; 30mm"},"content":{"rendered":"<p>&nbsp;<\/p>\n<p><span data-text-color=\"success\"><strong>Contactez-nous pour plus d\u2019informations sur les commandes en grande quantit\u00e9<\/strong><\/span><\/p>\n<p><strong>Les dalles Fitness Flex sont parfaites pour une utilisation int\u00e9rieure et ext\u00e9rieure<\/strong>, en raison de la structure gaufr\u00e9e sur la face inf\u00e9rieure, elle draine l\u2019eau, a\u00e8re la tuile, il y a une bonne isolation et une bonne r\u00e9duction de la r\u00e9sonance.<\/p>\n<div>Ces dalles compos\u00e9es de granul\u00e9s de caoutchouc fins sont enti\u00e8rement fabriqu\u00e9es 100% en Europe et ont une garantie de 3 ans contre les fissures, ce qui est absolument unique si vous comparez avec d\u2019autres fournisseurs.<\/div>\n<div><\/div>\n<div>Ces dalles de sol en caoutchouc conviennent aux gymnases pour une utilisation de type Hyrox, CrossFit, functional training, HIIT, salle de sport, Musculation, home gym et sol de fitness. Les carreaux de sol ont une taille de 100\u00d7100 cm, ce qui est appropri\u00e9 pour une utilisation avec des points de cardio et pour l\u2019utilisation de poids libres, l\u2019halt\u00e9rophilie et toutes les autres activit\u00e9s, usages et sports o\u00f9 l\u2019amorti, la protection du sol, l\u2019antid\u00e9rapant, l\u2019isolation, l\u2019\u00e9quipement et la protection personnelle sont importants.<\/div>\n<div><\/div>\n<div>Surface sup\u00e9rieure sans faux-joint<\/div>\n<p>&nbsp;<\/p>\n<p><strong>Caract\u00e9ristiques et avantages<\/strong><\/p>\n<ul>\n<li>Taille\u00a0: 100\u00d7100 cm<\/li>\n<li>Structure des granul\u00e9s : fine<\/li>\n<li>Densit\u00e9 : 900kg\/m3<\/li>\n<li>Application\u00a0: Int\u00e9rieur et ext\u00e9rieur<\/li>\n<li>Couleur\u00a0: Noir<\/li>\n<li>\u00c9paisseurs : 3 ou 4,5 cm<\/li>\n<li>Certifi\u00e9 UE selon la norme EN-1177<\/li>\n<li>Absorbant les chocs<\/li>\n<li>Perm\u00e9able \u00e0 l\u2019humidit\u00e9<\/li>\n<li>R\u00e9sistant \u00e0 l\u2019usure<\/li>\n<li>Anti-d\u00e9rapant<\/li>\n<li>r\u00e9sistant aux intemp\u00e9ries et au vent<\/li>\n<li>Facile \u00e0 d\u00e9couper et \u00e0 installer<\/li>\n<li>Facile \u00e0 entretenir<\/li>\n<li>insonorisant<\/li>\n<li>Garantie de 3 ans contre la d\u00e9chirure<\/li>\n<li>100\u00a0% recycl\u00e9, 100\u00a0% s\u00fbr<\/li>\n<\/ul>\n<div>* Mesure moyenne,\u00a0en pourcentage,\u00a0des tol\u00e9rances maximales \u00e0 une temp\u00e9rature ambiante continue de 22gr Celsius, o\u00f9 les dalles ont \u00e9t\u00e9 acclimat\u00e9es, et plac\u00e9es s\u00e9par\u00e9ment dans une pi\u00e8ce avec un taux d\u2019humidit\u00e9 comprise entre 40\/60% pendant au moins 72 heures.<\/div>\n<div>**Garantie de d\u00e9chirure pour un usage quotidien et commercial, l\u2019usure normale n\u2019est pas couverte.<\/div>\n<div><\/div>\n<div><\/div>\n<div><a href=\"https:\/\/kriden.be\/index.php\/faq\/\"><strong>&gt;&gt; Visitez notre page FAQ (vos questions) pour les infos d\u2019installation, nettoyage, d\u00e9coupe,\u2026<\/strong><\/a><\/div>\n<div><\/div>\n<div><\/div>\n<div><strong>Epaisseur:<\/strong> 30mm<br \/>\n<strong>Longueur x Largeur :<\/strong> 100x100cm<br \/>\n<strong>Poids:<\/strong> 27kg<br \/>\n<strong>Densit\u00e9<\/strong>: +\/-900kg\/m3<br \/>\n<strong>Surface:<\/strong> 1m2<br \/>\n<strong>Couleur:<\/strong> Noir<br \/>\n<strong>Garantie:<\/strong> 3 ans contre les fissures**<br \/>\n<strong>Fabrication:<\/strong> 100% Europ\u00e9enne<\/div>\n","protected":false},"excerpt":{"rendered":"<p><strong>Epaisseur:<\/strong> 30mm<br \/>\n<strong>Longueur x Largeur :<\/strong> 100x100cm<br \/>\n<strong>Tol\u00e9rance Longueur x Largeur :<\/strong> Max. 2%*<br \/>\n<strong>Poids:<\/strong> 27kg<br \/>\n<strong>Densit\u00e9<\/strong>: +\/-900kg\/m3<br \/>\n<strong>Surface:<\/strong> 1m2<br \/>\n<strong>Couleur:<\/strong> Noir<br \/>\n<strong>Garantie:<\/strong> 3 ans contre les fissures**<br \/>\n<strong>Fabrication:<\/strong> 100% Europ\u00e9enne<\/p>\n<p><strong>Utilisation int\u00e9rieure et ext\u00e9rieure<\/strong><\/p>\n<p><span data-text-color=\"success\"><strong>Contactez-nous pour plus d\u2019informations sur les commandes en grande quantit\u00e9<\/strong><\/span><\/p>\n","protected":false},"featured_media":1097,"template":"","meta":[],"product_brand":[],"product_cat":[23,30,18,32],"product_tag":[],"class_list":{"0":"post-1096","1":"product","2":"type-product","3":"status-publish","4":"has-post-thumbnail","6":"product_cat-exterieur","7":"product_cat-exterieur-30mm","8":"product_cat-fitness","9":"product_cat-fitness-30mm","11":"first","12":"instock","13":"taxable","14":"shipping-taxable","15":"purchasable","16":"product-type-simple"},"yoast_head":"<!-- This site is optimized with the Yoast SEO plugin v27.4 - https:\/\/yoast.com\/product\/yoast-seo-wordpress\/ -->\n<title>Dalle Fitness FLEX 1mx1m - 30mm - Kriden Floors<\/title>\n<meta name=\"robots\" content=\"index, follow, max-snippet:-1, max-image-preview:large, max-video-preview:-1\" \/>\n<link rel=\"canonical\" href=\"https:\/\/kridenfloors.com\/index.php\/produit\/dalle-fitness-flex-30mm\/\" \/>\n<meta property=\"og:locale\" content=\"fr_FR\" \/>\n<meta property=\"og:type\" content=\"article\" \/>\n<meta property=\"og:title\" content=\"Dalle Fitness FLEX 1mx1m - 30mm - Kriden Floors\" \/>\n<meta property=\"og:description\" content=\"Epaisseur: 30mm Longueur x Largeur : 100x100cm Tol\u00e9rance Longueur x Largeur : Max. 2%* Poids: 27kg Densit\u00e9: +\/-900kg\/m3 Surface: 1m2 Couleur: Noir Garantie: 3 ans contre les fissures** Fabrication: 100% Europ\u00e9enne  Utilisation int\u00e9rieure et ext\u00e9rieure  Contactez-nous pour plus d\u2019informations sur les commandes en grande quantit\u00e9\" \/>\n<meta property=\"og:url\" content=\"https:\/\/kridenfloors.com\/index.php\/produit\/dalle-fitness-flex-30mm\/\" \/>\n<meta property=\"og:site_name\" content=\"Kriden Floors\" \/>\n<meta property=\"article:publisher\" content=\"https:\/\/www.facebook.com\/profile.php?id=61572266346931\" \/>\n<meta property=\"article:modified_time\" content=\"2026-01-05T08:30:17+00:00\" \/>\n<meta property=\"og:image\" content=\"http:\/\/kridenfloors.com\/wp-content\/uploads\/2025\/05\/thumbnail_IMG_1397.webp\" \/>\n\t<meta property=\"og:image:width\" content=\"640\" \/>\n\t<meta property=\"og:image:height\" content=\"481\" \/>\n\t<meta property=\"og:image:type\" content=\"image\/jpeg\" \/>\n<meta name=\"twitter:card\" content=\"summary_large_image\" \/>\n<meta name=\"twitter:label1\" content=\"Dur\u00e9e de lecture estim\u00e9e\" \/>\n\t<meta name=\"twitter:data1\" content=\"2 minutes\" \/>\n<script type=\"application\/ld+json\" class=\"yoast-schema-graph\">{\"@context\":\"https:\\\/\\\/schema.org\",\"@graph\":[{\"@type\":\"WebPage\",\"@id\":\"https:\\\/\\\/kridenfloors.com\\\/index.php\\\/produit\\\/dalle-fitness-flex-30mm\\\/\",\"url\":\"https:\\\/\\\/kridenfloors.com\\\/index.php\\\/produit\\\/dalle-fitness-flex-30mm\\\/\",\"name\":\"Dalle Fitness FLEX 1mx1m - 30mm - Kriden Floors\",\"isPartOf\":{\"@id\":\"https:\\\/\\\/kridenfloors.com\\\/#website\"},\"primaryImageOfPage\":{\"@id\":\"https:\\\/\\\/kridenfloors.com\\\/index.php\\\/produit\\\/dalle-fitness-flex-30mm\\\/#primaryimage\"},\"image\":{\"@id\":\"https:\\\/\\\/kridenfloors.com\\\/index.php\\\/produit\\\/dalle-fitness-flex-30mm\\\/#primaryimage\"},\"thumbnailUrl\":\"https:\\\/\\\/kridenfloors.com\\\/wp-content\\\/uploads\\\/2025\\\/05\\\/thumbnail_IMG_1397.webp\",\"datePublished\":\"2025-05-18T12:10:36+00:00\",\"dateModified\":\"2026-01-05T08:30:17+00:00\",\"breadcrumb\":{\"@id\":\"https:\\\/\\\/kridenfloors.com\\\/index.php\\\/produit\\\/dalle-fitness-flex-30mm\\\/#breadcrumb\"},\"inLanguage\":\"fr-FR\",\"potentialAction\":[{\"@type\":\"ReadAction\",\"target\":[\"https:\\\/\\\/kridenfloors.com\\\/index.php\\\/produit\\\/dalle-fitness-flex-30mm\\\/\"]}]},{\"@type\":\"ImageObject\",\"inLanguage\":\"fr-FR\",\"@id\":\"https:\\\/\\\/kridenfloors.com\\\/index.php\\\/produit\\\/dalle-fitness-flex-30mm\\\/#primaryimage\",\"url\":\"https:\\\/\\\/kridenfloors.com\\\/wp-content\\\/uploads\\\/2025\\\/05\\\/thumbnail_IMG_1397.webp\",\"contentUrl\":\"https:\\\/\\\/kridenfloors.com\\\/wp-content\\\/uploads\\\/2025\\\/05\\\/thumbnail_IMG_1397.webp\",\"width\":640,\"height\":481},{\"@type\":\"BreadcrumbList\",\"@id\":\"https:\\\/\\\/kridenfloors.com\\\/index.php\\\/produit\\\/dalle-fitness-flex-30mm\\\/#breadcrumb\",\"itemListElement\":[{\"@type\":\"ListItem\",\"position\":1,\"name\":\"Accueil\",\"item\":\"https:\\\/\\\/kridenfloors.com\\\/\"},{\"@type\":\"ListItem\",\"position\":2,\"name\":\"Boutique\",\"item\":\"https:\\\/\\\/kridenfloors.com\\\/index.php\\\/boutique\\\/\"},{\"@type\":\"ListItem\",\"position\":3,\"name\":\"Dalle Fitness FLEX 1mx1m &#8211; 30mm\"}]},{\"@type\":\"WebSite\",\"@id\":\"https:\\\/\\\/kridenfloors.com\\\/#website\",\"url\":\"https:\\\/\\\/kridenfloors.com\\\/\",\"name\":\"Kriden Floors\",\"description\":\"La solution pour vos sols Crossfit, Fitness, Arts Martiaux, Aire de jeux, Garage ...\",\"publisher\":{\"@id\":\"https:\\\/\\\/kridenfloors.com\\\/#organization\"},\"potentialAction\":[{\"@type\":\"SearchAction\",\"target\":{\"@type\":\"EntryPoint\",\"urlTemplate\":\"https:\\\/\\\/kridenfloors.com\\\/?s={search_term_string}\"},\"query-input\":{\"@type\":\"PropertyValueSpecification\",\"valueRequired\":true,\"valueName\":\"search_term_string\"}}],\"inLanguage\":\"fr-FR\"},{\"@type\":\"Organization\",\"@id\":\"https:\\\/\\\/kridenfloors.com\\\/#organization\",\"name\":\"Kriden Floors\",\"url\":\"https:\\\/\\\/kridenfloors.com\\\/\",\"logo\":{\"@type\":\"ImageObject\",\"inLanguage\":\"fr-FR\",\"@id\":\"https:\\\/\\\/kridenfloors.com\\\/#\\\/schema\\\/logo\\\/image\\\/\",\"url\":\"https:\\\/\\\/kridenfloors.com\\\/wp-content\\\/uploads\\\/2024\\\/05\\\/logo-kriden-SPORTS-FLOOR-full-color-no-BG-HEAD-TEXT.png\",\"contentUrl\":\"https:\\\/\\\/kridenfloors.com\\\/wp-content\\\/uploads\\\/2024\\\/05\\\/logo-kriden-SPORTS-FLOOR-full-color-no-BG-HEAD-TEXT.png\",\"width\":798,\"height\":1165,\"caption\":\"Kriden Floors\"},\"image\":{\"@id\":\"https:\\\/\\\/kridenfloors.com\\\/#\\\/schema\\\/logo\\\/image\\\/\"},\"sameAs\":[\"https:\\\/\\\/www.facebook.com\\\/profile.php?id=61572266346931\",\"https:\\\/\\\/www.instagram.com\\\/kriden_floors\\\/\"]}]}<\/script>\n<!-- \/ Yoast SEO plugin. -->","yoast_head_json":{"title":"Dalle Fitness FLEX 1mx1m - 30mm - Kriden Floors","robots":{"index":"index","follow":"follow","max-snippet":"max-snippet:-1","max-image-preview":"max-image-preview:large","max-video-preview":"max-video-preview:-1"},"canonical":"https:\/\/kridenfloors.com\/index.php\/produit\/dalle-fitness-flex-30mm\/","og_locale":"fr_FR","og_type":"article","og_title":"Dalle Fitness FLEX 1mx1m - 30mm - Kriden Floors","og_description":"Epaisseur: 30mm Longueur x Largeur : 100x100cm Tol\u00e9rance Longueur x Largeur : Max. 2%* Poids: 27kg Densit\u00e9: +\/-900kg\/m3 Surface: 1m2 Couleur: Noir Garantie: 3 ans contre les fissures** Fabrication: 100% Europ\u00e9enne  Utilisation int\u00e9rieure et ext\u00e9rieure  Contactez-nous pour plus d\u2019informations sur les commandes en grande quantit\u00e9","og_url":"https:\/\/kridenfloors.com\/index.php\/produit\/dalle-fitness-flex-30mm\/","og_site_name":"Kriden Floors","article_publisher":"https:\/\/www.facebook.com\/profile.php?id=61572266346931","article_modified_time":"2026-01-05T08:30:17+00:00","og_image":[{"width":640,"height":481,"url":"http:\/\/kridenfloors.com\/wp-content\/uploads\/2025\/05\/thumbnail_IMG_1397.webp","type":"image\/jpeg"}],"twitter_card":"summary_large_image","twitter_misc":{"Dur\u00e9e de lecture estim\u00e9e":"2 minutes"},"schema":{"@context":"https:\/\/schema.org","@graph":[{"@type":"WebPage","@id":"https:\/\/kridenfloors.com\/index.php\/produit\/dalle-fitness-flex-30mm\/","url":"https:\/\/kridenfloors.com\/index.php\/produit\/dalle-fitness-flex-30mm\/","name":"Dalle Fitness FLEX 1mx1m - 30mm - Kriden Floors","isPartOf":{"@id":"https:\/\/kridenfloors.com\/#website"},"primaryImageOfPage":{"@id":"https:\/\/kridenfloors.com\/index.php\/produit\/dalle-fitness-flex-30mm\/#primaryimage"},"image":{"@id":"https:\/\/kridenfloors.com\/index.php\/produit\/dalle-fitness-flex-30mm\/#primaryimage"},"thumbnailUrl":"https:\/\/kridenfloors.com\/wp-content\/uploads\/2025\/05\/thumbnail_IMG_1397.webp","datePublished":"2025-05-18T12:10:36+00:00","dateModified":"2026-01-05T08:30:17+00:00","breadcrumb":{"@id":"https:\/\/kridenfloors.com\/index.php\/produit\/dalle-fitness-flex-30mm\/#breadcrumb"},"inLanguage":"fr-FR","potentialAction":[{"@type":"ReadAction","target":["https:\/\/kridenfloors.com\/index.php\/produit\/dalle-fitness-flex-30mm\/"]}]},{"@type":"ImageObject","inLanguage":"fr-FR","@id":"https:\/\/kridenfloors.com\/index.php\/produit\/dalle-fitness-flex-30mm\/#primaryimage","url":"https:\/\/kridenfloors.com\/wp-content\/uploads\/2025\/05\/thumbnail_IMG_1397.webp","contentUrl":"https:\/\/kridenfloors.com\/wp-content\/uploads\/2025\/05\/thumbnail_IMG_1397.webp","width":640,"height":481},{"@type":"BreadcrumbList","@id":"https:\/\/kridenfloors.com\/index.php\/produit\/dalle-fitness-flex-30mm\/#breadcrumb","itemListElement":[{"@type":"ListItem","position":1,"name":"Accueil","item":"https:\/\/kridenfloors.com\/"},{"@type":"ListItem","position":2,"name":"Boutique","item":"https:\/\/kridenfloors.com\/index.php\/boutique\/"},{"@type":"ListItem","position":3,"name":"Dalle Fitness FLEX 1mx1m &#8211; 30mm"}]},{"@type":"WebSite","@id":"https:\/\/kridenfloors.com\/#website","url":"https:\/\/kridenfloors.com\/","name":"Kriden Floors","description":"La solution pour vos sols Crossfit, Fitness, Arts Martiaux, Aire de jeux, Garage ...","publisher":{"@id":"https:\/\/kridenfloors.com\/#organization"},"potentialAction":[{"@type":"SearchAction","target":{"@type":"EntryPoint","urlTemplate":"https:\/\/kridenfloors.com\/?s={search_term_string}"},"query-input":{"@type":"PropertyValueSpecification","valueRequired":true,"valueName":"search_term_string"}}],"inLanguage":"fr-FR"},{"@type":"Organization","@id":"https:\/\/kridenfloors.com\/#organization","name":"Kriden Floors","url":"https:\/\/kridenfloors.com\/","logo":{"@type":"ImageObject","inLanguage":"fr-FR","@id":"https:\/\/kridenfloors.com\/#\/schema\/logo\/image\/","url":"https:\/\/kridenfloors.com\/wp-content\/uploads\/2024\/05\/logo-kriden-SPORTS-FLOOR-full-color-no-BG-HEAD-TEXT.png","contentUrl":"https:\/\/kridenfloors.com\/wp-content\/uploads\/2024\/05\/logo-kriden-SPORTS-FLOOR-full-color-no-BG-HEAD-TEXT.png","width":798,"height":1165,"caption":"Kriden Floors"},"image":{"@id":"https:\/\/kridenfloors.com\/#\/schema\/logo\/image\/"},"sameAs":["https:\/\/www.facebook.com\/profile.php?id=61572266346931","https:\/\/www.instagram.com\/kriden_floors\/"]}]}},"jetpack_sharing_enabled":true,"_links":{"self":[{"href":"https:\/\/kridenfloors.com\/index.php\/wp-json\/wp\/v2\/product\/1096","targetHints":{"allow":["GET"]}}],"collection":[{"href":"https:\/\/kridenfloors.com\/index.php\/wp-json\/wp\/v2\/product"}],"about":[{"href":"https:\/\/kridenfloors.com\/index.php\/wp-json\/wp\/v2\/types\/product"}],"wp:featuredmedia":[{"embeddable":true,"href":"https:\/\/kridenfloors.com\/index.php\/wp-json\/wp\/v2\/media\/1097"}],"wp:attachment":[{"href":"https:\/\/kridenfloors.com\/index.php\/wp-json\/wp\/v2\/media?parent=1096"}],"wp:term":[{"taxonomy":"product_brand","embeddable":true,"href":"https:\/\/kridenfloors.com\/index.php\/wp-json\/wp\/v2\/product_brand?post=1096"},{"taxonomy":"product_cat","embeddable":true,"href":"https:\/\/kridenfloors.com\/index.php\/wp-json\/wp\/v2\/product_cat?post=1096"},{"taxonomy":"product_tag","embeddable":true,"href":"https:\/\/kridenfloors.com\/index.php\/wp-json\/wp\/v2\/product_tag?post=1096"}],"curies":[{"name":"wp","href":"https:\/\/api.w.org\/{rel}","templated":true}]}}