{"id":1134,"date":"2025-06-18T08:32:12","date_gmt":"2025-06-18T06:32:12","guid":{"rendered":"https:\/\/kridenfloors.com\/?post_type=product&#038;p=1134"},"modified":"2026-03-05T14:50:21","modified_gmt":"2026-03-05T13:50:21","slug":"rampe-fitness-ultra-20mm","status":"publish","type":"product","link":"https:\/\/kridenfloors.com\/index.php\/produit\/rampe-fitness-ultra-20mm\/","title":{"rendered":"Rampe Fitness ULTRA 20mm"},"content":{"rendered":"<p>Epaisseur :\u00a020mm\u00a0(18mm SBR + 2mm EPDM)<br \/>\nLongueur x Largeur : 50x15cm<br \/>\nPoids : 2kg<br \/>\nCouleur :\u00a0\u00a0full noir (ou noir + flocons gris)<br \/>\nDensit\u00e9\u00a0:\u00a018mm-900Kg\/m\u00b3 + 2mm-1200kg\/m\u00b3<\/p>\n<p>Livr\u00e9 avec 2 connecteurs<\/p>\n<p>Pour une longueur de 1 m\u00e8tre, vous avez besoin de 2 RAMPES.<\/p>\n<p>&nbsp;<\/p>\n<p><strong>Le must pour un studio d\u2019entrainement au design hyper moderne.<\/strong><\/p>\n<p>Les dalles et rampes \u00ab Fitness Ultra \u00bb sont con\u00e7ues pour r\u00e9pondre aux exigences strictes de toute salle de sport. Ces carreaux de fitness avec des granul\u00e9s extra fins offrent non seulement un look \u00e9l\u00e9gant, mais sont \u00e9galement extr\u00eamement faciles \u00e0 nettoyer gr\u00e2ce \u00e0 leur couche sup\u00e9rieure pleine. Avec un simple aspirateur et une serpilli\u00e8re, la magn\u00e9sie ou d\u2019autres petites salet\u00e9s peuvent \u00eatre facilement retir\u00e9s du sol en caoutchouc.<\/p>\n<p>L\u2019installation de ces dalles est \u00e9galement tr\u00e8s facile gr\u00e2ce aux connecteurs fournis.<br \/>\nLe prix du produit comprend 2 connecteurs par rampe, d\u2019autres peuvent \u00eatre fournis sur demande.<\/p>\n<p>Sous chaque tuile en caoutchouc, il y a plusieurs points de montage qui permettent de relier les tuiles les unes aux autres sans espace. Il en r\u00e9sulte une surface d\u2019entra\u00eenement lisse, stable et interconnect\u00e9e, parfaite pour les activit\u00e9s sportives intenses.<\/p>\n<p>La rampe permet un acc\u00e8s facile au sol sportif pour un fauteuil roulant ou du mat\u00e9riel roulant et garantit qu\u2019il n\u2019y a pas de tr\u00e9buchement lorsque la surface de travail est sur\u00e9lev\u00e9e<\/p>\n<p>&nbsp;<\/p>\n<p><strong>Propri\u00e9t\u00e9s:<\/strong><\/p>\n<p>\u2013 Les tapis et rampes de protection de sol haut de gamme \u00ab Fitness Ultra\u00bb ont une densit\u00e9 \u00e9lev\u00e9e de 900 kg\/m\u00b3 dans le noyau de 18 mm et<br \/>\n1200 kg\/m\u00b3 dans la couche sup\u00e9rieure de 2 mm.<br \/>\n\u2013 Garantie de 3 ans sur la r\u00e9sistance \u00e0 l\u2019usure du produit lorsqu\u2019il est utilis\u00e9 correctement, par exemple dans la salle de fitness.<br \/>\n\u2013 La garantie ne s\u2019\u00e9tend pas \u00e0 la stabilit\u00e9 des couleurs.<br \/>\n\u2013 A faible odeur (une odeur semblable \u00e0 celle des pneus neufs peut appara\u00eetre pendant une courte p\u00e9riode imm\u00e9diatement apr\u00e8s la premi\u00e8re installation) peut donc \u00eatre install\u00e9 en toute s\u00e9curit\u00e9, m\u00eame dans des pi\u00e8ces difficiles \u00e0 a\u00e9rer<\/p>\n<p><strong>Sp\u00e9cifications:<\/strong><\/p>\n<p>Granul\u00e9s fins 0,7 \u2013 1 mm (granulom\u00e9trie standard normale de 1 \u00e0 3 mm)<br \/>\nPerm\u00e9abilit\u00e9 \u00e0 l\u2019eau : 920 mm\/h EN 12616<br \/>\nClasse de feu : Efl selon EN 13501<br \/>\nClasse de fum\u00e9e : S2<br \/>\nValeur d\u2019isolation : Rd 0,15 EN13165, U 3,13 EN 6946<br \/>\nValeur d\u2019isolation acoustique : \u0394Lw 25 DB<\/p>\n<div><\/div>\n<div><a href=\"https:\/\/kriden.be\/index.php\/faq\/\"><strong>&gt;&gt; Visitez notre page FAQ (vos questions) pour les infos d\u2019installation, nettoyage, d\u00e9coupe,\u2026<\/strong><\/a><\/div>\n<div><\/div>\n","protected":false},"excerpt":{"rendered":"<p>Epaisseur :\u00a020mm\u00a0(18mm SBR + 2mm EPDM)<br \/>\nLongueur x Largeur : 50x15cm<br \/>\nPoids : 2kg<br \/>\nCouleur :\u00a0\u00a0full noir (ou noir + flocons gris)<br \/>\nDensit\u00e9\u00a0:\u00a018mm-900Kg\/m\u00b3 + 2mm-1200kg\/m\u00b3<\/p>\n<p>Livr\u00e9 avec 2 connecteurs<\/p>\n","protected":false},"featured_media":1136,"template":"","meta":[],"product_brand":[],"product_cat":[18,31,50],"product_tag":[],"class_list":{"0":"post-1134","1":"product","2":"type-product","3":"status-publish","4":"has-post-thumbnail","6":"product_cat-fitness","7":"product_cat-fitness-20mm","8":"product_cat-rampes-coins-pour-fitness","10":"first","11":"instock","12":"taxable","13":"shipping-taxable","14":"purchasable","15":"product-type-simple"},"yoast_head":"<!-- This site is optimized with the Yoast SEO plugin v27.3 - https:\/\/yoast.com\/product\/yoast-seo-wordpress\/ -->\n<title>Rampe Fitness ULTRA 20mm - Kriden Floors<\/title>\n<meta name=\"robots\" content=\"index, follow, max-snippet:-1, max-image-preview:large, max-video-preview:-1\" \/>\n<link rel=\"canonical\" href=\"https:\/\/kridenfloors.com\/index.php\/produit\/rampe-fitness-ultra-20mm\/\" \/>\n<meta property=\"og:locale\" content=\"fr_FR\" \/>\n<meta property=\"og:type\" content=\"article\" \/>\n<meta property=\"og:title\" content=\"Rampe Fitness ULTRA 20mm - Kriden Floors\" \/>\n<meta property=\"og:description\" content=\"Epaisseur :\u00a020mm\u00a0(18mm SBR + 2mm EPDM) Longueur x Largeur : 50x15cm Poids : 2kg Couleur :\u00a0\u00a0full noir (ou noir + flocons gris) Densit\u00e9\u00a0:\u00a018mm-900Kg\/m\u00b3 + 2mm-1200kg\/m\u00b3  Livr\u00e9 avec 2 connecteurs\" \/>\n<meta property=\"og:url\" content=\"https:\/\/kridenfloors.com\/index.php\/produit\/rampe-fitness-ultra-20mm\/\" \/>\n<meta property=\"og:site_name\" content=\"Kriden Floors\" \/>\n<meta property=\"article:publisher\" content=\"https:\/\/www.facebook.com\/profile.php?id=61572266346931\" \/>\n<meta property=\"article:modified_time\" content=\"2026-03-05T13:50:21+00:00\" \/>\n<meta property=\"og:image\" content=\"http:\/\/kridenfloors.com\/wp-content\/uploads\/2025\/06\/ULTRA-FIT-BLACK-RAMP-main.webp\" \/>\n\t<meta property=\"og:image:width\" content=\"600\" \/>\n\t<meta property=\"og:image:height\" content=\"600\" \/>\n\t<meta property=\"og:image:type\" content=\"image\/png\" \/>\n<meta name=\"twitter:card\" content=\"summary_large_image\" \/>\n<meta name=\"twitter:label1\" content=\"Dur\u00e9e de lecture estim\u00e9e\" \/>\n\t<meta name=\"twitter:data1\" content=\"3 minutes\" \/>\n<script type=\"application\/ld+json\" class=\"yoast-schema-graph\">{\"@context\":\"https:\\\/\\\/schema.org\",\"@graph\":[{\"@type\":\"WebPage\",\"@id\":\"https:\\\/\\\/kridenfloors.com\\\/index.php\\\/produit\\\/rampe-fitness-ultra-20mm\\\/\",\"url\":\"https:\\\/\\\/kridenfloors.com\\\/index.php\\\/produit\\\/rampe-fitness-ultra-20mm\\\/\",\"name\":\"Rampe Fitness ULTRA 20mm - Kriden Floors\",\"isPartOf\":{\"@id\":\"https:\\\/\\\/kridenfloors.com\\\/#website\"},\"primaryImageOfPage\":{\"@id\":\"https:\\\/\\\/kridenfloors.com\\\/index.php\\\/produit\\\/rampe-fitness-ultra-20mm\\\/#primaryimage\"},\"image\":{\"@id\":\"https:\\\/\\\/kridenfloors.com\\\/index.php\\\/produit\\\/rampe-fitness-ultra-20mm\\\/#primaryimage\"},\"thumbnailUrl\":\"https:\\\/\\\/kridenfloors.com\\\/wp-content\\\/uploads\\\/2025\\\/06\\\/ULTRA-FIT-BLACK-RAMP-main.webp\",\"datePublished\":\"2025-06-18T06:32:12+00:00\",\"dateModified\":\"2026-03-05T13:50:21+00:00\",\"breadcrumb\":{\"@id\":\"https:\\\/\\\/kridenfloors.com\\\/index.php\\\/produit\\\/rampe-fitness-ultra-20mm\\\/#breadcrumb\"},\"inLanguage\":\"fr-FR\",\"potentialAction\":[{\"@type\":\"ReadAction\",\"target\":[\"https:\\\/\\\/kridenfloors.com\\\/index.php\\\/produit\\\/rampe-fitness-ultra-20mm\\\/\"]}]},{\"@type\":\"ImageObject\",\"inLanguage\":\"fr-FR\",\"@id\":\"https:\\\/\\\/kridenfloors.com\\\/index.php\\\/produit\\\/rampe-fitness-ultra-20mm\\\/#primaryimage\",\"url\":\"https:\\\/\\\/kridenfloors.com\\\/wp-content\\\/uploads\\\/2025\\\/06\\\/ULTRA-FIT-BLACK-RAMP-main.webp\",\"contentUrl\":\"https:\\\/\\\/kridenfloors.com\\\/wp-content\\\/uploads\\\/2025\\\/06\\\/ULTRA-FIT-BLACK-RAMP-main.webp\",\"width\":600,\"height\":600},{\"@type\":\"BreadcrumbList\",\"@id\":\"https:\\\/\\\/kridenfloors.com\\\/index.php\\\/produit\\\/rampe-fitness-ultra-20mm\\\/#breadcrumb\",\"itemListElement\":[{\"@type\":\"ListItem\",\"position\":1,\"name\":\"Accueil\",\"item\":\"https:\\\/\\\/kridenfloors.com\\\/\"},{\"@type\":\"ListItem\",\"position\":2,\"name\":\"Boutique\",\"item\":\"https:\\\/\\\/kridenfloors.com\\\/index.php\\\/boutique\\\/\"},{\"@type\":\"ListItem\",\"position\":3,\"name\":\"Rampe Fitness ULTRA 20mm\"}]},{\"@type\":\"WebSite\",\"@id\":\"https:\\\/\\\/kridenfloors.com\\\/#website\",\"url\":\"https:\\\/\\\/kridenfloors.com\\\/\",\"name\":\"Kriden Floors\",\"description\":\"La solution pour vos sols Crossfit, Fitness, Arts Martiaux, Aire de jeux, Garage ...\",\"publisher\":{\"@id\":\"https:\\\/\\\/kridenfloors.com\\\/#organization\"},\"potentialAction\":[{\"@type\":\"SearchAction\",\"target\":{\"@type\":\"EntryPoint\",\"urlTemplate\":\"https:\\\/\\\/kridenfloors.com\\\/?s={search_term_string}\"},\"query-input\":{\"@type\":\"PropertyValueSpecification\",\"valueRequired\":true,\"valueName\":\"search_term_string\"}}],\"inLanguage\":\"fr-FR\"},{\"@type\":\"Organization\",\"@id\":\"https:\\\/\\\/kridenfloors.com\\\/#organization\",\"name\":\"Kriden Floors\",\"url\":\"https:\\\/\\\/kridenfloors.com\\\/\",\"logo\":{\"@type\":\"ImageObject\",\"inLanguage\":\"fr-FR\",\"@id\":\"https:\\\/\\\/kridenfloors.com\\\/#\\\/schema\\\/logo\\\/image\\\/\",\"url\":\"https:\\\/\\\/kridenfloors.com\\\/wp-content\\\/uploads\\\/2024\\\/05\\\/logo-kriden-SPORTS-FLOOR-full-color-no-BG-HEAD-TEXT.png\",\"contentUrl\":\"https:\\\/\\\/kridenfloors.com\\\/wp-content\\\/uploads\\\/2024\\\/05\\\/logo-kriden-SPORTS-FLOOR-full-color-no-BG-HEAD-TEXT.png\",\"width\":798,\"height\":1165,\"caption\":\"Kriden Floors\"},\"image\":{\"@id\":\"https:\\\/\\\/kridenfloors.com\\\/#\\\/schema\\\/logo\\\/image\\\/\"},\"sameAs\":[\"https:\\\/\\\/www.facebook.com\\\/profile.php?id=61572266346931\",\"https:\\\/\\\/www.instagram.com\\\/kriden_floors\\\/\"]}]}<\/script>\n<!-- \/ Yoast SEO plugin. -->","yoast_head_json":{"title":"Rampe Fitness ULTRA 20mm - Kriden Floors","robots":{"index":"index","follow":"follow","max-snippet":"max-snippet:-1","max-image-preview":"max-image-preview:large","max-video-preview":"max-video-preview:-1"},"canonical":"https:\/\/kridenfloors.com\/index.php\/produit\/rampe-fitness-ultra-20mm\/","og_locale":"fr_FR","og_type":"article","og_title":"Rampe Fitness ULTRA 20mm - Kriden Floors","og_description":"Epaisseur :\u00a020mm\u00a0(18mm SBR + 2mm EPDM) Longueur x Largeur : 50x15cm Poids : 2kg Couleur :\u00a0\u00a0full noir (ou noir + flocons gris) Densit\u00e9\u00a0:\u00a018mm-900Kg\/m\u00b3 + 2mm-1200kg\/m\u00b3  Livr\u00e9 avec 2 connecteurs","og_url":"https:\/\/kridenfloors.com\/index.php\/produit\/rampe-fitness-ultra-20mm\/","og_site_name":"Kriden Floors","article_publisher":"https:\/\/www.facebook.com\/profile.php?id=61572266346931","article_modified_time":"2026-03-05T13:50:21+00:00","og_image":[{"width":600,"height":600,"url":"http:\/\/kridenfloors.com\/wp-content\/uploads\/2025\/06\/ULTRA-FIT-BLACK-RAMP-main.webp","type":"image\/png"}],"twitter_card":"summary_large_image","twitter_misc":{"Dur\u00e9e de lecture estim\u00e9e":"3 minutes"},"schema":{"@context":"https:\/\/schema.org","@graph":[{"@type":"WebPage","@id":"https:\/\/kridenfloors.com\/index.php\/produit\/rampe-fitness-ultra-20mm\/","url":"https:\/\/kridenfloors.com\/index.php\/produit\/rampe-fitness-ultra-20mm\/","name":"Rampe Fitness ULTRA 20mm - Kriden Floors","isPartOf":{"@id":"https:\/\/kridenfloors.com\/#website"},"primaryImageOfPage":{"@id":"https:\/\/kridenfloors.com\/index.php\/produit\/rampe-fitness-ultra-20mm\/#primaryimage"},"image":{"@id":"https:\/\/kridenfloors.com\/index.php\/produit\/rampe-fitness-ultra-20mm\/#primaryimage"},"thumbnailUrl":"https:\/\/kridenfloors.com\/wp-content\/uploads\/2025\/06\/ULTRA-FIT-BLACK-RAMP-main.webp","datePublished":"2025-06-18T06:32:12+00:00","dateModified":"2026-03-05T13:50:21+00:00","breadcrumb":{"@id":"https:\/\/kridenfloors.com\/index.php\/produit\/rampe-fitness-ultra-20mm\/#breadcrumb"},"inLanguage":"fr-FR","potentialAction":[{"@type":"ReadAction","target":["https:\/\/kridenfloors.com\/index.php\/produit\/rampe-fitness-ultra-20mm\/"]}]},{"@type":"ImageObject","inLanguage":"fr-FR","@id":"https:\/\/kridenfloors.com\/index.php\/produit\/rampe-fitness-ultra-20mm\/#primaryimage","url":"https:\/\/kridenfloors.com\/wp-content\/uploads\/2025\/06\/ULTRA-FIT-BLACK-RAMP-main.webp","contentUrl":"https:\/\/kridenfloors.com\/wp-content\/uploads\/2025\/06\/ULTRA-FIT-BLACK-RAMP-main.webp","width":600,"height":600},{"@type":"BreadcrumbList","@id":"https:\/\/kridenfloors.com\/index.php\/produit\/rampe-fitness-ultra-20mm\/#breadcrumb","itemListElement":[{"@type":"ListItem","position":1,"name":"Accueil","item":"https:\/\/kridenfloors.com\/"},{"@type":"ListItem","position":2,"name":"Boutique","item":"https:\/\/kridenfloors.com\/index.php\/boutique\/"},{"@type":"ListItem","position":3,"name":"Rampe Fitness ULTRA 20mm"}]},{"@type":"WebSite","@id":"https:\/\/kridenfloors.com\/#website","url":"https:\/\/kridenfloors.com\/","name":"Kriden Floors","description":"La solution pour vos sols Crossfit, Fitness, Arts Martiaux, Aire de jeux, Garage ...","publisher":{"@id":"https:\/\/kridenfloors.com\/#organization"},"potentialAction":[{"@type":"SearchAction","target":{"@type":"EntryPoint","urlTemplate":"https:\/\/kridenfloors.com\/?s={search_term_string}"},"query-input":{"@type":"PropertyValueSpecification","valueRequired":true,"valueName":"search_term_string"}}],"inLanguage":"fr-FR"},{"@type":"Organization","@id":"https:\/\/kridenfloors.com\/#organization","name":"Kriden Floors","url":"https:\/\/kridenfloors.com\/","logo":{"@type":"ImageObject","inLanguage":"fr-FR","@id":"https:\/\/kridenfloors.com\/#\/schema\/logo\/image\/","url":"https:\/\/kridenfloors.com\/wp-content\/uploads\/2024\/05\/logo-kriden-SPORTS-FLOOR-full-color-no-BG-HEAD-TEXT.png","contentUrl":"https:\/\/kridenfloors.com\/wp-content\/uploads\/2024\/05\/logo-kriden-SPORTS-FLOOR-full-color-no-BG-HEAD-TEXT.png","width":798,"height":1165,"caption":"Kriden Floors"},"image":{"@id":"https:\/\/kridenfloors.com\/#\/schema\/logo\/image\/"},"sameAs":["https:\/\/www.facebook.com\/profile.php?id=61572266346931","https:\/\/www.instagram.com\/kriden_floors\/"]}]}},"jetpack_sharing_enabled":true,"_links":{"self":[{"href":"https:\/\/kridenfloors.com\/index.php\/wp-json\/wp\/v2\/product\/1134","targetHints":{"allow":["GET"]}}],"collection":[{"href":"https:\/\/kridenfloors.com\/index.php\/wp-json\/wp\/v2\/product"}],"about":[{"href":"https:\/\/kridenfloors.com\/index.php\/wp-json\/wp\/v2\/types\/product"}],"wp:featuredmedia":[{"embeddable":true,"href":"https:\/\/kridenfloors.com\/index.php\/wp-json\/wp\/v2\/media\/1136"}],"wp:attachment":[{"href":"https:\/\/kridenfloors.com\/index.php\/wp-json\/wp\/v2\/media?parent=1134"}],"wp:term":[{"taxonomy":"product_brand","embeddable":true,"href":"https:\/\/kridenfloors.com\/index.php\/wp-json\/wp\/v2\/product_brand?post=1134"},{"taxonomy":"product_cat","embeddable":true,"href":"https:\/\/kridenfloors.com\/index.php\/wp-json\/wp\/v2\/product_cat?post=1134"},{"taxonomy":"product_tag","embeddable":true,"href":"https:\/\/kridenfloors.com\/index.php\/wp-json\/wp\/v2\/product_tag?post=1134"}],"curies":[{"name":"wp","href":"https:\/\/api.w.org\/{rel}","templated":true}]}}