{"id":1223,"date":"2025-08-14T19:11:10","date_gmt":"2025-08-14T17:11:10","guid":{"rendered":"https:\/\/kridenfloors.com\/?post_type=product&#038;p=1223"},"modified":"2026-04-16T15:28:04","modified_gmt":"2026-04-16T13:28:04","slug":"tatami-premium-en-mousse-eva-noir-jaune-ep-26mm","status":"publish","type":"product","link":"https:\/\/kridenfloors.com\/index.php\/produit\/tatami-premium-en-mousse-eva-noir-jaune-ep-26mm\/","title":{"rendered":"Tatami PREMIUM en mousse EVA (noir\/jaune) \u2013 Ep 26mm"},"content":{"rendered":"<p>\u00c9paisseur (mm) :\u00a0\u00a026mm<strong><br \/>\n<\/strong>Longueur \u00d7 Largeur (cm)<strong> :\u00a0<\/strong>\u00a0100\u00d7100 cm<strong><br \/>\n<\/strong>Poids (kg)<strong> :\u00a0<\/strong>\u00a02.9kg<strong><br \/>\n<\/strong>Taille <strong>:\u00a0<\/strong>\u00a01m2 comprenant 4 bords<strong><br \/>\n<\/strong>Densit\u00e9 : <strong>120 kg\/m3 (+\/-10%)<\/strong><strong><br \/>\n<\/strong>Couleur <strong>:<\/strong>\u00a0Noir \u2013 Jaune<br \/>\nMotif : Motif en T<\/p>\n<p><span data-text-color=\"success\"><strong>Contactez-nous pour plus d\u2019informations sur les commandes en grande quantit\u00e9<\/strong><\/span><\/p>\n<p>&nbsp;<\/p>\n<p>Les tapis de sol en mousse Tatami PREMIUM EVA conviennent pour \u00e9quiper les salles d\u2019 arts martiaux, les gymnases de boxe, id\u00e9al pour le Judo, le Karat\u00e9, le Taekwondo, le Kick Boxing, entra\u00eenement au combat, le yoga, le pilates et les studios d\u2019a\u00e9robic&#8230;<\/p>\n<p><strong>Quelle \u00e9paisseur de tatami choisir ? <\/strong><\/p>\n<p>Le choix de\u00a0 l&rsquo;\u00e9paisseur doit se faire en fonction de votre discipline et du niveau d\u00a0\u00bbamorti souhait\u00e9.<\/p>\n<p>Plus le tatami est \u00e9pais, meilleur sera l&rsquo;amorti. Ainsi pour des sports o\u00f9 les chutes et projections sont fr\u00e9quentes comme pour le ju-jistu, BJJ, lutte, le judo, le grappling ou le MMA, vous devrez ainsi vous orienter vers du 4 cm.<\/p>\n<p>Au contraire pour des disciplines comme le Taekwondo, Karat\u00e9, kickboxing, une \u00e9paisseur de 2,6cm sera suffisante.<\/p>\n<p>&nbsp;<\/p>\n<p><strong>Autres infos<\/strong><\/p>\n<p>Tous nos mod\u00e8les de tatamis puzzle emboitables sont r\u00e9versibles, avec une couleur diff\u00e9rente sur chaque face.<\/p>\n<p>Installation facile et rapide<\/p>\n","protected":false},"excerpt":{"rendered":"<p><strong>\u00c9paisseur (mm) :<\/strong>\u00a0\u00a026mm<strong><br \/>\nLongueur \u00d7 Largeur (cm) :\u00a0<\/strong>\u00a0100\u00d7100 cm<strong><br \/>\nPoids (kg) :\u00a0<\/strong>\u00a02.9kg<strong><br \/>\nTaille :\u00a0<\/strong>\u00a01m2 comprenant 4 bords<strong><br \/>\n<\/strong>Densit\u00e9 :\u00a0 120 kg\/m3 (+\/-10%)<strong><br \/>\nCouleur :<\/strong>\u00a0Noir \u2013 Jaune<\/p>\n<p><span data-text-color=\"success\"><strong>Contactez-nous pour plus d\u2019informations sur les commandes en grande quantit\u00e9<\/strong><\/span><\/p>\n","protected":false},"featured_media":1294,"template":"","meta":[],"product_brand":[],"product_cat":[57,20,59],"product_tag":[],"class_list":{"0":"post-1223","1":"product","2":"type-product","3":"status-publish","4":"has-post-thumbnail","6":"product_cat-tatamis-26mm","7":"product_cat-tatamis-eva","8":"product_cat-xhome-shop","10":"first","11":"instock","12":"taxable","13":"shipping-taxable","14":"purchasable","15":"product-type-simple"},"yoast_head":"<!-- This site is optimized with the Yoast SEO plugin v27.4 - https:\/\/yoast.com\/product\/yoast-seo-wordpress\/ -->\n<title>Tatami PREMIUM en mousse EVA (noir\/jaune) \u2013 Ep 26mm - Kriden Floors<\/title>\n<meta name=\"robots\" content=\"index, follow, max-snippet:-1, max-image-preview:large, max-video-preview:-1\" \/>\n<link rel=\"canonical\" href=\"https:\/\/kridenfloors.com\/index.php\/produit\/tatami-premium-en-mousse-eva-noir-jaune-ep-26mm\/\" \/>\n<meta property=\"og:locale\" content=\"fr_FR\" \/>\n<meta property=\"og:type\" content=\"article\" \/>\n<meta property=\"og:title\" content=\"Tatami PREMIUM en mousse EVA (noir\/jaune) \u2013 Ep 26mm - Kriden Floors\" \/>\n<meta property=\"og:description\" content=\"\u00c9paisseur (mm) :\u00a0\u00a026mm Longueur \u00d7 Largeur (cm) :\u00a0\u00a0100\u00d7100 cm Poids (kg) :\u00a0\u00a02.9kg Taille :\u00a0\u00a01m2 comprenant 4 bords Densit\u00e9 :\u00a0 120 kg\/m3 (+\/-10%) Couleur :\u00a0Noir \u2013 Jaune  Contactez-nous pour plus d\u2019informations sur les commandes en grande quantit\u00e9\" \/>\n<meta property=\"og:url\" content=\"https:\/\/kridenfloors.com\/index.php\/produit\/tatami-premium-en-mousse-eva-noir-jaune-ep-26mm\/\" \/>\n<meta property=\"og:site_name\" content=\"Kriden Floors\" \/>\n<meta property=\"article:publisher\" content=\"https:\/\/www.facebook.com\/profile.php?id=61572266346931\" \/>\n<meta property=\"article:modified_time\" content=\"2026-04-16T13:28:04+00:00\" \/>\n<meta property=\"og:image\" content=\"http:\/\/kridenfloors.com\/wp-content\/uploads\/2025\/08\/thumbnail_IMG_1738.webp\" \/>\n\t<meta property=\"og:image:width\" content=\"640\" \/>\n\t<meta property=\"og:image:height\" content=\"481\" \/>\n\t<meta property=\"og:image:type\" content=\"image\/jpeg\" \/>\n<meta name=\"twitter:card\" content=\"summary_large_image\" \/>\n<meta name=\"twitter:label1\" content=\"Dur\u00e9e de lecture estim\u00e9e\" \/>\n\t<meta name=\"twitter:data1\" content=\"2 minutes\" \/>\n<script type=\"application\/ld+json\" class=\"yoast-schema-graph\">{\"@context\":\"https:\\\/\\\/schema.org\",\"@graph\":[{\"@type\":\"WebPage\",\"@id\":\"https:\\\/\\\/kridenfloors.com\\\/index.php\\\/produit\\\/tatami-premium-en-mousse-eva-noir-jaune-ep-26mm\\\/\",\"url\":\"https:\\\/\\\/kridenfloors.com\\\/index.php\\\/produit\\\/tatami-premium-en-mousse-eva-noir-jaune-ep-26mm\\\/\",\"name\":\"Tatami PREMIUM en mousse EVA (noir\\\/jaune) \u2013 Ep 26mm - Kriden Floors\",\"isPartOf\":{\"@id\":\"https:\\\/\\\/kridenfloors.com\\\/#website\"},\"primaryImageOfPage\":{\"@id\":\"https:\\\/\\\/kridenfloors.com\\\/index.php\\\/produit\\\/tatami-premium-en-mousse-eva-noir-jaune-ep-26mm\\\/#primaryimage\"},\"image\":{\"@id\":\"https:\\\/\\\/kridenfloors.com\\\/index.php\\\/produit\\\/tatami-premium-en-mousse-eva-noir-jaune-ep-26mm\\\/#primaryimage\"},\"thumbnailUrl\":\"https:\\\/\\\/kridenfloors.com\\\/wp-content\\\/uploads\\\/2025\\\/08\\\/thumbnail_IMG_1738.webp\",\"datePublished\":\"2025-08-14T17:11:10+00:00\",\"dateModified\":\"2026-04-16T13:28:04+00:00\",\"breadcrumb\":{\"@id\":\"https:\\\/\\\/kridenfloors.com\\\/index.php\\\/produit\\\/tatami-premium-en-mousse-eva-noir-jaune-ep-26mm\\\/#breadcrumb\"},\"inLanguage\":\"fr-FR\",\"potentialAction\":[{\"@type\":\"ReadAction\",\"target\":[\"https:\\\/\\\/kridenfloors.com\\\/index.php\\\/produit\\\/tatami-premium-en-mousse-eva-noir-jaune-ep-26mm\\\/\"]}]},{\"@type\":\"ImageObject\",\"inLanguage\":\"fr-FR\",\"@id\":\"https:\\\/\\\/kridenfloors.com\\\/index.php\\\/produit\\\/tatami-premium-en-mousse-eva-noir-jaune-ep-26mm\\\/#primaryimage\",\"url\":\"https:\\\/\\\/kridenfloors.com\\\/wp-content\\\/uploads\\\/2025\\\/08\\\/thumbnail_IMG_1738.webp\",\"contentUrl\":\"https:\\\/\\\/kridenfloors.com\\\/wp-content\\\/uploads\\\/2025\\\/08\\\/thumbnail_IMG_1738.webp\",\"width\":640,\"height\":481},{\"@type\":\"BreadcrumbList\",\"@id\":\"https:\\\/\\\/kridenfloors.com\\\/index.php\\\/produit\\\/tatami-premium-en-mousse-eva-noir-jaune-ep-26mm\\\/#breadcrumb\",\"itemListElement\":[{\"@type\":\"ListItem\",\"position\":1,\"name\":\"Accueil\",\"item\":\"https:\\\/\\\/kridenfloors.com\\\/\"},{\"@type\":\"ListItem\",\"position\":2,\"name\":\"Boutique\",\"item\":\"https:\\\/\\\/kridenfloors.com\\\/index.php\\\/boutique\\\/\"},{\"@type\":\"ListItem\",\"position\":3,\"name\":\"Tatami PREMIUM en mousse EVA (noir\\\/jaune) \u2013 Ep 26mm\"}]},{\"@type\":\"WebSite\",\"@id\":\"https:\\\/\\\/kridenfloors.com\\\/#website\",\"url\":\"https:\\\/\\\/kridenfloors.com\\\/\",\"name\":\"Kriden Floors\",\"description\":\"La solution pour vos sols Crossfit, Fitness, Arts Martiaux, Aire de jeux, Garage ...\",\"publisher\":{\"@id\":\"https:\\\/\\\/kridenfloors.com\\\/#organization\"},\"potentialAction\":[{\"@type\":\"SearchAction\",\"target\":{\"@type\":\"EntryPoint\",\"urlTemplate\":\"https:\\\/\\\/kridenfloors.com\\\/?s={search_term_string}\"},\"query-input\":{\"@type\":\"PropertyValueSpecification\",\"valueRequired\":true,\"valueName\":\"search_term_string\"}}],\"inLanguage\":\"fr-FR\"},{\"@type\":\"Organization\",\"@id\":\"https:\\\/\\\/kridenfloors.com\\\/#organization\",\"name\":\"Kriden Floors\",\"url\":\"https:\\\/\\\/kridenfloors.com\\\/\",\"logo\":{\"@type\":\"ImageObject\",\"inLanguage\":\"fr-FR\",\"@id\":\"https:\\\/\\\/kridenfloors.com\\\/#\\\/schema\\\/logo\\\/image\\\/\",\"url\":\"https:\\\/\\\/kridenfloors.com\\\/wp-content\\\/uploads\\\/2024\\\/05\\\/logo-kriden-SPORTS-FLOOR-full-color-no-BG-HEAD-TEXT.png\",\"contentUrl\":\"https:\\\/\\\/kridenfloors.com\\\/wp-content\\\/uploads\\\/2024\\\/05\\\/logo-kriden-SPORTS-FLOOR-full-color-no-BG-HEAD-TEXT.png\",\"width\":798,\"height\":1165,\"caption\":\"Kriden Floors\"},\"image\":{\"@id\":\"https:\\\/\\\/kridenfloors.com\\\/#\\\/schema\\\/logo\\\/image\\\/\"},\"sameAs\":[\"https:\\\/\\\/www.facebook.com\\\/profile.php?id=61572266346931\",\"https:\\\/\\\/www.instagram.com\\\/kriden_floors\\\/\"]}]}<\/script>\n<!-- \/ Yoast SEO plugin. -->","yoast_head_json":{"title":"Tatami PREMIUM en mousse EVA (noir\/jaune) \u2013 Ep 26mm - Kriden Floors","robots":{"index":"index","follow":"follow","max-snippet":"max-snippet:-1","max-image-preview":"max-image-preview:large","max-video-preview":"max-video-preview:-1"},"canonical":"https:\/\/kridenfloors.com\/index.php\/produit\/tatami-premium-en-mousse-eva-noir-jaune-ep-26mm\/","og_locale":"fr_FR","og_type":"article","og_title":"Tatami PREMIUM en mousse EVA (noir\/jaune) \u2013 Ep 26mm - Kriden Floors","og_description":"\u00c9paisseur (mm) :\u00a0\u00a026mm Longueur \u00d7 Largeur (cm) :\u00a0\u00a0100\u00d7100 cm Poids (kg) :\u00a0\u00a02.9kg Taille :\u00a0\u00a01m2 comprenant 4 bords Densit\u00e9 :\u00a0 120 kg\/m3 (+\/-10%) Couleur :\u00a0Noir \u2013 Jaune  Contactez-nous pour plus d\u2019informations sur les commandes en grande quantit\u00e9","og_url":"https:\/\/kridenfloors.com\/index.php\/produit\/tatami-premium-en-mousse-eva-noir-jaune-ep-26mm\/","og_site_name":"Kriden Floors","article_publisher":"https:\/\/www.facebook.com\/profile.php?id=61572266346931","article_modified_time":"2026-04-16T13:28:04+00:00","og_image":[{"width":640,"height":481,"url":"http:\/\/kridenfloors.com\/wp-content\/uploads\/2025\/08\/thumbnail_IMG_1738.webp","type":"image\/jpeg"}],"twitter_card":"summary_large_image","twitter_misc":{"Dur\u00e9e de lecture estim\u00e9e":"2 minutes"},"schema":{"@context":"https:\/\/schema.org","@graph":[{"@type":"WebPage","@id":"https:\/\/kridenfloors.com\/index.php\/produit\/tatami-premium-en-mousse-eva-noir-jaune-ep-26mm\/","url":"https:\/\/kridenfloors.com\/index.php\/produit\/tatami-premium-en-mousse-eva-noir-jaune-ep-26mm\/","name":"Tatami PREMIUM en mousse EVA (noir\/jaune) \u2013 Ep 26mm - Kriden Floors","isPartOf":{"@id":"https:\/\/kridenfloors.com\/#website"},"primaryImageOfPage":{"@id":"https:\/\/kridenfloors.com\/index.php\/produit\/tatami-premium-en-mousse-eva-noir-jaune-ep-26mm\/#primaryimage"},"image":{"@id":"https:\/\/kridenfloors.com\/index.php\/produit\/tatami-premium-en-mousse-eva-noir-jaune-ep-26mm\/#primaryimage"},"thumbnailUrl":"https:\/\/kridenfloors.com\/wp-content\/uploads\/2025\/08\/thumbnail_IMG_1738.webp","datePublished":"2025-08-14T17:11:10+00:00","dateModified":"2026-04-16T13:28:04+00:00","breadcrumb":{"@id":"https:\/\/kridenfloors.com\/index.php\/produit\/tatami-premium-en-mousse-eva-noir-jaune-ep-26mm\/#breadcrumb"},"inLanguage":"fr-FR","potentialAction":[{"@type":"ReadAction","target":["https:\/\/kridenfloors.com\/index.php\/produit\/tatami-premium-en-mousse-eva-noir-jaune-ep-26mm\/"]}]},{"@type":"ImageObject","inLanguage":"fr-FR","@id":"https:\/\/kridenfloors.com\/index.php\/produit\/tatami-premium-en-mousse-eva-noir-jaune-ep-26mm\/#primaryimage","url":"https:\/\/kridenfloors.com\/wp-content\/uploads\/2025\/08\/thumbnail_IMG_1738.webp","contentUrl":"https:\/\/kridenfloors.com\/wp-content\/uploads\/2025\/08\/thumbnail_IMG_1738.webp","width":640,"height":481},{"@type":"BreadcrumbList","@id":"https:\/\/kridenfloors.com\/index.php\/produit\/tatami-premium-en-mousse-eva-noir-jaune-ep-26mm\/#breadcrumb","itemListElement":[{"@type":"ListItem","position":1,"name":"Accueil","item":"https:\/\/kridenfloors.com\/"},{"@type":"ListItem","position":2,"name":"Boutique","item":"https:\/\/kridenfloors.com\/index.php\/boutique\/"},{"@type":"ListItem","position":3,"name":"Tatami PREMIUM en mousse EVA (noir\/jaune) \u2013 Ep 26mm"}]},{"@type":"WebSite","@id":"https:\/\/kridenfloors.com\/#website","url":"https:\/\/kridenfloors.com\/","name":"Kriden Floors","description":"La solution pour vos sols Crossfit, Fitness, Arts Martiaux, Aire de jeux, Garage ...","publisher":{"@id":"https:\/\/kridenfloors.com\/#organization"},"potentialAction":[{"@type":"SearchAction","target":{"@type":"EntryPoint","urlTemplate":"https:\/\/kridenfloors.com\/?s={search_term_string}"},"query-input":{"@type":"PropertyValueSpecification","valueRequired":true,"valueName":"search_term_string"}}],"inLanguage":"fr-FR"},{"@type":"Organization","@id":"https:\/\/kridenfloors.com\/#organization","name":"Kriden Floors","url":"https:\/\/kridenfloors.com\/","logo":{"@type":"ImageObject","inLanguage":"fr-FR","@id":"https:\/\/kridenfloors.com\/#\/schema\/logo\/image\/","url":"https:\/\/kridenfloors.com\/wp-content\/uploads\/2024\/05\/logo-kriden-SPORTS-FLOOR-full-color-no-BG-HEAD-TEXT.png","contentUrl":"https:\/\/kridenfloors.com\/wp-content\/uploads\/2024\/05\/logo-kriden-SPORTS-FLOOR-full-color-no-BG-HEAD-TEXT.png","width":798,"height":1165,"caption":"Kriden Floors"},"image":{"@id":"https:\/\/kridenfloors.com\/#\/schema\/logo\/image\/"},"sameAs":["https:\/\/www.facebook.com\/profile.php?id=61572266346931","https:\/\/www.instagram.com\/kriden_floors\/"]}]}},"jetpack_sharing_enabled":true,"_links":{"self":[{"href":"https:\/\/kridenfloors.com\/index.php\/wp-json\/wp\/v2\/product\/1223","targetHints":{"allow":["GET"]}}],"collection":[{"href":"https:\/\/kridenfloors.com\/index.php\/wp-json\/wp\/v2\/product"}],"about":[{"href":"https:\/\/kridenfloors.com\/index.php\/wp-json\/wp\/v2\/types\/product"}],"wp:featuredmedia":[{"embeddable":true,"href":"https:\/\/kridenfloors.com\/index.php\/wp-json\/wp\/v2\/media\/1294"}],"wp:attachment":[{"href":"https:\/\/kridenfloors.com\/index.php\/wp-json\/wp\/v2\/media?parent=1223"}],"wp:term":[{"taxonomy":"product_brand","embeddable":true,"href":"https:\/\/kridenfloors.com\/index.php\/wp-json\/wp\/v2\/product_brand?post=1223"},{"taxonomy":"product_cat","embeddable":true,"href":"https:\/\/kridenfloors.com\/index.php\/wp-json\/wp\/v2\/product_cat?post=1223"},{"taxonomy":"product_tag","embeddable":true,"href":"https:\/\/kridenfloors.com\/index.php\/wp-json\/wp\/v2\/product_tag?post=1223"}],"curies":[{"name":"wp","href":"https:\/\/api.w.org\/{rel}","templated":true}]}}