{"id":1228,"date":"2025-08-17T14:02:46","date_gmt":"2025-08-17T12:02:46","guid":{"rendered":"https:\/\/kridenfloors.com\/?post_type=product&#038;p=1228"},"modified":"2025-12-16T09:03:26","modified_gmt":"2025-12-16T08:03:26","slug":"dalle-fitness-1mx-1m-40mm-occasion","status":"publish","type":"product","link":"https:\/\/kridenfloors.com\/index.php\/produit\/dalle-fitness-1mx-1m-40mm-occasion\/","title":{"rendered":"Dalles Fitness Platform- 1mx 1m &#8211; 40mm (Occasion)"},"content":{"rendered":"<p><span data-text-color=\"success\"><strong>Ces dalles ont \u00e9t\u00e9 utilis\u00e9es pendant 1an et demi dans un gym.<br \/>\nElles sont dans un \u00e9tat impeccable<\/strong><\/span><\/p>\n<p><strong>Epaisseur:<\/strong> 40mm<br \/>\n<strong>Longueur x Largeur :<\/strong> 100x100cm<br \/>\n<strong>Poids:<\/strong> 37kg<br \/>\n<strong>Densit\u00e9<\/strong>: +\/-950kg\/m3<br \/>\n<strong>Surface:<\/strong> 1m2<br \/>\n<strong>Couleur:<\/strong> Noir<br \/>\n<strong>Garantie:<\/strong> 1 an contre les fissures**<\/p>\n<p>USAGE INTERIEUR UNIQUEMENT !<\/p>\n<p>Tr\u00e8s bon \u00e9tat<br \/>\nPrix neuf : 59,99eur<br \/>\nPrix de vente : 34,95eur.<br \/>\nRistourne sur quantit\u00e9<\/p>\n<div><\/div>\n<div>Ces dalles de sol en caoutchouc conviennent aux gymnases pour une utilisation de type Hyrox, CrossFit, functional training, HIIT, salle de sport, Musculation, home gym et sol de fitness.<\/div>\n<div><\/div>\n<div>Les carreaux de sol ont une taille de 100\u00d7100 cm, ce qui est appropri\u00e9 pour une utilisation avec des appareils cardio et pour l\u2019utilisation de poids libres, l\u2019halt\u00e9rophilie et toutes les autres activit\u00e9s, usages et sports o\u00f9 l\u2019amorti, la protection du sol, l\u2019antid\u00e9rapant, l\u2019isolation, l\u2019\u00e9quipement et la protection personnelle sont importants.<\/div>\n<div><\/div>\n<div>Vous pouvez utiliser les carreaux de sol comme rev\u00eatement de sol protecteur sur diff\u00e9rentes surfaces et pour les sous-planchers o\u00f9 vous souhaitez r\u00e9duire l\u2019impact des diff\u00e9rents poids.<\/div>\n<div><\/div>\n<p><strong>Donn\u00e9es techniques<\/strong><\/p>\n<ul>\n<li>Densit\u00e9 apparente env. 950 kg \/ m3<\/li>\n<li>R\u00e9sistance \u00e0 la traction (N \/mm2) 1,38 (DIN 53455)<\/li>\n<li>R\u00e9duction de puissance&gt; 10-18%, selon l\u2019\u00e9paisseur du mat\u00e9riau<\/li>\n<li>Stabilit\u00e9 de la temp\u00e9rature -30\u00b0C \u00e0 +80\u00b0C\u00a0dans des conditions d\u2019essai -120 \u00b0C et pendant de courtes p\u00e9riodes jusqu\u2019\u00e0 + 300 \u00b0C<\/li>\n<li>Coefficient de dilatation thermique lin\u00e9aire. 23,1 *10-5\/\u00b0C + 3,4 % (DIN 53752)<\/li>\n<li>\u00a0Conductivit\u00e9 thermique 0,17 W \/ (mK) EN 12667<\/li>\n<li>Comportement au feu (normalement inflammable; B2) EN 13501<\/li>\n<li>Comportement chimique R\u00e9sistant \u00e0 l\u2019eau, \u00e0 de nombreux acides dilu\u00e9s et \u00e0 des solutions alcalines; chimiquement neutre; R\u00e9sistant aux UV. (EN423)<\/li>\n<li>Propri\u00e9t\u00e9 antid\u00e9rapante Classe R 10 DIN 51130 Classe DS (plus s\u00fbr!) EN 14041<\/li>\n<li>Diffusion de vapeur \u2013\u00a0Perm\u00e9able \u00e0 la vapeur<\/li>\n<li>Propri\u00e9t\u00e9s \u00e9lectriques -0,7 kV (antistatique)<\/li>\n<li>Am\u00e9lioration du son d\u2019environ 18 dB \u00e0 23 dB; selon la construction<\/li>\n<\/ul>\n<div>* Mesure moyenne,\u00a0en pourcentage,\u00a0des tol\u00e9rances maximales \u00e0 une temp\u00e9rature ambiante continue de 22gr Celsius, o\u00f9 les dalles ont \u00e9t\u00e9 acclimat\u00e9es, et plac\u00e9es s\u00e9par\u00e9ment dans une pi\u00e8ce avec un taux d\u2019humidit\u00e9 comprise entre 40\/60% pendant au moins 72 heures.<\/div>\n<div>**Garantie de d\u00e9chirure pour un usage quotidien et commercial, l\u2019usure normale n\u2019est pas couverte.<\/div>\n<div><\/div>\n<div><a href=\"https:\/\/kriden.be\/index.php\/faq\/\"><strong>&gt;&gt; Visitez notre page FAQ (vos questions) pour les infos d\u2019installation, nettoyage, d\u00e9coupe,\u2026<\/strong><\/a><\/div>\n","protected":false},"excerpt":{"rendered":"<p><strong>Epaisseur:<\/strong> 40mm<br \/>\n<strong>Longueur x Largeur :<\/strong> 100x100cm<br \/>\n<strong>Poids:<\/strong> 37kg<br \/>\n<strong>Densit\u00e9<\/strong>: +\/-950kg\/m3<br \/>\n<strong>Surface:<\/strong> 1m2<br \/>\n<strong>Couleur:<\/strong> Noir<br \/>\n<strong>Garantie:<\/strong> 1 an contre les fissures**<\/p>\n<p>USAGE INTERIEUR UNIQUEMENT !<\/p>\n<p>Tr\u00e8s bon \u00e9tat<br \/>\nPrix neuf : 59,99eur<br \/>\nPrix de vente : 34,95eur.<br \/>\nRistourne sur quantit\u00e9<\/p>\n<p><span data-text-color=\"success\"><strong>Ces dalles ont \u00e9t\u00e9 utilis\u00e9es pendant 1an et demi dans un gym.<br \/>\nElles sont dans un \u00e9tat impeccable<\/strong><\/span><\/p>\n","protected":false},"featured_media":1240,"template":"","meta":[],"product_brand":[],"product_cat":[18,37],"product_tag":[],"class_list":{"0":"post-1228","1":"product","2":"type-product","3":"status-publish","4":"has-post-thumbnail","6":"product_cat-fitness","7":"product_cat-fitness-40mm","9":"first","10":"instock","11":"sale","12":"taxable","13":"shipping-taxable","14":"purchasable","15":"product-type-simple"},"yoast_head":"<!-- This site is optimized with the Yoast SEO plugin v27.4 - https:\/\/yoast.com\/product\/yoast-seo-wordpress\/ -->\n<title>Dalles Fitness Platform- 1mx 1m - 40mm (Occasion) - Kriden Floors<\/title>\n<meta name=\"robots\" content=\"index, follow, max-snippet:-1, max-image-preview:large, max-video-preview:-1\" \/>\n<link rel=\"canonical\" href=\"https:\/\/kridenfloors.com\/index.php\/produit\/dalle-fitness-1mx-1m-40mm-occasion\/\" \/>\n<meta property=\"og:locale\" content=\"fr_FR\" \/>\n<meta property=\"og:type\" content=\"article\" \/>\n<meta property=\"og:title\" content=\"Dalles Fitness Platform- 1mx 1m - 40mm (Occasion) - Kriden Floors\" \/>\n<meta property=\"og:description\" content=\"Epaisseur: 40mm Longueur x Largeur : 100x100cm Poids: 37kg Densit\u00e9: +\/-950kg\/m3 Surface: 1m2 Couleur: Noir Garantie: 1 an contre les fissures**  USAGE INTERIEUR UNIQUEMENT !  Tr\u00e8s bon \u00e9tat Prix neuf : 59,99eur Prix de vente : 34,95eur. Ristourne sur quantit\u00e9  Ces dalles ont \u00e9t\u00e9 utilis\u00e9es pendant 1an et demi dans un gym. Elles sont dans un \u00e9tat impeccable\" \/>\n<meta property=\"og:url\" content=\"https:\/\/kridenfloors.com\/index.php\/produit\/dalle-fitness-1mx-1m-40mm-occasion\/\" \/>\n<meta property=\"og:site_name\" content=\"Kriden Floors\" \/>\n<meta property=\"article:publisher\" content=\"https:\/\/www.facebook.com\/profile.php?id=61572266346931\" \/>\n<meta property=\"article:modified_time\" content=\"2025-12-16T08:03:26+00:00\" \/>\n<meta property=\"og:image\" content=\"http:\/\/kridenfloors.com\/wp-content\/uploads\/2025\/08\/fbe933e9-e055-4948-8e80-c881eda5a55c.webp\" \/>\n\t<meta property=\"og:image:width\" content=\"1200\" \/>\n\t<meta property=\"og:image:height\" content=\"1600\" \/>\n\t<meta property=\"og:image:type\" content=\"image\/jpeg\" \/>\n<meta name=\"twitter:card\" content=\"summary_large_image\" \/>\n<meta name=\"twitter:label1\" content=\"Dur\u00e9e de lecture estim\u00e9e\" \/>\n\t<meta name=\"twitter:data1\" content=\"3 minutes\" \/>\n<script type=\"application\/ld+json\" class=\"yoast-schema-graph\">{\"@context\":\"https:\\\/\\\/schema.org\",\"@graph\":[{\"@type\":\"WebPage\",\"@id\":\"https:\\\/\\\/kridenfloors.com\\\/index.php\\\/produit\\\/dalle-fitness-1mx-1m-40mm-occasion\\\/\",\"url\":\"https:\\\/\\\/kridenfloors.com\\\/index.php\\\/produit\\\/dalle-fitness-1mx-1m-40mm-occasion\\\/\",\"name\":\"Dalles Fitness Platform- 1mx 1m - 40mm (Occasion) - Kriden Floors\",\"isPartOf\":{\"@id\":\"https:\\\/\\\/kridenfloors.com\\\/#website\"},\"primaryImageOfPage\":{\"@id\":\"https:\\\/\\\/kridenfloors.com\\\/index.php\\\/produit\\\/dalle-fitness-1mx-1m-40mm-occasion\\\/#primaryimage\"},\"image\":{\"@id\":\"https:\\\/\\\/kridenfloors.com\\\/index.php\\\/produit\\\/dalle-fitness-1mx-1m-40mm-occasion\\\/#primaryimage\"},\"thumbnailUrl\":\"https:\\\/\\\/kridenfloors.com\\\/wp-content\\\/uploads\\\/2025\\\/08\\\/fbe933e9-e055-4948-8e80-c881eda5a55c.webp\",\"datePublished\":\"2025-08-17T12:02:46+00:00\",\"dateModified\":\"2025-12-16T08:03:26+00:00\",\"breadcrumb\":{\"@id\":\"https:\\\/\\\/kridenfloors.com\\\/index.php\\\/produit\\\/dalle-fitness-1mx-1m-40mm-occasion\\\/#breadcrumb\"},\"inLanguage\":\"fr-FR\",\"potentialAction\":[{\"@type\":\"ReadAction\",\"target\":[\"https:\\\/\\\/kridenfloors.com\\\/index.php\\\/produit\\\/dalle-fitness-1mx-1m-40mm-occasion\\\/\"]}]},{\"@type\":\"ImageObject\",\"inLanguage\":\"fr-FR\",\"@id\":\"https:\\\/\\\/kridenfloors.com\\\/index.php\\\/produit\\\/dalle-fitness-1mx-1m-40mm-occasion\\\/#primaryimage\",\"url\":\"https:\\\/\\\/kridenfloors.com\\\/wp-content\\\/uploads\\\/2025\\\/08\\\/fbe933e9-e055-4948-8e80-c881eda5a55c.webp\",\"contentUrl\":\"https:\\\/\\\/kridenfloors.com\\\/wp-content\\\/uploads\\\/2025\\\/08\\\/fbe933e9-e055-4948-8e80-c881eda5a55c.webp\",\"width\":1200,\"height\":1600},{\"@type\":\"BreadcrumbList\",\"@id\":\"https:\\\/\\\/kridenfloors.com\\\/index.php\\\/produit\\\/dalle-fitness-1mx-1m-40mm-occasion\\\/#breadcrumb\",\"itemListElement\":[{\"@type\":\"ListItem\",\"position\":1,\"name\":\"Accueil\",\"item\":\"https:\\\/\\\/kridenfloors.com\\\/\"},{\"@type\":\"ListItem\",\"position\":2,\"name\":\"Boutique\",\"item\":\"https:\\\/\\\/kridenfloors.com\\\/index.php\\\/boutique\\\/\"},{\"@type\":\"ListItem\",\"position\":3,\"name\":\"Dalles Fitness Platform- 1mx 1m &#8211; 40mm (Occasion)\"}]},{\"@type\":\"WebSite\",\"@id\":\"https:\\\/\\\/kridenfloors.com\\\/#website\",\"url\":\"https:\\\/\\\/kridenfloors.com\\\/\",\"name\":\"Kriden Floors\",\"description\":\"La solution pour vos sols Crossfit, Fitness, Arts Martiaux, Aire de jeux, Garage ...\",\"publisher\":{\"@id\":\"https:\\\/\\\/kridenfloors.com\\\/#organization\"},\"potentialAction\":[{\"@type\":\"SearchAction\",\"target\":{\"@type\":\"EntryPoint\",\"urlTemplate\":\"https:\\\/\\\/kridenfloors.com\\\/?s={search_term_string}\"},\"query-input\":{\"@type\":\"PropertyValueSpecification\",\"valueRequired\":true,\"valueName\":\"search_term_string\"}}],\"inLanguage\":\"fr-FR\"},{\"@type\":\"Organization\",\"@id\":\"https:\\\/\\\/kridenfloors.com\\\/#organization\",\"name\":\"Kriden Floors\",\"url\":\"https:\\\/\\\/kridenfloors.com\\\/\",\"logo\":{\"@type\":\"ImageObject\",\"inLanguage\":\"fr-FR\",\"@id\":\"https:\\\/\\\/kridenfloors.com\\\/#\\\/schema\\\/logo\\\/image\\\/\",\"url\":\"https:\\\/\\\/kridenfloors.com\\\/wp-content\\\/uploads\\\/2024\\\/05\\\/logo-kriden-SPORTS-FLOOR-full-color-no-BG-HEAD-TEXT.png\",\"contentUrl\":\"https:\\\/\\\/kridenfloors.com\\\/wp-content\\\/uploads\\\/2024\\\/05\\\/logo-kriden-SPORTS-FLOOR-full-color-no-BG-HEAD-TEXT.png\",\"width\":798,\"height\":1165,\"caption\":\"Kriden Floors\"},\"image\":{\"@id\":\"https:\\\/\\\/kridenfloors.com\\\/#\\\/schema\\\/logo\\\/image\\\/\"},\"sameAs\":[\"https:\\\/\\\/www.facebook.com\\\/profile.php?id=61572266346931\",\"https:\\\/\\\/www.instagram.com\\\/kriden_floors\\\/\"]}]}<\/script>\n<!-- \/ Yoast SEO plugin. -->","yoast_head_json":{"title":"Dalles Fitness Platform- 1mx 1m - 40mm (Occasion) - Kriden Floors","robots":{"index":"index","follow":"follow","max-snippet":"max-snippet:-1","max-image-preview":"max-image-preview:large","max-video-preview":"max-video-preview:-1"},"canonical":"https:\/\/kridenfloors.com\/index.php\/produit\/dalle-fitness-1mx-1m-40mm-occasion\/","og_locale":"fr_FR","og_type":"article","og_title":"Dalles Fitness Platform- 1mx 1m - 40mm (Occasion) - Kriden Floors","og_description":"Epaisseur: 40mm Longueur x Largeur : 100x100cm Poids: 37kg Densit\u00e9: +\/-950kg\/m3 Surface: 1m2 Couleur: Noir Garantie: 1 an contre les fissures**  USAGE INTERIEUR UNIQUEMENT !  Tr\u00e8s bon \u00e9tat Prix neuf : 59,99eur Prix de vente : 34,95eur. Ristourne sur quantit\u00e9  Ces dalles ont \u00e9t\u00e9 utilis\u00e9es pendant 1an et demi dans un gym. Elles sont dans un \u00e9tat impeccable","og_url":"https:\/\/kridenfloors.com\/index.php\/produit\/dalle-fitness-1mx-1m-40mm-occasion\/","og_site_name":"Kriden Floors","article_publisher":"https:\/\/www.facebook.com\/profile.php?id=61572266346931","article_modified_time":"2025-12-16T08:03:26+00:00","og_image":[{"width":1200,"height":1600,"url":"http:\/\/kridenfloors.com\/wp-content\/uploads\/2025\/08\/fbe933e9-e055-4948-8e80-c881eda5a55c.webp","type":"image\/jpeg"}],"twitter_card":"summary_large_image","twitter_misc":{"Dur\u00e9e de lecture estim\u00e9e":"3 minutes"},"schema":{"@context":"https:\/\/schema.org","@graph":[{"@type":"WebPage","@id":"https:\/\/kridenfloors.com\/index.php\/produit\/dalle-fitness-1mx-1m-40mm-occasion\/","url":"https:\/\/kridenfloors.com\/index.php\/produit\/dalle-fitness-1mx-1m-40mm-occasion\/","name":"Dalles Fitness Platform- 1mx 1m - 40mm (Occasion) - Kriden Floors","isPartOf":{"@id":"https:\/\/kridenfloors.com\/#website"},"primaryImageOfPage":{"@id":"https:\/\/kridenfloors.com\/index.php\/produit\/dalle-fitness-1mx-1m-40mm-occasion\/#primaryimage"},"image":{"@id":"https:\/\/kridenfloors.com\/index.php\/produit\/dalle-fitness-1mx-1m-40mm-occasion\/#primaryimage"},"thumbnailUrl":"https:\/\/kridenfloors.com\/wp-content\/uploads\/2025\/08\/fbe933e9-e055-4948-8e80-c881eda5a55c.webp","datePublished":"2025-08-17T12:02:46+00:00","dateModified":"2025-12-16T08:03:26+00:00","breadcrumb":{"@id":"https:\/\/kridenfloors.com\/index.php\/produit\/dalle-fitness-1mx-1m-40mm-occasion\/#breadcrumb"},"inLanguage":"fr-FR","potentialAction":[{"@type":"ReadAction","target":["https:\/\/kridenfloors.com\/index.php\/produit\/dalle-fitness-1mx-1m-40mm-occasion\/"]}]},{"@type":"ImageObject","inLanguage":"fr-FR","@id":"https:\/\/kridenfloors.com\/index.php\/produit\/dalle-fitness-1mx-1m-40mm-occasion\/#primaryimage","url":"https:\/\/kridenfloors.com\/wp-content\/uploads\/2025\/08\/fbe933e9-e055-4948-8e80-c881eda5a55c.webp","contentUrl":"https:\/\/kridenfloors.com\/wp-content\/uploads\/2025\/08\/fbe933e9-e055-4948-8e80-c881eda5a55c.webp","width":1200,"height":1600},{"@type":"BreadcrumbList","@id":"https:\/\/kridenfloors.com\/index.php\/produit\/dalle-fitness-1mx-1m-40mm-occasion\/#breadcrumb","itemListElement":[{"@type":"ListItem","position":1,"name":"Accueil","item":"https:\/\/kridenfloors.com\/"},{"@type":"ListItem","position":2,"name":"Boutique","item":"https:\/\/kridenfloors.com\/index.php\/boutique\/"},{"@type":"ListItem","position":3,"name":"Dalles Fitness Platform- 1mx 1m &#8211; 40mm (Occasion)"}]},{"@type":"WebSite","@id":"https:\/\/kridenfloors.com\/#website","url":"https:\/\/kridenfloors.com\/","name":"Kriden Floors","description":"La solution pour vos sols Crossfit, Fitness, Arts Martiaux, Aire de jeux, Garage ...","publisher":{"@id":"https:\/\/kridenfloors.com\/#organization"},"potentialAction":[{"@type":"SearchAction","target":{"@type":"EntryPoint","urlTemplate":"https:\/\/kridenfloors.com\/?s={search_term_string}"},"query-input":{"@type":"PropertyValueSpecification","valueRequired":true,"valueName":"search_term_string"}}],"inLanguage":"fr-FR"},{"@type":"Organization","@id":"https:\/\/kridenfloors.com\/#organization","name":"Kriden Floors","url":"https:\/\/kridenfloors.com\/","logo":{"@type":"ImageObject","inLanguage":"fr-FR","@id":"https:\/\/kridenfloors.com\/#\/schema\/logo\/image\/","url":"https:\/\/kridenfloors.com\/wp-content\/uploads\/2024\/05\/logo-kriden-SPORTS-FLOOR-full-color-no-BG-HEAD-TEXT.png","contentUrl":"https:\/\/kridenfloors.com\/wp-content\/uploads\/2024\/05\/logo-kriden-SPORTS-FLOOR-full-color-no-BG-HEAD-TEXT.png","width":798,"height":1165,"caption":"Kriden Floors"},"image":{"@id":"https:\/\/kridenfloors.com\/#\/schema\/logo\/image\/"},"sameAs":["https:\/\/www.facebook.com\/profile.php?id=61572266346931","https:\/\/www.instagram.com\/kriden_floors\/"]}]}},"jetpack_sharing_enabled":true,"_links":{"self":[{"href":"https:\/\/kridenfloors.com\/index.php\/wp-json\/wp\/v2\/product\/1228","targetHints":{"allow":["GET"]}}],"collection":[{"href":"https:\/\/kridenfloors.com\/index.php\/wp-json\/wp\/v2\/product"}],"about":[{"href":"https:\/\/kridenfloors.com\/index.php\/wp-json\/wp\/v2\/types\/product"}],"wp:featuredmedia":[{"embeddable":true,"href":"https:\/\/kridenfloors.com\/index.php\/wp-json\/wp\/v2\/media\/1240"}],"wp:attachment":[{"href":"https:\/\/kridenfloors.com\/index.php\/wp-json\/wp\/v2\/media?parent=1228"}],"wp:term":[{"taxonomy":"product_brand","embeddable":true,"href":"https:\/\/kridenfloors.com\/index.php\/wp-json\/wp\/v2\/product_brand?post=1228"},{"taxonomy":"product_cat","embeddable":true,"href":"https:\/\/kridenfloors.com\/index.php\/wp-json\/wp\/v2\/product_cat?post=1228"},{"taxonomy":"product_tag","embeddable":true,"href":"https:\/\/kridenfloors.com\/index.php\/wp-json\/wp\/v2\/product_tag?post=1228"}],"curies":[{"name":"wp","href":"https:\/\/api.w.org\/{rel}","templated":true}]}}