{"id":1377,"date":"2025-12-12T08:56:23","date_gmt":"2025-12-12T07:56:23","guid":{"rendered":"https:\/\/kridenfloors.com\/?post_type=product&#038;p=1377"},"modified":"2025-12-12T08:59:01","modified_gmt":"2025-12-12T07:59:01","slug":"rampe-fit-pro-caoutchouc-20mm","status":"publish","type":"product","link":"https:\/\/kridenfloors.com\/index.php\/produit\/rampe-fit-pro-caoutchouc-20mm\/","title":{"rendered":"Rampe FIT PRO \u2013 Caoutchouc (20mm)"},"content":{"rendered":"<p>La rampe \u00ab FIT PRO 20mm \u00bb est une bordure de protection qui permet de monter sur le sol sportif sans but\u00e9e. Pour les personnes en fauteuil roulant, c\u2019est \u00e9galement une solution bienvenue.<\/p>\n<p>Vous pouvez utiliser la rampe \u00abFIT PRO 20mm \u00bb parfaitement avec les dalles de sol sportif en caoutchouc d\u2019une \u00e9paisseur de 20 mm. Elles ont une surface anti-poreuse et tr\u00e8s facile \u00e0 nettoyer.<\/p>\n<p>La s\u00e9rie \u00ab FIT PRO \u00bb est un rev\u00eatement de sol respectueux de l\u2019environnement. Les rampes sont fabriqu\u00e9es \u00e0 partir de mati\u00e8res premi\u00e8res liantes en polyur\u00e9thane non toxiques et \u00e0 faibles COV, gr\u00e2ce au recyclage. Il n\u2019y a pas de contaminants tels que m\u00e9taux, pierres ou autres plastiques, donc elles sont \u00e9galement s\u00fbres au contact de la peau. Il s\u2019agit d\u2019une bordure de protection sans m\u00e9tal.<\/p>\n<p>Vous pouvez utiliser de la colle pour caoutchouc pour fixer d\u00e9finitivement la rampe au sol, ou utiliser du ruban adh\u00e9sif double-face.<\/p>\n<p>&nbsp;<\/p>\n<p><strong>Epaisseur<\/strong> :\u00a020mm<br \/>\n<strong>Longueur<\/strong> x Largeur : 100x10cm<br \/>\n<strong>Surface<\/strong> :\u00a00,10m2<br \/>\n<strong>Couleur<\/strong> :\u00a0noir<br \/>\n<strong>Densit\u00e9:<\/strong>\u00a0900 kg\/m\u00b3<br \/>\n<strong>Granulat:<\/strong> Fin &#8211; G2<br \/>\n<strong>Usage:<\/strong> Int\u00e9rieur<\/p>\n","protected":false},"excerpt":{"rendered":"<p><strong>Epaisseur<\/strong> :\u00a020mm<br \/>\n<strong>Longueur<\/strong> x Largeur : 100x10cm<br \/>\n<strong>Surface<\/strong> :\u00a00,10m2<br \/>\n<strong>Couleur<\/strong> :\u00a0noir<br \/>\n<strong>Densit\u00e9:<\/strong>\u00a0900 kg\/m\u00b3<br \/>\n<strong>Granulat:<\/strong> Fin &#8211; G2<br \/>\n<strong>Usage:<\/strong> Int\u00e9rieur<\/p>\n","protected":false},"featured_media":1378,"template":"","meta":[],"product_brand":[],"product_cat":[18,31,50],"product_tag":[],"class_list":{"0":"post-1377","1":"product","2":"type-product","3":"status-publish","4":"has-post-thumbnail","6":"product_cat-fitness","7":"product_cat-fitness-20mm","8":"product_cat-rampes-coins-pour-fitness","10":"first","11":"instock","12":"taxable","13":"shipping-taxable","14":"purchasable","15":"product-type-simple"},"yoast_head":"<!-- This site is optimized with the Yoast SEO plugin v27.5 - https:\/\/yoast.com\/product\/yoast-seo-wordpress\/ -->\n<title>Rampe FIT PRO \u2013 Caoutchouc (20mm) - Kriden Floors<\/title>\n<meta name=\"robots\" content=\"index, follow, max-snippet:-1, max-image-preview:large, max-video-preview:-1\" \/>\n<link rel=\"canonical\" href=\"https:\/\/kridenfloors.com\/index.php\/produit\/rampe-fit-pro-caoutchouc-20mm\/\" \/>\n<meta property=\"og:locale\" content=\"fr_FR\" \/>\n<meta property=\"og:type\" content=\"article\" \/>\n<meta property=\"og:title\" content=\"Rampe FIT PRO \u2013 Caoutchouc (20mm) - Kriden Floors\" \/>\n<meta property=\"og:description\" content=\"Epaisseur :\u00a020mm Longueur x Largeur : 100x10cm Surface :\u00a00,10m2 Couleur :\u00a0noir Densit\u00e9:\u00a0900 kg\/m\u00b3 Granulat: Fin - G2 Usage: Int\u00e9rieur\" \/>\n<meta property=\"og:url\" content=\"https:\/\/kridenfloors.com\/index.php\/produit\/rampe-fit-pro-caoutchouc-20mm\/\" \/>\n<meta property=\"og:site_name\" content=\"Kriden Floors\" \/>\n<meta property=\"article:publisher\" content=\"https:\/\/www.facebook.com\/profile.php?id=61572266346931\" \/>\n<meta property=\"article:modified_time\" content=\"2025-12-12T07:59:01+00:00\" \/>\n<meta property=\"og:image\" content=\"http:\/\/kridenfloors.com\/wp-content\/uploads\/2025\/12\/Ramp-FitPro-20mm-main.webp\" \/>\n\t<meta property=\"og:image:width\" content=\"800\" \/>\n\t<meta property=\"og:image:height\" content=\"800\" \/>\n\t<meta property=\"og:image:type\" content=\"image\/png\" \/>\n<meta name=\"twitter:card\" content=\"summary_large_image\" \/>\n<meta name=\"twitter:label1\" content=\"Dur\u00e9e de lecture estim\u00e9e\" \/>\n\t<meta name=\"twitter:data1\" content=\"2 minutes\" \/>\n<script type=\"application\/ld+json\" class=\"yoast-schema-graph\">{\"@context\":\"https:\\\/\\\/schema.org\",\"@graph\":[{\"@type\":\"WebPage\",\"@id\":\"https:\\\/\\\/kridenfloors.com\\\/index.php\\\/produit\\\/rampe-fit-pro-caoutchouc-20mm\\\/\",\"url\":\"https:\\\/\\\/kridenfloors.com\\\/index.php\\\/produit\\\/rampe-fit-pro-caoutchouc-20mm\\\/\",\"name\":\"Rampe FIT PRO \u2013 Caoutchouc (20mm) - Kriden Floors\",\"isPartOf\":{\"@id\":\"https:\\\/\\\/kridenfloors.com\\\/#website\"},\"primaryImageOfPage\":{\"@id\":\"https:\\\/\\\/kridenfloors.com\\\/index.php\\\/produit\\\/rampe-fit-pro-caoutchouc-20mm\\\/#primaryimage\"},\"image\":{\"@id\":\"https:\\\/\\\/kridenfloors.com\\\/index.php\\\/produit\\\/rampe-fit-pro-caoutchouc-20mm\\\/#primaryimage\"},\"thumbnailUrl\":\"https:\\\/\\\/kridenfloors.com\\\/wp-content\\\/uploads\\\/2025\\\/12\\\/Ramp-FitPro-20mm-main.webp\",\"datePublished\":\"2025-12-12T07:56:23+00:00\",\"dateModified\":\"2025-12-12T07:59:01+00:00\",\"breadcrumb\":{\"@id\":\"https:\\\/\\\/kridenfloors.com\\\/index.php\\\/produit\\\/rampe-fit-pro-caoutchouc-20mm\\\/#breadcrumb\"},\"inLanguage\":\"fr-FR\",\"potentialAction\":[{\"@type\":\"ReadAction\",\"target\":[\"https:\\\/\\\/kridenfloors.com\\\/index.php\\\/produit\\\/rampe-fit-pro-caoutchouc-20mm\\\/\"]}]},{\"@type\":\"ImageObject\",\"inLanguage\":\"fr-FR\",\"@id\":\"https:\\\/\\\/kridenfloors.com\\\/index.php\\\/produit\\\/rampe-fit-pro-caoutchouc-20mm\\\/#primaryimage\",\"url\":\"https:\\\/\\\/kridenfloors.com\\\/wp-content\\\/uploads\\\/2025\\\/12\\\/Ramp-FitPro-20mm-main.webp\",\"contentUrl\":\"https:\\\/\\\/kridenfloors.com\\\/wp-content\\\/uploads\\\/2025\\\/12\\\/Ramp-FitPro-20mm-main.webp\",\"width\":800,\"height\":800},{\"@type\":\"BreadcrumbList\",\"@id\":\"https:\\\/\\\/kridenfloors.com\\\/index.php\\\/produit\\\/rampe-fit-pro-caoutchouc-20mm\\\/#breadcrumb\",\"itemListElement\":[{\"@type\":\"ListItem\",\"position\":1,\"name\":\"Accueil\",\"item\":\"https:\\\/\\\/kridenfloors.com\\\/\"},{\"@type\":\"ListItem\",\"position\":2,\"name\":\"Boutique\",\"item\":\"https:\\\/\\\/kridenfloors.com\\\/index.php\\\/boutique\\\/\"},{\"@type\":\"ListItem\",\"position\":3,\"name\":\"Rampe FIT PRO \u2013 Caoutchouc (20mm)\"}]},{\"@type\":\"WebSite\",\"@id\":\"https:\\\/\\\/kridenfloors.com\\\/#website\",\"url\":\"https:\\\/\\\/kridenfloors.com\\\/\",\"name\":\"Kriden Floors\",\"description\":\"La solution pour vos sols Crossfit, Fitness, Arts Martiaux, Aire de jeux, Garage ...\",\"publisher\":{\"@id\":\"https:\\\/\\\/kridenfloors.com\\\/#organization\"},\"potentialAction\":[{\"@type\":\"SearchAction\",\"target\":{\"@type\":\"EntryPoint\",\"urlTemplate\":\"https:\\\/\\\/kridenfloors.com\\\/?s={search_term_string}\"},\"query-input\":{\"@type\":\"PropertyValueSpecification\",\"valueRequired\":true,\"valueName\":\"search_term_string\"}}],\"inLanguage\":\"fr-FR\"},{\"@type\":\"Organization\",\"@id\":\"https:\\\/\\\/kridenfloors.com\\\/#organization\",\"name\":\"Kriden Floors\",\"url\":\"https:\\\/\\\/kridenfloors.com\\\/\",\"logo\":{\"@type\":\"ImageObject\",\"inLanguage\":\"fr-FR\",\"@id\":\"https:\\\/\\\/kridenfloors.com\\\/#\\\/schema\\\/logo\\\/image\\\/\",\"url\":\"https:\\\/\\\/kridenfloors.com\\\/wp-content\\\/uploads\\\/2024\\\/05\\\/logo-kriden-SPORTS-FLOOR-full-color-no-BG-HEAD-TEXT.png\",\"contentUrl\":\"https:\\\/\\\/kridenfloors.com\\\/wp-content\\\/uploads\\\/2024\\\/05\\\/logo-kriden-SPORTS-FLOOR-full-color-no-BG-HEAD-TEXT.png\",\"width\":798,\"height\":1165,\"caption\":\"Kriden Floors\"},\"image\":{\"@id\":\"https:\\\/\\\/kridenfloors.com\\\/#\\\/schema\\\/logo\\\/image\\\/\"},\"sameAs\":[\"https:\\\/\\\/www.facebook.com\\\/profile.php?id=61572266346931\",\"https:\\\/\\\/www.instagram.com\\\/kriden_floors\\\/\"]}]}<\/script>\n<!-- \/ Yoast SEO plugin. -->","yoast_head_json":{"title":"Rampe FIT PRO \u2013 Caoutchouc (20mm) - Kriden Floors","robots":{"index":"index","follow":"follow","max-snippet":"max-snippet:-1","max-image-preview":"max-image-preview:large","max-video-preview":"max-video-preview:-1"},"canonical":"https:\/\/kridenfloors.com\/index.php\/produit\/rampe-fit-pro-caoutchouc-20mm\/","og_locale":"fr_FR","og_type":"article","og_title":"Rampe FIT PRO \u2013 Caoutchouc (20mm) - Kriden Floors","og_description":"Epaisseur :\u00a020mm Longueur x Largeur : 100x10cm Surface :\u00a00,10m2 Couleur :\u00a0noir Densit\u00e9:\u00a0900 kg\/m\u00b3 Granulat: Fin - G2 Usage: Int\u00e9rieur","og_url":"https:\/\/kridenfloors.com\/index.php\/produit\/rampe-fit-pro-caoutchouc-20mm\/","og_site_name":"Kriden Floors","article_publisher":"https:\/\/www.facebook.com\/profile.php?id=61572266346931","article_modified_time":"2025-12-12T07:59:01+00:00","og_image":[{"width":800,"height":800,"url":"http:\/\/kridenfloors.com\/wp-content\/uploads\/2025\/12\/Ramp-FitPro-20mm-main.webp","type":"image\/png"}],"twitter_card":"summary_large_image","twitter_misc":{"Dur\u00e9e de lecture estim\u00e9e":"2 minutes"},"schema":{"@context":"https:\/\/schema.org","@graph":[{"@type":"WebPage","@id":"https:\/\/kridenfloors.com\/index.php\/produit\/rampe-fit-pro-caoutchouc-20mm\/","url":"https:\/\/kridenfloors.com\/index.php\/produit\/rampe-fit-pro-caoutchouc-20mm\/","name":"Rampe FIT PRO \u2013 Caoutchouc (20mm) - Kriden Floors","isPartOf":{"@id":"https:\/\/kridenfloors.com\/#website"},"primaryImageOfPage":{"@id":"https:\/\/kridenfloors.com\/index.php\/produit\/rampe-fit-pro-caoutchouc-20mm\/#primaryimage"},"image":{"@id":"https:\/\/kridenfloors.com\/index.php\/produit\/rampe-fit-pro-caoutchouc-20mm\/#primaryimage"},"thumbnailUrl":"https:\/\/kridenfloors.com\/wp-content\/uploads\/2025\/12\/Ramp-FitPro-20mm-main.webp","datePublished":"2025-12-12T07:56:23+00:00","dateModified":"2025-12-12T07:59:01+00:00","breadcrumb":{"@id":"https:\/\/kridenfloors.com\/index.php\/produit\/rampe-fit-pro-caoutchouc-20mm\/#breadcrumb"},"inLanguage":"fr-FR","potentialAction":[{"@type":"ReadAction","target":["https:\/\/kridenfloors.com\/index.php\/produit\/rampe-fit-pro-caoutchouc-20mm\/"]}]},{"@type":"ImageObject","inLanguage":"fr-FR","@id":"https:\/\/kridenfloors.com\/index.php\/produit\/rampe-fit-pro-caoutchouc-20mm\/#primaryimage","url":"https:\/\/kridenfloors.com\/wp-content\/uploads\/2025\/12\/Ramp-FitPro-20mm-main.webp","contentUrl":"https:\/\/kridenfloors.com\/wp-content\/uploads\/2025\/12\/Ramp-FitPro-20mm-main.webp","width":800,"height":800},{"@type":"BreadcrumbList","@id":"https:\/\/kridenfloors.com\/index.php\/produit\/rampe-fit-pro-caoutchouc-20mm\/#breadcrumb","itemListElement":[{"@type":"ListItem","position":1,"name":"Accueil","item":"https:\/\/kridenfloors.com\/"},{"@type":"ListItem","position":2,"name":"Boutique","item":"https:\/\/kridenfloors.com\/index.php\/boutique\/"},{"@type":"ListItem","position":3,"name":"Rampe FIT PRO \u2013 Caoutchouc (20mm)"}]},{"@type":"WebSite","@id":"https:\/\/kridenfloors.com\/#website","url":"https:\/\/kridenfloors.com\/","name":"Kriden Floors","description":"La solution pour vos sols Crossfit, Fitness, Arts Martiaux, Aire de jeux, Garage ...","publisher":{"@id":"https:\/\/kridenfloors.com\/#organization"},"potentialAction":[{"@type":"SearchAction","target":{"@type":"EntryPoint","urlTemplate":"https:\/\/kridenfloors.com\/?s={search_term_string}"},"query-input":{"@type":"PropertyValueSpecification","valueRequired":true,"valueName":"search_term_string"}}],"inLanguage":"fr-FR"},{"@type":"Organization","@id":"https:\/\/kridenfloors.com\/#organization","name":"Kriden Floors","url":"https:\/\/kridenfloors.com\/","logo":{"@type":"ImageObject","inLanguage":"fr-FR","@id":"https:\/\/kridenfloors.com\/#\/schema\/logo\/image\/","url":"https:\/\/kridenfloors.com\/wp-content\/uploads\/2024\/05\/logo-kriden-SPORTS-FLOOR-full-color-no-BG-HEAD-TEXT.png","contentUrl":"https:\/\/kridenfloors.com\/wp-content\/uploads\/2024\/05\/logo-kriden-SPORTS-FLOOR-full-color-no-BG-HEAD-TEXT.png","width":798,"height":1165,"caption":"Kriden Floors"},"image":{"@id":"https:\/\/kridenfloors.com\/#\/schema\/logo\/image\/"},"sameAs":["https:\/\/www.facebook.com\/profile.php?id=61572266346931","https:\/\/www.instagram.com\/kriden_floors\/"]}]}},"jetpack_sharing_enabled":true,"_links":{"self":[{"href":"https:\/\/kridenfloors.com\/index.php\/wp-json\/wp\/v2\/product\/1377","targetHints":{"allow":["GET"]}}],"collection":[{"href":"https:\/\/kridenfloors.com\/index.php\/wp-json\/wp\/v2\/product"}],"about":[{"href":"https:\/\/kridenfloors.com\/index.php\/wp-json\/wp\/v2\/types\/product"}],"wp:featuredmedia":[{"embeddable":true,"href":"https:\/\/kridenfloors.com\/index.php\/wp-json\/wp\/v2\/media\/1378"}],"wp:attachment":[{"href":"https:\/\/kridenfloors.com\/index.php\/wp-json\/wp\/v2\/media?parent=1377"}],"wp:term":[{"taxonomy":"product_brand","embeddable":true,"href":"https:\/\/kridenfloors.com\/index.php\/wp-json\/wp\/v2\/product_brand?post=1377"},{"taxonomy":"product_cat","embeddable":true,"href":"https:\/\/kridenfloors.com\/index.php\/wp-json\/wp\/v2\/product_cat?post=1377"},{"taxonomy":"product_tag","embeddable":true,"href":"https:\/\/kridenfloors.com\/index.php\/wp-json\/wp\/v2\/product_tag?post=1377"}],"curies":[{"name":"wp","href":"https:\/\/api.w.org\/{rel}","templated":true}]}}