{"id":230,"date":"2024-12-09T14:39:46","date_gmt":"2024-12-09T13:39:46","guid":{"rendered":"https:\/\/kridenfloors.com\/?post_type=product&#038;p=230"},"modified":"2026-04-22T08:51:48","modified_gmt":"2026-04-22T06:51:48","slug":"sprinttrack-rouge-2m-x-25m-lignes-blanches","status":"publish","type":"product","link":"https:\/\/kridenfloors.com\/index.php\/produit\/sprinttrack-rouge-2m-x-25m-lignes-blanches\/","title":{"rendered":"Sprinttrack Rouge 2m x 25m (+lignes blanches)"},"content":{"rendered":"Le Sprinttrack Multiplay PRO a une courte longueur d\u2019herbe qui assure une qualit\u00e9 extr\u00eamement solide et moins de terre entre les pelouses, il reste magnifiquement structur\u00e9, le gazon sportif ne s\u2019enroule pas aux extr\u00e9mit\u00e9s comme le gazon synth\u00e9tique classique, l\u2019eau est parfaitement drain\u00e9e car c\u2019est une structure avec une couche de fond ouverte (donc elle ne sent pas et ne reste pas humide). En raison d'une\u00a0 \u00ab longueur d\u2019herbe \u00bb la plus courte, ce sprinttrack est tr\u00e8s adapt\u00e9 \u00e0 un usage intensif, comme piste sportive et de sport, ainsi qu\u2019\u00e0 un usage intensif ou public.<br \/><br \/>\r\n\r\nLe Sprinttrack Multiplay PRO est parfaitement adapt\u00e9 aux terrains de sport, pistes de sprint, terrains d\u2019entra\u00eenement, pistes de fitness et crossfit. Tr\u00e8s adapt\u00e9 aussi \u00e0 un \u00ab tra\u00eeneau Crossfit \u00bb car le gazon de sport reste ferme une fois coll\u00e9 \u00e0 la surface. Nous recommandons d\u2019utiliser une surface \u00ab Shockpad \u00bb de 10 mm et une densit\u00e9 de 200 kg\/m3 pour un confort optimal et une belle connexion avec le plancher en caoutchouc de 2 ou 3 cm d\u2019\u00e9paisseur.<br \/><br \/>\r\n\r\nDisponible en quatre couleurs : vert, rouge, bleu et noir.<br \/><br \/>\r\n\r\nLa meilleure qualit\u00e9, imm\u00e9diatement disponible, produite et 100 % recyclable, r\u00e9sistante au gel, peut \u00eatre pos\u00e9e directement sur votre sous-plancher (plat) existant ou sur coussinage (shockpads), le terrain de sport, le terrain d\u2019entra\u00eenement ou l\u2019aire de jeux.\r\n<br \/><br \/>\r\n&nbsp;\r\n\r\n<strong>Caract\u00e9ristiques et avantages<\/strong><br \/>\r\n\u2022 taille : 200\u00d71000 cm \/200\u00d71500 cm \/ 200\u00d72500 cm<br \/>\r\n\u2022 disponible en 4 couleurs<br \/>\r\n\u2022 3 bandes blanches par piste<br \/>\r\n\u2022 Certifi\u00e9 UE selon EN-1177<br \/>\r\n\u2022 perm\u00e9able \u00e0 l\u2019humidit\u00e9<br \/>\r\n\u2022 r\u00e9sistant \u00e0 l\u2019usure<br \/>\r\n\u2022 antid\u00e9rapant<br \/>\r\n\u2022 r\u00e9sistant aux intemp\u00e9ries et au vent<br \/>\r\n\u2022 pouvant \u00eatre coup\u00e9<br \/>\r\n\u2022 id\u00e9al avec sous-couche de coussinage<br \/>\r\n\u2022 facile \u00e0 entretenir<br \/>\r\n\u2022 absorbant le son<br \/>\r\n\u2022 Garantie constructeur de 3 ans<br \/>\r\n\u2022 100 % de s\u00e9curit\u00e9<br \/><br \/>\n","protected":false},"excerpt":{"rendered":"<p><strong>Epaisseur en mm :<\/strong>\u00a0\u00a012mm<br \/>\n<strong>Longueur \u00d7 largeur en cm :<\/strong> \u00a015 x 2m<br \/>\n<strong>Surface en m2 :<\/strong>\u00a0 30m2<br \/>\n<strong>Coloris :<\/strong>\u00a0vert \/ rouge \/ bleu \/ noir (avec 3 bandes blanches)<\/p>\n","protected":false},"featured_media":220,"template":"","meta":[],"product_brand":[],"product_cat":[41,21],"product_tag":[],"class_list":{"0":"post-230","1":"product","2":"type-product","3":"status-publish","4":"has-post-thumbnail","6":"product_cat-sprinttracks-largeur-2m-x-25m","7":"product_cat-sprinttracks-turfs","9":"first","10":"instock","11":"taxable","12":"shipping-taxable","13":"purchasable","14":"product-type-simple"},"yoast_head":"<!-- This site is optimized with the Yoast SEO plugin v27.4 - https:\/\/yoast.com\/product\/yoast-seo-wordpress\/ -->\n<title>Sprinttrack Rouge 2m x 25m (+lignes blanches) - Kriden Floors<\/title>\n<meta name=\"robots\" content=\"index, follow, max-snippet:-1, max-image-preview:large, max-video-preview:-1\" \/>\n<link rel=\"canonical\" href=\"https:\/\/kridenfloors.com\/index.php\/produit\/sprinttrack-rouge-2m-x-25m-lignes-blanches\/\" \/>\n<meta property=\"og:locale\" content=\"fr_FR\" \/>\n<meta property=\"og:type\" content=\"article\" \/>\n<meta property=\"og:title\" content=\"Sprinttrack Rouge 2m x 25m (+lignes blanches) - Kriden Floors\" \/>\n<meta property=\"og:description\" content=\"Epaisseur en mm :\u00a0\u00a012mm Longueur \u00d7 largeur en cm : \u00a015 x 2m Surface en m2 :\u00a0 30m2 Coloris :\u00a0vert \/ rouge \/ bleu \/ noir (avec 3 bandes blanches)\" \/>\n<meta property=\"og:url\" content=\"https:\/\/kridenfloors.com\/index.php\/produit\/sprinttrack-rouge-2m-x-25m-lignes-blanches\/\" \/>\n<meta property=\"og:site_name\" content=\"Kriden Floors\" \/>\n<meta property=\"article:publisher\" content=\"https:\/\/www.facebook.com\/profile.php?id=61572266346931\" \/>\n<meta property=\"article:modified_time\" content=\"2026-04-22T06:51:48+00:00\" \/>\n<meta property=\"og:image\" content=\"http:\/\/kridenfloors.com\/wp-content\/uploads\/2024\/12\/sprinttrack-2x25m-400x400-1.jpg\" \/>\n\t<meta property=\"og:image:width\" content=\"400\" \/>\n\t<meta property=\"og:image:height\" content=\"400\" \/>\n\t<meta property=\"og:image:type\" content=\"image\/jpeg\" \/>\n<meta name=\"twitter:card\" content=\"summary_large_image\" \/>\n<meta name=\"twitter:label1\" content=\"Dur\u00e9e de lecture estim\u00e9e\" \/>\n\t<meta name=\"twitter:data1\" content=\"1 minute\" \/>\n<script type=\"application\/ld+json\" class=\"yoast-schema-graph\">{\"@context\":\"https:\\\/\\\/schema.org\",\"@graph\":[{\"@type\":\"WebPage\",\"@id\":\"https:\\\/\\\/kridenfloors.com\\\/index.php\\\/produit\\\/sprinttrack-rouge-2m-x-25m-lignes-blanches\\\/\",\"url\":\"https:\\\/\\\/kridenfloors.com\\\/index.php\\\/produit\\\/sprinttrack-rouge-2m-x-25m-lignes-blanches\\\/\",\"name\":\"Sprinttrack Rouge 2m x 25m (+lignes blanches) - Kriden Floors\",\"isPartOf\":{\"@id\":\"https:\\\/\\\/kridenfloors.com\\\/#website\"},\"primaryImageOfPage\":{\"@id\":\"https:\\\/\\\/kridenfloors.com\\\/index.php\\\/produit\\\/sprinttrack-rouge-2m-x-25m-lignes-blanches\\\/#primaryimage\"},\"image\":{\"@id\":\"https:\\\/\\\/kridenfloors.com\\\/index.php\\\/produit\\\/sprinttrack-rouge-2m-x-25m-lignes-blanches\\\/#primaryimage\"},\"thumbnailUrl\":\"https:\\\/\\\/kridenfloors.com\\\/wp-content\\\/uploads\\\/2024\\\/12\\\/sprinttrack-2x25m-400x400-1.jpg\",\"datePublished\":\"2024-12-09T13:39:46+00:00\",\"dateModified\":\"2026-04-22T06:51:48+00:00\",\"breadcrumb\":{\"@id\":\"https:\\\/\\\/kridenfloors.com\\\/index.php\\\/produit\\\/sprinttrack-rouge-2m-x-25m-lignes-blanches\\\/#breadcrumb\"},\"inLanguage\":\"fr-FR\",\"potentialAction\":[{\"@type\":\"ReadAction\",\"target\":[\"https:\\\/\\\/kridenfloors.com\\\/index.php\\\/produit\\\/sprinttrack-rouge-2m-x-25m-lignes-blanches\\\/\"]}]},{\"@type\":\"ImageObject\",\"inLanguage\":\"fr-FR\",\"@id\":\"https:\\\/\\\/kridenfloors.com\\\/index.php\\\/produit\\\/sprinttrack-rouge-2m-x-25m-lignes-blanches\\\/#primaryimage\",\"url\":\"https:\\\/\\\/kridenfloors.com\\\/wp-content\\\/uploads\\\/2024\\\/12\\\/sprinttrack-2x25m-400x400-1.jpg\",\"contentUrl\":\"https:\\\/\\\/kridenfloors.com\\\/wp-content\\\/uploads\\\/2024\\\/12\\\/sprinttrack-2x25m-400x400-1.jpg\",\"width\":400,\"height\":400},{\"@type\":\"BreadcrumbList\",\"@id\":\"https:\\\/\\\/kridenfloors.com\\\/index.php\\\/produit\\\/sprinttrack-rouge-2m-x-25m-lignes-blanches\\\/#breadcrumb\",\"itemListElement\":[{\"@type\":\"ListItem\",\"position\":1,\"name\":\"Accueil\",\"item\":\"https:\\\/\\\/kridenfloors.com\\\/\"},{\"@type\":\"ListItem\",\"position\":2,\"name\":\"Boutique\",\"item\":\"https:\\\/\\\/kridenfloors.com\\\/index.php\\\/boutique\\\/\"},{\"@type\":\"ListItem\",\"position\":3,\"name\":\"Sprinttrack Rouge 2m x 25m (+lignes blanches)\"}]},{\"@type\":\"WebSite\",\"@id\":\"https:\\\/\\\/kridenfloors.com\\\/#website\",\"url\":\"https:\\\/\\\/kridenfloors.com\\\/\",\"name\":\"Kriden Floors\",\"description\":\"La solution pour vos sols Crossfit, Fitness, Arts Martiaux, Aire de jeux, Garage ...\",\"publisher\":{\"@id\":\"https:\\\/\\\/kridenfloors.com\\\/#organization\"},\"potentialAction\":[{\"@type\":\"SearchAction\",\"target\":{\"@type\":\"EntryPoint\",\"urlTemplate\":\"https:\\\/\\\/kridenfloors.com\\\/?s={search_term_string}\"},\"query-input\":{\"@type\":\"PropertyValueSpecification\",\"valueRequired\":true,\"valueName\":\"search_term_string\"}}],\"inLanguage\":\"fr-FR\"},{\"@type\":\"Organization\",\"@id\":\"https:\\\/\\\/kridenfloors.com\\\/#organization\",\"name\":\"Kriden Floors\",\"url\":\"https:\\\/\\\/kridenfloors.com\\\/\",\"logo\":{\"@type\":\"ImageObject\",\"inLanguage\":\"fr-FR\",\"@id\":\"https:\\\/\\\/kridenfloors.com\\\/#\\\/schema\\\/logo\\\/image\\\/\",\"url\":\"https:\\\/\\\/kridenfloors.com\\\/wp-content\\\/uploads\\\/2024\\\/05\\\/logo-kriden-SPORTS-FLOOR-full-color-no-BG-HEAD-TEXT.png\",\"contentUrl\":\"https:\\\/\\\/kridenfloors.com\\\/wp-content\\\/uploads\\\/2024\\\/05\\\/logo-kriden-SPORTS-FLOOR-full-color-no-BG-HEAD-TEXT.png\",\"width\":798,\"height\":1165,\"caption\":\"Kriden Floors\"},\"image\":{\"@id\":\"https:\\\/\\\/kridenfloors.com\\\/#\\\/schema\\\/logo\\\/image\\\/\"},\"sameAs\":[\"https:\\\/\\\/www.facebook.com\\\/profile.php?id=61572266346931\",\"https:\\\/\\\/www.instagram.com\\\/kriden_floors\\\/\"]}]}<\/script>\n<!-- \/ Yoast SEO plugin. -->","yoast_head_json":{"title":"Sprinttrack Rouge 2m x 25m (+lignes blanches) - Kriden Floors","robots":{"index":"index","follow":"follow","max-snippet":"max-snippet:-1","max-image-preview":"max-image-preview:large","max-video-preview":"max-video-preview:-1"},"canonical":"https:\/\/kridenfloors.com\/index.php\/produit\/sprinttrack-rouge-2m-x-25m-lignes-blanches\/","og_locale":"fr_FR","og_type":"article","og_title":"Sprinttrack Rouge 2m x 25m (+lignes blanches) - Kriden Floors","og_description":"Epaisseur en mm :\u00a0\u00a012mm Longueur \u00d7 largeur en cm : \u00a015 x 2m Surface en m2 :\u00a0 30m2 Coloris :\u00a0vert \/ rouge \/ bleu \/ noir (avec 3 bandes blanches)","og_url":"https:\/\/kridenfloors.com\/index.php\/produit\/sprinttrack-rouge-2m-x-25m-lignes-blanches\/","og_site_name":"Kriden Floors","article_publisher":"https:\/\/www.facebook.com\/profile.php?id=61572266346931","article_modified_time":"2026-04-22T06:51:48+00:00","og_image":[{"width":400,"height":400,"url":"http:\/\/kridenfloors.com\/wp-content\/uploads\/2024\/12\/sprinttrack-2x25m-400x400-1.jpg","type":"image\/jpeg"}],"twitter_card":"summary_large_image","twitter_misc":{"Dur\u00e9e de lecture estim\u00e9e":"1 minute"},"schema":{"@context":"https:\/\/schema.org","@graph":[{"@type":"WebPage","@id":"https:\/\/kridenfloors.com\/index.php\/produit\/sprinttrack-rouge-2m-x-25m-lignes-blanches\/","url":"https:\/\/kridenfloors.com\/index.php\/produit\/sprinttrack-rouge-2m-x-25m-lignes-blanches\/","name":"Sprinttrack Rouge 2m x 25m (+lignes blanches) - Kriden Floors","isPartOf":{"@id":"https:\/\/kridenfloors.com\/#website"},"primaryImageOfPage":{"@id":"https:\/\/kridenfloors.com\/index.php\/produit\/sprinttrack-rouge-2m-x-25m-lignes-blanches\/#primaryimage"},"image":{"@id":"https:\/\/kridenfloors.com\/index.php\/produit\/sprinttrack-rouge-2m-x-25m-lignes-blanches\/#primaryimage"},"thumbnailUrl":"https:\/\/kridenfloors.com\/wp-content\/uploads\/2024\/12\/sprinttrack-2x25m-400x400-1.jpg","datePublished":"2024-12-09T13:39:46+00:00","dateModified":"2026-04-22T06:51:48+00:00","breadcrumb":{"@id":"https:\/\/kridenfloors.com\/index.php\/produit\/sprinttrack-rouge-2m-x-25m-lignes-blanches\/#breadcrumb"},"inLanguage":"fr-FR","potentialAction":[{"@type":"ReadAction","target":["https:\/\/kridenfloors.com\/index.php\/produit\/sprinttrack-rouge-2m-x-25m-lignes-blanches\/"]}]},{"@type":"ImageObject","inLanguage":"fr-FR","@id":"https:\/\/kridenfloors.com\/index.php\/produit\/sprinttrack-rouge-2m-x-25m-lignes-blanches\/#primaryimage","url":"https:\/\/kridenfloors.com\/wp-content\/uploads\/2024\/12\/sprinttrack-2x25m-400x400-1.jpg","contentUrl":"https:\/\/kridenfloors.com\/wp-content\/uploads\/2024\/12\/sprinttrack-2x25m-400x400-1.jpg","width":400,"height":400},{"@type":"BreadcrumbList","@id":"https:\/\/kridenfloors.com\/index.php\/produit\/sprinttrack-rouge-2m-x-25m-lignes-blanches\/#breadcrumb","itemListElement":[{"@type":"ListItem","position":1,"name":"Accueil","item":"https:\/\/kridenfloors.com\/"},{"@type":"ListItem","position":2,"name":"Boutique","item":"https:\/\/kridenfloors.com\/index.php\/boutique\/"},{"@type":"ListItem","position":3,"name":"Sprinttrack Rouge 2m x 25m (+lignes blanches)"}]},{"@type":"WebSite","@id":"https:\/\/kridenfloors.com\/#website","url":"https:\/\/kridenfloors.com\/","name":"Kriden Floors","description":"La solution pour vos sols Crossfit, Fitness, Arts Martiaux, Aire de jeux, Garage ...","publisher":{"@id":"https:\/\/kridenfloors.com\/#organization"},"potentialAction":[{"@type":"SearchAction","target":{"@type":"EntryPoint","urlTemplate":"https:\/\/kridenfloors.com\/?s={search_term_string}"},"query-input":{"@type":"PropertyValueSpecification","valueRequired":true,"valueName":"search_term_string"}}],"inLanguage":"fr-FR"},{"@type":"Organization","@id":"https:\/\/kridenfloors.com\/#organization","name":"Kriden Floors","url":"https:\/\/kridenfloors.com\/","logo":{"@type":"ImageObject","inLanguage":"fr-FR","@id":"https:\/\/kridenfloors.com\/#\/schema\/logo\/image\/","url":"https:\/\/kridenfloors.com\/wp-content\/uploads\/2024\/05\/logo-kriden-SPORTS-FLOOR-full-color-no-BG-HEAD-TEXT.png","contentUrl":"https:\/\/kridenfloors.com\/wp-content\/uploads\/2024\/05\/logo-kriden-SPORTS-FLOOR-full-color-no-BG-HEAD-TEXT.png","width":798,"height":1165,"caption":"Kriden Floors"},"image":{"@id":"https:\/\/kridenfloors.com\/#\/schema\/logo\/image\/"},"sameAs":["https:\/\/www.facebook.com\/profile.php?id=61572266346931","https:\/\/www.instagram.com\/kriden_floors\/"]}]}},"jetpack_sharing_enabled":true,"_links":{"self":[{"href":"https:\/\/kridenfloors.com\/index.php\/wp-json\/wp\/v2\/product\/230","targetHints":{"allow":["GET"]}}],"collection":[{"href":"https:\/\/kridenfloors.com\/index.php\/wp-json\/wp\/v2\/product"}],"about":[{"href":"https:\/\/kridenfloors.com\/index.php\/wp-json\/wp\/v2\/types\/product"}],"wp:featuredmedia":[{"embeddable":true,"href":"https:\/\/kridenfloors.com\/index.php\/wp-json\/wp\/v2\/media\/220"}],"wp:attachment":[{"href":"https:\/\/kridenfloors.com\/index.php\/wp-json\/wp\/v2\/media?parent=230"}],"wp:term":[{"taxonomy":"product_brand","embeddable":true,"href":"https:\/\/kridenfloors.com\/index.php\/wp-json\/wp\/v2\/product_brand?post=230"},{"taxonomy":"product_cat","embeddable":true,"href":"https:\/\/kridenfloors.com\/index.php\/wp-json\/wp\/v2\/product_cat?post=230"},{"taxonomy":"product_tag","embeddable":true,"href":"https:\/\/kridenfloors.com\/index.php\/wp-json\/wp\/v2\/product_tag?post=230"}],"curies":[{"name":"wp","href":"https:\/\/api.w.org\/{rel}","templated":true}]}}