{"id":255,"date":"2024-12-12T14:15:40","date_gmt":"2024-12-12T13:15:40","guid":{"rendered":"https:\/\/kridenfloors.com\/?post_type=product&#038;p=255"},"modified":"2025-03-05T09:26:18","modified_gmt":"2025-03-05T08:26:18","slug":"dalle-pour-ecurie-40mm-caoutchouc-sbr-rouge","status":"publish","type":"product","link":"https:\/\/kridenfloors.com\/index.php\/produit\/dalle-pour-ecurie-40mm-caoutchouc-sbr-rouge\/","title":{"rendered":"Dalle pour \u00e9curie 40mm \u2013 Caoutchouc SBR ROUGE"},"content":{"rendered":"<p>Les dalles d\u2019\u00e9curie \/ Tapis drainant pour boxes &amp; paddocks\u00a0 sont la solution id\u00e9ale pour les \u00e9curies ou les \u00e9curies avec d\u2019autres animaux. Au lieu d\u2019un sol en b\u00e9ton comme base, vous pouvez utiliser ces dalles d\u2019\u00e9curie pour rendre le sous-plancher confortable pour votre animal.<\/p>\n<p>Les dalles d\u2019\u00e9curie sont en caoutchouc naturel, elles peuvent donc r\u00e9sister au froid extr\u00eame. Cela signifie que les dalles d\u2019\u00e9curie peuvent \u00e9galement \u00eatre utilis\u00e9es \u00e0 l\u2019ext\u00e9rieur en hiver.<\/p>\n<p>La structure clout\u00e9e sur la face inf\u00e9rieure du tapis assure une \u00e9vacuation rapide de l\u2019eau et de l\u2019urine. Cela garantit un espace propre et hygi\u00e9nique. De plus, en installant des dalles d\u2019\u00e9curie, des \u00e9conomies consid\u00e9rables peuvent \u00eatre r\u00e9alis\u00e9es sur la paille.<\/p>\n<p>Les avantages suppl\u00e9mentaires sont que les dalles stables sont isolantes, insonorisantes et \u00e9lastiques. Avec une perm\u00e9abilit\u00e9 \u00e0 l\u2019eau avec une dalle de 4cm d\u2019\u00e9paisseur de 960mm\/heure.<\/p>\n<p>Facile \u00e0 nettoyer<\/p>\n<p>Pose possible sur b\u00e9ton, pav\u00e9s en b\u00e9ton ou lit de graviers\/gravillons (plat et compact\u00e9). La pr\u00e9sence d\u2019une pente de 2 \u00e0 3 % ainsi qu\u2019une possibilit\u00e9 d\u2019\u00e9coulement sont imp\u00e9ratives.<\/p>\n<p>Nous recommandons de placer une bordure afin d\u2019\u00e9viter qu\u2019ils ne glissent.<\/p>\n<p><strong>Moins de liti\u00e8re\u00a0:<\/strong><\/p>\n<p>En fonction du tapis, vous pouvez \u00e9conomiser entre 70 % et 90 % de liti\u00e8re. Ce qui signifie moins de fumier et moins de frais.<\/p>\n<p>&nbsp;<\/p>\n<p><strong>Caract\u00e9ristiques et avantages<\/strong><\/p>\n<ul>\n<li>format : 100\u00d7100<\/li>\n<li>couleurs : noir, rouge<\/li>\n<li>\u00e9paisseur : 4 cm<\/li>\n<li>certifi\u00e9 UE selon EN-1177<\/li>\n<li>absorbant les chocs<\/li>\n<li>perm\u00e9able \u00e0 l\u2019humidit\u00e9<\/li>\n<li>r\u00e9sistant \u00e0 l\u2019usure<\/li>\n<li>antid\u00e9rapant<\/li>\n<li>r\u00e9sistant aux intemp\u00e9ries et vent<\/li>\n<li>facile \u00e0 couper et \u00e0 installer<\/li>\n<li>facile d\u2019entretien<\/li>\n<li>insonorisant<\/li>\n<li>2 ans de garantie du fabricant<\/li>\n<li>100 % recycl\u00e9, 100 % s\u00fbr<\/li>\n<\/ul>\n","protected":false},"excerpt":{"rendered":"<p>Id\u00e9al pour \u00e9curie, man\u00e8ge, \u00e9table, box pour chevaux, centre \u00e9questre, haras<\/p>\n<p><strong>Epaisseur<\/strong>\u00a0: 40mm<br \/>\n<strong>Longueur x Largeur<\/strong>\u00a0:\u00a0100x100cm<br \/>\n<strong>Poids<\/strong>\u00a0: 31,70kg<br \/>\n<strong>Surface<\/strong>\u00a0:\u00a01m2<br \/>\n<strong>Couleur<\/strong> : rouge<br \/>\n<strong>Densit\u00e9<\/strong>\u00a0<strong>:<\/strong>\u00a01000kilos \/m3<\/p>\n<p><span data-text-color=\"alert\"><strong>Pour plus de 100 pi\u00e8ces, merci de nous contacter pour \u00e9tablir un devis<\/strong><\/span><\/p>\n","protected":false},"featured_media":244,"template":"","meta":[],"product_brand":[],"product_cat":[19],"product_tag":[],"class_list":{"0":"post-255","1":"product","2":"type-product","3":"status-publish","4":"has-post-thumbnail","6":"product_cat-ecuries-et-etables","8":"first","9":"instock","10":"taxable","11":"shipping-taxable","12":"purchasable","13":"product-type-simple"},"yoast_head":"<!-- This site is optimized with the Yoast SEO plugin v27.3 - https:\/\/yoast.com\/product\/yoast-seo-wordpress\/ -->\n<title>Dalle pour \u00e9curie 40mm \u2013 Caoutchouc SBR ROUGE - Kriden Floors<\/title>\n<meta name=\"robots\" content=\"index, follow, max-snippet:-1, max-image-preview:large, max-video-preview:-1\" \/>\n<link rel=\"canonical\" href=\"https:\/\/kridenfloors.com\/index.php\/produit\/dalle-pour-ecurie-40mm-caoutchouc-sbr-rouge\/\" \/>\n<meta property=\"og:locale\" content=\"fr_FR\" \/>\n<meta property=\"og:type\" content=\"article\" \/>\n<meta property=\"og:title\" content=\"Dalle pour \u00e9curie 40mm \u2013 Caoutchouc SBR ROUGE - Kriden Floors\" \/>\n<meta property=\"og:description\" content=\"Id\u00e9al pour \u00e9curie, man\u00e8ge, \u00e9table, box pour chevaux, centre \u00e9questre, haras  Epaisseur\u00a0: 40mm Longueur x Largeur\u00a0:\u00a0100x100cm Poids\u00a0: 31,70kg Surface\u00a0:\u00a01m2 Couleur : rouge Densit\u00e9\u00a0:\u00a01000kilos \/m3  Pour plus de 100 pi\u00e8ces, merci de nous contacter pour \u00e9tablir un devis\" \/>\n<meta property=\"og:url\" content=\"https:\/\/kridenfloors.com\/index.php\/produit\/dalle-pour-ecurie-40mm-caoutchouc-sbr-rouge\/\" \/>\n<meta property=\"og:site_name\" content=\"Kriden Floors\" \/>\n<meta property=\"article:publisher\" content=\"https:\/\/www.facebook.com\/profile.php?id=61572266346931\" \/>\n<meta property=\"article:modified_time\" content=\"2025-03-05T08:26:18+00:00\" \/>\n<meta property=\"og:image\" content=\"http:\/\/kridenfloors.com\/wp-content\/uploads\/2024\/12\/staltegel-rood-100x100x4-768x768-1.jpg\" \/>\n\t<meta property=\"og:image:width\" content=\"768\" \/>\n\t<meta property=\"og:image:height\" content=\"768\" \/>\n\t<meta property=\"og:image:type\" content=\"image\/jpeg\" \/>\n<meta name=\"twitter:card\" content=\"summary_large_image\" \/>\n<meta name=\"twitter:label1\" content=\"Dur\u00e9e de lecture estim\u00e9e\" \/>\n\t<meta name=\"twitter:data1\" content=\"2 minutes\" \/>\n<script type=\"application\/ld+json\" class=\"yoast-schema-graph\">{\"@context\":\"https:\\\/\\\/schema.org\",\"@graph\":[{\"@type\":\"WebPage\",\"@id\":\"https:\\\/\\\/kridenfloors.com\\\/index.php\\\/produit\\\/dalle-pour-ecurie-40mm-caoutchouc-sbr-rouge\\\/\",\"url\":\"https:\\\/\\\/kridenfloors.com\\\/index.php\\\/produit\\\/dalle-pour-ecurie-40mm-caoutchouc-sbr-rouge\\\/\",\"name\":\"Dalle pour \u00e9curie 40mm \u2013 Caoutchouc SBR ROUGE - Kriden Floors\",\"isPartOf\":{\"@id\":\"https:\\\/\\\/kridenfloors.com\\\/#website\"},\"primaryImageOfPage\":{\"@id\":\"https:\\\/\\\/kridenfloors.com\\\/index.php\\\/produit\\\/dalle-pour-ecurie-40mm-caoutchouc-sbr-rouge\\\/#primaryimage\"},\"image\":{\"@id\":\"https:\\\/\\\/kridenfloors.com\\\/index.php\\\/produit\\\/dalle-pour-ecurie-40mm-caoutchouc-sbr-rouge\\\/#primaryimage\"},\"thumbnailUrl\":\"https:\\\/\\\/kridenfloors.com\\\/wp-content\\\/uploads\\\/2024\\\/12\\\/staltegel-rood-100x100x4-768x768-1.jpg\",\"datePublished\":\"2024-12-12T13:15:40+00:00\",\"dateModified\":\"2025-03-05T08:26:18+00:00\",\"breadcrumb\":{\"@id\":\"https:\\\/\\\/kridenfloors.com\\\/index.php\\\/produit\\\/dalle-pour-ecurie-40mm-caoutchouc-sbr-rouge\\\/#breadcrumb\"},\"inLanguage\":\"fr-FR\",\"potentialAction\":[{\"@type\":\"ReadAction\",\"target\":[\"https:\\\/\\\/kridenfloors.com\\\/index.php\\\/produit\\\/dalle-pour-ecurie-40mm-caoutchouc-sbr-rouge\\\/\"]}]},{\"@type\":\"ImageObject\",\"inLanguage\":\"fr-FR\",\"@id\":\"https:\\\/\\\/kridenfloors.com\\\/index.php\\\/produit\\\/dalle-pour-ecurie-40mm-caoutchouc-sbr-rouge\\\/#primaryimage\",\"url\":\"https:\\\/\\\/kridenfloors.com\\\/wp-content\\\/uploads\\\/2024\\\/12\\\/staltegel-rood-100x100x4-768x768-1.jpg\",\"contentUrl\":\"https:\\\/\\\/kridenfloors.com\\\/wp-content\\\/uploads\\\/2024\\\/12\\\/staltegel-rood-100x100x4-768x768-1.jpg\",\"width\":768,\"height\":768},{\"@type\":\"BreadcrumbList\",\"@id\":\"https:\\\/\\\/kridenfloors.com\\\/index.php\\\/produit\\\/dalle-pour-ecurie-40mm-caoutchouc-sbr-rouge\\\/#breadcrumb\",\"itemListElement\":[{\"@type\":\"ListItem\",\"position\":1,\"name\":\"Accueil\",\"item\":\"https:\\\/\\\/kridenfloors.com\\\/\"},{\"@type\":\"ListItem\",\"position\":2,\"name\":\"Boutique\",\"item\":\"https:\\\/\\\/kridenfloors.com\\\/index.php\\\/boutique\\\/\"},{\"@type\":\"ListItem\",\"position\":3,\"name\":\"Dalle pour \u00e9curie 40mm \u2013 Caoutchouc SBR ROUGE\"}]},{\"@type\":\"WebSite\",\"@id\":\"https:\\\/\\\/kridenfloors.com\\\/#website\",\"url\":\"https:\\\/\\\/kridenfloors.com\\\/\",\"name\":\"Kriden Floors\",\"description\":\"La solution pour vos sols Crossfit, Fitness, Arts Martiaux, Aire de jeux, Garage ...\",\"publisher\":{\"@id\":\"https:\\\/\\\/kridenfloors.com\\\/#organization\"},\"potentialAction\":[{\"@type\":\"SearchAction\",\"target\":{\"@type\":\"EntryPoint\",\"urlTemplate\":\"https:\\\/\\\/kridenfloors.com\\\/?s={search_term_string}\"},\"query-input\":{\"@type\":\"PropertyValueSpecification\",\"valueRequired\":true,\"valueName\":\"search_term_string\"}}],\"inLanguage\":\"fr-FR\"},{\"@type\":\"Organization\",\"@id\":\"https:\\\/\\\/kridenfloors.com\\\/#organization\",\"name\":\"Kriden Floors\",\"url\":\"https:\\\/\\\/kridenfloors.com\\\/\",\"logo\":{\"@type\":\"ImageObject\",\"inLanguage\":\"fr-FR\",\"@id\":\"https:\\\/\\\/kridenfloors.com\\\/#\\\/schema\\\/logo\\\/image\\\/\",\"url\":\"https:\\\/\\\/kridenfloors.com\\\/wp-content\\\/uploads\\\/2024\\\/05\\\/logo-kriden-SPORTS-FLOOR-full-color-no-BG-HEAD-TEXT.png\",\"contentUrl\":\"https:\\\/\\\/kridenfloors.com\\\/wp-content\\\/uploads\\\/2024\\\/05\\\/logo-kriden-SPORTS-FLOOR-full-color-no-BG-HEAD-TEXT.png\",\"width\":798,\"height\":1165,\"caption\":\"Kriden Floors\"},\"image\":{\"@id\":\"https:\\\/\\\/kridenfloors.com\\\/#\\\/schema\\\/logo\\\/image\\\/\"},\"sameAs\":[\"https:\\\/\\\/www.facebook.com\\\/profile.php?id=61572266346931\",\"https:\\\/\\\/www.instagram.com\\\/kriden_floors\\\/\"]}]}<\/script>\n<!-- \/ Yoast SEO plugin. -->","yoast_head_json":{"title":"Dalle pour \u00e9curie 40mm \u2013 Caoutchouc SBR ROUGE - Kriden Floors","robots":{"index":"index","follow":"follow","max-snippet":"max-snippet:-1","max-image-preview":"max-image-preview:large","max-video-preview":"max-video-preview:-1"},"canonical":"https:\/\/kridenfloors.com\/index.php\/produit\/dalle-pour-ecurie-40mm-caoutchouc-sbr-rouge\/","og_locale":"fr_FR","og_type":"article","og_title":"Dalle pour \u00e9curie 40mm \u2013 Caoutchouc SBR ROUGE - Kriden Floors","og_description":"Id\u00e9al pour \u00e9curie, man\u00e8ge, \u00e9table, box pour chevaux, centre \u00e9questre, haras  Epaisseur\u00a0: 40mm Longueur x Largeur\u00a0:\u00a0100x100cm Poids\u00a0: 31,70kg Surface\u00a0:\u00a01m2 Couleur : rouge Densit\u00e9\u00a0:\u00a01000kilos \/m3  Pour plus de 100 pi\u00e8ces, merci de nous contacter pour \u00e9tablir un devis","og_url":"https:\/\/kridenfloors.com\/index.php\/produit\/dalle-pour-ecurie-40mm-caoutchouc-sbr-rouge\/","og_site_name":"Kriden Floors","article_publisher":"https:\/\/www.facebook.com\/profile.php?id=61572266346931","article_modified_time":"2025-03-05T08:26:18+00:00","og_image":[{"width":768,"height":768,"url":"http:\/\/kridenfloors.com\/wp-content\/uploads\/2024\/12\/staltegel-rood-100x100x4-768x768-1.jpg","type":"image\/jpeg"}],"twitter_card":"summary_large_image","twitter_misc":{"Dur\u00e9e de lecture estim\u00e9e":"2 minutes"},"schema":{"@context":"https:\/\/schema.org","@graph":[{"@type":"WebPage","@id":"https:\/\/kridenfloors.com\/index.php\/produit\/dalle-pour-ecurie-40mm-caoutchouc-sbr-rouge\/","url":"https:\/\/kridenfloors.com\/index.php\/produit\/dalle-pour-ecurie-40mm-caoutchouc-sbr-rouge\/","name":"Dalle pour \u00e9curie 40mm \u2013 Caoutchouc SBR ROUGE - Kriden Floors","isPartOf":{"@id":"https:\/\/kridenfloors.com\/#website"},"primaryImageOfPage":{"@id":"https:\/\/kridenfloors.com\/index.php\/produit\/dalle-pour-ecurie-40mm-caoutchouc-sbr-rouge\/#primaryimage"},"image":{"@id":"https:\/\/kridenfloors.com\/index.php\/produit\/dalle-pour-ecurie-40mm-caoutchouc-sbr-rouge\/#primaryimage"},"thumbnailUrl":"https:\/\/kridenfloors.com\/wp-content\/uploads\/2024\/12\/staltegel-rood-100x100x4-768x768-1.jpg","datePublished":"2024-12-12T13:15:40+00:00","dateModified":"2025-03-05T08:26:18+00:00","breadcrumb":{"@id":"https:\/\/kridenfloors.com\/index.php\/produit\/dalle-pour-ecurie-40mm-caoutchouc-sbr-rouge\/#breadcrumb"},"inLanguage":"fr-FR","potentialAction":[{"@type":"ReadAction","target":["https:\/\/kridenfloors.com\/index.php\/produit\/dalle-pour-ecurie-40mm-caoutchouc-sbr-rouge\/"]}]},{"@type":"ImageObject","inLanguage":"fr-FR","@id":"https:\/\/kridenfloors.com\/index.php\/produit\/dalle-pour-ecurie-40mm-caoutchouc-sbr-rouge\/#primaryimage","url":"https:\/\/kridenfloors.com\/wp-content\/uploads\/2024\/12\/staltegel-rood-100x100x4-768x768-1.jpg","contentUrl":"https:\/\/kridenfloors.com\/wp-content\/uploads\/2024\/12\/staltegel-rood-100x100x4-768x768-1.jpg","width":768,"height":768},{"@type":"BreadcrumbList","@id":"https:\/\/kridenfloors.com\/index.php\/produit\/dalle-pour-ecurie-40mm-caoutchouc-sbr-rouge\/#breadcrumb","itemListElement":[{"@type":"ListItem","position":1,"name":"Accueil","item":"https:\/\/kridenfloors.com\/"},{"@type":"ListItem","position":2,"name":"Boutique","item":"https:\/\/kridenfloors.com\/index.php\/boutique\/"},{"@type":"ListItem","position":3,"name":"Dalle pour \u00e9curie 40mm \u2013 Caoutchouc SBR ROUGE"}]},{"@type":"WebSite","@id":"https:\/\/kridenfloors.com\/#website","url":"https:\/\/kridenfloors.com\/","name":"Kriden Floors","description":"La solution pour vos sols Crossfit, Fitness, Arts Martiaux, Aire de jeux, Garage ...","publisher":{"@id":"https:\/\/kridenfloors.com\/#organization"},"potentialAction":[{"@type":"SearchAction","target":{"@type":"EntryPoint","urlTemplate":"https:\/\/kridenfloors.com\/?s={search_term_string}"},"query-input":{"@type":"PropertyValueSpecification","valueRequired":true,"valueName":"search_term_string"}}],"inLanguage":"fr-FR"},{"@type":"Organization","@id":"https:\/\/kridenfloors.com\/#organization","name":"Kriden Floors","url":"https:\/\/kridenfloors.com\/","logo":{"@type":"ImageObject","inLanguage":"fr-FR","@id":"https:\/\/kridenfloors.com\/#\/schema\/logo\/image\/","url":"https:\/\/kridenfloors.com\/wp-content\/uploads\/2024\/05\/logo-kriden-SPORTS-FLOOR-full-color-no-BG-HEAD-TEXT.png","contentUrl":"https:\/\/kridenfloors.com\/wp-content\/uploads\/2024\/05\/logo-kriden-SPORTS-FLOOR-full-color-no-BG-HEAD-TEXT.png","width":798,"height":1165,"caption":"Kriden Floors"},"image":{"@id":"https:\/\/kridenfloors.com\/#\/schema\/logo\/image\/"},"sameAs":["https:\/\/www.facebook.com\/profile.php?id=61572266346931","https:\/\/www.instagram.com\/kriden_floors\/"]}]}},"jetpack_sharing_enabled":true,"_links":{"self":[{"href":"https:\/\/kridenfloors.com\/index.php\/wp-json\/wp\/v2\/product\/255","targetHints":{"allow":["GET"]}}],"collection":[{"href":"https:\/\/kridenfloors.com\/index.php\/wp-json\/wp\/v2\/product"}],"about":[{"href":"https:\/\/kridenfloors.com\/index.php\/wp-json\/wp\/v2\/types\/product"}],"wp:featuredmedia":[{"embeddable":true,"href":"https:\/\/kridenfloors.com\/index.php\/wp-json\/wp\/v2\/media\/244"}],"wp:attachment":[{"href":"https:\/\/kridenfloors.com\/index.php\/wp-json\/wp\/v2\/media?parent=255"}],"wp:term":[{"taxonomy":"product_brand","embeddable":true,"href":"https:\/\/kridenfloors.com\/index.php\/wp-json\/wp\/v2\/product_brand?post=255"},{"taxonomy":"product_cat","embeddable":true,"href":"https:\/\/kridenfloors.com\/index.php\/wp-json\/wp\/v2\/product_cat?post=255"},{"taxonomy":"product_tag","embeddable":true,"href":"https:\/\/kridenfloors.com\/index.php\/wp-json\/wp\/v2\/product_tag?post=255"}],"curies":[{"name":"wp","href":"https:\/\/api.w.org\/{rel}","templated":true}]}}