{"id":436,"date":"2024-12-27T16:02:23","date_gmt":"2024-12-27T15:02:23","guid":{"rendered":"https:\/\/kridenfloors.com\/?post_type=product&#038;p=436"},"modified":"2025-05-19T14:56:32","modified_gmt":"2025-05-19T12:56:32","slug":"dalle-fitness-premium-15mm","status":"publish","type":"product","link":"https:\/\/kridenfloors.com\/index.php\/produit\/dalle-fitness-premium-15mm\/","title":{"rendered":"Dalle Fitness Premium 15mm"},"content":{"rendered":"<p>Epaisseur : 15mm<br \/>\nLongueur x Largeur :\u00a0100x100cm<br \/>\nTol\u00e9rance longueur x largeur : Max. 2%*<br \/>\nTol\u00e9rance \u00e9paisseur : Max. 5%*<br \/>\nPoids : 15,00kg<br \/>\nSurface :\u00a01m2<br \/>\nCouleur :\u00a0noir<br \/>\nDensit\u00e9 : 900 kilos \/m3<\/p>\n<p>&gt;&gt; <span data-text-color=\"success\"><strong>Contactez-nous pour plus d\u2019informations sur les commandes en grande quantit\u00e9<\/strong><\/span><\/p>\n<p><strong>Donn\u00e9es techniques<\/strong><\/p>\n<p>LES DALLES EN CAOUTCHOUC PREMIUM 100X100X15mm SANS FAUX JOINTS ONT UNE STRUCTURE GRANUL\u00c9E TR\u00c8S FINE ET SONT DONC TR\u00c8S EXCLUSIVES, LISSES ET FACILES \u00c0 ENTRETENIR.<\/p>\n<p>Les dalles PREMIUM conviennent aux salles de sport pour une utilisation comme sol de CrossFit, Hyrox, Cardio, Physio, sport et fitness, entre autres. Les dalles de sol ont une taille de 100\u00d7100 cm avec une \u00e9paisseur de 15 mm, ce qui est tr\u00e8s appropri\u00e9 pour les sols avec des zones de cardio et de musculation pour l\u2019utilisation de poids libres, d\u2019halt\u00e9rophilie et d\u2019exercices plus lourds. Existe aussi en 20mm et en 30 mm d\u2019\u00e9paisseur<\/p>\n<p>Vous pouvez utiliser les dalles de sol comme rev\u00eatement de sol protecteur sur diff\u00e9rentes surfaces et pour les sous-planchers o\u00f9 vous souhaitez r\u00e9duire l\u2019impact des diff\u00e9rents poids. Les carreaux de sol ont une surface anti-poreuse et tr\u00e8s facile \u00e0 nettoyer, les carreaux de sol classiques pour les gymnases ou les surfaces avec des carreaux de terrain de jeu poreux \u00e0 la surface seront facilement contamin\u00e9s avec le temps dans les pores plus larges, ce qui ne se produit pas avec ces carreaux.<\/p>\n<p>Il s\u2019agit d\u2019un rev\u00eatement de sol respectueux de l\u2019environnement. Gr\u00e2ce au recyclage et \u00e0 la production reconstruite, les dalles sont fabriqu\u00e9es \u00e0 partir de mati\u00e8res premi\u00e8res de polyur\u00e9thane non toxiques et \u00e0 faible teneur en COV. Il n\u2019y a pas de contaminants tels que des m\u00e9taux, des pierres ou d\u2019autres mati\u00e8res plastiques pr\u00e9sents, ils sont donc \u00e9galement sans danger pour le contact avec la peau. Il s\u2019agit \u00e9galement d\u2019une tuile de sport sans m\u00e9tal.<\/p>\n<p>Lorsque vous d\u00e9cidez d\u2019acheter un sol bon march\u00e9 pour votre application, assurez-vous de demander \u00e0 votre fournisseur quelle est la densit\u00e9. Les produits avec une densit\u00e9 plus faible sont plus souples et pas assez solides pour les applications de fitness, de CrossFit et de sports et de jeux.<\/p>\n<p><strong>Applications:<\/strong><\/p>\n<ul>\n<li>Les dalles de sol PREMIUM ont une densit\u00e9 \u00e9lev\u00e9e de 900 kg\/m3.<\/li>\n<li>Garantie de 3 ans sur la r\u00e9sistance \u00e0 l\u2019usure du produit lorsqu\u2019il est utilis\u00e9 dans les gymnases.<\/li>\n<li>La garantie ne s\u2019applique pas \u00e0 la couleur.<\/li>\n<li>Les carreaux de sol n\u2019ont pas de mauvaise odeur, vous ne pourrez peut-\u00eatre sentir la nouvelle odeur des pneus de voiture qu\u2019imm\u00e9diatement apr\u00e8s l\u2019installation afin que vous puissiez utiliser les carreaux m\u00eame dans des pi\u00e8ces non ventil\u00e9es.<\/li>\n<\/ul>\n<p><strong>Caract\u00e9ristiques techniques :<\/strong><\/p>\n<ul>\n<li>Granul\u00e9s : Fins de 0,7 \u00e0 1 mm (la normale a des granul\u00e9s standard de 1 \u00e0 3 mm)<\/li>\n<li>Perm\u00e9abilit\u00e9 \u00e0 l\u2019eau : 920 mm\/h EN 12616<\/li>\n<li>Classe de r\u00e9sistance au feu : Efl selon EN 13501<\/li>\n<li>Classe de fum\u00e9e : S2<\/li>\n<li>Valeur d\u2019isolation : Rd 0,15 EN13165, U 3,13 EN 6946<\/li>\n<li>Att\u00e9nuation acoustique\u00a0: \u0394Lw 25 DB<\/li>\n<\/ul>\n<p><em>*Les tol\u00e9rances maximales en pourcentage dues aux r\u00e9sultats de mesure moyens sont obtenus dans une temp\u00e9rature ambiante constante de 22 degr\u00e9s Celsius, o\u00f9 les carreaux ont \u00e9t\u00e9 acclimat\u00e9s, empil\u00e9s et individuellement dans une pi\u00e8ce avec une humidit\u00e9 comprise entre 40 et 60 % pendant au moins 72 heures.<\/em><\/p>\n<div><\/div>\n<div><a href=\"https:\/\/kriden.be\/index.php\/faq\/\"><strong>&gt;&gt; Visitez notre page FAQ (vos questions) pour les infos d\u2019installation, nettoyage, d\u00e9coupe,\u2026<\/strong><\/a><\/div>\n","protected":false},"excerpt":{"rendered":"<p>Epaisseur : 15mm<br \/>\nLongueur x Largeur :\u00a0100x100cm<br \/>\nTol\u00e9rance longueur x largeur : Max. 2%*<br \/>\nTol\u00e9rance \u00e9paisseur : Max. 5%*<br \/>\nPoids : 15,00kg<br \/>\nSurface :\u00a01m2<br \/>\nCouleur :\u00a0noir<br \/>\nDensit\u00e9 : 900 kilos \/m3<\/p>\n<p><span data-text-color=\"success\"><strong>Contactez-nous pour plus d\u2019informations sur les commandes en grande quantit\u00e9<\/strong><\/span><\/p>\n","protected":false},"featured_media":437,"template":"","meta":[],"product_brand":[],"product_cat":[18,33],"product_tag":[],"class_list":{"0":"post-436","1":"product","2":"type-product","3":"status-publish","4":"has-post-thumbnail","6":"product_cat-fitness","7":"product_cat-fitness-15mm","9":"first","10":"instock","11":"taxable","12":"shipping-taxable","13":"purchasable","14":"product-type-simple"},"yoast_head":"<!-- This site is optimized with the Yoast SEO plugin v27.3 - https:\/\/yoast.com\/product\/yoast-seo-wordpress\/ -->\n<title>Dalle Fitness Premium 15mm - Kriden Floors<\/title>\n<meta name=\"robots\" content=\"index, follow, max-snippet:-1, max-image-preview:large, max-video-preview:-1\" \/>\n<link rel=\"canonical\" href=\"https:\/\/kridenfloors.com\/index.php\/produit\/dalle-fitness-premium-15mm\/\" \/>\n<meta property=\"og:locale\" content=\"fr_FR\" \/>\n<meta property=\"og:type\" content=\"article\" \/>\n<meta property=\"og:title\" content=\"Dalle Fitness Premium 15mm - Kriden Floors\" \/>\n<meta property=\"og:description\" content=\"Epaisseur : 15mm Longueur x Largeur :\u00a0100x100cm Tol\u00e9rance longueur x largeur : Max. 2%* Tol\u00e9rance \u00e9paisseur : Max. 5%* Poids : 15,00kg Surface :\u00a01m2 Couleur :\u00a0noir Densit\u00e9 : 900 kilos \/m3  Contactez-nous pour plus d\u2019informations sur les commandes en grande quantit\u00e9\" \/>\n<meta property=\"og:url\" content=\"https:\/\/kridenfloors.com\/index.php\/produit\/dalle-fitness-premium-15mm\/\" \/>\n<meta property=\"og:site_name\" content=\"Kriden Floors\" \/>\n<meta property=\"article:publisher\" content=\"https:\/\/www.facebook.com\/profile.php?id=61572266346931\" \/>\n<meta property=\"article:modified_time\" content=\"2025-05-19T12:56:32+00:00\" \/>\n<meta property=\"og:image\" content=\"http:\/\/kridenfloors.com\/wp-content\/uploads\/2024\/12\/PREMIUM-15mm.png\" \/>\n\t<meta property=\"og:image:width\" content=\"600\" \/>\n\t<meta property=\"og:image:height\" content=\"600\" \/>\n\t<meta property=\"og:image:type\" content=\"image\/png\" \/>\n<meta name=\"twitter:card\" content=\"summary_large_image\" \/>\n<meta name=\"twitter:label1\" content=\"Dur\u00e9e de lecture estim\u00e9e\" \/>\n\t<meta name=\"twitter:data1\" content=\"3 minutes\" \/>\n<script type=\"application\/ld+json\" class=\"yoast-schema-graph\">{\"@context\":\"https:\\\/\\\/schema.org\",\"@graph\":[{\"@type\":\"WebPage\",\"@id\":\"https:\\\/\\\/kridenfloors.com\\\/index.php\\\/produit\\\/dalle-fitness-premium-15mm\\\/\",\"url\":\"https:\\\/\\\/kridenfloors.com\\\/index.php\\\/produit\\\/dalle-fitness-premium-15mm\\\/\",\"name\":\"Dalle Fitness Premium 15mm - Kriden Floors\",\"isPartOf\":{\"@id\":\"https:\\\/\\\/kridenfloors.com\\\/#website\"},\"primaryImageOfPage\":{\"@id\":\"https:\\\/\\\/kridenfloors.com\\\/index.php\\\/produit\\\/dalle-fitness-premium-15mm\\\/#primaryimage\"},\"image\":{\"@id\":\"https:\\\/\\\/kridenfloors.com\\\/index.php\\\/produit\\\/dalle-fitness-premium-15mm\\\/#primaryimage\"},\"thumbnailUrl\":\"https:\\\/\\\/kridenfloors.com\\\/wp-content\\\/uploads\\\/2024\\\/12\\\/PREMIUM-15mm.png\",\"datePublished\":\"2024-12-27T15:02:23+00:00\",\"dateModified\":\"2025-05-19T12:56:32+00:00\",\"breadcrumb\":{\"@id\":\"https:\\\/\\\/kridenfloors.com\\\/index.php\\\/produit\\\/dalle-fitness-premium-15mm\\\/#breadcrumb\"},\"inLanguage\":\"fr-FR\",\"potentialAction\":[{\"@type\":\"ReadAction\",\"target\":[\"https:\\\/\\\/kridenfloors.com\\\/index.php\\\/produit\\\/dalle-fitness-premium-15mm\\\/\"]}]},{\"@type\":\"ImageObject\",\"inLanguage\":\"fr-FR\",\"@id\":\"https:\\\/\\\/kridenfloors.com\\\/index.php\\\/produit\\\/dalle-fitness-premium-15mm\\\/#primaryimage\",\"url\":\"https:\\\/\\\/kridenfloors.com\\\/wp-content\\\/uploads\\\/2024\\\/12\\\/PREMIUM-15mm.png\",\"contentUrl\":\"https:\\\/\\\/kridenfloors.com\\\/wp-content\\\/uploads\\\/2024\\\/12\\\/PREMIUM-15mm.png\",\"width\":600,\"height\":600},{\"@type\":\"BreadcrumbList\",\"@id\":\"https:\\\/\\\/kridenfloors.com\\\/index.php\\\/produit\\\/dalle-fitness-premium-15mm\\\/#breadcrumb\",\"itemListElement\":[{\"@type\":\"ListItem\",\"position\":1,\"name\":\"Accueil\",\"item\":\"https:\\\/\\\/kridenfloors.com\\\/\"},{\"@type\":\"ListItem\",\"position\":2,\"name\":\"Boutique\",\"item\":\"https:\\\/\\\/kridenfloors.com\\\/index.php\\\/boutique\\\/\"},{\"@type\":\"ListItem\",\"position\":3,\"name\":\"Dalle Fitness Premium 15mm\"}]},{\"@type\":\"WebSite\",\"@id\":\"https:\\\/\\\/kridenfloors.com\\\/#website\",\"url\":\"https:\\\/\\\/kridenfloors.com\\\/\",\"name\":\"Kriden Floors\",\"description\":\"La solution pour vos sols Crossfit, Fitness, Arts Martiaux, Aire de jeux, Garage ...\",\"publisher\":{\"@id\":\"https:\\\/\\\/kridenfloors.com\\\/#organization\"},\"potentialAction\":[{\"@type\":\"SearchAction\",\"target\":{\"@type\":\"EntryPoint\",\"urlTemplate\":\"https:\\\/\\\/kridenfloors.com\\\/?s={search_term_string}\"},\"query-input\":{\"@type\":\"PropertyValueSpecification\",\"valueRequired\":true,\"valueName\":\"search_term_string\"}}],\"inLanguage\":\"fr-FR\"},{\"@type\":\"Organization\",\"@id\":\"https:\\\/\\\/kridenfloors.com\\\/#organization\",\"name\":\"Kriden Floors\",\"url\":\"https:\\\/\\\/kridenfloors.com\\\/\",\"logo\":{\"@type\":\"ImageObject\",\"inLanguage\":\"fr-FR\",\"@id\":\"https:\\\/\\\/kridenfloors.com\\\/#\\\/schema\\\/logo\\\/image\\\/\",\"url\":\"https:\\\/\\\/kridenfloors.com\\\/wp-content\\\/uploads\\\/2024\\\/05\\\/logo-kriden-SPORTS-FLOOR-full-color-no-BG-HEAD-TEXT.png\",\"contentUrl\":\"https:\\\/\\\/kridenfloors.com\\\/wp-content\\\/uploads\\\/2024\\\/05\\\/logo-kriden-SPORTS-FLOOR-full-color-no-BG-HEAD-TEXT.png\",\"width\":798,\"height\":1165,\"caption\":\"Kriden Floors\"},\"image\":{\"@id\":\"https:\\\/\\\/kridenfloors.com\\\/#\\\/schema\\\/logo\\\/image\\\/\"},\"sameAs\":[\"https:\\\/\\\/www.facebook.com\\\/profile.php?id=61572266346931\",\"https:\\\/\\\/www.instagram.com\\\/kriden_floors\\\/\"]}]}<\/script>\n<!-- \/ Yoast SEO plugin. -->","yoast_head_json":{"title":"Dalle Fitness Premium 15mm - Kriden Floors","robots":{"index":"index","follow":"follow","max-snippet":"max-snippet:-1","max-image-preview":"max-image-preview:large","max-video-preview":"max-video-preview:-1"},"canonical":"https:\/\/kridenfloors.com\/index.php\/produit\/dalle-fitness-premium-15mm\/","og_locale":"fr_FR","og_type":"article","og_title":"Dalle Fitness Premium 15mm - Kriden Floors","og_description":"Epaisseur : 15mm Longueur x Largeur :\u00a0100x100cm Tol\u00e9rance longueur x largeur : Max. 2%* Tol\u00e9rance \u00e9paisseur : Max. 5%* Poids : 15,00kg Surface :\u00a01m2 Couleur :\u00a0noir Densit\u00e9 : 900 kilos \/m3  Contactez-nous pour plus d\u2019informations sur les commandes en grande quantit\u00e9","og_url":"https:\/\/kridenfloors.com\/index.php\/produit\/dalle-fitness-premium-15mm\/","og_site_name":"Kriden Floors","article_publisher":"https:\/\/www.facebook.com\/profile.php?id=61572266346931","article_modified_time":"2025-05-19T12:56:32+00:00","og_image":[{"width":600,"height":600,"url":"http:\/\/kridenfloors.com\/wp-content\/uploads\/2024\/12\/PREMIUM-15mm.png","type":"image\/png"}],"twitter_card":"summary_large_image","twitter_misc":{"Dur\u00e9e de lecture estim\u00e9e":"3 minutes"},"schema":{"@context":"https:\/\/schema.org","@graph":[{"@type":"WebPage","@id":"https:\/\/kridenfloors.com\/index.php\/produit\/dalle-fitness-premium-15mm\/","url":"https:\/\/kridenfloors.com\/index.php\/produit\/dalle-fitness-premium-15mm\/","name":"Dalle Fitness Premium 15mm - Kriden Floors","isPartOf":{"@id":"https:\/\/kridenfloors.com\/#website"},"primaryImageOfPage":{"@id":"https:\/\/kridenfloors.com\/index.php\/produit\/dalle-fitness-premium-15mm\/#primaryimage"},"image":{"@id":"https:\/\/kridenfloors.com\/index.php\/produit\/dalle-fitness-premium-15mm\/#primaryimage"},"thumbnailUrl":"https:\/\/kridenfloors.com\/wp-content\/uploads\/2024\/12\/PREMIUM-15mm.png","datePublished":"2024-12-27T15:02:23+00:00","dateModified":"2025-05-19T12:56:32+00:00","breadcrumb":{"@id":"https:\/\/kridenfloors.com\/index.php\/produit\/dalle-fitness-premium-15mm\/#breadcrumb"},"inLanguage":"fr-FR","potentialAction":[{"@type":"ReadAction","target":["https:\/\/kridenfloors.com\/index.php\/produit\/dalle-fitness-premium-15mm\/"]}]},{"@type":"ImageObject","inLanguage":"fr-FR","@id":"https:\/\/kridenfloors.com\/index.php\/produit\/dalle-fitness-premium-15mm\/#primaryimage","url":"https:\/\/kridenfloors.com\/wp-content\/uploads\/2024\/12\/PREMIUM-15mm.png","contentUrl":"https:\/\/kridenfloors.com\/wp-content\/uploads\/2024\/12\/PREMIUM-15mm.png","width":600,"height":600},{"@type":"BreadcrumbList","@id":"https:\/\/kridenfloors.com\/index.php\/produit\/dalle-fitness-premium-15mm\/#breadcrumb","itemListElement":[{"@type":"ListItem","position":1,"name":"Accueil","item":"https:\/\/kridenfloors.com\/"},{"@type":"ListItem","position":2,"name":"Boutique","item":"https:\/\/kridenfloors.com\/index.php\/boutique\/"},{"@type":"ListItem","position":3,"name":"Dalle Fitness Premium 15mm"}]},{"@type":"WebSite","@id":"https:\/\/kridenfloors.com\/#website","url":"https:\/\/kridenfloors.com\/","name":"Kriden Floors","description":"La solution pour vos sols Crossfit, Fitness, Arts Martiaux, Aire de jeux, Garage ...","publisher":{"@id":"https:\/\/kridenfloors.com\/#organization"},"potentialAction":[{"@type":"SearchAction","target":{"@type":"EntryPoint","urlTemplate":"https:\/\/kridenfloors.com\/?s={search_term_string}"},"query-input":{"@type":"PropertyValueSpecification","valueRequired":true,"valueName":"search_term_string"}}],"inLanguage":"fr-FR"},{"@type":"Organization","@id":"https:\/\/kridenfloors.com\/#organization","name":"Kriden Floors","url":"https:\/\/kridenfloors.com\/","logo":{"@type":"ImageObject","inLanguage":"fr-FR","@id":"https:\/\/kridenfloors.com\/#\/schema\/logo\/image\/","url":"https:\/\/kridenfloors.com\/wp-content\/uploads\/2024\/05\/logo-kriden-SPORTS-FLOOR-full-color-no-BG-HEAD-TEXT.png","contentUrl":"https:\/\/kridenfloors.com\/wp-content\/uploads\/2024\/05\/logo-kriden-SPORTS-FLOOR-full-color-no-BG-HEAD-TEXT.png","width":798,"height":1165,"caption":"Kriden Floors"},"image":{"@id":"https:\/\/kridenfloors.com\/#\/schema\/logo\/image\/"},"sameAs":["https:\/\/www.facebook.com\/profile.php?id=61572266346931","https:\/\/www.instagram.com\/kriden_floors\/"]}]}},"jetpack_sharing_enabled":true,"_links":{"self":[{"href":"https:\/\/kridenfloors.com\/index.php\/wp-json\/wp\/v2\/product\/436","targetHints":{"allow":["GET"]}}],"collection":[{"href":"https:\/\/kridenfloors.com\/index.php\/wp-json\/wp\/v2\/product"}],"about":[{"href":"https:\/\/kridenfloors.com\/index.php\/wp-json\/wp\/v2\/types\/product"}],"wp:featuredmedia":[{"embeddable":true,"href":"https:\/\/kridenfloors.com\/index.php\/wp-json\/wp\/v2\/media\/437"}],"wp:attachment":[{"href":"https:\/\/kridenfloors.com\/index.php\/wp-json\/wp\/v2\/media?parent=436"}],"wp:term":[{"taxonomy":"product_brand","embeddable":true,"href":"https:\/\/kridenfloors.com\/index.php\/wp-json\/wp\/v2\/product_brand?post=436"},{"taxonomy":"product_cat","embeddable":true,"href":"https:\/\/kridenfloors.com\/index.php\/wp-json\/wp\/v2\/product_cat?post=436"},{"taxonomy":"product_tag","embeddable":true,"href":"https:\/\/kridenfloors.com\/index.php\/wp-json\/wp\/v2\/product_tag?post=436"}],"curies":[{"name":"wp","href":"https:\/\/api.w.org\/{rel}","templated":true}]}}