{"id":491,"date":"2024-12-29T14:12:20","date_gmt":"2024-12-29T13:12:20","guid":{"rendered":"https:\/\/kridenfloors.com\/?post_type=product&#038;p=491"},"modified":"2025-01-08T17:23:13","modified_gmt":"2025-01-08T16:23:13","slug":"sprinttrack-personnalise","status":"publish","type":"product","link":"https:\/\/kridenfloors.com\/index.php\/produit\/sprinttrack-personnalise\/","title":{"rendered":"Sprinttrack Personnalis\u00e9 (min. 12 m\u00b2)"},"content":{"rendered":"<div>Le sprinttrack personnalis\u00e9 en couleur a une longueur d\u2019herbe courte qui assure une qualit\u00e9 extr\u00eamement solide et moins de salet\u00e9 entre l\u2019herbe, il reste magnifiquement structur\u00e9, l\u2019herbe sportive ne s\u2019enroule pas aux extr\u00e9mit\u00e9s comme le gazon artificiel normal.<\/div>\n<div><\/div>\n<div>Le sprinttrack personnalis\u00e9 a une taille maximale de 4x30m (120m2), qui peut \u00eatre imprim\u00e9 enti\u00e8rement selon votre propre conception. Veuillez noter que vous pouvez bien s\u00fbr \u00e9galement choisir des dimensions plus petites, par exemple 2x12m ou 4x15m. Supposons que vous vouliez 1 m ou 1,5 m de large, c\u2019est m\u00eame possible, mais vous devez noter que nous devons calculer au moins 2 m de large. La longueur ne joue aucun r\u00f4le.<\/div>\n<div><\/div>\n<div>\n<div>La piste de sprint personnalis\u00e9e est parfaitement adapt\u00e9e aux terrains de sport, aux terrains d\u2019entra\u00eenement, aux sols de fitness et de crossfit et \u00e0 des fins Hyrox. Convient \u00e9galement tr\u00e8s bien pour un &lsquo;tra\u00eeneau Crossfit&rsquo; car la piste de sprint reste serr\u00e9e lorsqu\u2019elle est coll\u00e9e \u00e0 la surface. Nous recommandons d\u2019utiliser une surface &lsquo;Shockpad&rsquo; de 10 mm et une densit\u00e9 de 200 kg\/m3 pour un confort optimal et une belle connexion avec le sol en caoutchouc s\u2019il est pos\u00e9 \u00e0 c\u00f4t\u00e9.<\/div>\n<div><\/div>\n<div>La meilleure qualit\u00e9, disponible avec un d\u00e9lai de livraison de 3 \u00e0 4 semaines, produite de mani\u00e8re respectueuse de l\u2019environnement et 100% recyclable. Cette piste de sprint offre une exp\u00e9rience unique dans votre salle de sport et vous pouvez m\u00eame courir sur le mur \u00e0 la fin de l\u2019espace disponible pour cr\u00e9er un effet 3D ou pour permettre des exercices sur le mur.<\/div>\n<\/div>\n<div>\n<p><strong>Epaisseur en mm :<\/strong> \u00a016mm<br \/>\n<strong>Longueur \u00d7 largeur Maximum :<\/strong>\u00a0 30 x 4m<br \/>\n<strong>Surface Maximum en m2 :<\/strong>\u00a0 120m2<br \/>\n<span data-text-color=\"alert\"><strong>Surface Minimum en m2 \u00e0 commander :<\/strong>\u00a0 12m2<\/span><br \/>\n<strong>Coloris :<\/strong> imprim\u00e9 Full Color<\/p>\n<p>&nbsp;<\/p>\n<p>&nbsp;<\/p>\n<\/div>\n","protected":false},"excerpt":{"rendered":"<p><strong>Epaisseur en mm :<\/strong> \u00a016mm<br \/>\n<strong>Longueur \u00d7 largeur Maximum :<\/strong>\u00a0 30 x 4m<br \/>\n<strong>Surface Maximum en m2 :<\/strong>\u00a0 120m2<br \/>\n<span data-text-color=\"alert\"><strong>Surface Minimum en m2 \u00e0 commander :<\/strong>\u00a0 12m2<\/span><br \/>\n<strong>Coloris :<\/strong> imprim\u00e9 Full Color<\/p>\n<p>&nbsp;<\/p>\n<p>&nbsp;<\/p>\n","protected":false},"featured_media":492,"template":"","meta":[],"product_brand":[],"product_cat":[21,43],"product_tag":[],"class_list":{"0":"post-491","1":"product","2":"type-product","3":"status-publish","4":"has-post-thumbnail","6":"product_cat-sprinttracks-turfs","7":"product_cat-sur-mesure-personnalise","9":"first","10":"instock","11":"taxable","12":"shipping-taxable","13":"purchasable","14":"product-type-simple"},"yoast_head":"<!-- This site is optimized with the Yoast SEO plugin v27.5 - https:\/\/yoast.com\/product\/yoast-seo-wordpress\/ -->\n<title>Sprinttrack Personnalis\u00e9 (min. 12 m\u00b2) - Kriden Floors<\/title>\n<meta name=\"robots\" content=\"index, follow, max-snippet:-1, max-image-preview:large, max-video-preview:-1\" \/>\n<link rel=\"canonical\" href=\"https:\/\/kridenfloors.com\/index.php\/produit\/sprinttrack-personnalise\/\" \/>\n<meta property=\"og:locale\" content=\"fr_FR\" \/>\n<meta property=\"og:type\" content=\"article\" \/>\n<meta property=\"og:title\" content=\"Sprinttrack Personnalis\u00e9 (min. 12 m\u00b2) - Kriden Floors\" \/>\n<meta property=\"og:description\" content=\"Epaisseur en mm : \u00a016mm Longueur \u00d7 largeur Maximum :\u00a0 30 x 4m Surface Maximum en m2 :\u00a0 120m2 Surface Minimum en m2 \u00e0 commander :\u00a0 12m2 Coloris : imprim\u00e9 Full Color  &nbsp;  &nbsp;\" \/>\n<meta property=\"og:url\" content=\"https:\/\/kridenfloors.com\/index.php\/produit\/sprinttrack-personnalise\/\" \/>\n<meta property=\"og:site_name\" content=\"Kriden Floors\" \/>\n<meta property=\"article:publisher\" content=\"https:\/\/www.facebook.com\/profile.php?id=61572266346931\" \/>\n<meta property=\"article:modified_time\" content=\"2025-01-08T16:23:13+00:00\" \/>\n<meta property=\"og:image\" content=\"https:\/\/kridenfloors.com\/wp-content\/uploads\/2024\/12\/thumbnail_Design-track-1024x768.png\" \/>\n\t<meta property=\"og:image:width\" content=\"1024\" \/>\n\t<meta property=\"og:image:height\" content=\"768\" \/>\n\t<meta property=\"og:image:type\" content=\"image\/png\" \/>\n<meta name=\"twitter:card\" content=\"summary_large_image\" \/>\n<meta name=\"twitter:label1\" content=\"Dur\u00e9e de lecture estim\u00e9e\" \/>\n\t<meta name=\"twitter:data1\" content=\"2 minutes\" \/>\n<script type=\"application\/ld+json\" class=\"yoast-schema-graph\">{\"@context\":\"https:\\\/\\\/schema.org\",\"@graph\":[{\"@type\":\"WebPage\",\"@id\":\"https:\\\/\\\/kridenfloors.com\\\/index.php\\\/produit\\\/sprinttrack-personnalise\\\/\",\"url\":\"https:\\\/\\\/kridenfloors.com\\\/index.php\\\/produit\\\/sprinttrack-personnalise\\\/\",\"name\":\"Sprinttrack Personnalis\u00e9 (min. 12 m\u00b2) - Kriden Floors\",\"isPartOf\":{\"@id\":\"https:\\\/\\\/kridenfloors.com\\\/#website\"},\"primaryImageOfPage\":{\"@id\":\"https:\\\/\\\/kridenfloors.com\\\/index.php\\\/produit\\\/sprinttrack-personnalise\\\/#primaryimage\"},\"image\":{\"@id\":\"https:\\\/\\\/kridenfloors.com\\\/index.php\\\/produit\\\/sprinttrack-personnalise\\\/#primaryimage\"},\"thumbnailUrl\":\"https:\\\/\\\/kridenfloors.com\\\/wp-content\\\/uploads\\\/2024\\\/12\\\/thumbnail_Design-track.png\",\"datePublished\":\"2024-12-29T13:12:20+00:00\",\"dateModified\":\"2025-01-08T16:23:13+00:00\",\"breadcrumb\":{\"@id\":\"https:\\\/\\\/kridenfloors.com\\\/index.php\\\/produit\\\/sprinttrack-personnalise\\\/#breadcrumb\"},\"inLanguage\":\"fr-FR\",\"potentialAction\":[{\"@type\":\"ReadAction\",\"target\":[\"https:\\\/\\\/kridenfloors.com\\\/index.php\\\/produit\\\/sprinttrack-personnalise\\\/\"]}]},{\"@type\":\"ImageObject\",\"inLanguage\":\"fr-FR\",\"@id\":\"https:\\\/\\\/kridenfloors.com\\\/index.php\\\/produit\\\/sprinttrack-personnalise\\\/#primaryimage\",\"url\":\"https:\\\/\\\/kridenfloors.com\\\/wp-content\\\/uploads\\\/2024\\\/12\\\/thumbnail_Design-track.png\",\"contentUrl\":\"https:\\\/\\\/kridenfloors.com\\\/wp-content\\\/uploads\\\/2024\\\/12\\\/thumbnail_Design-track.png\",\"width\":1512,\"height\":1134},{\"@type\":\"BreadcrumbList\",\"@id\":\"https:\\\/\\\/kridenfloors.com\\\/index.php\\\/produit\\\/sprinttrack-personnalise\\\/#breadcrumb\",\"itemListElement\":[{\"@type\":\"ListItem\",\"position\":1,\"name\":\"Accueil\",\"item\":\"https:\\\/\\\/kridenfloors.com\\\/\"},{\"@type\":\"ListItem\",\"position\":2,\"name\":\"Boutique\",\"item\":\"https:\\\/\\\/kridenfloors.com\\\/index.php\\\/boutique\\\/\"},{\"@type\":\"ListItem\",\"position\":3,\"name\":\"Sprinttrack Personnalis\u00e9 (min. 12 m\u00b2)\"}]},{\"@type\":\"WebSite\",\"@id\":\"https:\\\/\\\/kridenfloors.com\\\/#website\",\"url\":\"https:\\\/\\\/kridenfloors.com\\\/\",\"name\":\"Kriden Floors\",\"description\":\"La solution pour vos sols Crossfit, Fitness, Arts Martiaux, Aire de jeux, Garage ...\",\"publisher\":{\"@id\":\"https:\\\/\\\/kridenfloors.com\\\/#organization\"},\"potentialAction\":[{\"@type\":\"SearchAction\",\"target\":{\"@type\":\"EntryPoint\",\"urlTemplate\":\"https:\\\/\\\/kridenfloors.com\\\/?s={search_term_string}\"},\"query-input\":{\"@type\":\"PropertyValueSpecification\",\"valueRequired\":true,\"valueName\":\"search_term_string\"}}],\"inLanguage\":\"fr-FR\"},{\"@type\":\"Organization\",\"@id\":\"https:\\\/\\\/kridenfloors.com\\\/#organization\",\"name\":\"Kriden Floors\",\"url\":\"https:\\\/\\\/kridenfloors.com\\\/\",\"logo\":{\"@type\":\"ImageObject\",\"inLanguage\":\"fr-FR\",\"@id\":\"https:\\\/\\\/kridenfloors.com\\\/#\\\/schema\\\/logo\\\/image\\\/\",\"url\":\"https:\\\/\\\/kridenfloors.com\\\/wp-content\\\/uploads\\\/2024\\\/05\\\/logo-kriden-SPORTS-FLOOR-full-color-no-BG-HEAD-TEXT.png\",\"contentUrl\":\"https:\\\/\\\/kridenfloors.com\\\/wp-content\\\/uploads\\\/2024\\\/05\\\/logo-kriden-SPORTS-FLOOR-full-color-no-BG-HEAD-TEXT.png\",\"width\":798,\"height\":1165,\"caption\":\"Kriden Floors\"},\"image\":{\"@id\":\"https:\\\/\\\/kridenfloors.com\\\/#\\\/schema\\\/logo\\\/image\\\/\"},\"sameAs\":[\"https:\\\/\\\/www.facebook.com\\\/profile.php?id=61572266346931\",\"https:\\\/\\\/www.instagram.com\\\/kriden_floors\\\/\"]}]}<\/script>\n<!-- \/ Yoast SEO plugin. -->","yoast_head_json":{"title":"Sprinttrack Personnalis\u00e9 (min. 12 m\u00b2) - Kriden Floors","robots":{"index":"index","follow":"follow","max-snippet":"max-snippet:-1","max-image-preview":"max-image-preview:large","max-video-preview":"max-video-preview:-1"},"canonical":"https:\/\/kridenfloors.com\/index.php\/produit\/sprinttrack-personnalise\/","og_locale":"fr_FR","og_type":"article","og_title":"Sprinttrack Personnalis\u00e9 (min. 12 m\u00b2) - Kriden Floors","og_description":"Epaisseur en mm : \u00a016mm Longueur \u00d7 largeur Maximum :\u00a0 30 x 4m Surface Maximum en m2 :\u00a0 120m2 Surface Minimum en m2 \u00e0 commander :\u00a0 12m2 Coloris : imprim\u00e9 Full Color  &nbsp;  &nbsp;","og_url":"https:\/\/kridenfloors.com\/index.php\/produit\/sprinttrack-personnalise\/","og_site_name":"Kriden Floors","article_publisher":"https:\/\/www.facebook.com\/profile.php?id=61572266346931","article_modified_time":"2025-01-08T16:23:13+00:00","og_image":[{"width":1024,"height":768,"url":"https:\/\/kridenfloors.com\/wp-content\/uploads\/2024\/12\/thumbnail_Design-track-1024x768.png","type":"image\/png"}],"twitter_card":"summary_large_image","twitter_misc":{"Dur\u00e9e de lecture estim\u00e9e":"2 minutes"},"schema":{"@context":"https:\/\/schema.org","@graph":[{"@type":"WebPage","@id":"https:\/\/kridenfloors.com\/index.php\/produit\/sprinttrack-personnalise\/","url":"https:\/\/kridenfloors.com\/index.php\/produit\/sprinttrack-personnalise\/","name":"Sprinttrack Personnalis\u00e9 (min. 12 m\u00b2) - Kriden Floors","isPartOf":{"@id":"https:\/\/kridenfloors.com\/#website"},"primaryImageOfPage":{"@id":"https:\/\/kridenfloors.com\/index.php\/produit\/sprinttrack-personnalise\/#primaryimage"},"image":{"@id":"https:\/\/kridenfloors.com\/index.php\/produit\/sprinttrack-personnalise\/#primaryimage"},"thumbnailUrl":"https:\/\/kridenfloors.com\/wp-content\/uploads\/2024\/12\/thumbnail_Design-track.png","datePublished":"2024-12-29T13:12:20+00:00","dateModified":"2025-01-08T16:23:13+00:00","breadcrumb":{"@id":"https:\/\/kridenfloors.com\/index.php\/produit\/sprinttrack-personnalise\/#breadcrumb"},"inLanguage":"fr-FR","potentialAction":[{"@type":"ReadAction","target":["https:\/\/kridenfloors.com\/index.php\/produit\/sprinttrack-personnalise\/"]}]},{"@type":"ImageObject","inLanguage":"fr-FR","@id":"https:\/\/kridenfloors.com\/index.php\/produit\/sprinttrack-personnalise\/#primaryimage","url":"https:\/\/kridenfloors.com\/wp-content\/uploads\/2024\/12\/thumbnail_Design-track.png","contentUrl":"https:\/\/kridenfloors.com\/wp-content\/uploads\/2024\/12\/thumbnail_Design-track.png","width":1512,"height":1134},{"@type":"BreadcrumbList","@id":"https:\/\/kridenfloors.com\/index.php\/produit\/sprinttrack-personnalise\/#breadcrumb","itemListElement":[{"@type":"ListItem","position":1,"name":"Accueil","item":"https:\/\/kridenfloors.com\/"},{"@type":"ListItem","position":2,"name":"Boutique","item":"https:\/\/kridenfloors.com\/index.php\/boutique\/"},{"@type":"ListItem","position":3,"name":"Sprinttrack Personnalis\u00e9 (min. 12 m\u00b2)"}]},{"@type":"WebSite","@id":"https:\/\/kridenfloors.com\/#website","url":"https:\/\/kridenfloors.com\/","name":"Kriden Floors","description":"La solution pour vos sols Crossfit, Fitness, Arts Martiaux, Aire de jeux, Garage ...","publisher":{"@id":"https:\/\/kridenfloors.com\/#organization"},"potentialAction":[{"@type":"SearchAction","target":{"@type":"EntryPoint","urlTemplate":"https:\/\/kridenfloors.com\/?s={search_term_string}"},"query-input":{"@type":"PropertyValueSpecification","valueRequired":true,"valueName":"search_term_string"}}],"inLanguage":"fr-FR"},{"@type":"Organization","@id":"https:\/\/kridenfloors.com\/#organization","name":"Kriden Floors","url":"https:\/\/kridenfloors.com\/","logo":{"@type":"ImageObject","inLanguage":"fr-FR","@id":"https:\/\/kridenfloors.com\/#\/schema\/logo\/image\/","url":"https:\/\/kridenfloors.com\/wp-content\/uploads\/2024\/05\/logo-kriden-SPORTS-FLOOR-full-color-no-BG-HEAD-TEXT.png","contentUrl":"https:\/\/kridenfloors.com\/wp-content\/uploads\/2024\/05\/logo-kriden-SPORTS-FLOOR-full-color-no-BG-HEAD-TEXT.png","width":798,"height":1165,"caption":"Kriden Floors"},"image":{"@id":"https:\/\/kridenfloors.com\/#\/schema\/logo\/image\/"},"sameAs":["https:\/\/www.facebook.com\/profile.php?id=61572266346931","https:\/\/www.instagram.com\/kriden_floors\/"]}]}},"jetpack_sharing_enabled":true,"_links":{"self":[{"href":"https:\/\/kridenfloors.com\/index.php\/wp-json\/wp\/v2\/product\/491","targetHints":{"allow":["GET"]}}],"collection":[{"href":"https:\/\/kridenfloors.com\/index.php\/wp-json\/wp\/v2\/product"}],"about":[{"href":"https:\/\/kridenfloors.com\/index.php\/wp-json\/wp\/v2\/types\/product"}],"wp:featuredmedia":[{"embeddable":true,"href":"https:\/\/kridenfloors.com\/index.php\/wp-json\/wp\/v2\/media\/492"}],"wp:attachment":[{"href":"https:\/\/kridenfloors.com\/index.php\/wp-json\/wp\/v2\/media?parent=491"}],"wp:term":[{"taxonomy":"product_brand","embeddable":true,"href":"https:\/\/kridenfloors.com\/index.php\/wp-json\/wp\/v2\/product_brand?post=491"},{"taxonomy":"product_cat","embeddable":true,"href":"https:\/\/kridenfloors.com\/index.php\/wp-json\/wp\/v2\/product_cat?post=491"},{"taxonomy":"product_tag","embeddable":true,"href":"https:\/\/kridenfloors.com\/index.php\/wp-json\/wp\/v2\/product_tag?post=491"}],"curies":[{"name":"wp","href":"https:\/\/api.w.org\/{rel}","templated":true}]}}