{"id":541,"date":"2025-01-08T10:07:24","date_gmt":"2025-01-08T09:07:24","guid":{"rendered":"https:\/\/kridenfloors.com\/?post_type=product&#038;p=541"},"modified":"2025-03-05T09:21:41","modified_gmt":"2025-03-05T08:21:41","slug":"klinkers-pour-ecurie-43mm-rouge-1m-35-pieces","status":"publish","type":"product","link":"https:\/\/kridenfloors.com\/index.php\/produit\/klinkers-pour-ecurie-43mm-rouge-1m-35-pieces\/","title":{"rendered":"Klinkers pour \u00e9curie 43mm &#8211; Rouge (1m\u00b2 = 35 pi\u00e8ces)"},"content":{"rendered":"<p>Les klinkers pour \u00e9curie sont la solution id\u00e9ale pour les \u00e9curies ou les \u00e9tables qui abritent d\u2019autres animaux d\u2019\u00e9levage. Au lieu d\u2019un sol en b\u00e9ton comme surface, vous pouvez utiliser ces pav\u00e9s d\u2019\u00e9curie pour rendre le sous-plancher confortable et anti-d\u00e9rapant pour votre animal.<\/p>\n<p>Les klinkers stables sont en caoutchouc naturel, elles peuvent donc r\u00e9sister au froid extr\u00eame. Par cons\u00e9quent, les klinkers d\u2019\u00e9curie peuvent \u00e9galement \u00eatre utilis\u00e9es \u00e0 l\u2019ext\u00e9rieur en hiver.<\/p>\n<p>La structure \u00e0 bulles sur la face inf\u00e9rieure\u00a0 permet \u00e0 l\u2019eau et \u00e0 l\u2019urine de s\u2019\u00e9couler rapidement. Cela garantit un espace propre et hygi\u00e9nique. En installant des klinkers stables, vous pouvez \u00e9galement \u00e9conomiser consid\u00e9rablement sur la paille. Ce produit est disponible en noir et en rouge.<\/p>\n<p>Les avantages suppl\u00e9mentaires sont que les klinkers stables sont isolants, insonorisants et \u00e9lastiques. Avec une perm\u00e9abilit\u00e9 \u00e0 l\u2019eau avec une dalle de 4 cm d\u2019\u00e9paisseur de 960 mm\/heure.<\/p>\n<p>Facile \u00e0 nettoyer<\/p>\n<p>Pose possible sur b\u00e9ton, pav\u00e9s en b\u00e9ton ou lit de graviers\/gravillons (plat et compact\u00e9). La pr\u00e9sence d\u2019une pente de 2 \u00e0 3 % ainsi qu\u2019une possibilit\u00e9 d\u2019\u00e9coulement sont imp\u00e9ratives.<\/p>\n<p>Nous recommandons de placer une bordure afin d\u2019\u00e9viter qu\u2019ils ne glissent.<\/p>\n<p><strong>Moins de liti\u00e8re\u00a0:<\/strong><\/p>\n<p>En fonction du tapis, vous pouvez \u00e9conomiser entre 70 % et 90 % de liti\u00e8re. Ce qui signifie moins de fumier et moins de frais.<\/p>\n<p>&nbsp;<\/p>\n<p><strong>Caract\u00e9ristiques et avantages<\/strong><br \/>\n\u2022 Taille : 20\u00d716,5 cm<br \/>\n\u2022 Couleurs : noir, rouge<br \/>\n\u2022 \u00c9paisseur : 4,3 cm<br \/>\n\u2022 Densit\u00e9 de 1000 kg\/m3<br \/>\n\u2022 Certifi\u00e9 UE selon EN-1177<br \/>\n\u2022 Absorbant les chocs<br \/>\n\u2022 Perm\u00e9able \u00e0 l\u2019humidit\u00e9<br \/>\n\u2022 R\u00e9sistant \u00e0 l\u2019abrasion<br \/>\n\u2022 Antid\u00e9rapant<br \/>\n\u2022 R\u00e9sistant aux intemp\u00e9ries et au vent<br \/>\n\u2022 Facile \u00e0 couper et \u00e0 installer<br \/>\n\u2022 Facile \u00e0 entretenir<br \/>\n\u2022 Insonorisant<br \/>\n\u2022 Garantie constructeur de 3 ans<br \/>\n\u2022 100% recycl\u00e9, 100% s\u00fbr<\/p>\n","protected":false},"excerpt":{"rendered":"<p>!! Prix au m2<\/p>\n<p><strong>Epaisseur<\/strong>\u00a0: 43mm<br \/>\n<strong>Longueur x Largeur<\/strong>\u00a0: 20\u00d716,5cm<br \/>\n<strong>Poids<\/strong>\u00a0: 0,8kg<br \/>\n<strong>Surface<\/strong>\u00a0: 1m2 = 35 unit\u00e9s<br \/>\n<strong>Couleur<\/strong> : rouge<br \/>\n<strong>Densit\u00e9<\/strong>\u00a0<strong>:<\/strong>\u00a01000kilos \/m3<br \/>\n<strong>Granul\u00e9 :<\/strong>\u00a0SBR extra dur press\u00e9<\/p>\n","protected":false},"featured_media":540,"template":"","meta":[],"product_brand":[],"product_cat":[19],"product_tag":[],"class_list":{"0":"post-541","1":"product","2":"type-product","3":"status-publish","4":"has-post-thumbnail","6":"product_cat-ecuries-et-etables","8":"first","9":"instock","10":"taxable","11":"shipping-taxable","12":"purchasable","13":"product-type-simple"},"yoast_head":"<!-- This site is optimized with the Yoast SEO plugin v27.3 - https:\/\/yoast.com\/product\/yoast-seo-wordpress\/ -->\n<title>Klinkers pour \u00e9curie 43mm - Rouge (1m\u00b2 = 35 pi\u00e8ces) - Kriden Floors<\/title>\n<meta name=\"robots\" content=\"index, follow, max-snippet:-1, max-image-preview:large, max-video-preview:-1\" \/>\n<link rel=\"canonical\" href=\"https:\/\/kridenfloors.com\/index.php\/produit\/klinkers-pour-ecurie-43mm-rouge-1m-35-pieces\/\" \/>\n<meta property=\"og:locale\" content=\"fr_FR\" \/>\n<meta property=\"og:type\" content=\"article\" \/>\n<meta property=\"og:title\" content=\"Klinkers pour \u00e9curie 43mm - Rouge (1m\u00b2 = 35 pi\u00e8ces) - Kriden Floors\" \/>\n<meta property=\"og:description\" content=\"!! Prix au m2  Epaisseur\u00a0: 43mm Longueur x Largeur\u00a0: 20\u00d716,5cm Poids\u00a0: 0,8kg Surface\u00a0: 1m2 = 35 unit\u00e9s Couleur : rouge Densit\u00e9\u00a0:\u00a01000kilos \/m3 Granul\u00e9 :\u00a0SBR extra dur press\u00e9\" \/>\n<meta property=\"og:url\" content=\"https:\/\/kridenfloors.com\/index.php\/produit\/klinkers-pour-ecurie-43mm-rouge-1m-35-pieces\/\" \/>\n<meta property=\"og:site_name\" content=\"Kriden Floors\" \/>\n<meta property=\"article:publisher\" content=\"https:\/\/www.facebook.com\/profile.php?id=61572266346931\" \/>\n<meta property=\"article:modified_time\" content=\"2025-03-05T08:21:41+00:00\" \/>\n<meta property=\"og:image\" content=\"http:\/\/kridenfloors.com\/wp-content\/uploads\/2025\/01\/stalklinker-rood-20x16-5x4-3-2.jpg\" \/>\n\t<meta property=\"og:image:width\" content=\"1100\" \/>\n\t<meta property=\"og:image:height\" content=\"1100\" \/>\n\t<meta property=\"og:image:type\" content=\"image\/jpeg\" \/>\n<meta name=\"twitter:card\" content=\"summary_large_image\" \/>\n<meta name=\"twitter:label1\" content=\"Dur\u00e9e de lecture estim\u00e9e\" \/>\n\t<meta name=\"twitter:data1\" content=\"2 minutes\" \/>\n<script type=\"application\/ld+json\" class=\"yoast-schema-graph\">{\"@context\":\"https:\\\/\\\/schema.org\",\"@graph\":[{\"@type\":\"WebPage\",\"@id\":\"https:\\\/\\\/kridenfloors.com\\\/index.php\\\/produit\\\/klinkers-pour-ecurie-43mm-rouge-1m-35-pieces\\\/\",\"url\":\"https:\\\/\\\/kridenfloors.com\\\/index.php\\\/produit\\\/klinkers-pour-ecurie-43mm-rouge-1m-35-pieces\\\/\",\"name\":\"Klinkers pour \u00e9curie 43mm - Rouge (1m\u00b2 = 35 pi\u00e8ces) - Kriden Floors\",\"isPartOf\":{\"@id\":\"https:\\\/\\\/kridenfloors.com\\\/#website\"},\"primaryImageOfPage\":{\"@id\":\"https:\\\/\\\/kridenfloors.com\\\/index.php\\\/produit\\\/klinkers-pour-ecurie-43mm-rouge-1m-35-pieces\\\/#primaryimage\"},\"image\":{\"@id\":\"https:\\\/\\\/kridenfloors.com\\\/index.php\\\/produit\\\/klinkers-pour-ecurie-43mm-rouge-1m-35-pieces\\\/#primaryimage\"},\"thumbnailUrl\":\"https:\\\/\\\/kridenfloors.com\\\/wp-content\\\/uploads\\\/2025\\\/01\\\/stalklinker-rood-20x16-5x4-3-2.jpg\",\"datePublished\":\"2025-01-08T09:07:24+00:00\",\"dateModified\":\"2025-03-05T08:21:41+00:00\",\"breadcrumb\":{\"@id\":\"https:\\\/\\\/kridenfloors.com\\\/index.php\\\/produit\\\/klinkers-pour-ecurie-43mm-rouge-1m-35-pieces\\\/#breadcrumb\"},\"inLanguage\":\"fr-FR\",\"potentialAction\":[{\"@type\":\"ReadAction\",\"target\":[\"https:\\\/\\\/kridenfloors.com\\\/index.php\\\/produit\\\/klinkers-pour-ecurie-43mm-rouge-1m-35-pieces\\\/\"]}]},{\"@type\":\"ImageObject\",\"inLanguage\":\"fr-FR\",\"@id\":\"https:\\\/\\\/kridenfloors.com\\\/index.php\\\/produit\\\/klinkers-pour-ecurie-43mm-rouge-1m-35-pieces\\\/#primaryimage\",\"url\":\"https:\\\/\\\/kridenfloors.com\\\/wp-content\\\/uploads\\\/2025\\\/01\\\/stalklinker-rood-20x16-5x4-3-2.jpg\",\"contentUrl\":\"https:\\\/\\\/kridenfloors.com\\\/wp-content\\\/uploads\\\/2025\\\/01\\\/stalklinker-rood-20x16-5x4-3-2.jpg\",\"width\":1100,\"height\":1100},{\"@type\":\"BreadcrumbList\",\"@id\":\"https:\\\/\\\/kridenfloors.com\\\/index.php\\\/produit\\\/klinkers-pour-ecurie-43mm-rouge-1m-35-pieces\\\/#breadcrumb\",\"itemListElement\":[{\"@type\":\"ListItem\",\"position\":1,\"name\":\"Accueil\",\"item\":\"https:\\\/\\\/kridenfloors.com\\\/\"},{\"@type\":\"ListItem\",\"position\":2,\"name\":\"Boutique\",\"item\":\"https:\\\/\\\/kridenfloors.com\\\/index.php\\\/boutique\\\/\"},{\"@type\":\"ListItem\",\"position\":3,\"name\":\"Klinkers pour \u00e9curie 43mm &#8211; Rouge (1m\u00b2 = 35 pi\u00e8ces)\"}]},{\"@type\":\"WebSite\",\"@id\":\"https:\\\/\\\/kridenfloors.com\\\/#website\",\"url\":\"https:\\\/\\\/kridenfloors.com\\\/\",\"name\":\"Kriden Floors\",\"description\":\"La solution pour vos sols Crossfit, Fitness, Arts Martiaux, Aire de jeux, Garage ...\",\"publisher\":{\"@id\":\"https:\\\/\\\/kridenfloors.com\\\/#organization\"},\"potentialAction\":[{\"@type\":\"SearchAction\",\"target\":{\"@type\":\"EntryPoint\",\"urlTemplate\":\"https:\\\/\\\/kridenfloors.com\\\/?s={search_term_string}\"},\"query-input\":{\"@type\":\"PropertyValueSpecification\",\"valueRequired\":true,\"valueName\":\"search_term_string\"}}],\"inLanguage\":\"fr-FR\"},{\"@type\":\"Organization\",\"@id\":\"https:\\\/\\\/kridenfloors.com\\\/#organization\",\"name\":\"Kriden Floors\",\"url\":\"https:\\\/\\\/kridenfloors.com\\\/\",\"logo\":{\"@type\":\"ImageObject\",\"inLanguage\":\"fr-FR\",\"@id\":\"https:\\\/\\\/kridenfloors.com\\\/#\\\/schema\\\/logo\\\/image\\\/\",\"url\":\"https:\\\/\\\/kridenfloors.com\\\/wp-content\\\/uploads\\\/2024\\\/05\\\/logo-kriden-SPORTS-FLOOR-full-color-no-BG-HEAD-TEXT.png\",\"contentUrl\":\"https:\\\/\\\/kridenfloors.com\\\/wp-content\\\/uploads\\\/2024\\\/05\\\/logo-kriden-SPORTS-FLOOR-full-color-no-BG-HEAD-TEXT.png\",\"width\":798,\"height\":1165,\"caption\":\"Kriden Floors\"},\"image\":{\"@id\":\"https:\\\/\\\/kridenfloors.com\\\/#\\\/schema\\\/logo\\\/image\\\/\"},\"sameAs\":[\"https:\\\/\\\/www.facebook.com\\\/profile.php?id=61572266346931\",\"https:\\\/\\\/www.instagram.com\\\/kriden_floors\\\/\"]}]}<\/script>\n<!-- \/ Yoast SEO plugin. -->","yoast_head_json":{"title":"Klinkers pour \u00e9curie 43mm - Rouge (1m\u00b2 = 35 pi\u00e8ces) - Kriden Floors","robots":{"index":"index","follow":"follow","max-snippet":"max-snippet:-1","max-image-preview":"max-image-preview:large","max-video-preview":"max-video-preview:-1"},"canonical":"https:\/\/kridenfloors.com\/index.php\/produit\/klinkers-pour-ecurie-43mm-rouge-1m-35-pieces\/","og_locale":"fr_FR","og_type":"article","og_title":"Klinkers pour \u00e9curie 43mm - Rouge (1m\u00b2 = 35 pi\u00e8ces) - Kriden Floors","og_description":"!! Prix au m2  Epaisseur\u00a0: 43mm Longueur x Largeur\u00a0: 20\u00d716,5cm Poids\u00a0: 0,8kg Surface\u00a0: 1m2 = 35 unit\u00e9s Couleur : rouge Densit\u00e9\u00a0:\u00a01000kilos \/m3 Granul\u00e9 :\u00a0SBR extra dur press\u00e9","og_url":"https:\/\/kridenfloors.com\/index.php\/produit\/klinkers-pour-ecurie-43mm-rouge-1m-35-pieces\/","og_site_name":"Kriden Floors","article_publisher":"https:\/\/www.facebook.com\/profile.php?id=61572266346931","article_modified_time":"2025-03-05T08:21:41+00:00","og_image":[{"width":1100,"height":1100,"url":"http:\/\/kridenfloors.com\/wp-content\/uploads\/2025\/01\/stalklinker-rood-20x16-5x4-3-2.jpg","type":"image\/jpeg"}],"twitter_card":"summary_large_image","twitter_misc":{"Dur\u00e9e de lecture estim\u00e9e":"2 minutes"},"schema":{"@context":"https:\/\/schema.org","@graph":[{"@type":"WebPage","@id":"https:\/\/kridenfloors.com\/index.php\/produit\/klinkers-pour-ecurie-43mm-rouge-1m-35-pieces\/","url":"https:\/\/kridenfloors.com\/index.php\/produit\/klinkers-pour-ecurie-43mm-rouge-1m-35-pieces\/","name":"Klinkers pour \u00e9curie 43mm - Rouge (1m\u00b2 = 35 pi\u00e8ces) - Kriden Floors","isPartOf":{"@id":"https:\/\/kridenfloors.com\/#website"},"primaryImageOfPage":{"@id":"https:\/\/kridenfloors.com\/index.php\/produit\/klinkers-pour-ecurie-43mm-rouge-1m-35-pieces\/#primaryimage"},"image":{"@id":"https:\/\/kridenfloors.com\/index.php\/produit\/klinkers-pour-ecurie-43mm-rouge-1m-35-pieces\/#primaryimage"},"thumbnailUrl":"https:\/\/kridenfloors.com\/wp-content\/uploads\/2025\/01\/stalklinker-rood-20x16-5x4-3-2.jpg","datePublished":"2025-01-08T09:07:24+00:00","dateModified":"2025-03-05T08:21:41+00:00","breadcrumb":{"@id":"https:\/\/kridenfloors.com\/index.php\/produit\/klinkers-pour-ecurie-43mm-rouge-1m-35-pieces\/#breadcrumb"},"inLanguage":"fr-FR","potentialAction":[{"@type":"ReadAction","target":["https:\/\/kridenfloors.com\/index.php\/produit\/klinkers-pour-ecurie-43mm-rouge-1m-35-pieces\/"]}]},{"@type":"ImageObject","inLanguage":"fr-FR","@id":"https:\/\/kridenfloors.com\/index.php\/produit\/klinkers-pour-ecurie-43mm-rouge-1m-35-pieces\/#primaryimage","url":"https:\/\/kridenfloors.com\/wp-content\/uploads\/2025\/01\/stalklinker-rood-20x16-5x4-3-2.jpg","contentUrl":"https:\/\/kridenfloors.com\/wp-content\/uploads\/2025\/01\/stalklinker-rood-20x16-5x4-3-2.jpg","width":1100,"height":1100},{"@type":"BreadcrumbList","@id":"https:\/\/kridenfloors.com\/index.php\/produit\/klinkers-pour-ecurie-43mm-rouge-1m-35-pieces\/#breadcrumb","itemListElement":[{"@type":"ListItem","position":1,"name":"Accueil","item":"https:\/\/kridenfloors.com\/"},{"@type":"ListItem","position":2,"name":"Boutique","item":"https:\/\/kridenfloors.com\/index.php\/boutique\/"},{"@type":"ListItem","position":3,"name":"Klinkers pour \u00e9curie 43mm &#8211; Rouge (1m\u00b2 = 35 pi\u00e8ces)"}]},{"@type":"WebSite","@id":"https:\/\/kridenfloors.com\/#website","url":"https:\/\/kridenfloors.com\/","name":"Kriden Floors","description":"La solution pour vos sols Crossfit, Fitness, Arts Martiaux, Aire de jeux, Garage ...","publisher":{"@id":"https:\/\/kridenfloors.com\/#organization"},"potentialAction":[{"@type":"SearchAction","target":{"@type":"EntryPoint","urlTemplate":"https:\/\/kridenfloors.com\/?s={search_term_string}"},"query-input":{"@type":"PropertyValueSpecification","valueRequired":true,"valueName":"search_term_string"}}],"inLanguage":"fr-FR"},{"@type":"Organization","@id":"https:\/\/kridenfloors.com\/#organization","name":"Kriden Floors","url":"https:\/\/kridenfloors.com\/","logo":{"@type":"ImageObject","inLanguage":"fr-FR","@id":"https:\/\/kridenfloors.com\/#\/schema\/logo\/image\/","url":"https:\/\/kridenfloors.com\/wp-content\/uploads\/2024\/05\/logo-kriden-SPORTS-FLOOR-full-color-no-BG-HEAD-TEXT.png","contentUrl":"https:\/\/kridenfloors.com\/wp-content\/uploads\/2024\/05\/logo-kriden-SPORTS-FLOOR-full-color-no-BG-HEAD-TEXT.png","width":798,"height":1165,"caption":"Kriden Floors"},"image":{"@id":"https:\/\/kridenfloors.com\/#\/schema\/logo\/image\/"},"sameAs":["https:\/\/www.facebook.com\/profile.php?id=61572266346931","https:\/\/www.instagram.com\/kriden_floors\/"]}]}},"jetpack_sharing_enabled":true,"_links":{"self":[{"href":"https:\/\/kridenfloors.com\/index.php\/wp-json\/wp\/v2\/product\/541","targetHints":{"allow":["GET"]}}],"collection":[{"href":"https:\/\/kridenfloors.com\/index.php\/wp-json\/wp\/v2\/product"}],"about":[{"href":"https:\/\/kridenfloors.com\/index.php\/wp-json\/wp\/v2\/types\/product"}],"wp:featuredmedia":[{"embeddable":true,"href":"https:\/\/kridenfloors.com\/index.php\/wp-json\/wp\/v2\/media\/540"}],"wp:attachment":[{"href":"https:\/\/kridenfloors.com\/index.php\/wp-json\/wp\/v2\/media?parent=541"}],"wp:term":[{"taxonomy":"product_brand","embeddable":true,"href":"https:\/\/kridenfloors.com\/index.php\/wp-json\/wp\/v2\/product_brand?post=541"},{"taxonomy":"product_cat","embeddable":true,"href":"https:\/\/kridenfloors.com\/index.php\/wp-json\/wp\/v2\/product_cat?post=541"},{"taxonomy":"product_tag","embeddable":true,"href":"https:\/\/kridenfloors.com\/index.php\/wp-json\/wp\/v2\/product_tag?post=541"}],"curies":[{"name":"wp","href":"https:\/\/api.w.org\/{rel}","templated":true}]}}