{"id":569,"date":"2025-01-08T16:06:16","date_gmt":"2025-01-08T15:06:16","guid":{"rendered":"https:\/\/kridenfloors.com\/?post_type=product&#038;p=569"},"modified":"2025-01-24T14:03:24","modified_gmt":"2025-01-24T13:03:24","slug":"dalles-pvc-clips-eco-industry-gris","status":"publish","type":"product","link":"https:\/\/kridenfloors.com\/index.php\/produit\/dalles-pvc-clips-eco-industry-gris\/","title":{"rendered":"Dalles PVC Clips ECO \u00ab INDUSTRY \u00bb &#8211; Gris"},"content":{"rendered":"<p>Dalles en PVC \/ Vinyl clipsable ultra-r\u00e9sistante pour garage, entrep\u00f4t, hall industriel, atelier, surface commerciale, salle de fitness, foire expo, paddocks,\u2026<\/p>\n<p>Facile \u00e0 installer, facile d\u2019entretien<\/p>\n<p>Motif : Peau de serpent<br \/>\nCouleur: Gris<br \/>\nTaille : 516 x 516 mm<br \/>\nEpaisseur :\u00a0 7mm<br \/>\n4 pi\u00e8ces par m2<br \/>\nPrix au m2<br \/>\nGarantie de 10 ans<\/p>\n<p><strong>Infos G\u00e9n\u00e9rales<\/strong><\/p>\n<div>\n<p>Les carreaux INDUSTRY sont disponibles en 3 structures\/motifs de surface diff\u00e9rents, \u00e0 savoir ; Diamant, peau de serpent et cercles. Les carreaux ont une structure pleine sur la face inf\u00e9rieure, ce qui rend le carreau extr\u00eamement solide.<\/p>\n<p>Les carreaux sont recommand\u00e9s dans les espaces int\u00e9rieurs o\u00f9 une charge ponctuelle \u00e9lev\u00e9e peut se produire sur les carreaux individuels ou une charge dynamique \u00e9lev\u00e9e sur toute la surface du sol.<\/p>\n<\/div>\n<div><\/div>\n<div>\n<p>La tuile INDUSTRY peut \u00e9galement \u00eatre pos\u00e9e partout o\u00f9 un transpalette \u00e9lectrique ou d\u2019autres \u00e9quipements lourds sont utilis\u00e9s pour les d\u00e9placements.<\/p>\n<p>Les carreaux ont une structure en queue d\u2019aronde sur les bords pour faire une connexion parfaitement \u00e9tanche avec l\u2019ensemble du sol.<\/p>\n<\/div>\n<div><\/div>\n<div>Les tuiles PVC sont l\u00e9g\u00e8res avec leurs +\/-2,5kg par tuile (+\/-10kg par m2) mais extr\u00eamement solides en structure !<\/div>\n<p>&nbsp;<\/p>\n<p><strong>Utilisation<\/strong><\/p>\n<ul>\n<li>Usines et entrep\u00f4ts<\/li>\n<li>Centres de distribution<\/li>\n<li>Garages, ateliers avec \u00e9quipement lourd<\/li>\n<li>Industrie lourde et entrep\u00f4ts<\/li>\n<li>Gares, terminaux, hangars<\/li>\n<li>Casernes de police et de pompiers<\/li>\n<li>Rev\u00eatement de sol pour le fitness et le gymnase<\/li>\n<li>Foires et expositions<\/li>\n<\/ul>\n<div class=\"table-wrapper\">\n<table>\n<tbody>\n<tr>\n<td><strong>Caract\u00e9ristiques et avantages<\/strong><\/td>\n<td><\/td>\n<\/tr>\n<tr>\n<td>\n<ul>\n<li>Absorbe les chocs<\/li>\n<li>Isolant<\/li>\n<li>Facile et rapide \u00e0 installer<\/li>\n<li>Facile \u00e0 couper et \u00e0 installer<\/li>\n<li>Facilit\u00e9 d\u2019entretien<\/li>\n<li>Poids +\/-2,5kg par tuile<\/li>\n<li>Poids +\/- 10kg par m2<\/li>\n<\/ul>\n<\/td>\n<td>\n<ul>\n<li>Nettoyage \u00e9tanche<\/li>\n<li>insonorisant<\/li>\n<li>Antid\u00e9rapant<\/li>\n<li>R\u00e9sistant \u00e0 l\u2019abrasion et antid\u00e9rapant (R9)<\/li>\n<li>Ignifuge BflS1<\/li>\n<li>R\u00e9sistant \u00e0 l\u2019huile et aux produits chimiques<\/li>\n<li>Jusqu\u2019\u00e0 10 ans de garantie constructeur<\/li>\n<\/ul>\n<\/td>\n<\/tr>\n<\/tbody>\n<\/table>\n<\/div>\n","protected":false},"excerpt":{"rendered":"<p>Motif : Peau de serpent<br \/>\nCouleur: Gris<br \/>\nTaille: 516 x 516 x 7 mm<br \/>\nEpaisseur: 7mm<br \/>\n4 pi\u00e8ces par m2<br \/>\nPrix au m2<br \/>\nGarantie de 10 ans<br \/>\nPoids +\/-2,5kg par tuile<br \/>\nPoids +\/- 10kg par m2<\/p>\n","protected":false},"featured_media":568,"template":"","meta":[],"product_brand":[],"product_cat":[27,24],"product_tag":[],"class_list":{"0":"post-569","1":"product","2":"type-product","3":"status-publish","4":"has-post-thumbnail","6":"product_cat-dalles-pvc-clips-industry","7":"product_cat-pvc-vinyl","9":"first","10":"instock","11":"taxable","12":"shipping-taxable","13":"purchasable","14":"product-type-simple"},"yoast_head":"<!-- This site is optimized with the Yoast SEO plugin v27.4 - https:\/\/yoast.com\/product\/yoast-seo-wordpress\/ -->\n<title>Dalles PVC Clips ECO \u00ab INDUSTRY \u00bb - Gris - Kriden Floors<\/title>\n<meta name=\"robots\" content=\"index, follow, max-snippet:-1, max-image-preview:large, max-video-preview:-1\" \/>\n<link rel=\"canonical\" href=\"https:\/\/kridenfloors.com\/index.php\/produit\/dalles-pvc-clips-eco-industry-gris\/\" \/>\n<meta property=\"og:locale\" content=\"fr_FR\" \/>\n<meta property=\"og:type\" content=\"article\" \/>\n<meta property=\"og:title\" content=\"Dalles PVC Clips ECO \u00ab INDUSTRY \u00bb - Gris - Kriden Floors\" \/>\n<meta property=\"og:description\" content=\"Motif : Peau de serpent Couleur: Gris Taille: 516 x 516 x 7 mm Epaisseur: 7mm 4 pi\u00e8ces par m2 Prix au m2 Garantie de 10 ans Poids +\/-2,5kg par tuile Poids +\/- 10kg par m2\" \/>\n<meta property=\"og:url\" content=\"https:\/\/kridenfloors.com\/index.php\/produit\/dalles-pvc-clips-eco-industry-gris\/\" \/>\n<meta property=\"og:site_name\" content=\"Kriden Floors\" \/>\n<meta property=\"article:publisher\" content=\"https:\/\/www.facebook.com\/profile.php?id=61572266346931\" \/>\n<meta property=\"article:modified_time\" content=\"2025-01-24T13:03:24+00:00\" \/>\n<meta property=\"og:image\" content=\"http:\/\/kridenfloors.com\/wp-content\/uploads\/2024\/12\/Clawgrip-Industry-Skin-Grey.png\" \/>\n\t<meta property=\"og:image:width\" content=\"2000\" \/>\n\t<meta property=\"og:image:height\" content=\"1335\" \/>\n\t<meta property=\"og:image:type\" content=\"image\/png\" \/>\n<meta name=\"twitter:card\" content=\"summary_large_image\" \/>\n<meta name=\"twitter:label1\" content=\"Dur\u00e9e de lecture estim\u00e9e\" \/>\n\t<meta name=\"twitter:data1\" content=\"2 minutes\" \/>\n<script type=\"application\/ld+json\" class=\"yoast-schema-graph\">{\"@context\":\"https:\\\/\\\/schema.org\",\"@graph\":[{\"@type\":\"WebPage\",\"@id\":\"https:\\\/\\\/kridenfloors.com\\\/index.php\\\/produit\\\/dalles-pvc-clips-eco-industry-gris\\\/\",\"url\":\"https:\\\/\\\/kridenfloors.com\\\/index.php\\\/produit\\\/dalles-pvc-clips-eco-industry-gris\\\/\",\"name\":\"Dalles PVC Clips ECO \u00ab INDUSTRY \u00bb - Gris - Kriden Floors\",\"isPartOf\":{\"@id\":\"https:\\\/\\\/kridenfloors.com\\\/#website\"},\"primaryImageOfPage\":{\"@id\":\"https:\\\/\\\/kridenfloors.com\\\/index.php\\\/produit\\\/dalles-pvc-clips-eco-industry-gris\\\/#primaryimage\"},\"image\":{\"@id\":\"https:\\\/\\\/kridenfloors.com\\\/index.php\\\/produit\\\/dalles-pvc-clips-eco-industry-gris\\\/#primaryimage\"},\"thumbnailUrl\":\"https:\\\/\\\/kridenfloors.com\\\/wp-content\\\/uploads\\\/2024\\\/12\\\/Clawgrip-Industry-Skin-Grey.png\",\"datePublished\":\"2025-01-08T15:06:16+00:00\",\"dateModified\":\"2025-01-24T13:03:24+00:00\",\"breadcrumb\":{\"@id\":\"https:\\\/\\\/kridenfloors.com\\\/index.php\\\/produit\\\/dalles-pvc-clips-eco-industry-gris\\\/#breadcrumb\"},\"inLanguage\":\"fr-FR\",\"potentialAction\":[{\"@type\":\"ReadAction\",\"target\":[\"https:\\\/\\\/kridenfloors.com\\\/index.php\\\/produit\\\/dalles-pvc-clips-eco-industry-gris\\\/\"]}]},{\"@type\":\"ImageObject\",\"inLanguage\":\"fr-FR\",\"@id\":\"https:\\\/\\\/kridenfloors.com\\\/index.php\\\/produit\\\/dalles-pvc-clips-eco-industry-gris\\\/#primaryimage\",\"url\":\"https:\\\/\\\/kridenfloors.com\\\/wp-content\\\/uploads\\\/2024\\\/12\\\/Clawgrip-Industry-Skin-Grey.png\",\"contentUrl\":\"https:\\\/\\\/kridenfloors.com\\\/wp-content\\\/uploads\\\/2024\\\/12\\\/Clawgrip-Industry-Skin-Grey.png\",\"width\":2000,\"height\":1335},{\"@type\":\"BreadcrumbList\",\"@id\":\"https:\\\/\\\/kridenfloors.com\\\/index.php\\\/produit\\\/dalles-pvc-clips-eco-industry-gris\\\/#breadcrumb\",\"itemListElement\":[{\"@type\":\"ListItem\",\"position\":1,\"name\":\"Accueil\",\"item\":\"https:\\\/\\\/kridenfloors.com\\\/\"},{\"@type\":\"ListItem\",\"position\":2,\"name\":\"Boutique\",\"item\":\"https:\\\/\\\/kridenfloors.com\\\/index.php\\\/boutique\\\/\"},{\"@type\":\"ListItem\",\"position\":3,\"name\":\"Dalles PVC Clips ECO \u00ab INDUSTRY \u00bb &#8211; Gris\"}]},{\"@type\":\"WebSite\",\"@id\":\"https:\\\/\\\/kridenfloors.com\\\/#website\",\"url\":\"https:\\\/\\\/kridenfloors.com\\\/\",\"name\":\"Kriden Floors\",\"description\":\"La solution pour vos sols Crossfit, Fitness, Arts Martiaux, Aire de jeux, Garage ...\",\"publisher\":{\"@id\":\"https:\\\/\\\/kridenfloors.com\\\/#organization\"},\"potentialAction\":[{\"@type\":\"SearchAction\",\"target\":{\"@type\":\"EntryPoint\",\"urlTemplate\":\"https:\\\/\\\/kridenfloors.com\\\/?s={search_term_string}\"},\"query-input\":{\"@type\":\"PropertyValueSpecification\",\"valueRequired\":true,\"valueName\":\"search_term_string\"}}],\"inLanguage\":\"fr-FR\"},{\"@type\":\"Organization\",\"@id\":\"https:\\\/\\\/kridenfloors.com\\\/#organization\",\"name\":\"Kriden Floors\",\"url\":\"https:\\\/\\\/kridenfloors.com\\\/\",\"logo\":{\"@type\":\"ImageObject\",\"inLanguage\":\"fr-FR\",\"@id\":\"https:\\\/\\\/kridenfloors.com\\\/#\\\/schema\\\/logo\\\/image\\\/\",\"url\":\"https:\\\/\\\/kridenfloors.com\\\/wp-content\\\/uploads\\\/2024\\\/05\\\/logo-kriden-SPORTS-FLOOR-full-color-no-BG-HEAD-TEXT.png\",\"contentUrl\":\"https:\\\/\\\/kridenfloors.com\\\/wp-content\\\/uploads\\\/2024\\\/05\\\/logo-kriden-SPORTS-FLOOR-full-color-no-BG-HEAD-TEXT.png\",\"width\":798,\"height\":1165,\"caption\":\"Kriden Floors\"},\"image\":{\"@id\":\"https:\\\/\\\/kridenfloors.com\\\/#\\\/schema\\\/logo\\\/image\\\/\"},\"sameAs\":[\"https:\\\/\\\/www.facebook.com\\\/profile.php?id=61572266346931\",\"https:\\\/\\\/www.instagram.com\\\/kriden_floors\\\/\"]}]}<\/script>\n<!-- \/ Yoast SEO plugin. -->","yoast_head_json":{"title":"Dalles PVC Clips ECO \u00ab INDUSTRY \u00bb - Gris - Kriden Floors","robots":{"index":"index","follow":"follow","max-snippet":"max-snippet:-1","max-image-preview":"max-image-preview:large","max-video-preview":"max-video-preview:-1"},"canonical":"https:\/\/kridenfloors.com\/index.php\/produit\/dalles-pvc-clips-eco-industry-gris\/","og_locale":"fr_FR","og_type":"article","og_title":"Dalles PVC Clips ECO \u00ab INDUSTRY \u00bb - Gris - Kriden Floors","og_description":"Motif : Peau de serpent Couleur: Gris Taille: 516 x 516 x 7 mm Epaisseur: 7mm 4 pi\u00e8ces par m2 Prix au m2 Garantie de 10 ans Poids +\/-2,5kg par tuile Poids +\/- 10kg par m2","og_url":"https:\/\/kridenfloors.com\/index.php\/produit\/dalles-pvc-clips-eco-industry-gris\/","og_site_name":"Kriden Floors","article_publisher":"https:\/\/www.facebook.com\/profile.php?id=61572266346931","article_modified_time":"2025-01-24T13:03:24+00:00","og_image":[{"width":2000,"height":1335,"url":"http:\/\/kridenfloors.com\/wp-content\/uploads\/2024\/12\/Clawgrip-Industry-Skin-Grey.png","type":"image\/png"}],"twitter_card":"summary_large_image","twitter_misc":{"Dur\u00e9e de lecture estim\u00e9e":"2 minutes"},"schema":{"@context":"https:\/\/schema.org","@graph":[{"@type":"WebPage","@id":"https:\/\/kridenfloors.com\/index.php\/produit\/dalles-pvc-clips-eco-industry-gris\/","url":"https:\/\/kridenfloors.com\/index.php\/produit\/dalles-pvc-clips-eco-industry-gris\/","name":"Dalles PVC Clips ECO \u00ab INDUSTRY \u00bb - Gris - Kriden Floors","isPartOf":{"@id":"https:\/\/kridenfloors.com\/#website"},"primaryImageOfPage":{"@id":"https:\/\/kridenfloors.com\/index.php\/produit\/dalles-pvc-clips-eco-industry-gris\/#primaryimage"},"image":{"@id":"https:\/\/kridenfloors.com\/index.php\/produit\/dalles-pvc-clips-eco-industry-gris\/#primaryimage"},"thumbnailUrl":"https:\/\/kridenfloors.com\/wp-content\/uploads\/2024\/12\/Clawgrip-Industry-Skin-Grey.png","datePublished":"2025-01-08T15:06:16+00:00","dateModified":"2025-01-24T13:03:24+00:00","breadcrumb":{"@id":"https:\/\/kridenfloors.com\/index.php\/produit\/dalles-pvc-clips-eco-industry-gris\/#breadcrumb"},"inLanguage":"fr-FR","potentialAction":[{"@type":"ReadAction","target":["https:\/\/kridenfloors.com\/index.php\/produit\/dalles-pvc-clips-eco-industry-gris\/"]}]},{"@type":"ImageObject","inLanguage":"fr-FR","@id":"https:\/\/kridenfloors.com\/index.php\/produit\/dalles-pvc-clips-eco-industry-gris\/#primaryimage","url":"https:\/\/kridenfloors.com\/wp-content\/uploads\/2024\/12\/Clawgrip-Industry-Skin-Grey.png","contentUrl":"https:\/\/kridenfloors.com\/wp-content\/uploads\/2024\/12\/Clawgrip-Industry-Skin-Grey.png","width":2000,"height":1335},{"@type":"BreadcrumbList","@id":"https:\/\/kridenfloors.com\/index.php\/produit\/dalles-pvc-clips-eco-industry-gris\/#breadcrumb","itemListElement":[{"@type":"ListItem","position":1,"name":"Accueil","item":"https:\/\/kridenfloors.com\/"},{"@type":"ListItem","position":2,"name":"Boutique","item":"https:\/\/kridenfloors.com\/index.php\/boutique\/"},{"@type":"ListItem","position":3,"name":"Dalles PVC Clips ECO \u00ab INDUSTRY \u00bb &#8211; Gris"}]},{"@type":"WebSite","@id":"https:\/\/kridenfloors.com\/#website","url":"https:\/\/kridenfloors.com\/","name":"Kriden Floors","description":"La solution pour vos sols Crossfit, Fitness, Arts Martiaux, Aire de jeux, Garage ...","publisher":{"@id":"https:\/\/kridenfloors.com\/#organization"},"potentialAction":[{"@type":"SearchAction","target":{"@type":"EntryPoint","urlTemplate":"https:\/\/kridenfloors.com\/?s={search_term_string}"},"query-input":{"@type":"PropertyValueSpecification","valueRequired":true,"valueName":"search_term_string"}}],"inLanguage":"fr-FR"},{"@type":"Organization","@id":"https:\/\/kridenfloors.com\/#organization","name":"Kriden Floors","url":"https:\/\/kridenfloors.com\/","logo":{"@type":"ImageObject","inLanguage":"fr-FR","@id":"https:\/\/kridenfloors.com\/#\/schema\/logo\/image\/","url":"https:\/\/kridenfloors.com\/wp-content\/uploads\/2024\/05\/logo-kriden-SPORTS-FLOOR-full-color-no-BG-HEAD-TEXT.png","contentUrl":"https:\/\/kridenfloors.com\/wp-content\/uploads\/2024\/05\/logo-kriden-SPORTS-FLOOR-full-color-no-BG-HEAD-TEXT.png","width":798,"height":1165,"caption":"Kriden Floors"},"image":{"@id":"https:\/\/kridenfloors.com\/#\/schema\/logo\/image\/"},"sameAs":["https:\/\/www.facebook.com\/profile.php?id=61572266346931","https:\/\/www.instagram.com\/kriden_floors\/"]}]}},"jetpack_sharing_enabled":true,"_links":{"self":[{"href":"https:\/\/kridenfloors.com\/index.php\/wp-json\/wp\/v2\/product\/569","targetHints":{"allow":["GET"]}}],"collection":[{"href":"https:\/\/kridenfloors.com\/index.php\/wp-json\/wp\/v2\/product"}],"about":[{"href":"https:\/\/kridenfloors.com\/index.php\/wp-json\/wp\/v2\/types\/product"}],"wp:featuredmedia":[{"embeddable":true,"href":"https:\/\/kridenfloors.com\/index.php\/wp-json\/wp\/v2\/media\/568"}],"wp:attachment":[{"href":"https:\/\/kridenfloors.com\/index.php\/wp-json\/wp\/v2\/media?parent=569"}],"wp:term":[{"taxonomy":"product_brand","embeddable":true,"href":"https:\/\/kridenfloors.com\/index.php\/wp-json\/wp\/v2\/product_brand?post=569"},{"taxonomy":"product_cat","embeddable":true,"href":"https:\/\/kridenfloors.com\/index.php\/wp-json\/wp\/v2\/product_cat?post=569"},{"taxonomy":"product_tag","embeddable":true,"href":"https:\/\/kridenfloors.com\/index.php\/wp-json\/wp\/v2\/product_tag?post=569"}],"curies":[{"name":"wp","href":"https:\/\/api.w.org\/{rel}","templated":true}]}}