{"id":577,"date":"2025-01-08T16:18:46","date_gmt":"2025-01-08T15:18:46","guid":{"rendered":"https:\/\/kridenfloors.com\/?post_type=product&#038;p=577"},"modified":"2025-09-22T10:28:10","modified_gmt":"2025-09-22T08:28:10","slug":"rampe-pvc-industry-eco-gris","status":"publish","type":"product","link":"https:\/\/kridenfloors.com\/index.php\/produit\/rampe-pvc-industry-eco-gris\/","title":{"rendered":"Rampe PVC \u00ab\u00a0Industry\u00a0\u00bb ECO &#8211; Gris"},"content":{"rendered":"<div>SP\u00c9CIFICATIONS<\/div>\n<div><\/div>\n<div>Rampe PVC \u00ab\u00a0Industry\u00a0\u00bb ECO<\/div>\n<div>Couleur: Gris<\/div>\n<div>Taille: 516x76mm<\/div>\n<div>Epaisseur: 7mm<\/div>\n<div>Prix par pi\u00e8ce<\/div>\n<div>Garantie de 10 ans<\/div>\n<div><\/div>\n<div>\n<div><strong>Description g\u00e9n\u00e9rale<\/strong><\/div>\n<div><\/div>\n<div>Rampes et Coins PVC INDUSTRY : Sur les bords et les coins o\u00f9 le sol ne rencontre pas un mur, les rampes et les coins peuvent \u00eatre utilis\u00e9s comme finition. Ces rampes et coins de rampe offrent un acc\u00e8s parfait au sol sans seuil.<\/div>\n<\/div>\n","protected":false},"excerpt":{"rendered":"<div>Rampe PVC \u00ab\u00a0Industry\u00a0\u00bb ECO<\/div>\n<div>Couleur: Gris<\/div>\n<div>Taille: 516x76mm<\/div>\n<div>Epaisseur: 7mm<\/div>\n<div>Prix par pi\u00e8ce<\/div>\n<div>Garantie de 10 ans<\/div>\n","protected":false},"featured_media":572,"template":"","meta":[],"product_brand":[],"product_cat":[27,24,49],"product_tag":[],"class_list":{"0":"post-577","1":"product","2":"type-product","3":"status-publish","4":"has-post-thumbnail","6":"product_cat-dalles-pvc-clips-industry","7":"product_cat-pvc-vinyl","8":"product_cat-rampes-coins-pvc","10":"first","11":"instock","12":"taxable","13":"shipping-taxable","14":"purchasable","15":"product-type-simple"},"yoast_head":"<!-- This site is optimized with the Yoast SEO plugin v27.4 - https:\/\/yoast.com\/product\/yoast-seo-wordpress\/ -->\n<title>Rampe PVC &quot;Industry&quot; ECO - Gris - Kriden Floors<\/title>\n<meta name=\"robots\" content=\"index, follow, max-snippet:-1, max-image-preview:large, max-video-preview:-1\" \/>\n<link rel=\"canonical\" href=\"https:\/\/kridenfloors.com\/index.php\/produit\/rampe-pvc-industry-eco-gris\/\" \/>\n<meta property=\"og:locale\" content=\"fr_FR\" \/>\n<meta property=\"og:type\" content=\"article\" \/>\n<meta property=\"og:title\" content=\"Rampe PVC &quot;Industry&quot; ECO - Gris - Kriden Floors\" \/>\n<meta property=\"og:description\" content=\"Rampe PVC &quot;Industry&quot; ECO Couleur: Gris Taille: 516x76mm Epaisseur: 7mm Prix par pi\u00e8ce Garantie de 10 ans\" \/>\n<meta property=\"og:url\" content=\"https:\/\/kridenfloors.com\/index.php\/produit\/rampe-pvc-industry-eco-gris\/\" \/>\n<meta property=\"og:site_name\" content=\"Kriden Floors\" \/>\n<meta property=\"article:publisher\" content=\"https:\/\/www.facebook.com\/profile.php?id=61572266346931\" \/>\n<meta property=\"article:modified_time\" content=\"2025-09-22T08:28:10+00:00\" \/>\n<meta property=\"og:image\" content=\"http:\/\/kridenfloors.com\/wp-content\/uploads\/2025\/01\/Ramp-001-1.jpg\" \/>\n\t<meta property=\"og:image:width\" content=\"900\" \/>\n\t<meta property=\"og:image:height\" content=\"675\" \/>\n\t<meta property=\"og:image:type\" content=\"image\/jpeg\" \/>\n<meta name=\"twitter:card\" content=\"summary_large_image\" \/>\n<meta name=\"twitter:label1\" content=\"Dur\u00e9e de lecture estim\u00e9e\" \/>\n\t<meta name=\"twitter:data1\" content=\"1 minute\" \/>\n<script type=\"application\/ld+json\" class=\"yoast-schema-graph\">{\"@context\":\"https:\\\/\\\/schema.org\",\"@graph\":[{\"@type\":\"WebPage\",\"@id\":\"https:\\\/\\\/kridenfloors.com\\\/index.php\\\/produit\\\/rampe-pvc-industry-eco-gris\\\/\",\"url\":\"https:\\\/\\\/kridenfloors.com\\\/index.php\\\/produit\\\/rampe-pvc-industry-eco-gris\\\/\",\"name\":\"Rampe PVC \\\"Industry\\\" ECO - Gris - Kriden Floors\",\"isPartOf\":{\"@id\":\"https:\\\/\\\/kridenfloors.com\\\/#website\"},\"primaryImageOfPage\":{\"@id\":\"https:\\\/\\\/kridenfloors.com\\\/index.php\\\/produit\\\/rampe-pvc-industry-eco-gris\\\/#primaryimage\"},\"image\":{\"@id\":\"https:\\\/\\\/kridenfloors.com\\\/index.php\\\/produit\\\/rampe-pvc-industry-eco-gris\\\/#primaryimage\"},\"thumbnailUrl\":\"https:\\\/\\\/kridenfloors.com\\\/wp-content\\\/uploads\\\/2025\\\/01\\\/Ramp-001-1.jpg\",\"datePublished\":\"2025-01-08T15:18:46+00:00\",\"dateModified\":\"2025-09-22T08:28:10+00:00\",\"breadcrumb\":{\"@id\":\"https:\\\/\\\/kridenfloors.com\\\/index.php\\\/produit\\\/rampe-pvc-industry-eco-gris\\\/#breadcrumb\"},\"inLanguage\":\"fr-FR\",\"potentialAction\":[{\"@type\":\"ReadAction\",\"target\":[\"https:\\\/\\\/kridenfloors.com\\\/index.php\\\/produit\\\/rampe-pvc-industry-eco-gris\\\/\"]}]},{\"@type\":\"ImageObject\",\"inLanguage\":\"fr-FR\",\"@id\":\"https:\\\/\\\/kridenfloors.com\\\/index.php\\\/produit\\\/rampe-pvc-industry-eco-gris\\\/#primaryimage\",\"url\":\"https:\\\/\\\/kridenfloors.com\\\/wp-content\\\/uploads\\\/2025\\\/01\\\/Ramp-001-1.jpg\",\"contentUrl\":\"https:\\\/\\\/kridenfloors.com\\\/wp-content\\\/uploads\\\/2025\\\/01\\\/Ramp-001-1.jpg\",\"width\":900,\"height\":675},{\"@type\":\"BreadcrumbList\",\"@id\":\"https:\\\/\\\/kridenfloors.com\\\/index.php\\\/produit\\\/rampe-pvc-industry-eco-gris\\\/#breadcrumb\",\"itemListElement\":[{\"@type\":\"ListItem\",\"position\":1,\"name\":\"Accueil\",\"item\":\"https:\\\/\\\/kridenfloors.com\\\/\"},{\"@type\":\"ListItem\",\"position\":2,\"name\":\"Boutique\",\"item\":\"https:\\\/\\\/kridenfloors.com\\\/index.php\\\/boutique\\\/\"},{\"@type\":\"ListItem\",\"position\":3,\"name\":\"Rampe PVC \u00ab\u00a0Industry\u00a0\u00bb ECO &#8211; Gris\"}]},{\"@type\":\"WebSite\",\"@id\":\"https:\\\/\\\/kridenfloors.com\\\/#website\",\"url\":\"https:\\\/\\\/kridenfloors.com\\\/\",\"name\":\"Kriden Floors\",\"description\":\"La solution pour vos sols Crossfit, Fitness, Arts Martiaux, Aire de jeux, Garage ...\",\"publisher\":{\"@id\":\"https:\\\/\\\/kridenfloors.com\\\/#organization\"},\"potentialAction\":[{\"@type\":\"SearchAction\",\"target\":{\"@type\":\"EntryPoint\",\"urlTemplate\":\"https:\\\/\\\/kridenfloors.com\\\/?s={search_term_string}\"},\"query-input\":{\"@type\":\"PropertyValueSpecification\",\"valueRequired\":true,\"valueName\":\"search_term_string\"}}],\"inLanguage\":\"fr-FR\"},{\"@type\":\"Organization\",\"@id\":\"https:\\\/\\\/kridenfloors.com\\\/#organization\",\"name\":\"Kriden Floors\",\"url\":\"https:\\\/\\\/kridenfloors.com\\\/\",\"logo\":{\"@type\":\"ImageObject\",\"inLanguage\":\"fr-FR\",\"@id\":\"https:\\\/\\\/kridenfloors.com\\\/#\\\/schema\\\/logo\\\/image\\\/\",\"url\":\"https:\\\/\\\/kridenfloors.com\\\/wp-content\\\/uploads\\\/2024\\\/05\\\/logo-kriden-SPORTS-FLOOR-full-color-no-BG-HEAD-TEXT.png\",\"contentUrl\":\"https:\\\/\\\/kridenfloors.com\\\/wp-content\\\/uploads\\\/2024\\\/05\\\/logo-kriden-SPORTS-FLOOR-full-color-no-BG-HEAD-TEXT.png\",\"width\":798,\"height\":1165,\"caption\":\"Kriden Floors\"},\"image\":{\"@id\":\"https:\\\/\\\/kridenfloors.com\\\/#\\\/schema\\\/logo\\\/image\\\/\"},\"sameAs\":[\"https:\\\/\\\/www.facebook.com\\\/profile.php?id=61572266346931\",\"https:\\\/\\\/www.instagram.com\\\/kriden_floors\\\/\"]}]}<\/script>\n<!-- \/ Yoast SEO plugin. -->","yoast_head_json":{"title":"Rampe PVC \"Industry\" ECO - Gris - Kriden Floors","robots":{"index":"index","follow":"follow","max-snippet":"max-snippet:-1","max-image-preview":"max-image-preview:large","max-video-preview":"max-video-preview:-1"},"canonical":"https:\/\/kridenfloors.com\/index.php\/produit\/rampe-pvc-industry-eco-gris\/","og_locale":"fr_FR","og_type":"article","og_title":"Rampe PVC \"Industry\" ECO - Gris - Kriden Floors","og_description":"Rampe PVC \"Industry\" ECO Couleur: Gris Taille: 516x76mm Epaisseur: 7mm Prix par pi\u00e8ce Garantie de 10 ans","og_url":"https:\/\/kridenfloors.com\/index.php\/produit\/rampe-pvc-industry-eco-gris\/","og_site_name":"Kriden Floors","article_publisher":"https:\/\/www.facebook.com\/profile.php?id=61572266346931","article_modified_time":"2025-09-22T08:28:10+00:00","og_image":[{"width":900,"height":675,"url":"http:\/\/kridenfloors.com\/wp-content\/uploads\/2025\/01\/Ramp-001-1.jpg","type":"image\/jpeg"}],"twitter_card":"summary_large_image","twitter_misc":{"Dur\u00e9e de lecture estim\u00e9e":"1 minute"},"schema":{"@context":"https:\/\/schema.org","@graph":[{"@type":"WebPage","@id":"https:\/\/kridenfloors.com\/index.php\/produit\/rampe-pvc-industry-eco-gris\/","url":"https:\/\/kridenfloors.com\/index.php\/produit\/rampe-pvc-industry-eco-gris\/","name":"Rampe PVC \"Industry\" ECO - Gris - Kriden Floors","isPartOf":{"@id":"https:\/\/kridenfloors.com\/#website"},"primaryImageOfPage":{"@id":"https:\/\/kridenfloors.com\/index.php\/produit\/rampe-pvc-industry-eco-gris\/#primaryimage"},"image":{"@id":"https:\/\/kridenfloors.com\/index.php\/produit\/rampe-pvc-industry-eco-gris\/#primaryimage"},"thumbnailUrl":"https:\/\/kridenfloors.com\/wp-content\/uploads\/2025\/01\/Ramp-001-1.jpg","datePublished":"2025-01-08T15:18:46+00:00","dateModified":"2025-09-22T08:28:10+00:00","breadcrumb":{"@id":"https:\/\/kridenfloors.com\/index.php\/produit\/rampe-pvc-industry-eco-gris\/#breadcrumb"},"inLanguage":"fr-FR","potentialAction":[{"@type":"ReadAction","target":["https:\/\/kridenfloors.com\/index.php\/produit\/rampe-pvc-industry-eco-gris\/"]}]},{"@type":"ImageObject","inLanguage":"fr-FR","@id":"https:\/\/kridenfloors.com\/index.php\/produit\/rampe-pvc-industry-eco-gris\/#primaryimage","url":"https:\/\/kridenfloors.com\/wp-content\/uploads\/2025\/01\/Ramp-001-1.jpg","contentUrl":"https:\/\/kridenfloors.com\/wp-content\/uploads\/2025\/01\/Ramp-001-1.jpg","width":900,"height":675},{"@type":"BreadcrumbList","@id":"https:\/\/kridenfloors.com\/index.php\/produit\/rampe-pvc-industry-eco-gris\/#breadcrumb","itemListElement":[{"@type":"ListItem","position":1,"name":"Accueil","item":"https:\/\/kridenfloors.com\/"},{"@type":"ListItem","position":2,"name":"Boutique","item":"https:\/\/kridenfloors.com\/index.php\/boutique\/"},{"@type":"ListItem","position":3,"name":"Rampe PVC \u00ab\u00a0Industry\u00a0\u00bb ECO &#8211; Gris"}]},{"@type":"WebSite","@id":"https:\/\/kridenfloors.com\/#website","url":"https:\/\/kridenfloors.com\/","name":"Kriden Floors","description":"La solution pour vos sols Crossfit, Fitness, Arts Martiaux, Aire de jeux, Garage ...","publisher":{"@id":"https:\/\/kridenfloors.com\/#organization"},"potentialAction":[{"@type":"SearchAction","target":{"@type":"EntryPoint","urlTemplate":"https:\/\/kridenfloors.com\/?s={search_term_string}"},"query-input":{"@type":"PropertyValueSpecification","valueRequired":true,"valueName":"search_term_string"}}],"inLanguage":"fr-FR"},{"@type":"Organization","@id":"https:\/\/kridenfloors.com\/#organization","name":"Kriden Floors","url":"https:\/\/kridenfloors.com\/","logo":{"@type":"ImageObject","inLanguage":"fr-FR","@id":"https:\/\/kridenfloors.com\/#\/schema\/logo\/image\/","url":"https:\/\/kridenfloors.com\/wp-content\/uploads\/2024\/05\/logo-kriden-SPORTS-FLOOR-full-color-no-BG-HEAD-TEXT.png","contentUrl":"https:\/\/kridenfloors.com\/wp-content\/uploads\/2024\/05\/logo-kriden-SPORTS-FLOOR-full-color-no-BG-HEAD-TEXT.png","width":798,"height":1165,"caption":"Kriden Floors"},"image":{"@id":"https:\/\/kridenfloors.com\/#\/schema\/logo\/image\/"},"sameAs":["https:\/\/www.facebook.com\/profile.php?id=61572266346931","https:\/\/www.instagram.com\/kriden_floors\/"]}]}},"jetpack_sharing_enabled":true,"_links":{"self":[{"href":"https:\/\/kridenfloors.com\/index.php\/wp-json\/wp\/v2\/product\/577","targetHints":{"allow":["GET"]}}],"collection":[{"href":"https:\/\/kridenfloors.com\/index.php\/wp-json\/wp\/v2\/product"}],"about":[{"href":"https:\/\/kridenfloors.com\/index.php\/wp-json\/wp\/v2\/types\/product"}],"wp:featuredmedia":[{"embeddable":true,"href":"https:\/\/kridenfloors.com\/index.php\/wp-json\/wp\/v2\/media\/572"}],"wp:attachment":[{"href":"https:\/\/kridenfloors.com\/index.php\/wp-json\/wp\/v2\/media?parent=577"}],"wp:term":[{"taxonomy":"product_brand","embeddable":true,"href":"https:\/\/kridenfloors.com\/index.php\/wp-json\/wp\/v2\/product_brand?post=577"},{"taxonomy":"product_cat","embeddable":true,"href":"https:\/\/kridenfloors.com\/index.php\/wp-json\/wp\/v2\/product_cat?post=577"},{"taxonomy":"product_tag","embeddable":true,"href":"https:\/\/kridenfloors.com\/index.php\/wp-json\/wp\/v2\/product_tag?post=577"}],"curies":[{"name":"wp","href":"https:\/\/api.w.org\/{rel}","templated":true}]}}