{"id":668,"date":"2025-01-16T15:34:37","date_gmt":"2025-01-16T14:34:37","guid":{"rendered":"https:\/\/kridenfloors.com\/?post_type=product&#038;p=668"},"modified":"2025-12-12T08:53:10","modified_gmt":"2025-12-12T07:53:10","slug":"rampe-premium-caoutchouc-sbr-20mm","status":"publish","type":"product","link":"https:\/\/kridenfloors.com\/index.php\/produit\/rampe-premium-caoutchouc-sbr-20mm\/","title":{"rendered":"Rampe Vinyl (20mm)"},"content":{"rendered":"<p>La rampe Vinyl est un profil\u00e9 de bord\/rampe de protection qui vous permet de marcher sur le sol sans seuil. Pour les personnes qui se d\u00e9placent en fauteuil roulant, c\u2019est aussi une solution bienvenue. Gr\u00e2ce \u00e0 la version en caoutchouc solide, ce profil de rampe est tr\u00e8s solide, dur et pratiquement indestructible. (\u00c0 titre de comparaison, une rampe en granul\u00e9s s\u2019usera plus facilement).<\/p>\n<p>Vous pouvez parfaitement utiliser le rampe Vinyl avec n\u2019importe quel type de dalle en caoutchouc de 20 mm.<\/p>\n<p>Elles sont tr\u00e8s faciles \u00e0 nettoyer et ont une structure stri\u00e9e sur le c\u00f4t\u00e9 inclin\u00e9 pour \u00e9viter de glisser.<\/p>\n<p>Le rampe Vinyl a une r\u00e9sistance \u00e9lev\u00e9e.<\/p>\n<p>Vous pouvez utiliser de la colle en caoutchouc pour fixer la rampe au sol, mais assurez-vous d\u2019avoir un sous-plancher plat pour un meilleur r\u00e9sultat final. Le ruban adh\u00e9sif double face assure \u00e9galement une bonne adh\u00e9rence.<\/p>\n<p>Le rampe Vinyl est garanti contre la d\u00e9chirure pendant 2 ans.<\/p>\n","protected":false},"excerpt":{"rendered":"<p>Epaisseur :\u00a020mm<br \/>\nLongueur x Largeur :\u00a0100x10cm<br \/>\nPoids :\u00a0+\/- 1,50kg<br \/>\nSurface :\u00a00,10m2<br \/>\nCouleur :\u00a0noir<\/p>\n","protected":false},"featured_media":673,"template":"","meta":[],"product_brand":[],"product_cat":[18,31,50],"product_tag":[],"class_list":{"0":"post-668","1":"product","2":"type-product","3":"status-publish","4":"has-post-thumbnail","6":"product_cat-fitness","7":"product_cat-fitness-20mm","8":"product_cat-rampes-coins-pour-fitness","10":"first","11":"instock","12":"taxable","13":"shipping-taxable","14":"purchasable","15":"product-type-simple"},"yoast_head":"<!-- This site is optimized with the Yoast SEO plugin v27.4 - https:\/\/yoast.com\/product\/yoast-seo-wordpress\/ -->\n<title>Rampe Vinyl (20mm) - Kriden Floors<\/title>\n<meta name=\"robots\" content=\"index, follow, max-snippet:-1, max-image-preview:large, max-video-preview:-1\" \/>\n<link rel=\"canonical\" href=\"https:\/\/kridenfloors.com\/index.php\/produit\/rampe-premium-caoutchouc-sbr-20mm\/\" \/>\n<meta property=\"og:locale\" content=\"fr_FR\" \/>\n<meta property=\"og:type\" content=\"article\" \/>\n<meta property=\"og:title\" content=\"Rampe Vinyl (20mm) - Kriden Floors\" \/>\n<meta property=\"og:description\" content=\"Epaisseur :\u00a020mm Longueur x Largeur :\u00a0100x10cm Poids :\u00a0+\/- 1,50kg Surface :\u00a00,10m2 Couleur :\u00a0noir\" \/>\n<meta property=\"og:url\" content=\"https:\/\/kridenfloors.com\/index.php\/produit\/rampe-premium-caoutchouc-sbr-20mm\/\" \/>\n<meta property=\"og:site_name\" content=\"Kriden Floors\" \/>\n<meta property=\"article:publisher\" content=\"https:\/\/www.facebook.com\/profile.php?id=61572266346931\" \/>\n<meta property=\"article:modified_time\" content=\"2025-12-12T07:53:10+00:00\" \/>\n<meta property=\"og:image\" content=\"http:\/\/kridenfloors.com\/wp-content\/uploads\/2025\/01\/RAMP-PREMIUM-20mm-300x300-1.png\" \/>\n\t<meta property=\"og:image:width\" content=\"300\" \/>\n\t<meta property=\"og:image:height\" content=\"300\" \/>\n\t<meta property=\"og:image:type\" content=\"image\/png\" \/>\n<meta name=\"twitter:card\" content=\"summary_large_image\" \/>\n<meta name=\"twitter:label1\" content=\"Dur\u00e9e de lecture estim\u00e9e\" \/>\n\t<meta name=\"twitter:data1\" content=\"1 minute\" \/>\n<script type=\"application\/ld+json\" class=\"yoast-schema-graph\">{\"@context\":\"https:\\\/\\\/schema.org\",\"@graph\":[{\"@type\":\"WebPage\",\"@id\":\"https:\\\/\\\/kridenfloors.com\\\/index.php\\\/produit\\\/rampe-premium-caoutchouc-sbr-20mm\\\/\",\"url\":\"https:\\\/\\\/kridenfloors.com\\\/index.php\\\/produit\\\/rampe-premium-caoutchouc-sbr-20mm\\\/\",\"name\":\"Rampe Vinyl (20mm) - Kriden Floors\",\"isPartOf\":{\"@id\":\"https:\\\/\\\/kridenfloors.com\\\/#website\"},\"primaryImageOfPage\":{\"@id\":\"https:\\\/\\\/kridenfloors.com\\\/index.php\\\/produit\\\/rampe-premium-caoutchouc-sbr-20mm\\\/#primaryimage\"},\"image\":{\"@id\":\"https:\\\/\\\/kridenfloors.com\\\/index.php\\\/produit\\\/rampe-premium-caoutchouc-sbr-20mm\\\/#primaryimage\"},\"thumbnailUrl\":\"https:\\\/\\\/kridenfloors.com\\\/wp-content\\\/uploads\\\/2025\\\/01\\\/RAMP-PREMIUM-20mm-300x300-1.png\",\"datePublished\":\"2025-01-16T14:34:37+00:00\",\"dateModified\":\"2025-12-12T07:53:10+00:00\",\"breadcrumb\":{\"@id\":\"https:\\\/\\\/kridenfloors.com\\\/index.php\\\/produit\\\/rampe-premium-caoutchouc-sbr-20mm\\\/#breadcrumb\"},\"inLanguage\":\"fr-FR\",\"potentialAction\":[{\"@type\":\"ReadAction\",\"target\":[\"https:\\\/\\\/kridenfloors.com\\\/index.php\\\/produit\\\/rampe-premium-caoutchouc-sbr-20mm\\\/\"]}]},{\"@type\":\"ImageObject\",\"inLanguage\":\"fr-FR\",\"@id\":\"https:\\\/\\\/kridenfloors.com\\\/index.php\\\/produit\\\/rampe-premium-caoutchouc-sbr-20mm\\\/#primaryimage\",\"url\":\"https:\\\/\\\/kridenfloors.com\\\/wp-content\\\/uploads\\\/2025\\\/01\\\/RAMP-PREMIUM-20mm-300x300-1.png\",\"contentUrl\":\"https:\\\/\\\/kridenfloors.com\\\/wp-content\\\/uploads\\\/2025\\\/01\\\/RAMP-PREMIUM-20mm-300x300-1.png\",\"width\":300,\"height\":300},{\"@type\":\"BreadcrumbList\",\"@id\":\"https:\\\/\\\/kridenfloors.com\\\/index.php\\\/produit\\\/rampe-premium-caoutchouc-sbr-20mm\\\/#breadcrumb\",\"itemListElement\":[{\"@type\":\"ListItem\",\"position\":1,\"name\":\"Accueil\",\"item\":\"https:\\\/\\\/kridenfloors.com\\\/\"},{\"@type\":\"ListItem\",\"position\":2,\"name\":\"Boutique\",\"item\":\"https:\\\/\\\/kridenfloors.com\\\/index.php\\\/boutique\\\/\"},{\"@type\":\"ListItem\",\"position\":3,\"name\":\"Rampe Vinyl (20mm)\"}]},{\"@type\":\"WebSite\",\"@id\":\"https:\\\/\\\/kridenfloors.com\\\/#website\",\"url\":\"https:\\\/\\\/kridenfloors.com\\\/\",\"name\":\"Kriden Floors\",\"description\":\"La solution pour vos sols Crossfit, Fitness, Arts Martiaux, Aire de jeux, Garage ...\",\"publisher\":{\"@id\":\"https:\\\/\\\/kridenfloors.com\\\/#organization\"},\"potentialAction\":[{\"@type\":\"SearchAction\",\"target\":{\"@type\":\"EntryPoint\",\"urlTemplate\":\"https:\\\/\\\/kridenfloors.com\\\/?s={search_term_string}\"},\"query-input\":{\"@type\":\"PropertyValueSpecification\",\"valueRequired\":true,\"valueName\":\"search_term_string\"}}],\"inLanguage\":\"fr-FR\"},{\"@type\":\"Organization\",\"@id\":\"https:\\\/\\\/kridenfloors.com\\\/#organization\",\"name\":\"Kriden Floors\",\"url\":\"https:\\\/\\\/kridenfloors.com\\\/\",\"logo\":{\"@type\":\"ImageObject\",\"inLanguage\":\"fr-FR\",\"@id\":\"https:\\\/\\\/kridenfloors.com\\\/#\\\/schema\\\/logo\\\/image\\\/\",\"url\":\"https:\\\/\\\/kridenfloors.com\\\/wp-content\\\/uploads\\\/2024\\\/05\\\/logo-kriden-SPORTS-FLOOR-full-color-no-BG-HEAD-TEXT.png\",\"contentUrl\":\"https:\\\/\\\/kridenfloors.com\\\/wp-content\\\/uploads\\\/2024\\\/05\\\/logo-kriden-SPORTS-FLOOR-full-color-no-BG-HEAD-TEXT.png\",\"width\":798,\"height\":1165,\"caption\":\"Kriden Floors\"},\"image\":{\"@id\":\"https:\\\/\\\/kridenfloors.com\\\/#\\\/schema\\\/logo\\\/image\\\/\"},\"sameAs\":[\"https:\\\/\\\/www.facebook.com\\\/profile.php?id=61572266346931\",\"https:\\\/\\\/www.instagram.com\\\/kriden_floors\\\/\"]}]}<\/script>\n<!-- \/ Yoast SEO plugin. -->","yoast_head_json":{"title":"Rampe Vinyl (20mm) - Kriden Floors","robots":{"index":"index","follow":"follow","max-snippet":"max-snippet:-1","max-image-preview":"max-image-preview:large","max-video-preview":"max-video-preview:-1"},"canonical":"https:\/\/kridenfloors.com\/index.php\/produit\/rampe-premium-caoutchouc-sbr-20mm\/","og_locale":"fr_FR","og_type":"article","og_title":"Rampe Vinyl (20mm) - Kriden Floors","og_description":"Epaisseur :\u00a020mm Longueur x Largeur :\u00a0100x10cm Poids :\u00a0+\/- 1,50kg Surface :\u00a00,10m2 Couleur :\u00a0noir","og_url":"https:\/\/kridenfloors.com\/index.php\/produit\/rampe-premium-caoutchouc-sbr-20mm\/","og_site_name":"Kriden Floors","article_publisher":"https:\/\/www.facebook.com\/profile.php?id=61572266346931","article_modified_time":"2025-12-12T07:53:10+00:00","og_image":[{"width":300,"height":300,"url":"http:\/\/kridenfloors.com\/wp-content\/uploads\/2025\/01\/RAMP-PREMIUM-20mm-300x300-1.png","type":"image\/png"}],"twitter_card":"summary_large_image","twitter_misc":{"Dur\u00e9e de lecture estim\u00e9e":"1 minute"},"schema":{"@context":"https:\/\/schema.org","@graph":[{"@type":"WebPage","@id":"https:\/\/kridenfloors.com\/index.php\/produit\/rampe-premium-caoutchouc-sbr-20mm\/","url":"https:\/\/kridenfloors.com\/index.php\/produit\/rampe-premium-caoutchouc-sbr-20mm\/","name":"Rampe Vinyl (20mm) - Kriden Floors","isPartOf":{"@id":"https:\/\/kridenfloors.com\/#website"},"primaryImageOfPage":{"@id":"https:\/\/kridenfloors.com\/index.php\/produit\/rampe-premium-caoutchouc-sbr-20mm\/#primaryimage"},"image":{"@id":"https:\/\/kridenfloors.com\/index.php\/produit\/rampe-premium-caoutchouc-sbr-20mm\/#primaryimage"},"thumbnailUrl":"https:\/\/kridenfloors.com\/wp-content\/uploads\/2025\/01\/RAMP-PREMIUM-20mm-300x300-1.png","datePublished":"2025-01-16T14:34:37+00:00","dateModified":"2025-12-12T07:53:10+00:00","breadcrumb":{"@id":"https:\/\/kridenfloors.com\/index.php\/produit\/rampe-premium-caoutchouc-sbr-20mm\/#breadcrumb"},"inLanguage":"fr-FR","potentialAction":[{"@type":"ReadAction","target":["https:\/\/kridenfloors.com\/index.php\/produit\/rampe-premium-caoutchouc-sbr-20mm\/"]}]},{"@type":"ImageObject","inLanguage":"fr-FR","@id":"https:\/\/kridenfloors.com\/index.php\/produit\/rampe-premium-caoutchouc-sbr-20mm\/#primaryimage","url":"https:\/\/kridenfloors.com\/wp-content\/uploads\/2025\/01\/RAMP-PREMIUM-20mm-300x300-1.png","contentUrl":"https:\/\/kridenfloors.com\/wp-content\/uploads\/2025\/01\/RAMP-PREMIUM-20mm-300x300-1.png","width":300,"height":300},{"@type":"BreadcrumbList","@id":"https:\/\/kridenfloors.com\/index.php\/produit\/rampe-premium-caoutchouc-sbr-20mm\/#breadcrumb","itemListElement":[{"@type":"ListItem","position":1,"name":"Accueil","item":"https:\/\/kridenfloors.com\/"},{"@type":"ListItem","position":2,"name":"Boutique","item":"https:\/\/kridenfloors.com\/index.php\/boutique\/"},{"@type":"ListItem","position":3,"name":"Rampe Vinyl (20mm)"}]},{"@type":"WebSite","@id":"https:\/\/kridenfloors.com\/#website","url":"https:\/\/kridenfloors.com\/","name":"Kriden Floors","description":"La solution pour vos sols Crossfit, Fitness, Arts Martiaux, Aire de jeux, Garage ...","publisher":{"@id":"https:\/\/kridenfloors.com\/#organization"},"potentialAction":[{"@type":"SearchAction","target":{"@type":"EntryPoint","urlTemplate":"https:\/\/kridenfloors.com\/?s={search_term_string}"},"query-input":{"@type":"PropertyValueSpecification","valueRequired":true,"valueName":"search_term_string"}}],"inLanguage":"fr-FR"},{"@type":"Organization","@id":"https:\/\/kridenfloors.com\/#organization","name":"Kriden Floors","url":"https:\/\/kridenfloors.com\/","logo":{"@type":"ImageObject","inLanguage":"fr-FR","@id":"https:\/\/kridenfloors.com\/#\/schema\/logo\/image\/","url":"https:\/\/kridenfloors.com\/wp-content\/uploads\/2024\/05\/logo-kriden-SPORTS-FLOOR-full-color-no-BG-HEAD-TEXT.png","contentUrl":"https:\/\/kridenfloors.com\/wp-content\/uploads\/2024\/05\/logo-kriden-SPORTS-FLOOR-full-color-no-BG-HEAD-TEXT.png","width":798,"height":1165,"caption":"Kriden Floors"},"image":{"@id":"https:\/\/kridenfloors.com\/#\/schema\/logo\/image\/"},"sameAs":["https:\/\/www.facebook.com\/profile.php?id=61572266346931","https:\/\/www.instagram.com\/kriden_floors\/"]}]}},"jetpack_sharing_enabled":true,"_links":{"self":[{"href":"https:\/\/kridenfloors.com\/index.php\/wp-json\/wp\/v2\/product\/668","targetHints":{"allow":["GET"]}}],"collection":[{"href":"https:\/\/kridenfloors.com\/index.php\/wp-json\/wp\/v2\/product"}],"about":[{"href":"https:\/\/kridenfloors.com\/index.php\/wp-json\/wp\/v2\/types\/product"}],"wp:featuredmedia":[{"embeddable":true,"href":"https:\/\/kridenfloors.com\/index.php\/wp-json\/wp\/v2\/media\/673"}],"wp:attachment":[{"href":"https:\/\/kridenfloors.com\/index.php\/wp-json\/wp\/v2\/media?parent=668"}],"wp:term":[{"taxonomy":"product_brand","embeddable":true,"href":"https:\/\/kridenfloors.com\/index.php\/wp-json\/wp\/v2\/product_brand?post=668"},{"taxonomy":"product_cat","embeddable":true,"href":"https:\/\/kridenfloors.com\/index.php\/wp-json\/wp\/v2\/product_cat?post=668"},{"taxonomy":"product_tag","embeddable":true,"href":"https:\/\/kridenfloors.com\/index.php\/wp-json\/wp\/v2\/product_tag?post=668"}],"curies":[{"name":"wp","href":"https:\/\/api.w.org\/{rel}","templated":true}]}}