{"id":703,"date":"2025-01-17T10:12:06","date_gmt":"2025-01-17T09:12:06","guid":{"rendered":"https:\/\/kridenfloors.com\/?post_type=product&#038;p=703"},"modified":"2025-09-02T10:39:29","modified_gmt":"2025-09-02T08:39:29","slug":"dalles-en-caoutchouc-gris-50-x-50cm-40mm","status":"publish","type":"product","link":"https:\/\/kridenfloors.com\/index.php\/produit\/dalles-en-caoutchouc-gris-50-x-50cm-40mm\/","title":{"rendered":"Dalles en caoutchouc GRIS &#8211; 50 x 50cm &#8211; 40mm (Ext)"},"content":{"rendered":"<p><b>Dalles en caoutchouc SBR pour usage ext\u00e9rieur.<\/b><\/p>\n<p><bdi>Id\u00e9al pour terrasse, toiture, balcon, aire de jeux,\u2026<\/bdi><\/p>\n<p>Epaisseur :\u00a0de 2,5cm \u00e0 10cm<\/p>\n<p>Longueur x Largeur : 50x50cm<br \/>\nSurface : 0,25m2<br \/>\nCouleur possible: noir, vert, rouge, gris<br \/>\nDensit\u00e9 :\u00a0800Kg\/m\u00b3<br \/>\nEpaisseur : 40mm<br \/>\nPoids : +\/- 8Kgs<\/p>\n<p>4 attaches incluses<\/p>\n<p>&nbsp;<\/p>\n<div><strong>Terrain de jeu<\/strong><\/div>\n<div><\/div>\n<div>Les aires de jeux offrent aux enfants la possibilit\u00e9 de se d\u00e9fouler \u00e0 leur guise. La protection contre les chutes et les blessures jouent un r\u00f4le important \u00e0 cet \u00e9gard. Nous avons dans notre gamme des dalles de jeux en caoutchouc sp\u00e9cialement pr\u00e9vues \u00e0 cet effet. Ces tuiles qui amortissent les chutes offrent la combinaison optimale entre jouer en s\u00e9curit\u00e9 et de plaisir.<\/div>\n<div><\/div>\n<div>Surtout lorsqu\u2019il s\u2019agit de la s\u00e9curit\u00e9 de nos enfants, nous ne faisons aucune concession en ce qui concerne la qualit\u00e9 de nos dalles de jeux en caoutchouc. Depuis de nombreuses ann\u00e9es, les municipalit\u00e9s, les \u00e9coles, les entreprises, les particuliers et d\u2019autres institutions utilisent nos carreaux pour cr\u00e9er des terrains de jeu s\u00e9curis\u00e9. La longue dur\u00e9e de vie de nos carreaux garantit qu\u2019ils valent bien votre investissement.<\/div>\n<div><\/div>\n<div><strong>Terrasse<\/strong><\/div>\n<div><\/div>\n<div>Nos tuiles de toit et de terrasse s\u2019adressent aussi bien au march\u00e9 professionnel qu\u2019au march\u00e9 priv\u00e9. Les tuiles en caoutchouc sont perm\u00e9ables \u00e0 l\u2019humidit\u00e9, s\u00e8chent rapidement, de sorte que les algues et les mousses ont \u00e0 peine la chance de pousser.<\/div>\n","protected":false},"excerpt":{"rendered":"<p><bdi>Id\u00e9al pour terrasse, toiture, balcon, aire de jeux,\u2026<\/bdi><\/p>\n<p>Epaisseur :\u00a0de 2,5cm \u00e0 10cm<\/p>\n<p>Longueur x Largeur : 50x50cm<br \/>\nSurface : 0,25m2<br \/>\nCouleur : GRIS<br \/>\nDensit\u00e9 :\u00a0800Kg\/m\u00b3<br \/>\nEpaisseur : 40mm<br \/>\nPoids : +\/- 8Kgs<\/p>\n<p>4 attaches incluses<\/p>\n","protected":false},"featured_media":694,"template":"","meta":[],"product_brand":[],"product_cat":[23,45],"product_tag":[],"class_list":{"0":"post-703","1":"product","2":"type-product","3":"status-publish","4":"has-post-thumbnail","6":"product_cat-exterieur","7":"product_cat-exterieur-40mm","9":"first","10":"instock","11":"taxable","12":"shipping-taxable","13":"purchasable","14":"product-type-simple"},"yoast_head":"<!-- This site is optimized with the Yoast SEO plugin v27.2 - https:\/\/yoast.com\/product\/yoast-seo-wordpress\/ -->\n<title>Dalles en caoutchouc GRIS - 50 x 50cm - 40mm (Ext) - Kriden Floors<\/title>\n<meta name=\"robots\" content=\"index, follow, max-snippet:-1, max-image-preview:large, max-video-preview:-1\" \/>\n<link rel=\"canonical\" href=\"https:\/\/kridenfloors.com\/index.php\/produit\/dalles-en-caoutchouc-gris-50-x-50cm-40mm\/\" \/>\n<meta property=\"og:locale\" content=\"fr_FR\" \/>\n<meta property=\"og:type\" content=\"article\" \/>\n<meta property=\"og:title\" content=\"Dalles en caoutchouc GRIS - 50 x 50cm - 40mm (Ext) - Kriden Floors\" \/>\n<meta property=\"og:description\" content=\"Id\u00e9al pour terrasse, toiture, balcon, aire de jeux,\u2026  Epaisseur :\u00a0de 2,5cm \u00e0 10cm  Longueur x Largeur : 50x50cm Surface : 0,25m2 Couleur : GRIS Densit\u00e9 :\u00a0800Kg\/m\u00b3 Epaisseur : 40mm Poids : +\/- 8Kgs  4 attaches incluses\" \/>\n<meta property=\"og:url\" content=\"https:\/\/kridenfloors.com\/index.php\/produit\/dalles-en-caoutchouc-gris-50-x-50cm-40mm\/\" \/>\n<meta property=\"og:site_name\" content=\"Kriden Floors\" \/>\n<meta property=\"article:publisher\" content=\"https:\/\/www.facebook.com\/profile.php?id=61572266346931\" \/>\n<meta property=\"article:modified_time\" content=\"2025-09-02T08:39:29+00:00\" \/>\n<meta property=\"og:image\" content=\"http:\/\/kridenfloors.com\/wp-content\/uploads\/2025\/01\/grijs-boven-PG-45.jpg\" \/>\n\t<meta property=\"og:image:width\" content=\"1772\" \/>\n\t<meta property=\"og:image:height\" content=\"1499\" \/>\n\t<meta property=\"og:image:type\" content=\"image\/jpeg\" \/>\n<meta name=\"twitter:card\" content=\"summary_large_image\" \/>\n<meta name=\"twitter:label1\" content=\"Dur\u00e9e de lecture estim\u00e9e\" \/>\n\t<meta name=\"twitter:data1\" content=\"1 minute\" \/>\n<script type=\"application\/ld+json\" class=\"yoast-schema-graph\">{\"@context\":\"https:\/\/schema.org\",\"@graph\":[{\"@type\":\"WebPage\",\"@id\":\"https:\/\/kridenfloors.com\/index.php\/produit\/dalles-en-caoutchouc-gris-50-x-50cm-40mm\/\",\"url\":\"https:\/\/kridenfloors.com\/index.php\/produit\/dalles-en-caoutchouc-gris-50-x-50cm-40mm\/\",\"name\":\"Dalles en caoutchouc GRIS - 50 x 50cm - 40mm (Ext) - Kriden Floors\",\"isPartOf\":{\"@id\":\"https:\/\/kridenfloors.com\/#website\"},\"primaryImageOfPage\":{\"@id\":\"https:\/\/kridenfloors.com\/index.php\/produit\/dalles-en-caoutchouc-gris-50-x-50cm-40mm\/#primaryimage\"},\"image\":{\"@id\":\"https:\/\/kridenfloors.com\/index.php\/produit\/dalles-en-caoutchouc-gris-50-x-50cm-40mm\/#primaryimage\"},\"thumbnailUrl\":\"https:\/\/kridenfloors.com\/wp-content\/uploads\/2025\/01\/grijs-boven-PG-45.jpg\",\"datePublished\":\"2025-01-17T09:12:06+00:00\",\"dateModified\":\"2025-09-02T08:39:29+00:00\",\"breadcrumb\":{\"@id\":\"https:\/\/kridenfloors.com\/index.php\/produit\/dalles-en-caoutchouc-gris-50-x-50cm-40mm\/#breadcrumb\"},\"inLanguage\":\"fr-FR\",\"potentialAction\":[{\"@type\":\"ReadAction\",\"target\":[\"https:\/\/kridenfloors.com\/index.php\/produit\/dalles-en-caoutchouc-gris-50-x-50cm-40mm\/\"]}]},{\"@type\":\"ImageObject\",\"inLanguage\":\"fr-FR\",\"@id\":\"https:\/\/kridenfloors.com\/index.php\/produit\/dalles-en-caoutchouc-gris-50-x-50cm-40mm\/#primaryimage\",\"url\":\"https:\/\/kridenfloors.com\/wp-content\/uploads\/2025\/01\/grijs-boven-PG-45.jpg\",\"contentUrl\":\"https:\/\/kridenfloors.com\/wp-content\/uploads\/2025\/01\/grijs-boven-PG-45.jpg\",\"width\":1772,\"height\":1499},{\"@type\":\"BreadcrumbList\",\"@id\":\"https:\/\/kridenfloors.com\/index.php\/produit\/dalles-en-caoutchouc-gris-50-x-50cm-40mm\/#breadcrumb\",\"itemListElement\":[{\"@type\":\"ListItem\",\"position\":1,\"name\":\"Accueil\",\"item\":\"https:\/\/kridenfloors.com\/\"},{\"@type\":\"ListItem\",\"position\":2,\"name\":\"Boutique\",\"item\":\"https:\/\/kridenfloors.com\/index.php\/boutique\/\"},{\"@type\":\"ListItem\",\"position\":3,\"name\":\"Dalles en caoutchouc GRIS &#8211; 50 x 50cm &#8211; 40mm (Ext)\"}]},{\"@type\":\"WebSite\",\"@id\":\"https:\/\/kridenfloors.com\/#website\",\"url\":\"https:\/\/kridenfloors.com\/\",\"name\":\"Kriden Floors\",\"description\":\"La solution pour vos sols Crossfit, Fitness, Arts Martiaux, Aire de jeux, Garage ...\",\"publisher\":{\"@id\":\"https:\/\/kridenfloors.com\/#organization\"},\"potentialAction\":[{\"@type\":\"SearchAction\",\"target\":{\"@type\":\"EntryPoint\",\"urlTemplate\":\"https:\/\/kridenfloors.com\/?s={search_term_string}\"},\"query-input\":{\"@type\":\"PropertyValueSpecification\",\"valueRequired\":true,\"valueName\":\"search_term_string\"}}],\"inLanguage\":\"fr-FR\"},{\"@type\":\"Organization\",\"@id\":\"https:\/\/kridenfloors.com\/#organization\",\"name\":\"Kriden Floors\",\"url\":\"https:\/\/kridenfloors.com\/\",\"logo\":{\"@type\":\"ImageObject\",\"inLanguage\":\"fr-FR\",\"@id\":\"https:\/\/kridenfloors.com\/#\/schema\/logo\/image\/\",\"url\":\"https:\/\/kridenfloors.com\/wp-content\/uploads\/2024\/05\/logo-kriden-SPORTS-FLOOR-full-color-no-BG-HEAD-TEXT.png\",\"contentUrl\":\"https:\/\/kridenfloors.com\/wp-content\/uploads\/2024\/05\/logo-kriden-SPORTS-FLOOR-full-color-no-BG-HEAD-TEXT.png\",\"width\":798,\"height\":1165,\"caption\":\"Kriden Floors\"},\"image\":{\"@id\":\"https:\/\/kridenfloors.com\/#\/schema\/logo\/image\/\"},\"sameAs\":[\"https:\/\/www.facebook.com\/profile.php?id=61572266346931\",\"https:\/\/www.instagram.com\/kriden_floors\/\"]}]}<\/script>\n<!-- \/ Yoast SEO plugin. -->","yoast_head_json":{"title":"Dalles en caoutchouc GRIS - 50 x 50cm - 40mm (Ext) - Kriden Floors","robots":{"index":"index","follow":"follow","max-snippet":"max-snippet:-1","max-image-preview":"max-image-preview:large","max-video-preview":"max-video-preview:-1"},"canonical":"https:\/\/kridenfloors.com\/index.php\/produit\/dalles-en-caoutchouc-gris-50-x-50cm-40mm\/","og_locale":"fr_FR","og_type":"article","og_title":"Dalles en caoutchouc GRIS - 50 x 50cm - 40mm (Ext) - Kriden Floors","og_description":"Id\u00e9al pour terrasse, toiture, balcon, aire de jeux,\u2026  Epaisseur :\u00a0de 2,5cm \u00e0 10cm  Longueur x Largeur : 50x50cm Surface : 0,25m2 Couleur : GRIS Densit\u00e9 :\u00a0800Kg\/m\u00b3 Epaisseur : 40mm Poids : +\/- 8Kgs  4 attaches incluses","og_url":"https:\/\/kridenfloors.com\/index.php\/produit\/dalles-en-caoutchouc-gris-50-x-50cm-40mm\/","og_site_name":"Kriden Floors","article_publisher":"https:\/\/www.facebook.com\/profile.php?id=61572266346931","article_modified_time":"2025-09-02T08:39:29+00:00","og_image":[{"width":1772,"height":1499,"url":"http:\/\/kridenfloors.com\/wp-content\/uploads\/2025\/01\/grijs-boven-PG-45.jpg","type":"image\/jpeg"}],"twitter_card":"summary_large_image","twitter_misc":{"Dur\u00e9e de lecture estim\u00e9e":"1 minute"},"schema":{"@context":"https:\/\/schema.org","@graph":[{"@type":"WebPage","@id":"https:\/\/kridenfloors.com\/index.php\/produit\/dalles-en-caoutchouc-gris-50-x-50cm-40mm\/","url":"https:\/\/kridenfloors.com\/index.php\/produit\/dalles-en-caoutchouc-gris-50-x-50cm-40mm\/","name":"Dalles en caoutchouc GRIS - 50 x 50cm - 40mm (Ext) - Kriden Floors","isPartOf":{"@id":"https:\/\/kridenfloors.com\/#website"},"primaryImageOfPage":{"@id":"https:\/\/kridenfloors.com\/index.php\/produit\/dalles-en-caoutchouc-gris-50-x-50cm-40mm\/#primaryimage"},"image":{"@id":"https:\/\/kridenfloors.com\/index.php\/produit\/dalles-en-caoutchouc-gris-50-x-50cm-40mm\/#primaryimage"},"thumbnailUrl":"https:\/\/kridenfloors.com\/wp-content\/uploads\/2025\/01\/grijs-boven-PG-45.jpg","datePublished":"2025-01-17T09:12:06+00:00","dateModified":"2025-09-02T08:39:29+00:00","breadcrumb":{"@id":"https:\/\/kridenfloors.com\/index.php\/produit\/dalles-en-caoutchouc-gris-50-x-50cm-40mm\/#breadcrumb"},"inLanguage":"fr-FR","potentialAction":[{"@type":"ReadAction","target":["https:\/\/kridenfloors.com\/index.php\/produit\/dalles-en-caoutchouc-gris-50-x-50cm-40mm\/"]}]},{"@type":"ImageObject","inLanguage":"fr-FR","@id":"https:\/\/kridenfloors.com\/index.php\/produit\/dalles-en-caoutchouc-gris-50-x-50cm-40mm\/#primaryimage","url":"https:\/\/kridenfloors.com\/wp-content\/uploads\/2025\/01\/grijs-boven-PG-45.jpg","contentUrl":"https:\/\/kridenfloors.com\/wp-content\/uploads\/2025\/01\/grijs-boven-PG-45.jpg","width":1772,"height":1499},{"@type":"BreadcrumbList","@id":"https:\/\/kridenfloors.com\/index.php\/produit\/dalles-en-caoutchouc-gris-50-x-50cm-40mm\/#breadcrumb","itemListElement":[{"@type":"ListItem","position":1,"name":"Accueil","item":"https:\/\/kridenfloors.com\/"},{"@type":"ListItem","position":2,"name":"Boutique","item":"https:\/\/kridenfloors.com\/index.php\/boutique\/"},{"@type":"ListItem","position":3,"name":"Dalles en caoutchouc GRIS &#8211; 50 x 50cm &#8211; 40mm (Ext)"}]},{"@type":"WebSite","@id":"https:\/\/kridenfloors.com\/#website","url":"https:\/\/kridenfloors.com\/","name":"Kriden Floors","description":"La solution pour vos sols Crossfit, Fitness, Arts Martiaux, Aire de jeux, Garage ...","publisher":{"@id":"https:\/\/kridenfloors.com\/#organization"},"potentialAction":[{"@type":"SearchAction","target":{"@type":"EntryPoint","urlTemplate":"https:\/\/kridenfloors.com\/?s={search_term_string}"},"query-input":{"@type":"PropertyValueSpecification","valueRequired":true,"valueName":"search_term_string"}}],"inLanguage":"fr-FR"},{"@type":"Organization","@id":"https:\/\/kridenfloors.com\/#organization","name":"Kriden Floors","url":"https:\/\/kridenfloors.com\/","logo":{"@type":"ImageObject","inLanguage":"fr-FR","@id":"https:\/\/kridenfloors.com\/#\/schema\/logo\/image\/","url":"https:\/\/kridenfloors.com\/wp-content\/uploads\/2024\/05\/logo-kriden-SPORTS-FLOOR-full-color-no-BG-HEAD-TEXT.png","contentUrl":"https:\/\/kridenfloors.com\/wp-content\/uploads\/2024\/05\/logo-kriden-SPORTS-FLOOR-full-color-no-BG-HEAD-TEXT.png","width":798,"height":1165,"caption":"Kriden Floors"},"image":{"@id":"https:\/\/kridenfloors.com\/#\/schema\/logo\/image\/"},"sameAs":["https:\/\/www.facebook.com\/profile.php?id=61572266346931","https:\/\/www.instagram.com\/kriden_floors\/"]}]}},"jetpack_sharing_enabled":true,"_links":{"self":[{"href":"https:\/\/kridenfloors.com\/index.php\/wp-json\/wp\/v2\/product\/703","targetHints":{"allow":["GET"]}}],"collection":[{"href":"https:\/\/kridenfloors.com\/index.php\/wp-json\/wp\/v2\/product"}],"about":[{"href":"https:\/\/kridenfloors.com\/index.php\/wp-json\/wp\/v2\/types\/product"}],"wp:featuredmedia":[{"embeddable":true,"href":"https:\/\/kridenfloors.com\/index.php\/wp-json\/wp\/v2\/media\/694"}],"wp:attachment":[{"href":"https:\/\/kridenfloors.com\/index.php\/wp-json\/wp\/v2\/media?parent=703"}],"wp:term":[{"taxonomy":"product_brand","embeddable":true,"href":"https:\/\/kridenfloors.com\/index.php\/wp-json\/wp\/v2\/product_brand?post=703"},{"taxonomy":"product_cat","embeddable":true,"href":"https:\/\/kridenfloors.com\/index.php\/wp-json\/wp\/v2\/product_cat?post=703"},{"taxonomy":"product_tag","embeddable":true,"href":"https:\/\/kridenfloors.com\/index.php\/wp-json\/wp\/v2\/product_tag?post=703"}],"curies":[{"name":"wp","href":"https:\/\/api.w.org\/{rel}","templated":true}]}}