{"id":906,"date":"2025-02-17T09:57:55","date_gmt":"2025-02-17T08:57:55","guid":{"rendered":"https:\/\/kridenfloors.com\/?post_type=product&#038;p=906"},"modified":"2025-02-17T10:03:43","modified_gmt":"2025-02-17T09:03:43","slug":"dalle-fitness-puzzle-16mm-caoutchouc-sbr","status":"publish","type":"product","link":"https:\/\/kridenfloors.com\/index.php\/produit\/dalle-fitness-puzzle-16mm-caoutchouc-sbr\/","title":{"rendered":"Dalle Fitness Puzzle 16mm (caoutchouc SBR)"},"content":{"rendered":"<p>Les tapis puzzle en caoutchouc ont \u00e9t\u00e9 sp\u00e9cialement d\u00e9velopp\u00e9s pour soulager le sol en b\u00e9ton des gymnases.<\/p>\n<p>Les tapis puzzle conviennent comme sol sportif pour les sols permanents et les sols temporaires. Les tapis de puzzle sont faciles \u00e0 placer au moyen d\u2019une connexion de puzzle. Les tapis de puzzle s\u2019embo\u00eetent et cr\u00e9ent un bel ensemble, compl\u00e8tement plat et sans soudure.<\/p>\n<p>Les tapis sont disponibles dans les dimensions 956 mm x 956 mm avec une \u00e9paisseur de 8 mm, 10 mm et 16 mm.<\/p>\n<p>Disponible en standard en noir ou sur demande en noir avec 10 % de flocons EPDM en gris, rouge, bleu, vert ou jaune.<\/p>\n<p>Les tapis sont \u00e9galement disponibles en tant que tapis de bord et d\u2019angle, veuillez indiquer lors de la commande combien de pi\u00e8ces de bord ou d\u2019angle sont n\u00e9cessaires pour que nous puissions traiter cela, il n\u2019y a pas de frais suppl\u00e9mentaires pour les dalles de bordure ou d\u2019angle.<\/p>\n<p><strong>Les avantages :<\/strong><\/p>\n<ul>\n<li>Amortissent la chute<\/li>\n<li>Insonorisant<\/li>\n<li>Peu d\u2019entretien<\/li>\n<li>R\u00e9sistant \u00e0 l\u2019usure<\/li>\n<li>Poids l\u00e9ger<\/li>\n<li>Facile \u00e0 installer<\/li>\n<li>D\u00e9montable en application temporaire<\/li>\n<li>100\u00a0% recyclable<\/li>\n<\/ul>\n<p>&nbsp;<\/p>\n<p><strong>\u00c9paisseur :<\/strong> 16 mm<br \/>\n<strong>Longueur x Largeur :<\/strong> 956 mm x 956 mm*<br \/>\n<strong>Poids :<\/strong> 15kg<br \/>\n<strong>Densit\u00e9 :<\/strong> +\/-900kg\/m3<br \/>\n<strong>Superficie :<\/strong> +\/-1m2<br \/>\n<strong>Couleur :<\/strong> noir<br \/>\n<strong>Garantie :<\/strong> 3 ans contre la d\u00e9chirure**<br \/>\n<strong>Fabrication :<\/strong> 100\u00a0% europ\u00e9enne<\/p>\n<p>&nbsp;<\/p>\n<p>*Les tol\u00e9rances maximales en pourcentage dues \u00e0 la mesure moyenne permettent d\u2019obtenir une temp\u00e9rature ambiante continue de 22 degr\u00e9s Celsius, o\u00f9 les carreaux ont \u00e9t\u00e9 acclimat\u00e9s, empil\u00e9s et individuellement dans une pi\u00e8ce avec une humidit\u00e9 comprise entre 40\/60\u00a0% et pendant au moins 72 heures.<\/p>\n<p>**La garantie de d\u00e9chirure pour un usage quotidien et commercial, l\u2019usure normale n\u2019est pas incluse.<\/p>\n","protected":false},"excerpt":{"rendered":"<p><strong>\u00c9paisseur :<\/strong> 16 mm<br \/>\n<strong>Longueur x Largeur :<\/strong> 956 mm x 956 mm*<br \/>\n<strong>Poids :<\/strong> 15kg<br \/>\n<strong>Densit\u00e9 :<\/strong> +\/-900kg\/m3<br \/>\n<strong>Superficie :<\/strong> +\/-1m2<br \/>\n<strong>Couleur :<\/strong> noir<br \/>\n<strong>Garantie :<\/strong> 3 ans contre la d\u00e9chirure**<br \/>\n<strong>Fabrication :<\/strong> 100\u00a0% europ\u00e9enne<\/p>\n","protected":false},"featured_media":913,"template":"","meta":[],"product_brand":[],"product_cat":[18,52],"product_tag":[],"class_list":{"0":"post-906","1":"product","2":"type-product","3":"status-publish","4":"has-post-thumbnail","6":"product_cat-fitness","7":"product_cat-fitness-sbr-puzzle","9":"first","10":"instock","11":"taxable","12":"shipping-taxable","13":"purchasable","14":"product-type-simple"},"yoast_head":"<!-- This site is optimized with the Yoast SEO plugin v27.4 - https:\/\/yoast.com\/product\/yoast-seo-wordpress\/ -->\n<title>Dalle Fitness Puzzle 16mm (caoutchouc SBR) - Kriden Floors<\/title>\n<meta name=\"robots\" content=\"index, follow, max-snippet:-1, max-image-preview:large, max-video-preview:-1\" \/>\n<link rel=\"canonical\" href=\"https:\/\/kridenfloors.com\/index.php\/produit\/dalle-fitness-puzzle-16mm-caoutchouc-sbr\/\" \/>\n<meta property=\"og:locale\" content=\"fr_FR\" \/>\n<meta property=\"og:type\" content=\"article\" \/>\n<meta property=\"og:title\" content=\"Dalle Fitness Puzzle 16mm (caoutchouc SBR) - Kriden Floors\" \/>\n<meta property=\"og:description\" content=\"\u00c9paisseur : 16 mm Longueur x Largeur : 956 mm x 956 mm* Poids : 15kg Densit\u00e9 : +\/-900kg\/m3 Superficie : +\/-1m2 Couleur : noir Garantie : 3 ans contre la d\u00e9chirure** Fabrication : 100\u00a0% europ\u00e9enne\" \/>\n<meta property=\"og:url\" content=\"https:\/\/kridenfloors.com\/index.php\/produit\/dalle-fitness-puzzle-16mm-caoutchouc-sbr\/\" \/>\n<meta property=\"og:site_name\" content=\"Kriden Floors\" \/>\n<meta property=\"article:publisher\" content=\"https:\/\/www.facebook.com\/profile.php?id=61572266346931\" \/>\n<meta property=\"article:modified_time\" content=\"2025-02-17T09:03:43+00:00\" \/>\n<meta property=\"og:image\" content=\"http:\/\/kridenfloors.com\/wp-content\/uploads\/2025\/02\/Puzzle-956x956-Normal.jpg\" \/>\n\t<meta property=\"og:image:width\" content=\"1024\" \/>\n\t<meta property=\"og:image:height\" content=\"1024\" \/>\n\t<meta property=\"og:image:type\" content=\"image\/jpeg\" \/>\n<meta name=\"twitter:card\" content=\"summary_large_image\" \/>\n<meta name=\"twitter:label1\" content=\"Dur\u00e9e de lecture estim\u00e9e\" \/>\n\t<meta name=\"twitter:data1\" content=\"2 minutes\" \/>\n<script type=\"application\/ld+json\" class=\"yoast-schema-graph\">{\"@context\":\"https:\\\/\\\/schema.org\",\"@graph\":[{\"@type\":\"WebPage\",\"@id\":\"https:\\\/\\\/kridenfloors.com\\\/index.php\\\/produit\\\/dalle-fitness-puzzle-16mm-caoutchouc-sbr\\\/\",\"url\":\"https:\\\/\\\/kridenfloors.com\\\/index.php\\\/produit\\\/dalle-fitness-puzzle-16mm-caoutchouc-sbr\\\/\",\"name\":\"Dalle Fitness Puzzle 16mm (caoutchouc SBR) - Kriden Floors\",\"isPartOf\":{\"@id\":\"https:\\\/\\\/kridenfloors.com\\\/#website\"},\"primaryImageOfPage\":{\"@id\":\"https:\\\/\\\/kridenfloors.com\\\/index.php\\\/produit\\\/dalle-fitness-puzzle-16mm-caoutchouc-sbr\\\/#primaryimage\"},\"image\":{\"@id\":\"https:\\\/\\\/kridenfloors.com\\\/index.php\\\/produit\\\/dalle-fitness-puzzle-16mm-caoutchouc-sbr\\\/#primaryimage\"},\"thumbnailUrl\":\"https:\\\/\\\/kridenfloors.com\\\/wp-content\\\/uploads\\\/2025\\\/02\\\/Puzzle-956x956-Normal.jpg\",\"datePublished\":\"2025-02-17T08:57:55+00:00\",\"dateModified\":\"2025-02-17T09:03:43+00:00\",\"breadcrumb\":{\"@id\":\"https:\\\/\\\/kridenfloors.com\\\/index.php\\\/produit\\\/dalle-fitness-puzzle-16mm-caoutchouc-sbr\\\/#breadcrumb\"},\"inLanguage\":\"fr-FR\",\"potentialAction\":[{\"@type\":\"ReadAction\",\"target\":[\"https:\\\/\\\/kridenfloors.com\\\/index.php\\\/produit\\\/dalle-fitness-puzzle-16mm-caoutchouc-sbr\\\/\"]}]},{\"@type\":\"ImageObject\",\"inLanguage\":\"fr-FR\",\"@id\":\"https:\\\/\\\/kridenfloors.com\\\/index.php\\\/produit\\\/dalle-fitness-puzzle-16mm-caoutchouc-sbr\\\/#primaryimage\",\"url\":\"https:\\\/\\\/kridenfloors.com\\\/wp-content\\\/uploads\\\/2025\\\/02\\\/Puzzle-956x956-Normal.jpg\",\"contentUrl\":\"https:\\\/\\\/kridenfloors.com\\\/wp-content\\\/uploads\\\/2025\\\/02\\\/Puzzle-956x956-Normal.jpg\",\"width\":1024,\"height\":1024},{\"@type\":\"BreadcrumbList\",\"@id\":\"https:\\\/\\\/kridenfloors.com\\\/index.php\\\/produit\\\/dalle-fitness-puzzle-16mm-caoutchouc-sbr\\\/#breadcrumb\",\"itemListElement\":[{\"@type\":\"ListItem\",\"position\":1,\"name\":\"Accueil\",\"item\":\"https:\\\/\\\/kridenfloors.com\\\/\"},{\"@type\":\"ListItem\",\"position\":2,\"name\":\"Boutique\",\"item\":\"https:\\\/\\\/kridenfloors.com\\\/index.php\\\/boutique\\\/\"},{\"@type\":\"ListItem\",\"position\":3,\"name\":\"Dalle Fitness Puzzle 16mm (caoutchouc SBR)\"}]},{\"@type\":\"WebSite\",\"@id\":\"https:\\\/\\\/kridenfloors.com\\\/#website\",\"url\":\"https:\\\/\\\/kridenfloors.com\\\/\",\"name\":\"Kriden Floors\",\"description\":\"La solution pour vos sols Crossfit, Fitness, Arts Martiaux, Aire de jeux, Garage ...\",\"publisher\":{\"@id\":\"https:\\\/\\\/kridenfloors.com\\\/#organization\"},\"potentialAction\":[{\"@type\":\"SearchAction\",\"target\":{\"@type\":\"EntryPoint\",\"urlTemplate\":\"https:\\\/\\\/kridenfloors.com\\\/?s={search_term_string}\"},\"query-input\":{\"@type\":\"PropertyValueSpecification\",\"valueRequired\":true,\"valueName\":\"search_term_string\"}}],\"inLanguage\":\"fr-FR\"},{\"@type\":\"Organization\",\"@id\":\"https:\\\/\\\/kridenfloors.com\\\/#organization\",\"name\":\"Kriden Floors\",\"url\":\"https:\\\/\\\/kridenfloors.com\\\/\",\"logo\":{\"@type\":\"ImageObject\",\"inLanguage\":\"fr-FR\",\"@id\":\"https:\\\/\\\/kridenfloors.com\\\/#\\\/schema\\\/logo\\\/image\\\/\",\"url\":\"https:\\\/\\\/kridenfloors.com\\\/wp-content\\\/uploads\\\/2024\\\/05\\\/logo-kriden-SPORTS-FLOOR-full-color-no-BG-HEAD-TEXT.png\",\"contentUrl\":\"https:\\\/\\\/kridenfloors.com\\\/wp-content\\\/uploads\\\/2024\\\/05\\\/logo-kriden-SPORTS-FLOOR-full-color-no-BG-HEAD-TEXT.png\",\"width\":798,\"height\":1165,\"caption\":\"Kriden Floors\"},\"image\":{\"@id\":\"https:\\\/\\\/kridenfloors.com\\\/#\\\/schema\\\/logo\\\/image\\\/\"},\"sameAs\":[\"https:\\\/\\\/www.facebook.com\\\/profile.php?id=61572266346931\",\"https:\\\/\\\/www.instagram.com\\\/kriden_floors\\\/\"]}]}<\/script>\n<!-- \/ Yoast SEO plugin. -->","yoast_head_json":{"title":"Dalle Fitness Puzzle 16mm (caoutchouc SBR) - Kriden Floors","robots":{"index":"index","follow":"follow","max-snippet":"max-snippet:-1","max-image-preview":"max-image-preview:large","max-video-preview":"max-video-preview:-1"},"canonical":"https:\/\/kridenfloors.com\/index.php\/produit\/dalle-fitness-puzzle-16mm-caoutchouc-sbr\/","og_locale":"fr_FR","og_type":"article","og_title":"Dalle Fitness Puzzle 16mm (caoutchouc SBR) - Kriden Floors","og_description":"\u00c9paisseur : 16 mm Longueur x Largeur : 956 mm x 956 mm* Poids : 15kg Densit\u00e9 : +\/-900kg\/m3 Superficie : +\/-1m2 Couleur : noir Garantie : 3 ans contre la d\u00e9chirure** Fabrication : 100\u00a0% europ\u00e9enne","og_url":"https:\/\/kridenfloors.com\/index.php\/produit\/dalle-fitness-puzzle-16mm-caoutchouc-sbr\/","og_site_name":"Kriden Floors","article_publisher":"https:\/\/www.facebook.com\/profile.php?id=61572266346931","article_modified_time":"2025-02-17T09:03:43+00:00","og_image":[{"width":1024,"height":1024,"url":"http:\/\/kridenfloors.com\/wp-content\/uploads\/2025\/02\/Puzzle-956x956-Normal.jpg","type":"image\/jpeg"}],"twitter_card":"summary_large_image","twitter_misc":{"Dur\u00e9e de lecture estim\u00e9e":"2 minutes"},"schema":{"@context":"https:\/\/schema.org","@graph":[{"@type":"WebPage","@id":"https:\/\/kridenfloors.com\/index.php\/produit\/dalle-fitness-puzzle-16mm-caoutchouc-sbr\/","url":"https:\/\/kridenfloors.com\/index.php\/produit\/dalle-fitness-puzzle-16mm-caoutchouc-sbr\/","name":"Dalle Fitness Puzzle 16mm (caoutchouc SBR) - Kriden Floors","isPartOf":{"@id":"https:\/\/kridenfloors.com\/#website"},"primaryImageOfPage":{"@id":"https:\/\/kridenfloors.com\/index.php\/produit\/dalle-fitness-puzzle-16mm-caoutchouc-sbr\/#primaryimage"},"image":{"@id":"https:\/\/kridenfloors.com\/index.php\/produit\/dalle-fitness-puzzle-16mm-caoutchouc-sbr\/#primaryimage"},"thumbnailUrl":"https:\/\/kridenfloors.com\/wp-content\/uploads\/2025\/02\/Puzzle-956x956-Normal.jpg","datePublished":"2025-02-17T08:57:55+00:00","dateModified":"2025-02-17T09:03:43+00:00","breadcrumb":{"@id":"https:\/\/kridenfloors.com\/index.php\/produit\/dalle-fitness-puzzle-16mm-caoutchouc-sbr\/#breadcrumb"},"inLanguage":"fr-FR","potentialAction":[{"@type":"ReadAction","target":["https:\/\/kridenfloors.com\/index.php\/produit\/dalle-fitness-puzzle-16mm-caoutchouc-sbr\/"]}]},{"@type":"ImageObject","inLanguage":"fr-FR","@id":"https:\/\/kridenfloors.com\/index.php\/produit\/dalle-fitness-puzzle-16mm-caoutchouc-sbr\/#primaryimage","url":"https:\/\/kridenfloors.com\/wp-content\/uploads\/2025\/02\/Puzzle-956x956-Normal.jpg","contentUrl":"https:\/\/kridenfloors.com\/wp-content\/uploads\/2025\/02\/Puzzle-956x956-Normal.jpg","width":1024,"height":1024},{"@type":"BreadcrumbList","@id":"https:\/\/kridenfloors.com\/index.php\/produit\/dalle-fitness-puzzle-16mm-caoutchouc-sbr\/#breadcrumb","itemListElement":[{"@type":"ListItem","position":1,"name":"Accueil","item":"https:\/\/kridenfloors.com\/"},{"@type":"ListItem","position":2,"name":"Boutique","item":"https:\/\/kridenfloors.com\/index.php\/boutique\/"},{"@type":"ListItem","position":3,"name":"Dalle Fitness Puzzle 16mm (caoutchouc SBR)"}]},{"@type":"WebSite","@id":"https:\/\/kridenfloors.com\/#website","url":"https:\/\/kridenfloors.com\/","name":"Kriden Floors","description":"La solution pour vos sols Crossfit, Fitness, Arts Martiaux, Aire de jeux, Garage ...","publisher":{"@id":"https:\/\/kridenfloors.com\/#organization"},"potentialAction":[{"@type":"SearchAction","target":{"@type":"EntryPoint","urlTemplate":"https:\/\/kridenfloors.com\/?s={search_term_string}"},"query-input":{"@type":"PropertyValueSpecification","valueRequired":true,"valueName":"search_term_string"}}],"inLanguage":"fr-FR"},{"@type":"Organization","@id":"https:\/\/kridenfloors.com\/#organization","name":"Kriden Floors","url":"https:\/\/kridenfloors.com\/","logo":{"@type":"ImageObject","inLanguage":"fr-FR","@id":"https:\/\/kridenfloors.com\/#\/schema\/logo\/image\/","url":"https:\/\/kridenfloors.com\/wp-content\/uploads\/2024\/05\/logo-kriden-SPORTS-FLOOR-full-color-no-BG-HEAD-TEXT.png","contentUrl":"https:\/\/kridenfloors.com\/wp-content\/uploads\/2024\/05\/logo-kriden-SPORTS-FLOOR-full-color-no-BG-HEAD-TEXT.png","width":798,"height":1165,"caption":"Kriden Floors"},"image":{"@id":"https:\/\/kridenfloors.com\/#\/schema\/logo\/image\/"},"sameAs":["https:\/\/www.facebook.com\/profile.php?id=61572266346931","https:\/\/www.instagram.com\/kriden_floors\/"]}]}},"jetpack_sharing_enabled":true,"_links":{"self":[{"href":"https:\/\/kridenfloors.com\/index.php\/wp-json\/wp\/v2\/product\/906","targetHints":{"allow":["GET"]}}],"collection":[{"href":"https:\/\/kridenfloors.com\/index.php\/wp-json\/wp\/v2\/product"}],"about":[{"href":"https:\/\/kridenfloors.com\/index.php\/wp-json\/wp\/v2\/types\/product"}],"wp:featuredmedia":[{"embeddable":true,"href":"https:\/\/kridenfloors.com\/index.php\/wp-json\/wp\/v2\/media\/913"}],"wp:attachment":[{"href":"https:\/\/kridenfloors.com\/index.php\/wp-json\/wp\/v2\/media?parent=906"}],"wp:term":[{"taxonomy":"product_brand","embeddable":true,"href":"https:\/\/kridenfloors.com\/index.php\/wp-json\/wp\/v2\/product_brand?post=906"},{"taxonomy":"product_cat","embeddable":true,"href":"https:\/\/kridenfloors.com\/index.php\/wp-json\/wp\/v2\/product_cat?post=906"},{"taxonomy":"product_tag","embeddable":true,"href":"https:\/\/kridenfloors.com\/index.php\/wp-json\/wp\/v2\/product_tag?post=906"}],"curies":[{"name":"wp","href":"https:\/\/api.w.org\/{rel}","templated":true}]}}