{"id":976,"date":"2025-02-28T09:45:44","date_gmt":"2025-02-28T08:45:44","guid":{"rendered":"https:\/\/kridenfloors.com\/?post_type=product&#038;p=976"},"modified":"2026-04-13T09:18:05","modified_gmt":"2026-04-13T07:18:05","slug":"dalles-pour-exterieur-eco-rouge-50x50cm-30mm","status":"publish","type":"product","link":"https:\/\/kridenfloors.com\/index.php\/produit\/dalles-pour-exterieur-eco-rouge-50x50cm-30mm\/","title":{"rendered":"Dalles pour ext\u00e9rieur &#8211; ECO (ROUGE) &#8211; 50x50cm &#8211; 30mm"},"content":{"rendered":"<p><b>Dalles en caoutchouc SBR (ECO) pour usage ext\u00e9rieur.<\/b><\/p>\n<p>Ces dalles en caoutchouc ECO de 50x50x3cm avec attaches, sont disponibles en 3 couleurs noir, rouge et vert, peuvent \u00eatre utilis\u00e9es \u00e0 des fins tr\u00e8s diverses \u00e0 l\u2019int\u00e9rieur et \u00e0 l\u2019ext\u00e9rieur.<\/p>\n<p>Sur la terrasse, pour une aire de jeux, pour la pratique d\u2019un loisir, comme surface d\u2019isolation et de protection pour piscine\/jacuzzi\/piscine gonflable, au sous-sol, sur un toit praticable, sur le toit-terrasse, dans la salle de sport \u00e0 domicile, dans l\u2019\u00e9table pour le petit b\u00e9tail, sur le camping dans l\u2019auvent ou pr\u00e8s de la caravane, sous le trampoline et cetera.<\/p>\n<p>Nos dalles en caoutchouc ECO sont destin\u00e9es aussi bien au march\u00e9 professionnel qu\u2019au march\u00e9 priv\u00e9. Les tuiles en caoutchouc sont perm\u00e9ables \u00e0 l\u2019humidit\u00e9, peuvent \u00eatre utilis\u00e9es \u00e0 l\u2019int\u00e9rieur et \u00e0 l\u2019ext\u00e9rieur, sont disponibles en 3 couleurs, s\u00e8chent rapidement et offrent une protection, fournissent une isolation et sont \u00e9tonnamment faciles \u00e0 poser rapidement.<\/p>\n<p>Ces dalles ECO d\u2019une \u00e9paisseur de 3cm sont livr\u00e9es\u00a0 avec 4 chevilles par tuile pour pouvoir relier les tuiles dans une liaison \u00ab\u00a0demi-brique\u00a0\u00bb. L\u2019avantage de la connexion par goupille et trou est la pr\u00e9vention du glissement des carreaux, antivol et id\u00e9al pour une utilisation pour des appareils de fitness plus lourds.<\/p>\n<p>&nbsp;<\/p>\n<p>ECO = Fabriqu\u00e9 \u00e0 partir de mat\u00e9riel recycl\u00e9<\/p>\n<p>&nbsp;<\/p>\n<p><strong>Caract\u00e9ristiques et avantages<\/strong><\/p>\n<ul>\n<li>Taille : 50\u00d750<\/li>\n<li>Couleurs : Noir, Rouge, Vert<\/li>\n<li>Epaisseur : 3cm<\/li>\n<li>Hauteurs de chute : Max 0,99 m.<\/li>\n<li>Certifi\u00e9 UE selon la norme EN-1177<\/li>\n<li>Absorbant les chocs<\/li>\n<li>Perm\u00e9able \u00e0 l\u2019humidit\u00e9<\/li>\n<li>R\u00e9sistant \u00e0 l\u2019usure<\/li>\n<li>Anti-d\u00e9rapant<\/li>\n<li>r\u00e9sistant aux intemp\u00e9ries et au vent<\/li>\n<li>Facile \u00e0 d\u00e9couper et \u00e0 installer<\/li>\n<li>Facile \u00e0 entretenir<\/li>\n<li>insonorisant<\/li>\n<li>Garantie constructeur de 1 an<\/li>\n<li>100% recycl\u00e9, 100% s\u00fbr<\/li>\n<\/ul>\n<p>&nbsp;<\/p>\n<p>Longueur x Largeur :\u00a050x50cm<br \/>\nSurface :\u00a00,25m2<br \/>\nCouleur : noir, vert, rouge<br \/>\nDensit\u00e9 : 780Kg\/m\u00b3<br \/>\nEpaisseur : 30mm<br \/>\nPoids : 5,56kilos<br \/>\n4 attaches comprises<\/p>\n<p>&nbsp;<\/p>\n","protected":false},"excerpt":{"rendered":"<p>Longueur x Largeur :\u00a050x50cm<br \/>\nSurface :\u00a00,25m2<br \/>\nCouleur : rouge<br \/>\nDensit\u00e9 : 780Kg\/m\u00b3<br \/>\nEpaisseur : 30mm<br \/>\nPoids : 5,56kilos<br \/>\n4 attaches comprises<\/p>\n","protected":false},"featured_media":983,"template":"","meta":[],"product_brand":[],"product_cat":[23,30,54],"product_tag":[],"class_list":{"0":"post-976","1":"product","2":"type-product","3":"status-publish","4":"has-post-thumbnail","6":"product_cat-exterieur","7":"product_cat-exterieur-30mm","8":"product_cat-exterieur-30mm-eco","10":"first","11":"instock","12":"taxable","13":"shipping-taxable","14":"purchasable","15":"product-type-simple"},"yoast_head":"<!-- This site is optimized with the Yoast SEO plugin v27.3 - https:\/\/yoast.com\/product\/yoast-seo-wordpress\/ -->\n<title>Dalles pour ext\u00e9rieur - ECO (ROUGE) - 50x50cm - 30mm - Kriden Floors<\/title>\n<meta name=\"robots\" content=\"index, follow, max-snippet:-1, max-image-preview:large, max-video-preview:-1\" \/>\n<link rel=\"canonical\" href=\"https:\/\/kridenfloors.com\/index.php\/produit\/dalles-pour-exterieur-eco-rouge-50x50cm-30mm\/\" \/>\n<meta property=\"og:locale\" content=\"fr_FR\" \/>\n<meta property=\"og:type\" content=\"article\" \/>\n<meta property=\"og:title\" content=\"Dalles pour ext\u00e9rieur - ECO (ROUGE) - 50x50cm - 30mm - Kriden Floors\" \/>\n<meta property=\"og:description\" content=\"Longueur x Largeur :\u00a050x50cm Surface :\u00a00,25m2 Couleur : rouge Densit\u00e9 : 780Kg\/m\u00b3 Epaisseur : 30mm Poids : 5,56kilos 4 attaches comprises\" \/>\n<meta property=\"og:url\" content=\"https:\/\/kridenfloors.com\/index.php\/produit\/dalles-pour-exterieur-eco-rouge-50x50cm-30mm\/\" \/>\n<meta property=\"og:site_name\" content=\"Kriden Floors\" \/>\n<meta property=\"article:publisher\" content=\"https:\/\/www.facebook.com\/profile.php?id=61572266346931\" \/>\n<meta property=\"article:modified_time\" content=\"2026-04-13T07:18:05+00:00\" \/>\n<meta property=\"og:image\" content=\"http:\/\/kridenfloors.com\/wp-content\/uploads\/2025\/02\/Rood-3-bovenkant-1.jpg\" \/>\n\t<meta property=\"og:image:width\" content=\"640\" \/>\n\t<meta property=\"og:image:height\" content=\"480\" \/>\n\t<meta property=\"og:image:type\" content=\"image\/jpeg\" \/>\n<meta name=\"twitter:card\" content=\"summary_large_image\" \/>\n<meta name=\"twitter:label1\" content=\"Dur\u00e9e de lecture estim\u00e9e\" \/>\n\t<meta name=\"twitter:data1\" content=\"2 minutes\" \/>\n<script type=\"application\/ld+json\" class=\"yoast-schema-graph\">{\"@context\":\"https:\\\/\\\/schema.org\",\"@graph\":[{\"@type\":\"WebPage\",\"@id\":\"https:\\\/\\\/kridenfloors.com\\\/index.php\\\/produit\\\/dalles-pour-exterieur-eco-rouge-50x50cm-30mm\\\/\",\"url\":\"https:\\\/\\\/kridenfloors.com\\\/index.php\\\/produit\\\/dalles-pour-exterieur-eco-rouge-50x50cm-30mm\\\/\",\"name\":\"Dalles pour ext\u00e9rieur - ECO (ROUGE) - 50x50cm - 30mm - Kriden Floors\",\"isPartOf\":{\"@id\":\"https:\\\/\\\/kridenfloors.com\\\/#website\"},\"primaryImageOfPage\":{\"@id\":\"https:\\\/\\\/kridenfloors.com\\\/index.php\\\/produit\\\/dalles-pour-exterieur-eco-rouge-50x50cm-30mm\\\/#primaryimage\"},\"image\":{\"@id\":\"https:\\\/\\\/kridenfloors.com\\\/index.php\\\/produit\\\/dalles-pour-exterieur-eco-rouge-50x50cm-30mm\\\/#primaryimage\"},\"thumbnailUrl\":\"https:\\\/\\\/kridenfloors.com\\\/wp-content\\\/uploads\\\/2025\\\/02\\\/Rood-3-bovenkant-1.jpg\",\"datePublished\":\"2025-02-28T08:45:44+00:00\",\"dateModified\":\"2026-04-13T07:18:05+00:00\",\"breadcrumb\":{\"@id\":\"https:\\\/\\\/kridenfloors.com\\\/index.php\\\/produit\\\/dalles-pour-exterieur-eco-rouge-50x50cm-30mm\\\/#breadcrumb\"},\"inLanguage\":\"fr-FR\",\"potentialAction\":[{\"@type\":\"ReadAction\",\"target\":[\"https:\\\/\\\/kridenfloors.com\\\/index.php\\\/produit\\\/dalles-pour-exterieur-eco-rouge-50x50cm-30mm\\\/\"]}]},{\"@type\":\"ImageObject\",\"inLanguage\":\"fr-FR\",\"@id\":\"https:\\\/\\\/kridenfloors.com\\\/index.php\\\/produit\\\/dalles-pour-exterieur-eco-rouge-50x50cm-30mm\\\/#primaryimage\",\"url\":\"https:\\\/\\\/kridenfloors.com\\\/wp-content\\\/uploads\\\/2025\\\/02\\\/Rood-3-bovenkant-1.jpg\",\"contentUrl\":\"https:\\\/\\\/kridenfloors.com\\\/wp-content\\\/uploads\\\/2025\\\/02\\\/Rood-3-bovenkant-1.jpg\",\"width\":640,\"height\":480},{\"@type\":\"BreadcrumbList\",\"@id\":\"https:\\\/\\\/kridenfloors.com\\\/index.php\\\/produit\\\/dalles-pour-exterieur-eco-rouge-50x50cm-30mm\\\/#breadcrumb\",\"itemListElement\":[{\"@type\":\"ListItem\",\"position\":1,\"name\":\"Accueil\",\"item\":\"https:\\\/\\\/kridenfloors.com\\\/\"},{\"@type\":\"ListItem\",\"position\":2,\"name\":\"Boutique\",\"item\":\"https:\\\/\\\/kridenfloors.com\\\/index.php\\\/boutique\\\/\"},{\"@type\":\"ListItem\",\"position\":3,\"name\":\"Dalles pour ext\u00e9rieur &#8211; ECO (ROUGE) &#8211; 50x50cm &#8211; 30mm\"}]},{\"@type\":\"WebSite\",\"@id\":\"https:\\\/\\\/kridenfloors.com\\\/#website\",\"url\":\"https:\\\/\\\/kridenfloors.com\\\/\",\"name\":\"Kriden Floors\",\"description\":\"La solution pour vos sols Crossfit, Fitness, Arts Martiaux, Aire de jeux, Garage ...\",\"publisher\":{\"@id\":\"https:\\\/\\\/kridenfloors.com\\\/#organization\"},\"potentialAction\":[{\"@type\":\"SearchAction\",\"target\":{\"@type\":\"EntryPoint\",\"urlTemplate\":\"https:\\\/\\\/kridenfloors.com\\\/?s={search_term_string}\"},\"query-input\":{\"@type\":\"PropertyValueSpecification\",\"valueRequired\":true,\"valueName\":\"search_term_string\"}}],\"inLanguage\":\"fr-FR\"},{\"@type\":\"Organization\",\"@id\":\"https:\\\/\\\/kridenfloors.com\\\/#organization\",\"name\":\"Kriden Floors\",\"url\":\"https:\\\/\\\/kridenfloors.com\\\/\",\"logo\":{\"@type\":\"ImageObject\",\"inLanguage\":\"fr-FR\",\"@id\":\"https:\\\/\\\/kridenfloors.com\\\/#\\\/schema\\\/logo\\\/image\\\/\",\"url\":\"https:\\\/\\\/kridenfloors.com\\\/wp-content\\\/uploads\\\/2024\\\/05\\\/logo-kriden-SPORTS-FLOOR-full-color-no-BG-HEAD-TEXT.png\",\"contentUrl\":\"https:\\\/\\\/kridenfloors.com\\\/wp-content\\\/uploads\\\/2024\\\/05\\\/logo-kriden-SPORTS-FLOOR-full-color-no-BG-HEAD-TEXT.png\",\"width\":798,\"height\":1165,\"caption\":\"Kriden Floors\"},\"image\":{\"@id\":\"https:\\\/\\\/kridenfloors.com\\\/#\\\/schema\\\/logo\\\/image\\\/\"},\"sameAs\":[\"https:\\\/\\\/www.facebook.com\\\/profile.php?id=61572266346931\",\"https:\\\/\\\/www.instagram.com\\\/kriden_floors\\\/\"]}]}<\/script>\n<!-- \/ Yoast SEO plugin. -->","yoast_head_json":{"title":"Dalles pour ext\u00e9rieur - ECO (ROUGE) - 50x50cm - 30mm - Kriden Floors","robots":{"index":"index","follow":"follow","max-snippet":"max-snippet:-1","max-image-preview":"max-image-preview:large","max-video-preview":"max-video-preview:-1"},"canonical":"https:\/\/kridenfloors.com\/index.php\/produit\/dalles-pour-exterieur-eco-rouge-50x50cm-30mm\/","og_locale":"fr_FR","og_type":"article","og_title":"Dalles pour ext\u00e9rieur - ECO (ROUGE) - 50x50cm - 30mm - Kriden Floors","og_description":"Longueur x Largeur :\u00a050x50cm Surface :\u00a00,25m2 Couleur : rouge Densit\u00e9 : 780Kg\/m\u00b3 Epaisseur : 30mm Poids : 5,56kilos 4 attaches comprises","og_url":"https:\/\/kridenfloors.com\/index.php\/produit\/dalles-pour-exterieur-eco-rouge-50x50cm-30mm\/","og_site_name":"Kriden Floors","article_publisher":"https:\/\/www.facebook.com\/profile.php?id=61572266346931","article_modified_time":"2026-04-13T07:18:05+00:00","og_image":[{"width":640,"height":480,"url":"http:\/\/kridenfloors.com\/wp-content\/uploads\/2025\/02\/Rood-3-bovenkant-1.jpg","type":"image\/jpeg"}],"twitter_card":"summary_large_image","twitter_misc":{"Dur\u00e9e de lecture estim\u00e9e":"2 minutes"},"schema":{"@context":"https:\/\/schema.org","@graph":[{"@type":"WebPage","@id":"https:\/\/kridenfloors.com\/index.php\/produit\/dalles-pour-exterieur-eco-rouge-50x50cm-30mm\/","url":"https:\/\/kridenfloors.com\/index.php\/produit\/dalles-pour-exterieur-eco-rouge-50x50cm-30mm\/","name":"Dalles pour ext\u00e9rieur - ECO (ROUGE) - 50x50cm - 30mm - Kriden Floors","isPartOf":{"@id":"https:\/\/kridenfloors.com\/#website"},"primaryImageOfPage":{"@id":"https:\/\/kridenfloors.com\/index.php\/produit\/dalles-pour-exterieur-eco-rouge-50x50cm-30mm\/#primaryimage"},"image":{"@id":"https:\/\/kridenfloors.com\/index.php\/produit\/dalles-pour-exterieur-eco-rouge-50x50cm-30mm\/#primaryimage"},"thumbnailUrl":"https:\/\/kridenfloors.com\/wp-content\/uploads\/2025\/02\/Rood-3-bovenkant-1.jpg","datePublished":"2025-02-28T08:45:44+00:00","dateModified":"2026-04-13T07:18:05+00:00","breadcrumb":{"@id":"https:\/\/kridenfloors.com\/index.php\/produit\/dalles-pour-exterieur-eco-rouge-50x50cm-30mm\/#breadcrumb"},"inLanguage":"fr-FR","potentialAction":[{"@type":"ReadAction","target":["https:\/\/kridenfloors.com\/index.php\/produit\/dalles-pour-exterieur-eco-rouge-50x50cm-30mm\/"]}]},{"@type":"ImageObject","inLanguage":"fr-FR","@id":"https:\/\/kridenfloors.com\/index.php\/produit\/dalles-pour-exterieur-eco-rouge-50x50cm-30mm\/#primaryimage","url":"https:\/\/kridenfloors.com\/wp-content\/uploads\/2025\/02\/Rood-3-bovenkant-1.jpg","contentUrl":"https:\/\/kridenfloors.com\/wp-content\/uploads\/2025\/02\/Rood-3-bovenkant-1.jpg","width":640,"height":480},{"@type":"BreadcrumbList","@id":"https:\/\/kridenfloors.com\/index.php\/produit\/dalles-pour-exterieur-eco-rouge-50x50cm-30mm\/#breadcrumb","itemListElement":[{"@type":"ListItem","position":1,"name":"Accueil","item":"https:\/\/kridenfloors.com\/"},{"@type":"ListItem","position":2,"name":"Boutique","item":"https:\/\/kridenfloors.com\/index.php\/boutique\/"},{"@type":"ListItem","position":3,"name":"Dalles pour ext\u00e9rieur &#8211; ECO (ROUGE) &#8211; 50x50cm &#8211; 30mm"}]},{"@type":"WebSite","@id":"https:\/\/kridenfloors.com\/#website","url":"https:\/\/kridenfloors.com\/","name":"Kriden Floors","description":"La solution pour vos sols Crossfit, Fitness, Arts Martiaux, Aire de jeux, Garage ...","publisher":{"@id":"https:\/\/kridenfloors.com\/#organization"},"potentialAction":[{"@type":"SearchAction","target":{"@type":"EntryPoint","urlTemplate":"https:\/\/kridenfloors.com\/?s={search_term_string}"},"query-input":{"@type":"PropertyValueSpecification","valueRequired":true,"valueName":"search_term_string"}}],"inLanguage":"fr-FR"},{"@type":"Organization","@id":"https:\/\/kridenfloors.com\/#organization","name":"Kriden Floors","url":"https:\/\/kridenfloors.com\/","logo":{"@type":"ImageObject","inLanguage":"fr-FR","@id":"https:\/\/kridenfloors.com\/#\/schema\/logo\/image\/","url":"https:\/\/kridenfloors.com\/wp-content\/uploads\/2024\/05\/logo-kriden-SPORTS-FLOOR-full-color-no-BG-HEAD-TEXT.png","contentUrl":"https:\/\/kridenfloors.com\/wp-content\/uploads\/2024\/05\/logo-kriden-SPORTS-FLOOR-full-color-no-BG-HEAD-TEXT.png","width":798,"height":1165,"caption":"Kriden Floors"},"image":{"@id":"https:\/\/kridenfloors.com\/#\/schema\/logo\/image\/"},"sameAs":["https:\/\/www.facebook.com\/profile.php?id=61572266346931","https:\/\/www.instagram.com\/kriden_floors\/"]}]}},"jetpack_sharing_enabled":true,"_links":{"self":[{"href":"https:\/\/kridenfloors.com\/index.php\/wp-json\/wp\/v2\/product\/976","targetHints":{"allow":["GET"]}}],"collection":[{"href":"https:\/\/kridenfloors.com\/index.php\/wp-json\/wp\/v2\/product"}],"about":[{"href":"https:\/\/kridenfloors.com\/index.php\/wp-json\/wp\/v2\/types\/product"}],"wp:featuredmedia":[{"embeddable":true,"href":"https:\/\/kridenfloors.com\/index.php\/wp-json\/wp\/v2\/media\/983"}],"wp:attachment":[{"href":"https:\/\/kridenfloors.com\/index.php\/wp-json\/wp\/v2\/media?parent=976"}],"wp:term":[{"taxonomy":"product_brand","embeddable":true,"href":"https:\/\/kridenfloors.com\/index.php\/wp-json\/wp\/v2\/product_brand?post=976"},{"taxonomy":"product_cat","embeddable":true,"href":"https:\/\/kridenfloors.com\/index.php\/wp-json\/wp\/v2\/product_cat?post=976"},{"taxonomy":"product_tag","embeddable":true,"href":"https:\/\/kridenfloors.com\/index.php\/wp-json\/wp\/v2\/product_tag?post=976"}],"curies":[{"name":"wp","href":"https:\/\/api.w.org\/{rel}","templated":true}]}}